{"id":10966,"date":"2025-11-15T21:45:14","date_gmt":"2025-11-15T20:45:14","guid":{"rendered":"https:\/\/polgargym.at\/?page_id=10966"},"modified":"2025-11-16T11:18:48","modified_gmt":"2025-11-16T10:18:48","slug":"instrumentalklasse-am-polgargymnasium","status":"publish","type":"page","link":"https:\/\/polgargym.at\/wordpress\/instrumentalklasse-am-polgargymnasium\/","title":{"rendered":"Instrumentalklasse am Polgargymnasium"},"content":{"rendered":"\n<p class=\"has-medium-font-size\"><strong>Unsere Vision<\/strong><\/p>\n\n\n\n<p class=\"has-medium-font-size\">Die&nbsp;<strong>Instrumentalklasse am Polgargymnasium<\/strong>&nbsp;bietet musikbegeisterten Sch\u00fcler*innen ab der 1. Klasse eine praxisnahe und gemeinschaftliche musikalische Ausbildung. Durch gemeinsames Musizieren, kreative Projekte und Auftritte werden Talente individuell gef\u00f6rdert und soziale Kompetenzen gest\u00e4rkt.<\/p>\n\n\n\n<hr class=\"wp-block-separator has-alpha-channel-opacity\"\/>\n\n\n\n<p class=\"has-medium-font-size\"><strong>Musik erleben \u2013 gemeinsam gestalten<\/strong><\/p>\n\n\n\n<p class=\"has-medium-font-size\">Im Mittelpunkt steht das&nbsp;<strong>aktive Musizieren<\/strong>&nbsp;im Klassenverbund:<\/p>\n\n\n\n<ul class=\"wp-block-list\">\n<li class=\"has-medium-font-size\"><strong>Klassenmusizieren<\/strong>&nbsp;\u2013 St\u00fccke werden gemeinsam erarbeitet und aufgef\u00fchrt.<\/li>\n<\/ul>\n\n\n\n<figure class=\"wp-block-gallery has-nested-images columns-default is-cropped wp-block-gallery-1 is-layout-flex wp-block-gallery-is-layout-flex\">\n<figure class=\"wp-block-image size-large\"><img loading=\"lazy\" decoding=\"async\" width=\"1024\" height=\"768\" data-id=\"10981\" src=\"https:\/\/polgargym.at\/wordpress\/wp-content\/uploads\/2025\/11\/Instrumentalklasse-1g-15.11.2025-gesamt-1024x768.jpg\" alt=\"\" class=\"wp-image-10981\" srcset=\"https:\/\/polgargym.at\/wordpress\/wp-content\/uploads\/2025\/11\/Instrumentalklasse-1g-15.11.2025-gesamt-1024x768.jpg 1024w, https:\/\/polgargym.at\/wordpress\/wp-content\/uploads\/2025\/11\/Instrumentalklasse-1g-15.11.2025-gesamt-300x225.jpg 300w, https:\/\/polgargym.at\/wordpress\/wp-content\/uploads\/2025\/11\/Instrumentalklasse-1g-15.11.2025-gesamt-768x576.jpg 768w, https:\/\/polgargym.at\/wordpress\/wp-content\/uploads\/2025\/11\/Instrumentalklasse-1g-15.11.2025-gesamt-1536x1152.jpg 1536w, https:\/\/polgargym.at\/wordpress\/wp-content\/uploads\/2025\/11\/Instrumentalklasse-1g-15.11.2025-gesamt.jpg 1696w\" sizes=\"auto, (max-width: 1024px) 100vw, 1024px\" \/><\/figure>\n\n\n\n<figure class=\"wp-block-image size-large\"><img loading=\"lazy\" decoding=\"async\" width=\"1024\" height=\"768\" data-id=\"10968\" src=\"https:\/\/polgargym.at\/wordpress\/wp-content\/uploads\/2025\/11\/Instrumentalklasse-1g-Klavier-Xylophon-1-1024x768.jpg\" alt=\"\" class=\"wp-image-10968\" srcset=\"https:\/\/polgargym.at\/wordpress\/wp-content\/uploads\/2025\/11\/Instrumentalklasse-1g-Klavier-Xylophon-1-1024x768.jpg 1024w, https:\/\/polgargym.at\/wordpress\/wp-content\/uploads\/2025\/11\/Instrumentalklasse-1g-Klavier-Xylophon-1-300x225.jpg 300w, https:\/\/polgargym.at\/wordpress\/wp-content\/uploads\/2025\/11\/Instrumentalklasse-1g-Klavier-Xylophon-1-768x576.jpg 768w, https:\/\/polgargym.at\/wordpress\/wp-content\/uploads\/2025\/11\/Instrumentalklasse-1g-Klavier-Xylophon-1-1536x1153.jpg 1536w, https:\/\/polgargym.at\/wordpress\/wp-content\/uploads\/2025\/11\/Instrumentalklasse-1g-Klavier-Xylophon-1.jpg 1979w\" sizes=\"auto, (max-width: 1024px) 100vw, 1024px\" \/><\/figure>\n<\/figure>\n\n\n\n<div style=\"height:50px\" aria-hidden=\"true\" class=\"wp-block-spacer\"><\/div>\n\n\n\n<ul class=\"wp-block-list\">\n<li class=\"has-medium-font-size\"><strong>Instrumentalunterricht in Kleingruppen<\/strong>: Als unverbindliche \u00dcbung gibt es f\u00fcr die Sch\u00fcler:innen die M\u00f6glichkeit Im&nbsp;<strong>Instrumentalunterricht<\/strong>&nbsp;(Gitarre, Klavier\/Keyboard, Schlagzeug) in Kleingruppen ihr Instrument zu erlernen.<\/li>\n<\/ul>\n\n\n\n<div class=\"wp-block-jetpack-tiled-gallery aligncenter is-style-rectangular\"><div class=\"\"><div class=\"tiled-gallery__gallery\"><div class=\"tiled-gallery__row\"><div class=\"tiled-gallery__col\" style=\"flex-basis:50.00000%\"><figure class=\"tiled-gallery__item\"><img decoding=\"async\" alt=\"\" data-height=\"427\" data-id=\"10970\" data-link=\"https:\/\/polgargym.at\/?attachment_id=10970\" data-url=\"https:\/\/polgargym.at\/wordpress\/wp-content\/uploads\/2025\/11\/Mittel-Szg_05.jpeg\" data-width=\"640\" src=\"https:\/\/i0.wp.com\/www.polgargym.at\/wordpress\/wp-content\/uploads\/2025\/11\/Mittel-Szg_05.jpeg?ssl=1\" data-amp-layout=\"responsive\"\/><\/figure><\/div><div class=\"tiled-gallery__col\" style=\"flex-basis:50.00000%\"><figure class=\"tiled-gallery__item\"><img decoding=\"async\" alt=\"\" data-height=\"427\" data-id=\"10971\" data-link=\"https:\/\/polgargym.at\/?attachment_id=10971\" data-url=\"https:\/\/polgargym.at\/wordpress\/wp-content\/uploads\/2025\/11\/Mittel-Gitarre_BL01.jpeg\" data-width=\"640\" src=\"https:\/\/i0.wp.com\/www.polgargym.at\/wordpress\/wp-content\/uploads\/2025\/11\/Mittel-Gitarre_BL01.jpeg?ssl=1\" data-amp-layout=\"responsive\"\/><\/figure><\/div><\/div><\/div><\/div><\/div>\n\n\n\n<div style=\"height:50px\" aria-hidden=\"true\" class=\"wp-block-spacer\"><\/div>\n\n\n\n<hr class=\"wp-block-separator has-alpha-channel-opacity\"\/>\n\n\n\n<p class=\"has-medium-font-size\"><strong>Auftritte &amp; gemeinsame Proben<\/strong><\/p>\n\n\n\n<p class=\"has-medium-font-size\">Regelm\u00e4\u00dfige&nbsp;<strong>Auftritte bei Schulkonzerten und Veranstaltungen<\/strong>&nbsp;bieten B\u00fchnenerfahrung und Motivation.<br>In der Woche vor gro\u00dfen Auff\u00fchrungen finden&nbsp;<strong>gemeinsame Vorbereitungszeiten und Proben<\/strong>&nbsp;statt \u2013 sie festigen das Repertoire und f\u00f6rdern das Zusammenspiel.<\/p>\n\n\n\n<hr class=\"wp-block-separator has-alpha-channel-opacity\"\/>\n\n\n\n<p class=\"has-medium-font-size\"><strong>Schulbands \u2013 Musik leben<\/strong><\/p>\n\n\n\n<p class=\"has-medium-font-size\">Sch\u00fcler*innen der Instrumentalklasse k\u00f6nnen zus\u00e4tzlich in unseren Schulbands mitwirken:<\/p>\n\n\n\n<ul class=\"wp-block-list\">\n<li class=\"has-medium-font-size\"><strong>Polgar Inclusive Band<\/strong>&nbsp;\u2013 Integratives Bandprojekt f\u00fcr gemeinsames Musizieren von Sch\u00fcler*innen mit und ohne Beeintr\u00e4chtigung. Genauer Infos und selbstkomponierte Musik der Band finden Sie hier:&nbsp;<a href=\"https:\/\/polgargym.at\/polgar-inclusive-band\/\">https:\/\/polgargym.at\/polgar-inclusive-band\/<\/a><\/li>\n<\/ul>\n\n\n\n<figure class=\"wp-block-image size-large\"><img loading=\"lazy\" decoding=\"async\" width=\"1024\" height=\"682\" src=\"https:\/\/polgargym.at\/wordpress\/wp-content\/uploads\/2025\/11\/Gross-Ensemble_Inkl06-1024x682.jpeg\" alt=\"\" class=\"wp-image-10983\" srcset=\"https:\/\/polgargym.at\/wordpress\/wp-content\/uploads\/2025\/11\/Gross-Ensemble_Inkl06-1024x682.jpeg 1024w, https:\/\/polgargym.at\/wordpress\/wp-content\/uploads\/2025\/11\/Gross-Ensemble_Inkl06-300x200.jpeg 300w, https:\/\/polgargym.at\/wordpress\/wp-content\/uploads\/2025\/11\/Gross-Ensemble_Inkl06-768x512.jpeg 768w, https:\/\/polgargym.at\/wordpress\/wp-content\/uploads\/2025\/11\/Gross-Ensemble_Inkl06.jpeg 1280w\" sizes=\"auto, (max-width: 1024px) 100vw, 1024px\" \/><\/figure>\n\n\n\n<div style=\"height:50px\" aria-hidden=\"true\" class=\"wp-block-spacer\"><\/div>\n\n\n\n<ul class=\"wp-block-list\">\n<li class=\"has-medium-font-size\"><strong>Polgar Youngstars Band<\/strong>&nbsp;\u2013 Nachwuchsband f\u00fcr junge Musiker*innen, die erste B\u00fchnenerfahrungen sammeln m\u00f6chten.<\/li>\n<\/ul>\n\n\n\n<figure class=\"wp-block-image size-large\"><img loading=\"lazy\" decoding=\"async\" width=\"1024\" height=\"768\" src=\"https:\/\/polgargym.at\/wordpress\/wp-content\/uploads\/2025\/11\/Polgar-Youngstars-Band-Probe-2025-1024x768.jpg\" alt=\"\" class=\"wp-image-10973\" srcset=\"https:\/\/polgargym.at\/wordpress\/wp-content\/uploads\/2025\/11\/Polgar-Youngstars-Band-Probe-2025-1024x768.jpg 1024w, https:\/\/polgargym.at\/wordpress\/wp-content\/uploads\/2025\/11\/Polgar-Youngstars-Band-Probe-2025-300x225.jpg 300w, https:\/\/polgargym.at\/wordpress\/wp-content\/uploads\/2025\/11\/Polgar-Youngstars-Band-Probe-2025-768x576.jpg 768w, https:\/\/polgargym.at\/wordpress\/wp-content\/uploads\/2025\/11\/Polgar-Youngstars-Band-Probe-2025-1536x1152.jpg 1536w, https:\/\/polgargym.at\/wordpress\/wp-content\/uploads\/2025\/11\/Polgar-Youngstars-Band-Probe-2025.jpg 1843w\" sizes=\"auto, (max-width: 1024px) 100vw, 1024px\" \/><\/figure>\n\n\n\n<div style=\"height:50px\" aria-hidden=\"true\" class=\"wp-block-spacer\"><\/div>\n\n\n\n<hr class=\"wp-block-separator has-alpha-channel-opacity\"\/>\n\n\n\n<p class=\"has-medium-font-size\"><strong>Projekte &amp; Exkursionen<\/strong><\/p>\n\n\n\n<ul class=\"wp-block-list\">\n<li class=\"has-medium-font-size\"><strong>Workshops und Recording-Projekte<\/strong>&nbsp;mit professionellem Equipment.&nbsp;<\/li>\n<\/ul>\n\n\n\n<p class=\"has-medium-font-size\"><em>In diesem Youtube Kanal finden Sie zahlreiche Projekte mit unterschiedlichen Sch\u00fclergruppen:&nbsp;<\/em><br><a href=\"https:\/\/www.youtube.com\/@MTVA2011\">https:\/\/www.youtube.com\/@MTVA2011<\/a><\/p>\n\n\n\n<ul class=\"wp-block-list\">\n<li class=\"has-medium-font-size\"><strong>Exkursionen und Konzertbesuche<\/strong>&nbsp;\u2013 z. B. Proben an der Universit\u00e4t f\u00fcr Musik und darstellende Kunst Wien.<\/li>\n\n\n\n<li class=\"has-medium-font-size\"><strong>F\u00e4cher\u00fcbergreifende Kreativprojekte<\/strong>, wie das Vertonen eigener Texte oder Gedichte.<\/li>\n\n\n\n<li class=\"has-medium-font-size\"><strong>Workshops mit externen Musiker*innen<\/strong>&nbsp;\u2013 Einblicke in verschiedene Musikrichtungen<\/li>\n\n\n\n<li class=\"has-medium-font-size\"><strong>Kooperation mit Universit\u00e4t f\u00fcr Musik und darstellender Kunst Wien<\/strong>&nbsp;\u2013 Besuch des Tonstudios und gemeinsame Auftritte der Polgar Inclusive Band z.B. beim Fest der Inklusion, Besuch von Proben von Ensembles und Bands<\/li>\n\n\n\n<li class=\"has-medium-font-size\"><strong>Kreative Nachmittagsbetreuung<\/strong>: &#8211; In der Kreativen Nachmittagsbetreuungsstunden mit Musiklehrern gibt es die M\u00f6glichkeit in Musiks\u00e4len mit gro\u00dfem Instrumentarium gemeinsam zu musizieren.&nbsp;<\/li>\n<\/ul>\n\n\n\n<hr class=\"wp-block-separator has-alpha-channel-opacity\"\/>\n\n\n\n<p class=\"has-medium-font-size\"><strong>Fazit<\/strong><\/p>\n\n\n\n<p class=\"has-medium-font-size\">Die Instrumentalklasse vereint&nbsp;<strong>musikalische Praxis, Teamgeist und kreative Entfaltung<\/strong>.<br>Unsere Sch\u00fcler*innen lernen, gemeinsam Musik zu gestalten, Verantwortung zu \u00fcbernehmen und mit Freude an musikalischen Projekten zu wachsen \u2013 eine ideale Vorbereitung f\u00fcr die Oberstufe insbesondere f\u00fcr die instrumentale Oberstufe am Polgargymnasium und f\u00fcr ihr weiteres musikalisches Leben.<\/p>\n","protected":false},"excerpt":{"rendered":"<p>Unsere Vision Die&nbsp;Instrumentalklasse am Polgargymnasium&nbsp;bietet musikbegeisterten Sch\u00fcler*innen ab der 1. Klasse eine praxisnahe und gemeinschaftliche musikalische Ausbildung. Durch gemeinsames Musizieren, kreative Projekte und Auftritte werden Talente individuell gef\u00f6rdert und soziale Kompetenzen gest\u00e4rkt. Musik erleben \u2013 gemeinsam gestalten Im Mittelpunkt steht das&nbsp;aktive Musizieren&nbsp;im Klassenverbund: Auftritte &amp; gemeinsame Proben Regelm\u00e4\u00dfige&nbsp;Auftritte bei Schulkonzerten und Veranstaltungen&nbsp;bieten B\u00fchnenerfahrung und Motivation.In [&hellip;]<\/p>\n","protected":false},"author":11,"featured_media":0,"parent":0,"menu_order":0,"comment_status":"closed","ping_status":"closed","template":"","meta":{"footnotes":""},"class_list":["post-10966","page","type-page","status-publish","hentry"],"_links":{"self":[{"href":"https:\/\/polgargym.at\/wordpress\/wp-json\/wp\/v2\/pages\/10966","targetHints":{"allow":["GET"]}}],"collection":[{"href":"https:\/\/polgargym.at\/wordpress\/wp-json\/wp\/v2\/pages"}],"about":[{"href":"https:\/\/polgargym.at\/wordpress\/wp-json\/wp\/v2\/types\/page"}],"author":[{"embeddable":true,"href":"https:\/\/polgargym.at\/wordpress\/wp-json\/wp\/v2\/users\/11"}],"replies":[{"embeddable":true,"href":"https:\/\/polgargym.at\/wordpress\/wp-json\/wp\/v2\/comments?post=10966"}],"version-history":[{"count":3,"href":"https:\/\/polgargym.at\/wordpress\/wp-json\/wp\/v2\/pages\/10966\/revisions"}],"predecessor-version":[{"id":10984,"href":"https:\/\/polgargym.at\/wordpress\/wp-json\/wp\/v2\/pages\/10966\/revisions\/10984"}],"wp:attachment":[{"href":"https:\/\/polgargym.at\/wordpress\/wp-json\/wp\/v2\/media?parent=10966"}],"curies":[{"name":"wp","href":"https:\/\/api.w.org\/{rel}","templated":true}]}}