{"id":11008,"date":"2025-11-16T21:56:34","date_gmt":"2025-11-16T20:56:34","guid":{"rendered":"https:\/\/polgargym.at\/?page_id=11008"},"modified":"2025-11-16T22:13:28","modified_gmt":"2025-11-16T21:13:28","slug":"chorklassen","status":"publish","type":"page","link":"https:\/\/polgargym.at\/wordpress\/chorklassen\/","title":{"rendered":"Chorklasse"},"content":{"rendered":"\n<p class=\"has-medium-font-size\">&nbsp;Seit 2014 gibt es&nbsp;in der Unterstufe am&nbsp;Polgargymnasium einen Chorschwerpunkt. Dieser zeichnet sich dadurch aus, dass die&nbsp;Sch\u00fclerInnen&nbsp;zus\u00e4tzlich zwei Stunden Chor- und Stimmbildung besuchen&nbsp;und auch im Musikunterricht ein Fokus auf Singen gelegt wird.&nbsp;Ziel des Chorschwerpunkts ist es&nbsp;Sch\u00fclerInnen&nbsp;in ihrer&nbsp;musikalischen Begabung zu f\u00f6rdern und durch gemeinschaftliches&nbsp;Singen die sozialen Kompetenzen zu st\u00e4rken.&nbsp;<\/p>\n\n\n\n<p class=\"has-medium-font-size\"><strong>Unsere Vision<\/strong>&nbsp;<\/p>\n\n\n\n<p class=\"has-medium-font-size\"><strong>Singen kann jede\/r:<\/strong>&nbsp;Zu singen ist die unmittelbarste Art gemeinsam zu musizieren.&nbsp;Es gelingt an jedem Ort und bedarf keines bestimmten Equipments. Dies wiederum bedeutet, dass jede und jeder singen kann. Wir folgen daher dem Motto: \u201cJede\/r kann singen, es ist nur eine Frage der \u00dcbung.\u201d&nbsp;&nbsp;<\/p>\n\n\n\n<p class=\"has-medium-font-size\"><strong>Singen als Pers\u00f6nlichkeitsbildung:<\/strong>&nbsp;Chorsingen braucht \u00dcbung und Ausdauer.&nbsp;Langsam&nbsp;aber sicher wird aus einzelnen Stimmen ein gemeinsamer Klang. So lernen&nbsp;Sch\u00fclerInnen, dass sich Dranbleiben auszahlt.&nbsp;Gemeinsames Singen f\u00f6rdert&nbsp;weiters&nbsp;das Selbstbewusstsein, da sich&nbsp;Sch\u00fclerInnen&nbsp;als selbstwirksam erleben und sie erfahren:&nbsp;\u201cIch kann was!\u201d.&nbsp;Zudem f\u00fchren Auftrittssituationen, wie beispielsweise bei Konzerten oder Musicals, dazu, dass&nbsp;Sch\u00fclerInnen&nbsp;\u00fcber sich hinauswachsen, lernen sich zu pr\u00e4sentieren&nbsp;und&nbsp;pers\u00f6nlich reifen.&nbsp;<\/p>\n\n\n\n<p class=\"has-medium-font-size\"><strong>Singen zur F\u00f6rderung der sozialen Kompetenz:&nbsp;<\/strong>Chorsingen gelingt nur in Gemeinschaft. Jede und jeder tr\u00e4gt&nbsp;einen wichtigen Teil dazu bei, aber nur wenn alle an einem Strang ziehen, bereit sind zusammenzuarbeiten und aufeinander R\u00fccksicht zu nehmen, wird aus einzelnen&nbsp;S\u00e4ngerInnen&nbsp;ein Chor.&nbsp;<\/p>\n\n\n\n<p class=\"has-medium-font-size\"><strong>Unser Angebot<\/strong>&nbsp;<\/p>\n\n\n\n<ul class=\"wp-block-list\">\n<li class=\"has-medium-font-size\">zwei Stunden Chor und Stimmbildung pro Woche&nbsp;<\/li>\n<\/ul>\n\n\n\n<ul class=\"wp-block-list\">\n<li class=\"has-medium-font-size\">Chorprobenwochen&nbsp;<\/li>\n<\/ul>\n\n\n\n<ul class=\"wp-block-list\">\n<li class=\"has-medium-font-size\">Chorpartnerschaften&nbsp;<\/li>\n<\/ul>\n\n\n\n<ul class=\"wp-block-list\">\n<li class=\"has-medium-font-size\">Musicalproduktionen&nbsp;<\/li>\n<\/ul>\n\n\n\n<ul class=\"wp-block-list\">\n<li class=\"has-medium-font-size\">Chorprojekte, Konzerte und Wettbewerbe&nbsp;<\/li>\n<\/ul>\n\n\n\n<ul class=\"wp-block-list\">\n<li class=\"has-medium-font-size\">Musical-, Opern- und Konzertbesuche&nbsp;<\/li>\n<\/ul>\n\n\n\n<ul class=\"wp-block-list\">\n<li class=\"has-medium-font-size\">Freif\u00e4cher: Klavier, Gitarre und Schlagzeug&nbsp;&nbsp;<\/li>\n<\/ul>\n\n\n\n<ul class=\"wp-block-list\">\n<li class=\"has-medium-font-size\">weitere&nbsp;musische&nbsp;Projekte: Klassenpatenschaft mit dem Theater&nbsp;an der Wien&nbsp;(3D im Schuljahr 2025\/26), regelm\u00e4\u00dfige Teilnahme an Musik&nbsp;Aktiv, Singen mit&nbsp;Sch\u00fclerInnen&nbsp;der Volksschule etc.&nbsp;<\/li>\n<\/ul>\n\n\n\n<p class=\"has-medium-font-size\"><strong>Die&nbsp;einzelnen Ch\u00f6re<\/strong>&nbsp;<\/p>\n\n\n\n<p class=\"has-medium-font-size\">Die&nbsp;<strong>Young&nbsp;Polgarvoices<\/strong>&nbsp;bestehen aus&nbsp;S\u00e4ngerInnen&nbsp;der 1. und 2. Klassen.&nbsp;Diese Gruppe gestaltet jedes Jahr nach den Semesterferien ein Kindermusical (\u201cSchach 2.0\u201d, \u201cDas geheime Leben der Piraten\u201d, \u201cCoco Superstar\u201d &#8230;) f\u00fcr die Volksschulen des Bezirks.&nbsp;Weiters&nbsp;wirken die Young&nbsp;Polgarvoices&nbsp;an&nbsp;den verschiedensten Chorkonzerten (Weihnachtskonzert, Abschlusskonzert) mit und fahren&nbsp;jedes Jahr&nbsp;mit auf&nbsp;Chortage. Bei den Young&nbsp;Polgarvoices&nbsp;sammeln die&nbsp;Sch\u00fclerInnen&nbsp;erste Erfahrungen&nbsp;im Chorsingen und werden&nbsp;an das mehrstimmige Singen herangef\u00fchrt.&nbsp;<\/p>\n\n\n\n<p class=\"has-medium-font-size\">Die&nbsp;<strong>Advanced&nbsp;Polgarvoices<\/strong>&nbsp;setzen sich aus S\u00e4ngerinnen und S\u00e4ngern der 3. und 4. Klasse zusammen. Die&nbsp;Advanced&nbsp;Polgarvoices&nbsp;treten immer wieder in Austausch mit Ch\u00f6ren anderer Schulen und Bundesl\u00e4nder, z.B. dem&nbsp;Theresianum&nbsp;Eisenstadt, dem Ingeborg-Bachmann-Gymnasium Klagenfurt oder dem Ella-Lingens-Gymnasium. Fixpunkte f\u00fcr die&nbsp;Advanced&nbsp;Polgarvoices&nbsp;sind das Weihnachtskonzert, das Abschlusskonzert, sowie die&nbsp;Chortage, welche das Highlight des Jahres bilden.&nbsp;<\/p>\n\n\n\n<p class=\"has-medium-font-size\">Als&nbsp;<strong>Selected&nbsp;Polgarvoices<\/strong>&nbsp;wird der Kammerchor des Polgargymnasiums bezeichnet, der sich aus ausgew\u00e4hlten&nbsp;Sch\u00fclerInnen&nbsp;und Sch\u00fclern der 3.- 8. Klasse&nbsp;zusammensetzt. Die Aufnahmekriterien sind: Erfahrung im Chorsingen und regelm\u00e4\u00dfiges Einzelvorsingen. Im Repertoire sind Werke aus den unterschiedlichsten Epochen in der Besetzung f\u00fcr gemischten Chor, vieles a&nbsp;cappella.&nbsp;Die&nbsp;Selected&nbsp;Polgarvoicesfahren jedes Jahr auf Kammerchortage, um das Jahresprogramm einzustudieren&nbsp;und&nbsp;nehmen regelm\u00e4\u00dfig an Wettbewerben&nbsp;(z.B. Wiener Landesjugendsingen)&nbsp;teil und wurden dabei&nbsp;bereits mehrfachausgezeichnet.&nbsp;&nbsp;<\/p>\n\n\n\n<p class=\"has-medium-font-size\"><strong>Mehr Informationen finden Sie auf der Homepage der\u00a0Polgarvoices:\u00a0<\/strong><\/p>\n\n\n\n<p class=\"has-medium-font-size\"><a href=\"https:\/\/polgarvoices-at.jimdofree.com\" target=\"_blank\" rel=\"noreferrer noopener\">Polgarvoices<\/a><\/p>\n\n\n\n<div style=\"height:30px\" aria-hidden=\"true\" class=\"wp-block-spacer\"><\/div>\n\n\n\n<figure class=\"wp-block-embed is-type-video is-provider-youtube wp-block-embed-youtube wp-embed-aspect-16-9 wp-has-aspect-ratio\"><div class=\"wp-block-embed__wrapper\">\n<iframe loading=\"lazy\" title=\"Wiener Jugendsingen \u2013 Polgarvoices AHS Polgarstrasse Sylvia Stiller Weidlitsch und Bernd Leichtfried\" width=\"750\" height=\"422\" src=\"https:\/\/www.youtube.com\/embed\/Bo8YEs3n54U?feature=oembed\" frameborder=\"0\" allow=\"accelerometer; autoplay; clipboard-write; encrypted-media; gyroscope; picture-in-picture; web-share\" referrerpolicy=\"strict-origin-when-cross-origin\" allowfullscreen><\/iframe>\n<\/div><\/figure>\n","protected":false},"excerpt":{"rendered":"<p>&nbsp;Seit 2014 gibt es&nbsp;in der Unterstufe am&nbsp;Polgargymnasium einen Chorschwerpunkt. Dieser zeichnet sich dadurch aus, dass die&nbsp;Sch\u00fclerInnen&nbsp;zus\u00e4tzlich zwei Stunden Chor- und Stimmbildung besuchen&nbsp;und auch im Musikunterricht ein Fokus auf Singen gelegt wird.&nbsp;Ziel des Chorschwerpunkts ist es&nbsp;Sch\u00fclerInnen&nbsp;in ihrer&nbsp;musikalischen Begabung zu f\u00f6rdern und durch gemeinschaftliches&nbsp;Singen die sozialen Kompetenzen zu st\u00e4rken.&nbsp; Unsere Vision&nbsp; Singen kann jede\/r:&nbsp;Zu singen ist die [&hellip;]<\/p>\n","protected":false},"author":11,"featured_media":0,"parent":0,"menu_order":0,"comment_status":"closed","ping_status":"closed","template":"","meta":{"footnotes":""},"class_list":["post-11008","page","type-page","status-publish","hentry"],"_links":{"self":[{"href":"https:\/\/polgargym.at\/wordpress\/wp-json\/wp\/v2\/pages\/11008","targetHints":{"allow":["GET"]}}],"collection":[{"href":"https:\/\/polgargym.at\/wordpress\/wp-json\/wp\/v2\/pages"}],"about":[{"href":"https:\/\/polgargym.at\/wordpress\/wp-json\/wp\/v2\/types\/page"}],"author":[{"embeddable":true,"href":"https:\/\/polgargym.at\/wordpress\/wp-json\/wp\/v2\/users\/11"}],"replies":[{"embeddable":true,"href":"https:\/\/polgargym.at\/wordpress\/wp-json\/wp\/v2\/comments?post=11008"}],"version-history":[{"count":5,"href":"https:\/\/polgargym.at\/wordpress\/wp-json\/wp\/v2\/pages\/11008\/revisions"}],"predecessor-version":[{"id":11015,"href":"https:\/\/polgargym.at\/wordpress\/wp-json\/wp\/v2\/pages\/11008\/revisions\/11015"}],"wp:attachment":[{"href":"https:\/\/polgargym.at\/wordpress\/wp-json\/wp\/v2\/media?parent=11008"}],"curies":[{"name":"wp","href":"https:\/\/api.w.org\/{rel}","templated":true}]}}