{"id":11148,"date":"2025-11-19T10:46:19","date_gmt":"2025-11-19T09:46:19","guid":{"rendered":"https:\/\/polgargym.at\/?page_id=11148"},"modified":"2025-11-19T17:30:49","modified_gmt":"2025-11-19T16:30:49","slug":"instrumentalzweig-in-der-oberstufe","status":"publish","type":"page","link":"https:\/\/polgargym.at\/wordpress\/instrumentalzweig-in-der-oberstufe\/","title":{"rendered":"Instrumentalzweig in der Oberstufe"},"content":{"rendered":"\n<p class=\"has-medium-font-size\">Unser ORG mit Instrumentalunterricht bietet musikbegeisterten Sch\u00fclerinnen und Sch\u00fclern die M\u00f6glichkeit, ihr Talent individuell zu entfalten und gemeinsam mit anderen kreativ zu musizieren.<\/p>\n\n\n\n<p class=\"has-medium-font-size\">Pflichtunterricht Im Rahmen des regul\u00e4ren Unterrichts erhalten die Sch\u00fcler:innen eine fundierte Ausbildung in einem der Hauptf\u00e4cher Gitarre, Klavier, Schlagzeug oder Gesang.<\/p>\n\n\n\n<figure class=\"wp-block-image size-full\"><img loading=\"lazy\" decoding=\"async\" width=\"600\" height=\"400\" src=\"https:\/\/polgargym.at\/wordpress\/wp-content\/uploads\/2025\/11\/Gesang_BL05.jpg\" alt=\"\" class=\"wp-image-11149\" srcset=\"https:\/\/polgargym.at\/wordpress\/wp-content\/uploads\/2025\/11\/Gesang_BL05.jpg 600w, https:\/\/polgargym.at\/wordpress\/wp-content\/uploads\/2025\/11\/Gesang_BL05-300x200.jpg 300w\" sizes=\"auto, (max-width: 600px) 100vw, 600px\" \/><\/figure>\n\n\n\n<h2 class=\"wp-block-heading\">Vielf\u00e4ltiges Zusatzangebot<\/h2>\n\n\n\n<p class=\"has-medium-font-size\"> Dar\u00fcber hinaus steht ein breit gef\u00e4chertes Angebot an Freigegenst\u00e4nden und unverbindlichen \u00dcbungen zur Verf\u00fcgung \u2013 darunter Keyboard, E-Gitarre, Bass, Schlagzeug, Perkussion, die Schulband sowie die inklusive Band und der Chor \u201eSelected Polgarvoices\u201c mit regelm\u00e4\u00dfigen Auftritten, Musicalproduktionen sowie Chorwochen, bei denen intensive Probenarbeit und Gemeinschaft im Mittelpunkt stehen.<\/p>\n\n\n\n<figure class=\"wp-block-image size-full\"><img loading=\"lazy\" decoding=\"async\" width=\"600\" height=\"400\" src=\"https:\/\/polgargym.at\/wordpress\/wp-content\/uploads\/2025\/11\/Chor-O02.jpg\" alt=\"\" class=\"wp-image-11150\" srcset=\"https:\/\/polgargym.at\/wordpress\/wp-content\/uploads\/2025\/11\/Chor-O02.jpg 600w, https:\/\/polgargym.at\/wordpress\/wp-content\/uploads\/2025\/11\/Chor-O02-300x200.jpg 300w\" sizes=\"auto, (max-width: 600px) 100vw, 600px\" \/><\/figure>\n\n\n\n<h2 class=\"wp-block-heading\">Musizieren &amp; Auftreten<\/h2>\n\n\n\n<p class=\"has-medium-font-size\">In unseren Schulbands und Musikgruppen k\u00f6nnen die Sch\u00fcler:innen ihre erworbenen F\u00e4higkeiten praktisch anwenden \u2013 bei Tonaufnahmen, Konzerten und vielf\u00e4ltigen Musikprojekten. Auftritte finden sowohl intern (z. B. beim Half-Time Concert oder Fairplay Fest) als auch extern statt \u2013 unter anderem spielten Bands der Schule bereits im Festsaal des Wiener Rathauses oder beim Fest der Inklusion an der Universit\u00e4t f\u00fcr Musik und darstellende Kunst Wien.<\/p>\n\n\n\n<h2 class=\"wp-block-heading\">Moderne Ausstattung<\/h2>\n\n\n\n<p class=\"has-medium-font-size\">Unsere Schule verf\u00fcgt \u00fcber eine hervorragende instrumentale Ausstattung sowie professionelle Aufnahmem\u00f6glichkeiten, die kreatives Arbeiten auf hohem Niveau erm\u00f6glichen. So wurden bereits zahlreiche Musikvideos und Tonaufnahmen von Sch\u00fcler:innenprojekten realisiert.<\/p>\n\n\n\n<p class=\"has-medium-font-size\">In diesem Youtube Kanal finden Sie zahlreichte Projekte mit unterschiedlichen Sch\u00fclergruppen:<\/p>\n\n\n\n<p class=\"has-medium-font-size\"><a href=\"https:\/\/www.youtube.com\/@MTVA2011\">https:\/\/www.youtube.com\/@MTVA2011<\/a><\/p>\n\n\n\n<h2 class=\"wp-block-heading\">Musik verbindet<\/h2>\n\n\n\n<p class=\"has-medium-font-size\">Musikalische Aktivit\u00e4ten f\u00f6rdern Teamgeist, Empathie und soziale Kompetenzen. Besonders sichtbar wird das in unserer inklusiven Musikgruppe, in der Sch\u00fcler:innen aller Schulstufen \u2013 mit und ohne Beeintr\u00e4chtigung \u2013 gemeinsam musizieren und voneinander lernen.<\/p>\n\n\n\n<p><\/p>\n","protected":false},"excerpt":{"rendered":"<p>Unser ORG mit Instrumentalunterricht bietet musikbegeisterten Sch\u00fclerinnen und Sch\u00fclern die M\u00f6glichkeit, ihr Talent individuell zu entfalten und gemeinsam mit anderen kreativ zu musizieren. Pflichtunterricht Im Rahmen des regul\u00e4ren Unterrichts erhalten die Sch\u00fcler:innen eine fundierte Ausbildung in einem der Hauptf\u00e4cher Gitarre, Klavier, Schlagzeug oder Gesang. Vielf\u00e4ltiges Zusatzangebot Dar\u00fcber hinaus steht ein breit gef\u00e4chertes Angebot an Freigegenst\u00e4nden [&hellip;]<\/p>\n","protected":false},"author":47,"featured_media":0,"parent":0,"menu_order":0,"comment_status":"closed","ping_status":"closed","template":"","meta":{"footnotes":""},"class_list":["post-11148","page","type-page","status-publish","hentry"],"_links":{"self":[{"href":"https:\/\/polgargym.at\/wordpress\/wp-json\/wp\/v2\/pages\/11148","targetHints":{"allow":["GET"]}}],"collection":[{"href":"https:\/\/polgargym.at\/wordpress\/wp-json\/wp\/v2\/pages"}],"about":[{"href":"https:\/\/polgargym.at\/wordpress\/wp-json\/wp\/v2\/types\/page"}],"author":[{"embeddable":true,"href":"https:\/\/polgargym.at\/wordpress\/wp-json\/wp\/v2\/users\/47"}],"replies":[{"embeddable":true,"href":"https:\/\/polgargym.at\/wordpress\/wp-json\/wp\/v2\/comments?post=11148"}],"version-history":[{"count":3,"href":"https:\/\/polgargym.at\/wordpress\/wp-json\/wp\/v2\/pages\/11148\/revisions"}],"predecessor-version":[{"id":11194,"href":"https:\/\/polgargym.at\/wordpress\/wp-json\/wp\/v2\/pages\/11148\/revisions\/11194"}],"wp:attachment":[{"href":"https:\/\/polgargym.at\/wordpress\/wp-json\/wp\/v2\/media?parent=11148"}],"curies":[{"name":"wp","href":"https:\/\/api.w.org\/{rel}","templated":true}]}}