{"id":2376,"date":"2019-09-27T11:43:09","date_gmt":"2019-09-27T09:43:09","guid":{"rendered":"https:\/\/polgargym.at\/?page_id=2376"},"modified":"2025-11-26T21:55:22","modified_gmt":"2025-11-26T20:55:22","slug":"maedchenfussball","status":"publish","type":"page","link":"https:\/\/polgargym.at\/wordpress\/maedchenfussball\/","title":{"rendered":"M\u00e4dchenfu\u00dfball"},"content":{"rendered":"\n<p class=\"has-large-font-size\"><\/p>\n\n\n\n<div style=\"height:30px\" aria-hidden=\"true\" class=\"wp-block-spacer\"><\/div>\n\n\n\n<p class=\"has-medium-font-size\"><\/p>\n\n\n\n<p class=\"has-medium-font-size\">Der Schwerpunkt M\u00e4dchenfu\u00dfball gibt es speziell f\u00fcr die Unterstufe (10-14-j\u00e4hrige M\u00e4dels). Einige bekannte Gesichter sind durch diese Ausbildung gegangen, wie die Ahnengalerie zeigt: Jasmin Eder (\u00d6FB-Mitarbeiterin, Ex-Kapit\u00e4nin von Serienmeister SKN St. P\u00f6lten und Ex-Teamspielerin), Verena Hanshaw ehemals Aschauer (Teamspielerin und Verteidigerin bei AS Roma), Marie-Therese H\u00f6binger (Teamspielerin und Mittelfeldmotor bei FC Liverpool), Lara Felix (Kader Nationalteam, St\u00fcrmerin bei N\u00fcrnberg), Nicole Ojukwu (U20-Teamspielerin bei der Weltmeisterschaft in Kolumbien, Freiburg), Lara H\u00f6cherl (U19-Teamspielerin, Vienna)<\/p>\n\n\n\n<p class=\"has-medium-font-size\">Einige weitere haben es bis in die Nachwuchsnationalteams geschafft und spielen jetzt in der 1. und 2. Bundesliga.<\/p>\n\n\n\n<p class=\"has-medium-font-size\">Neben dem Leistungsfu\u00dfball wird gro\u00dfes Augenmerk auf die schulische Leistung gelegt. Denn einige Fu\u00dfballerinnen werden nach der Unterstufe irgendwann einmal M\u00fctter, Schiedsrichterinnen oder auch Fu\u00dfballfunktion\u00e4re.<\/p>\n\n\n\n<p class=\"has-medium-font-size\">\u201eDiese vielf\u00e4ltige Ausbildung ist mir wichtig, weil der M\u00e4dchenfu\u00dfball auf eine breite Basis gestellt geh\u00f6rt, in der auch das Umfeld eine enorm wichtige Rolle einnimmt. Mehr dazu am Freitag\u201c, will Lehrer und Trainer Karlheinz Piringer mit seiner Fu\u00dfballbegeisterung ins Polgargymnasium locken.<\/p>\n\n\n\n<p class=\"has-medium-font-size\">Besonders zu erw\u00e4hnen ist nat\u00fcrlich die Kooperation mit dem Wiener Fu\u00dfballverband (WFV), der sich im Rahmen des Tages der offenen T\u00fcr durch Generalsekret\u00e4r Christian Schlosser den Fragen der Eltern stellen wird.<\/p>\n\n\n\n<p class=\"has-medium-font-size\">Das Polgargymnasium ist \u00f6sterreichweit die erfolgreichste M\u00e4dchenfu\u00dfball-Schule: Bei den Bundesmeisterschaften, die seit 2009 stattfinden, gewannen die Polgargirls sage und schreibe 7 Mal den Bundesmeistertitel \u2013 und sie waren bei 13 von 14 ausgetragenen Bundesbewerben mit von der Partie.<\/p>\n\n\n\n<figure class=\"wp-block-image size-large\"><img loading=\"lazy\" decoding=\"async\" width=\"1024\" height=\"709\" src=\"https:\/\/polgargym.at\/wordpress\/wp-content\/uploads\/2025\/11\/Gross-Ball-Halbkreis-1024x709.jpeg\" alt=\"\" class=\"wp-image-11421\" srcset=\"https:\/\/polgargym.at\/wordpress\/wp-content\/uploads\/2025\/11\/Gross-Ball-Halbkreis-1024x709.jpeg 1024w, https:\/\/polgargym.at\/wordpress\/wp-content\/uploads\/2025\/11\/Gross-Ball-Halbkreis-300x208.jpeg 300w, https:\/\/polgargym.at\/wordpress\/wp-content\/uploads\/2025\/11\/Gross-Ball-Halbkreis-768x532.jpeg 768w, https:\/\/polgargym.at\/wordpress\/wp-content\/uploads\/2025\/11\/Gross-Ball-Halbkreis.jpeg 1280w\" sizes=\"auto, (max-width: 1024px) 100vw, 1024px\" \/><\/figure>\n\n\n\n<div style=\"height:30px\" aria-hidden=\"true\" class=\"wp-block-spacer\"><\/div>\n\n\n\n<figure class=\"wp-block-image size-full\"><img loading=\"lazy\" decoding=\"async\" width=\"1000\" height=\"770\" src=\"https:\/\/polgargym.at\/wordpress\/wp-content\/uploads\/2024\/11\/pr-eder-felix-hoebinger.jpeg\" alt=\"\" class=\"wp-image-9513\" srcset=\"https:\/\/polgargym.at\/wordpress\/wp-content\/uploads\/2024\/11\/pr-eder-felix-hoebinger.jpeg 1000w, https:\/\/polgargym.at\/wordpress\/wp-content\/uploads\/2024\/11\/pr-eder-felix-hoebinger-300x231.jpeg 300w, https:\/\/polgargym.at\/wordpress\/wp-content\/uploads\/2024\/11\/pr-eder-felix-hoebinger-768x591.jpeg 768w\" sizes=\"auto, (max-width: 1000px) 100vw, 1000px\" \/><figcaption class=\"wp-element-caption\">Vom \u00d6FB-Quartett fehlt nur mehr Verena Hanshaw, die neben Jasmin Eder (links, sie trat vor zwei Jahren vom Team zur\u00fcck), Lara Felix (Mitte) und Marie-Therese H\u00f6binger (rechts), die Schulbank im Polgargymnasium dr\u00fcckte.<\/figcaption><\/figure>\n\n\n\n<p class=\"has-medium-font-size\"><strong><em><u>Die Erfolge:<\/u><\/em><\/strong><\/p>\n\n\n\n<p class=\"has-medium-font-size\"><strong>Krone Hallencup (HFM):<\/strong><\/p>\n\n\n\n<p class=\"has-medium-font-size\">2002, 2005, 2006, 2007, 2008, 2010, 2011, 2012, 2013, 2014, 2015, 2016, 2017, 2018, 2019, 2022, 2024, 2025<\/p>\n\n\n\n<p class=\"has-medium-font-size\"><strong>U15-Landesmeisterschaft:<\/strong><\/p>\n\n\n\n<p class=\"has-medium-font-size\">2005, 2006, 2008, 2009<\/p>\n\n\n\n<p class=\"has-medium-font-size\"><strong>UNIQA M\u00e4dchenfu\u00dfballLIGA (UFL): U13<\/strong><\/p>\n\n\n\n<p class=\"has-medium-font-size\">2009, 2010, 2011, 2012, 2013, 2014, 2015, 2016, 2017, 2018, 2019, 2022, 2024, 2025<\/p>\n\n\n\n<p class=\"has-medium-font-size\"><strong>15. Bundesmeisterschaft 1. Sparkasse Sch\u00fclerinnenliga (ehemals UNIQA M\u00e4dchenfu\u00dfballLIGA):<\/strong><\/p>\n\n\n\n<p class=\"has-medium-font-size\">2009, 2011, 2012, 2014, 2016, 2017, 2018, 2025<\/p>\n\n\n\n<p class=\"has-medium-font-size\"><strong>U13-Landesmeisterschaft:<\/strong><\/p>\n\n\n\n<p class=\"has-medium-font-size\">2001, 2004, 2005, 2007, 2008, 2009<\/p>\n\n\n\n<p class=\"has-medium-font-size\"><strong>Sch\u00fclerinnen-Fu\u00dfballliga (SFL):<\/strong><\/p>\n\n\n\n<p class=\"has-medium-font-size\">2010, 2011, 2012, 2013, 2014, 2015, 2016, 2022, 2023, 2024, 2025<\/p>\n\n\n\n<div style=\"height:50px\" aria-hidden=\"true\" class=\"wp-block-spacer\"><\/div>\n\n\n\n<h2 class=\"wp-block-heading has-large-font-size\"><strong>M\u00e4dchenfu\u00dfballklassen am Polgargymnasium<\/strong><\/h2>\n\n\n\n<p class=\"has-medium-font-size\">Das Polgargymnasium hat eine lange Tradition bei der F\u00f6rderung von fu\u00dfballerisch talentierten Burschen und M\u00e4dchen. Seit den 90er Jahren gibt es hierf\u00fcr eigene Fu\u00dfballklassen, in denen neben der schulischen F\u00f6rderung und einer allgemeinen polysportiven Ausbildung das Hauptaugenmerk auf die technische und taktische Weiterentwicklung der Nachwuchsspieler und -spielerinnen gelegt wird. Daf\u00fcr gibt es eine Zusammenarbeit mit dem Wiener Fu\u00dfballverband.<\/p>\n\n\n\n<figure class=\"wp-block-image size-large\"><img loading=\"lazy\" decoding=\"async\" width=\"1024\" height=\"672\" src=\"https:\/\/polgargym.at\/wordpress\/wp-content\/uploads\/2025\/11\/Gross-Team-1A-1024x672.jpeg\" alt=\"\" class=\"wp-image-11422\" srcset=\"https:\/\/polgargym.at\/wordpress\/wp-content\/uploads\/2025\/11\/Gross-Team-1A-1024x672.jpeg 1024w, https:\/\/polgargym.at\/wordpress\/wp-content\/uploads\/2025\/11\/Gross-Team-1A-300x197.jpeg 300w, https:\/\/polgargym.at\/wordpress\/wp-content\/uploads\/2025\/11\/Gross-Team-1A-768x504.jpeg 768w, https:\/\/polgargym.at\/wordpress\/wp-content\/uploads\/2025\/11\/Gross-Team-1A.jpeg 1280w\" sizes=\"auto, (max-width: 1024px) 100vw, 1024px\" \/><figcaption class=\"wp-element-caption\">M\u00e4dchenfu\u00dfballklasse 2025\/26<\/figcaption><\/figure>\n\n\n\n<div style=\"height:50px\" aria-hidden=\"true\" class=\"wp-block-spacer\"><\/div>\n\n\n\n<figure class=\"wp-block-image size-large\"><img loading=\"lazy\" decoding=\"async\" width=\"968\" height=\"1024\" src=\"https:\/\/polgargym.at\/wordpress\/wp-content\/uploads\/2025\/11\/Gross-stange-968x1024.jpeg\" alt=\"\" class=\"wp-image-11423\" srcset=\"https:\/\/polgargym.at\/wordpress\/wp-content\/uploads\/2025\/11\/Gross-stange-968x1024.jpeg 968w, https:\/\/polgargym.at\/wordpress\/wp-content\/uploads\/2025\/11\/Gross-stange-284x300.jpeg 284w, https:\/\/polgargym.at\/wordpress\/wp-content\/uploads\/2025\/11\/Gross-stange-768x812.jpeg 768w, https:\/\/polgargym.at\/wordpress\/wp-content\/uploads\/2025\/11\/Gross-stange.jpeg 1210w\" sizes=\"auto, (max-width: 968px) 100vw, 968px\" \/><\/figure>\n\n\n\n<p class=\"has-medium-font-size\">Das M\u00e4dchenfu\u00dfballmodell gibt es mittlerweile schon seit 2007.  Wenn jetzt der Blick zu den Nationalteams (U17, U19, A) geworfen wird, finden sich aktuell einige Ex-Polgar-Sch\u00fclerinnen im Kader: Jasmin Eder, Verena Aschauer, Marie H\u00f6binger, Lara Felix, Nicole Ojukwu, Lara H\u00f6cherl. Ebenso sind in der Akademie in St. P\u00f6lten mit Lara H\u00f6cherl und Nicole Ojukwu zur Zeit zwei Spielerinnen vertreten.<\/p>\n\n\n\n<div style=\"height:50px\" aria-hidden=\"true\" class=\"wp-block-spacer\"><\/div>\n\n\n\n<p class=\"has-medium-font-size\">Die Sch\u00fcler und Sch\u00fclerinnen haben einen sportliches Sichtungstraining zu bestehen und nat\u00fcrlich m\u00fcssen auch die schulischen Leistungen dem Niveau einer AHS entsprechen.<\/p>\n\n\n\n<div style=\"height:50px\" aria-hidden=\"true\" class=\"wp-block-spacer\"><\/div>\n\n\n\n<p class=\"has-medium-font-size\">Ein wesentlicher Bestandteil dieses Modells ist auch die Lernf\u00f6rderung am Nachmittag. Durch die intensive Doppelbelastung durch Schule und Sport muss die sp\u00e4rliche Freizeit (=Lernzeit) optimal genutzt werden. Den Sch\u00fclerinnen soll bei den Haus\u00fcbungen und bei der Festigung des durchgenommenen Lernstoffes unter die Arme gegriffen werden. Diese F\u00f6rderstunden werden von Professoren am Nachmittag abgehalten.<\/p>\n\n\n\n<div style=\"height:50px\" aria-hidden=\"true\" class=\"wp-block-spacer\"><\/div>\n\n\n\n<p class=\"has-medium-font-size\">\u201eSpa\u00df an der Bewegung, Freude am Fu\u00dfball, eine sportlich individuelle Ausbildung, Fairness und Teamf\u00e4higkeit gepaart mit schulischem Erfolg\u201c \u2013 dies ist das Motto dieses Schwerpunktes.<\/p>\n\n\n\n<div style=\"height:50px\" aria-hidden=\"true\" class=\"wp-block-spacer\"><\/div>\n\n\n\n<p class=\"has-medium-font-size\"><strong>Was ist das Ziel der Sportklassen?<\/strong><\/p>\n\n\n\n<ul class=\"wp-block-list\">\n<li class=\"has-medium-font-size\">Die Sch\u00fclerinnen sollen bei einem Verein spielen oder ihnen wird nahe gelegt, zu einem Fu\u00dfballverein zu gehen.<\/li>\n\n\n\n<li class=\"has-medium-font-size\">Die Sch\u00fclerinnen k\u00f6nnen in den Leistungssport kippen, in dem mit dem Nationalteam dann ein Ziel erreicht ist.<\/li>\n\n\n\n<li class=\"has-medium-font-size\">Die Sch\u00fclerinnen d\u00fcrfen ebenso den Schiedsrichterinnen-, Funktion\u00e4rinnen-Weg einschlagen.<\/li>\n\n\n\n<li class=\"has-medium-font-size\">Oder die Sch\u00fclerinnen werden Eltern, die ihren T\u00f6chtern erm\u00f6glichen, M\u00e4dchenfu\u00dfball zu betreiben.<\/li>\n\n\n\n<li class=\"has-medium-font-size\">Pers\u00f6nlichkeitsentwicklung: gewinnen k\u00f6nnen und verlieren d\u00fcrfen, Stresssituationen meistern lernen, gemeinschaftsf\u00e4hig werden und Fair-Play<\/li>\n\n\n\n<li class=\"has-medium-font-size\">Und der Spa\u00df ist garantiert \u2026 nicht nur mit dem Ball<\/li>\n<\/ul>\n\n\n\n<div style=\"height:50px\" aria-hidden=\"true\" class=\"wp-block-spacer\"><\/div>\n\n\n\n<p class=\"has-medium-font-size\"><strong>Was steht den Fu\u00dfballerinnen alles zur Verf\u00fcgung:<\/strong><\/p>\n\n\n\n<p><\/p>\n\n\n\n<p class=\"has-medium-font-size\">Sie werden in einer eigenen Klasse zusammengefasst<\/p>\n\n\n\n<p class=\"has-medium-font-size\">Es wird R\u00fccksicht genommen in Bezug auf Schularbeiten<\/p>\n\n\n\n<p class=\"has-medium-font-size\">Sie haben an einem Nachmittag eine zus\u00e4tzliche Trainingseinheit (Unverbindliche \u00dcbung)<\/p>\n\n\n\n<p class=\"has-medium-font-size\">Sie nehmen an Schulmeisterschaften teil \u2013 Krone-Hallencup, Sch\u00fclerinnen-Fu\u00dfballliga (SFL), UNIQA M\u00e4dchenfu\u00dfballLIGA (UFL)<\/p>\n\n\n\n<p class=\"has-medium-font-size\">Sie bestreiten Freundschaftsspiele und andere Exkursionen (Soccergolf, Motorikpark, \u2026)<\/p>\n\n\n\n<p class=\"has-medium-font-size\">Sie haben 2 Kunstrasen-Pl\u00e4tze, einen Schul-Rasenplatz und die Sport- und Funhalle zum Trainieren <\/p>\n\n\n\n<div style=\"height:30px\" aria-hidden=\"true\" class=\"wp-block-spacer\"><\/div>\n\n\n\n<figure class=\"wp-block-image size-large\"><img loading=\"lazy\" decoding=\"async\" width=\"1024\" height=\"941\" src=\"https:\/\/polgargym.at\/wordpress\/wp-content\/uploads\/2025\/11\/Gross-wurf-1-1024x941.jpeg\" alt=\"\" class=\"wp-image-11424\" srcset=\"https:\/\/polgargym.at\/wordpress\/wp-content\/uploads\/2025\/11\/Gross-wurf-1-1024x941.jpeg 1024w, https:\/\/polgargym.at\/wordpress\/wp-content\/uploads\/2025\/11\/Gross-wurf-1-300x276.jpeg 300w, https:\/\/polgargym.at\/wordpress\/wp-content\/uploads\/2025\/11\/Gross-wurf-1-768x706.jpeg 768w, https:\/\/polgargym.at\/wordpress\/wp-content\/uploads\/2025\/11\/Gross-wurf-1.jpeg 1280w\" sizes=\"auto, (max-width: 1024px) 100vw, 1024px\" \/><\/figure>\n\n\n\n<div style=\"height:50px\" aria-hidden=\"true\" class=\"wp-block-spacer\"><\/div>\n\n\n\n<ul class=\"wp-block-list\">\n<li class=\"has-medium-font-size\">Aktuelle Informationen werden auch auf einer eigenen Facebook-Seite geteilt:&nbsp;<a href=\"https:\/\/www.facebook.com\/Polgargirls2007\/\">https:\/\/www.facebook.com\/Polgargirls2007\/<\/a><\/li>\n\n\n\n<li class=\"has-medium-font-size\">Und einer eigenen Instagram-Seite:&nbsp;<a href=\"https:\/\/www.instagram.com\/polgargirls_maedchenfussball07\/\">https:\/\/www.instagram.com\/polgargirls_maedchenfussball07\/<\/a><\/li>\n<\/ul>\n\n\n\n<div style=\"height:50px\" aria-hidden=\"true\" class=\"wp-block-spacer\"><\/div>\n\n\n\n<h3 class=\"wp-block-heading\"><\/h3>\n\n\n\n<figure class=\"wp-block-image size-full\"><img loading=\"lazy\" decoding=\"async\" width=\"1000\" height=\"300\" src=\"https:\/\/polgargym.at\/wordpress\/wp-content\/uploads\/2024\/11\/pr-1A-schuss.jpg\" alt=\"\" class=\"wp-image-9520\" srcset=\"https:\/\/polgargym.at\/wordpress\/wp-content\/uploads\/2024\/11\/pr-1A-schuss.jpg 1000w, https:\/\/polgargym.at\/wordpress\/wp-content\/uploads\/2024\/11\/pr-1A-schuss-300x90.jpg 300w, https:\/\/polgargym.at\/wordpress\/wp-content\/uploads\/2024\/11\/pr-1A-schuss-768x230.jpg 768w\" sizes=\"auto, (max-width: 1000px) 100vw, 1000px\" \/><\/figure>\n\n\n\n<div style=\"height:50px\" aria-hidden=\"true\" class=\"wp-block-spacer\"><\/div>\n\n\n\n<p class=\"has-medium-font-size\"><em>Karlheinz Piringer<\/em><\/p>\n","protected":false},"excerpt":{"rendered":"<p>Der Schwerpunkt M\u00e4dchenfu\u00dfball gibt es speziell f\u00fcr die Unterstufe (10-14-j\u00e4hrige M\u00e4dels). Einige bekannte Gesichter sind durch diese Ausbildung gegangen, wie die Ahnengalerie zeigt: Jasmin Eder (\u00d6FB-Mitarbeiterin, Ex-Kapit\u00e4nin von Serienmeister SKN St. P\u00f6lten und Ex-Teamspielerin), Verena Hanshaw ehemals Aschauer (Teamspielerin und Verteidigerin bei AS Roma), Marie-Therese H\u00f6binger (Teamspielerin und Mittelfeldmotor bei FC Liverpool), Lara Felix (Kader [&hellip;]<\/p>\n","protected":false},"author":11,"featured_media":0,"parent":0,"menu_order":0,"comment_status":"closed","ping_status":"closed","template":"","meta":{"footnotes":""},"class_list":["post-2376","page","type-page","status-publish","hentry"],"_links":{"self":[{"href":"https:\/\/polgargym.at\/wordpress\/wp-json\/wp\/v2\/pages\/2376","targetHints":{"allow":["GET"]}}],"collection":[{"href":"https:\/\/polgargym.at\/wordpress\/wp-json\/wp\/v2\/pages"}],"about":[{"href":"https:\/\/polgargym.at\/wordpress\/wp-json\/wp\/v2\/types\/page"}],"author":[{"embeddable":true,"href":"https:\/\/polgargym.at\/wordpress\/wp-json\/wp\/v2\/users\/11"}],"replies":[{"embeddable":true,"href":"https:\/\/polgargym.at\/wordpress\/wp-json\/wp\/v2\/comments?post=2376"}],"version-history":[{"count":26,"href":"https:\/\/polgargym.at\/wordpress\/wp-json\/wp\/v2\/pages\/2376\/revisions"}],"predecessor-version":[{"id":11425,"href":"https:\/\/polgargym.at\/wordpress\/wp-json\/wp\/v2\/pages\/2376\/revisions\/11425"}],"wp:attachment":[{"href":"https:\/\/polgargym.at\/wordpress\/wp-json\/wp\/v2\/media?parent=2376"}],"curies":[{"name":"wp","href":"https:\/\/api.w.org\/{rel}","templated":true}]}}