{"id":2557,"date":"2019-10-09T17:27:11","date_gmt":"2019-10-09T15:27:11","guid":{"rendered":"https:\/\/polgargym.at\/?page_id=2557"},"modified":"2022-10-24T10:58:07","modified_gmt":"2022-10-24T08:58:07","slug":"spanisch","status":"publish","type":"page","link":"https:\/\/polgargym.at\/wordpress\/spanisch\/","title":{"rendered":"Spanisch"},"content":{"rendered":"\n<div style=\"height:50px\" aria-hidden=\"true\" class=\"wp-block-spacer\"><\/div>\n\n\n\n<h2 class=\"wp-block-heading\">Spanisch am Polgargymnasium<\/h2>\n\n\n<div class=\"wp-block-image\">\n<figure class=\"aligncenter\"><img loading=\"lazy\" decoding=\"async\" width=\"552\" height=\"414\" src=\"https:\/\/polgargym.at\/wordpress\/wp-content\/uploads\/2019\/10\/ad-Homepage-FG-Spanisch.jpg\" alt=\"\" class=\"wp-image-2558\" srcset=\"https:\/\/polgargym.at\/wordpress\/wp-content\/uploads\/2019\/10\/ad-Homepage-FG-Spanisch.jpg 552w, https:\/\/polgargym.at\/wordpress\/wp-content\/uploads\/2019\/10\/ad-Homepage-FG-Spanisch-300x225.jpg 300w\" sizes=\"auto, (max-width: 552px) 100vw, 552px\" \/><\/figure><\/div>\n\n\n<div style=\"height:30px\" aria-hidden=\"true\" class=\"wp-block-spacer\"><\/div>\n\n\n\n<h3 class=\"wp-block-heading\"><a href=\"#spanisch1\">7 gute Gr\u00fcnde, warum man Spanisch lernen sollte<\/a><\/h3>\n\n\n\n<h3 class=\"wp-block-heading\"><a href=\"#spanisch5\">Welche M\u00f6glichkeiten gibt es, am Polgargymnasium Spanisch zu erlernen?<\/a><\/h3>\n\n\n\n<h3 class=\"wp-block-heading\"><a href=\"#spanisch6\">El instituto \u201ePolgarstra\u00dfe\u201c se presenta<\/a><\/h3>\n\n\n\n<div class=\"wp-block-ps2id-block-target\" id=\"spanisch1\"><\/div>\n\n\n\n<div style=\"height:30px\" aria-hidden=\"true\" class=\"wp-block-spacer\"><\/div>\n\n\n\n<h4 class=\"wp-block-heading\"><strong>7 gute Gr\u00fcnde, warum man Spanisch lernen sollte<\/strong><\/h4>\n\n\n\n<p><strong>1. Weltsprache Spanisch<\/strong><\/p>\n\n\n\n<p>Wer Spanisch lernt, kann sich mit Menschen auf der ganzen Welt verst\u00e4ndigen. Um die 440 (2019) Millionen Menschen dient Spanisch als Muttersprache. In 21 L\u00e4ndern sowie einigen internationalen Organisationen ist es Amtssprache. Nicht nur in Europa, sondern auch in Mittel- und S\u00fcdamerika, in Teilen Westafrikas und der USA und auf den Philippinen wird Spanisch gesprochen. Spanisch nimmt nach Englisch, Mandarin und Hindi den vierten Platz der weltweit meistgesprochenen Sprachen ein.&nbsp;<\/p>\n\n\n\n<div style=\"height:30px\" aria-hidden=\"true\" class=\"wp-block-spacer\"><\/div>\n\n\n\n<p><strong>2. Schl\u00fcssel zu Kultur und Kunst<\/strong><\/p>\n\n\n\n<p>Spanien und Lateinamerika haben eine reiche, vielf\u00e4ltige und spannende Kultur. Wer Spanisch lernt,&nbsp; entdeckt zugleich eine Welt der Literatur (Miguel de Cervantes, Isabel Allende, Gabriel Garc\u00eda M\u00e1rquez &#8230;), der Musik und des Tanzes (Flamenco, Tango, Salsa &#8230;), des Films (Carlos Saura, Pedro Almod\u00f3var &#8230;), der darstellenden und bildenden K\u00fcnste (Pablo Picasso, Joan Mir\u00f3, Salvador Dal\u00ed &#8230;).<\/p>\n\n\n\n<div style=\"height:30px\" aria-hidden=\"true\" class=\"wp-block-spacer\"><\/div>\n\n\n\n<p><strong>3. Wirtschaftssprache&nbsp;<\/strong><\/p>\n\n\n\n<p>Viele Unternehmen haben Niederlassungen in Spanien und Lateinamerika und sind wichtige Handelspartner. Das s\u00fcdamerikanische Wirtschaftsb\u00fcndnis \u201cMercosur\u201d ist der drittgr\u00f6\u00dfte Handelsblock der Welt. Ihm wird ein enormes Wachstumspotential zugeschrieben.&nbsp;<\/p>\n\n\n\n<div style=\"height:30px\" aria-hidden=\"true\" class=\"wp-block-spacer\"><\/div>\n\n\n\n<p><strong>4. Leichte Lernbarkeit<\/strong><\/p>\n\n\n\n<p>Ein gro\u00dfer Vorteil des Spanischen ist die Einfachheit ihrer Aussprache. Schreibung und Aussprache sind einander sehr \u00e4hnlich und man muss keine komplizierten Regeln lernen, sondern kann gleich von Anfang an im Unterricht mitreden und mitlesen. Die Beliebtheit des Spanischen bei unseren Sch\u00fclern \u2013 ob bei Anf\u00e4ngern oder Maturanten \u2013 zeigt, wie schnell man sich mit der neuen Fremdsprache vertraut machen kann.<\/p>\n\n\n\n<div style=\"height:30px\" aria-hidden=\"true\" class=\"wp-block-spacer\"><\/div>\n\n\n\n<p><strong>5. Gelebte Vielsprachigkeit<\/strong><\/p>\n\n\n\n<p>Die Europ\u00e4ische Union ist ein Raum der Vielsprachigkeit. Wer sich verst\u00e4ndigen will, muss daher nicht immer Englisch oder Franz\u00f6sisch sprechen. Alle 23 Amtssprachen der Union sollen ben\u00fctzt und gelernt werden.&nbsp;<\/p>\n\n\n\n<div style=\"height:30px\" aria-hidden=\"true\" class=\"wp-block-spacer\"><\/div>\n\n\n\n<p><strong>6. Anhaltender Spanisch-Boom<\/strong><\/p>\n\n\n\n<p>Immer mehr Menschen sprechen Spanisch, wie es das Beispiel USA deutlich zeigt. Etwa 13% der US-Amerikaner \u2013 das sind \u00fcber 45 Millionen Menschen \u2013 nennen Spanisch ihre Muttersprache. Die Hispanics sind heute die wichtigste sprachliche Minderheit, der eine gro\u00dfe wirtschaftliche und mediale Bedeutung zukommt.<\/p>\n\n\n\n<div style=\"height:30px\" aria-hidden=\"true\" class=\"wp-block-spacer\"><\/div>\n\n\n\n<p><strong>7. Flexibilit\u00e4t und Mobilit\u00e4t&nbsp;<\/strong><\/p>\n\n\n\n<p>Immer \u00f6fter verbringen wir Zeit im Ausland, zunehmend auch in spanischsprachigen L\u00e4ndern. Wer schon mit soliden Sprachkenntnissen hinkommt, hat den anderen vieles voraus, sei es bei interessanten Reisen, Studien&nbsp;oder Auslandsjobs.<\/p>\n\n\n\n<div class=\"wp-block-ps2id-block-target\" id=\"spanisch5\"><\/div>\n\n\n\n<div style=\"height:50px\" aria-hidden=\"true\" class=\"wp-block-spacer\"><\/div>\n\n\n\n<h4 class=\"wp-block-heading\" id=\"spanisch2\"><strong>Welche M\u00f6glichkeiten gibt es, am Polgargymnasium Spanisch zu erlernen?<\/strong><\/h4>\n\n\n\n<div style=\"height:30px\" aria-hidden=\"true\" class=\"wp-block-spacer\"><\/div>\n\n\n\n<p><strong>1) Zweite lebende Fremdsprache ab der 5. Klasse<\/strong><\/p>\n\n\n\n<div style=\"height:30px\" aria-hidden=\"true\" class=\"wp-block-spacer\"><\/div>\n\n\n\n<p>Spanisch ist ein Pflichtfach mit je 3 Wochenstunden pro Schuljahr.&nbsp;<\/p>\n\n\n\n<p>Nach vier Unterrichtsjahren erreichen die Sch\u00fclerInnen Niveau B1+ des Gemeinsamen Europ\u00e4ischen Referenzrahmens f\u00fcr Sprachen, das hei\u00dft sie sprechen flie\u00dfend \u00fcber im Unterricht erarbeitete Sequenzen, verstehen Standardsprache, k\u00f6nnen ohne Vorbereitung an Gespr\u00e4chen \u00fcber Themen teilnehmen, die ihnen vertraut sind, die sie pers\u00f6nlich interessieren oder die sich auf Themen des Alltags beziehen.&nbsp;<\/p>\n\n\n\n<p>Sie haben einen guten Einblick in die Sprache, Politik, Gesellschaft, Geschichte und Kultur spanischsprachiger L\u00e4nder erhalten und k\u00f6nnen selbst\u00e4ndig auch schwierigere Texte lesen, erarbeiten und schreiben. Bei der Reifepr\u00fcfung kann Spanisch sowohl schriftlich als auch m\u00fcndlich gew\u00e4hlt werden.<\/p>\n\n\n\n<div style=\"height:50px\" aria-hidden=\"true\" class=\"wp-block-spacer\"><\/div>\n\n\n\n<p><strong>2) Vertiefendes Wahlpflichtfach<\/strong><\/p>\n\n\n\n<div style=\"height:30px\" aria-hidden=\"true\" class=\"wp-block-spacer\"><\/div>\n\n\n\n<p>Kann in der 7. und \/ oder 8. Klasse, jeweils 2 Wochenstunden, besucht werden. Voraussetzung ist hierbei der Besuch des Pflichtfachs Spanisch.&nbsp;<\/p>\n\n\n\n<p>Die Inhalte werden in Form von Projektarbeit, e-Learning Sequenzen etc. erarbeitet. Schwerpunkte sind unter anderem: die Erweiterung und Vertiefung der im Pflichtfach erworbenen Kompetenzen, F\u00f6rderung sprachlicher F\u00e4higkeiten durch Pr\u00e4sentationen, Teamarbeit&#8230; Hier finden auch vermehrt Exkursionen statt, die sich auf aktuelle landeskundliche oder kulturelle Inhalte und Veranstaltungen beziehen.&nbsp;<\/p>\n\n\n\n<p>Hat man das Wahlpflichtfach mindestens 1 Jahr besucht, kann bei der m\u00fcndlichen Reifepr\u00fcfung eine vertiefende Pr\u00fcfung abgelegt werden.<\/p>\n\n\n\n<div style=\"height:50px\" aria-hidden=\"true\" class=\"wp-block-spacer\"><\/div>\n\n\n\n<p><strong>3) Zus\u00e4tzliches Wahlpflichtfach<\/strong><\/p>\n\n\n\n<div style=\"height:30px\" aria-hidden=\"true\" class=\"wp-block-spacer\"><\/div>\n\n\n\n<p>Wird von der 6\u20138. Klasse (3\/3\/2 Wochenstunden) angeboten und ist f\u00fcr die besonders Sprachinteressierten geeignet. Sehr oft ist Spanisch hier die 3. oder auch 4. Fremdsprache. Der Besuch des Pflichtfachs Spanisch ist nicht Voraussetzung.&nbsp;<\/p>\n\n\n\n<p>Die Inhalte \u00e4hneln dem Pflichtfach Spanisch, jedoch gibt es hier keine Schularbeiten. Das Sprechen steht hier mehr im Mittelpunkt, selbst\u00e4ndige Projektarbeit, Pr\u00e4sentationen etc. finden auch hier verst\u00e4rkt Eingang.&nbsp;<\/p>\n\n\n\n<p>Nach erfolgreichem Absolvieren aller 3 Jahre k\u00f6nnen die Sch\u00fclerInnen Spanisch zur m\u00fcndlichen Reifepr\u00fcfung auf Niveau A2 w\u00e4hlen.<\/p>\n\n\n\n<div class=\"wp-block-ps2id-block-target\" id=\"spanisch6\"><\/div>\n\n\n\n<div style=\"height:50px\" aria-hidden=\"true\" class=\"wp-block-spacer\"><\/div>\n\n\n\n<h2 class=\"wp-block-heading\"><strong>El instituto \u201ePolgarstra\u00dfe\u201c se presenta<\/strong><\/h2>\n\n\n\n<p>El BG, BRG, BORG Polgarstra\u00dfe 24, situado en el distrito veintid\u00f3s de Viena es uno de los institutos m\u00e1s grandes y modernos de Austria. Es apto para minusv\u00e1lidos y dispone de aulas bien equipados.<\/p>\n\n\n\n<p>El instituto tiene un enfoque en la inform\u00e1tica: Hay cinco salas modernas con ordenadores y acceso a la red. En las llamadas clases de inform\u00e1tica cada alumno trabaja con su ordenador port\u00e1til personal utiliz\u00e1ndolo en todas las asignaturas. As\u00ed se asegura una ense\u00f1anza a la \u00faltima. La nueva blioteca ofrece&nbsp;un gran n\u00famero de libros, revistas y peri\u00f3dicos satisfaciendo muchos intereses diferentes.<\/p>\n\n\n\n<p>Las grandes atracciones del instituto son sus eventos especiales, como por ejemplo presentaciones musicales y teatrales, d\u00edas de acciones (talleres, presentaciones) realizados por los ense\u00f1antes y los alumnos en las clases obligatorias y optativas con mucha creatividad y profesionalidad.<\/p>\n\n\n\n<p>El instituto ofrece a los alumnos una gran variedad de deportes: f\u00fatbol, esqu\u00ed, voleibol, tenis, tenis de mesa, baile, judo, ajedrez, etc. Hay asociaciones muy exitosas con clubs de deporte que facilitaron grandes triunfos en los diversos campeonatos vieneses.<\/p>\n\n\n\n<p>El BG \/ BRG \/ BORG tiene el gran objetivo de ofrecer a sus alumnos el mayor n\u00famero de oportunidades y perspectivas para la vida despu\u00e9s del bachillerato.<\/p>\n\n\n\n<figure class=\"wp-block-image size-large\"><img loading=\"lazy\" decoding=\"async\" width=\"724\" height=\"1024\" src=\"https:\/\/polgargym.at\/wordpress\/wp-content\/uploads\/2022\/10\/Auszeichnung-724x1024.jpg\" alt=\"\" class=\"wp-image-6595\" srcset=\"https:\/\/polgargym.at\/wordpress\/wp-content\/uploads\/2022\/10\/Auszeichnung-724x1024.jpg 724w, https:\/\/polgargym.at\/wordpress\/wp-content\/uploads\/2022\/10\/Auszeichnung-212x300.jpg 212w, https:\/\/polgargym.at\/wordpress\/wp-content\/uploads\/2022\/10\/Auszeichnung-768x1086.jpg 768w, https:\/\/polgargym.at\/wordpress\/wp-content\/uploads\/2022\/10\/Auszeichnung-1086x1536.jpg 1086w, https:\/\/polgargym.at\/wordpress\/wp-content\/uploads\/2022\/10\/Auszeichnung-1448x2048.jpg 1448w\" sizes=\"auto, (max-width: 724px) 100vw, 724px\" \/><\/figure>\n","protected":false},"excerpt":{"rendered":"<p>Spanisch am Polgargymnasium 7 gute Gr\u00fcnde, warum man Spanisch lernen sollte Welche M\u00f6glichkeiten gibt es, am Polgargymnasium Spanisch zu erlernen? El instituto \u201ePolgarstra\u00dfe\u201c se presenta 7 gute Gr\u00fcnde, warum man Spanisch lernen sollte 1. Weltsprache Spanisch Wer Spanisch lernt, kann sich mit Menschen auf der ganzen Welt verst\u00e4ndigen. Um die 440 (2019) Millionen Menschen dient [&hellip;]<\/p>\n","protected":false},"author":11,"featured_media":0,"parent":0,"menu_order":0,"comment_status":"closed","ping_status":"closed","template":"","meta":{"footnotes":""},"class_list":["post-2557","page","type-page","status-publish","hentry"],"_links":{"self":[{"href":"https:\/\/polgargym.at\/wordpress\/wp-json\/wp\/v2\/pages\/2557","targetHints":{"allow":["GET"]}}],"collection":[{"href":"https:\/\/polgargym.at\/wordpress\/wp-json\/wp\/v2\/pages"}],"about":[{"href":"https:\/\/polgargym.at\/wordpress\/wp-json\/wp\/v2\/types\/page"}],"author":[{"embeddable":true,"href":"https:\/\/polgargym.at\/wordpress\/wp-json\/wp\/v2\/users\/11"}],"replies":[{"embeddable":true,"href":"https:\/\/polgargym.at\/wordpress\/wp-json\/wp\/v2\/comments?post=2557"}],"version-history":[{"count":25,"href":"https:\/\/polgargym.at\/wordpress\/wp-json\/wp\/v2\/pages\/2557\/revisions"}],"predecessor-version":[{"id":6596,"href":"https:\/\/polgargym.at\/wordpress\/wp-json\/wp\/v2\/pages\/2557\/revisions\/6596"}],"wp:attachment":[{"href":"https:\/\/polgargym.at\/wordpress\/wp-json\/wp\/v2\/media?parent=2557"}],"curies":[{"name":"wp","href":"https:\/\/api.w.org\/{rel}","templated":true}]}}