{"id":3085,"date":"2019-10-23T13:18:56","date_gmt":"2019-10-23T11:18:56","guid":{"rendered":"https:\/\/polgargym.at\/?page_id=3085"},"modified":"2022-10-24T15:09:08","modified_gmt":"2022-10-24T13:09:08","slug":"volleyball","status":"publish","type":"page","link":"https:\/\/polgargym.at\/wordpress\/volleyball\/","title":{"rendered":"Volleyball"},"content":{"rendered":"\n<div style=\"height:50px\" aria-hidden=\"true\" class=\"wp-block-spacer\"><\/div>\n\n\n\n<h2 class=\"wp-block-heading\">Volleyballklassen am Polgargymnasium<\/h2>\n\n\n\n<div style=\"height:50px\" aria-hidden=\"true\" class=\"wp-block-spacer\"><\/div>\n\n\n\n<p class=\"has-medium-font-size\">Seit 2000 ist das Polgargymnasium Partnerschule der <strong>vienna hotvolleys<\/strong> und wird seit 2006\/07 als <strong>Volleyballakademie Wien<\/strong> gef\u00fchrt.\u00a0Es wird jedes Jahr eine Volleyballklasse aufgenommen, die es erlaubt, Schule und Sport zu\u00a0verbinden. Interessierte Sch\u00fclerinnen und Sch\u00fcler werden aus organisatorischen Gr\u00fcnden in einer Klasse zusammengefasst, damit Schule und Sport optimal kombiniert werden k\u00f6nnen.<\/p>\n\n\n\n<div style=\"height:20px\" aria-hidden=\"true\" class=\"wp-block-spacer\"><\/div>\n\n\n\n<p class=\"has-medium-font-size\">In der Unterstufe des Polgargymnasiums wird in&nbsp;den \u201eVolleyballklassen\u201c eine Doppelstunde des Sportunterrichts am Vormittag dem Volleyballtraining mit qualifizierten Trainern der hotvolleys gewidmet.<\/p>\n\n\n\n<div style=\"height:20px\" aria-hidden=\"true\" class=\"wp-block-spacer\"><\/div>\n\n\n\n<p class=\"has-medium-font-size\">Das Nachmittagstraining findet 2-4x pro Woche gleich im Anschluss&nbsp;&nbsp;an den Unterricht in der Sport&amp;fun Halle Stadlau statt.<\/p>\n\n\n\n<p class=\"has-medium-font-size\">F\u00fcr die Aufnahme in die 1.Klasse sind keine Volleyball-Kenntnisse erforderlich, aber die allgemeine&nbsp;sportliche Grundausbildung wird \u00fcberpr\u00fcft.<\/p>\n\n\n\n<p><\/p>\n\n\n\n<p class=\"has-medium-font-size\">Die Aufnahmepr\u00fcfung&nbsp;findet&nbsp;jeden Samstag&nbsp;bis zur Anmeldewoche im Februar von 10h-12h beim Kindertraining in der Sport&amp;fun Halle statt, wo Schnuppern ohne Anmeldung jederzeit m\u00f6glich ist!<\/p>\n\n\n\n<div style=\"height:50px\" aria-hidden=\"true\" class=\"wp-block-spacer\"><\/div>\n\n\n\n<h3 class=\"wp-block-heading\">Erfolge<\/h3>\n\n\n\n<p class=\"has-medium-font-size\"><strong>Die Liste der Erfolge bei den Schulbewerben ist lang<\/strong>: die M\u00e4dchen konnten die Bundesmeisterschaften der&nbsp;<strong>Sch\u00fclerliga<\/strong> 2 Mal in den Jahren 2012 und 2013 gewinnen, 2016 den 3.Platz und 2017 den 2.Platz belegen.<\/p>\n\n\n<div class=\"wp-block-image\">\n<figure class=\"aligncenter is-resized\"><img loading=\"lazy\" decoding=\"async\" src=\"https:\/\/polgargym.at\/wordpress\/wp-content\/uploads\/2019\/10\/52025763_1433980473411936_7899479184253124608_n.jpg\" alt=\"\" class=\"wp-image-3091\" width=\"524\" height=\"435\" srcset=\"https:\/\/polgargym.at\/wordpress\/wp-content\/uploads\/2019\/10\/52025763_1433980473411936_7899479184253124608_n.jpg 698w, https:\/\/polgargym.at\/wordpress\/wp-content\/uploads\/2019\/10\/52025763_1433980473411936_7899479184253124608_n-300x249.jpg 300w\" sizes=\"auto, (max-width: 524px) 100vw, 524px\" \/><\/figure><\/div>\n\n\n<div style=\"height:20px\" aria-hidden=\"true\" class=\"wp-block-spacer\"><\/div>\n\n\n\n<p class=\"has-medium-font-size\">Die Burschen konnten die&nbsp;<strong>Uniqua school championships boys<\/strong> nach der Einf\u00fchrung 2011 6 Mal in Folge gewinnen und nach 2 Finalniederlagen 2019 wieder zuschlagen.<\/p>\n\n\n<div class=\"wp-block-image\">\n<figure class=\"aligncenter is-resized\"><img loading=\"lazy\" decoding=\"async\" src=\"https:\/\/i0.wp.com\/www.polgargym.at\/wordpress\/wp-content\/uploads\/2019\/10\/56830156_1475396262603690_819971525242257408_o.jpg?fit=750%2C500&amp;ssl=1\" alt=\"\" class=\"wp-image-3092\" width=\"563\" height=\"375\" srcset=\"https:\/\/polgargym.at\/wordpress\/wp-content\/uploads\/2019\/10\/56830156_1475396262603690_819971525242257408_o.jpg 1080w, https:\/\/polgargym.at\/wordpress\/wp-content\/uploads\/2019\/10\/56830156_1475396262603690_819971525242257408_o-300x200.jpg 300w, https:\/\/polgargym.at\/wordpress\/wp-content\/uploads\/2019\/10\/56830156_1475396262603690_819971525242257408_o-768x512.jpg 768w, https:\/\/polgargym.at\/wordpress\/wp-content\/uploads\/2019\/10\/56830156_1475396262603690_819971525242257408_o-1024x683.jpg 1024w\" sizes=\"auto, (max-width: 563px) 100vw, 563px\" \/><\/figure><\/div>\n\n\n<div style=\"height:20px\" aria-hidden=\"true\" class=\"wp-block-spacer\"><\/div>\n\n\n\n<p>Auch das Bundesfinale&nbsp;<strong>des Schulbeachcups<\/strong> der Unterstufe wurde schon zweimal gewonnen, die Oberstufe konnte einmal bis ins Finale vorsto\u00dfen.<\/p>\n\n\n<div class=\"wp-block-image\">\n<figure class=\"aligncenter is-resized\"><img loading=\"lazy\" decoding=\"async\" src=\"https:\/\/i2.wp.com\/www.polgargym.at\/wordpress\/wp-content\/uploads\/2019\/10\/62596902_1523891167754199_7001681369843630080_o.jpg?fit=750%2C563&amp;ssl=1\" alt=\"\" class=\"wp-image-3093\" width=\"563\" height=\"422\" srcset=\"https:\/\/polgargym.at\/wordpress\/wp-content\/uploads\/2019\/10\/62596902_1523891167754199_7001681369843630080_o.jpg 2048w, https:\/\/polgargym.at\/wordpress\/wp-content\/uploads\/2019\/10\/62596902_1523891167754199_7001681369843630080_o-300x225.jpg 300w, https:\/\/polgargym.at\/wordpress\/wp-content\/uploads\/2019\/10\/62596902_1523891167754199_7001681369843630080_o-768x576.jpg 768w, https:\/\/polgargym.at\/wordpress\/wp-content\/uploads\/2019\/10\/62596902_1523891167754199_7001681369843630080_o-1024x768.jpg 1024w\" sizes=\"auto, (max-width: 563px) 100vw, 563px\" \/><\/figure><\/div>\n\n\n<div style=\"height:20px\" aria-hidden=\"true\" class=\"wp-block-spacer\"><\/div>\n\n\n\n<p class=\"has-medium-font-size\">Einige&nbsp;<strong>\u00f6sterreichische Nationalspieler<\/strong> wurden in der Akademie Polgarstra\u00dfe ausgebildet:<\/p>\n\n\n\n<p class=\"has-medium-font-size\">David Michel, Thomas Tr\u00f6thann und Edin Ibrahimovic schafften es ins&nbsp;<strong>Herrennationalteam.<\/strong><\/p>\n\n\n\n<div style=\"height:20px\" aria-hidden=\"true\" class=\"wp-block-spacer\"><\/div>\n\n\n\n<p class=\"has-medium-font-size\">In diverse&nbsp;<strong>Nachwuchsnationalteams der Burschen wurden<\/strong> folgende Polgarboys einberufen:<\/p>\n\n\n\n<p>Fabian Liebel, Jakub Balacs, Stefan Rudolf, Rene Decrinis, Thomas und Markus Tr\u00f6thann, Marvin Kellner, Boris Gasinski, David Schindlegger, Alex Kamenica, Stefan Lechner, Niki Maurer, Daniel Meissner und Michael Czerwinski<\/p>\n\n\n\n<div style=\"height:50px\" aria-hidden=\"true\" class=\"wp-block-spacer\"><\/div>\n\n\n\n<p class=\"has-medium-font-size\">Markus und Thomas Tr\u00f6thann, Daniel M\u00fcllner, Marvin Kellner, Niki Maurer, Daniel Meissner , Nenad Nikolic, Stefan&nbsp;&nbsp;Lechner, Alex Kamenica, Markus Knaus, Max Haslauer,&nbsp;&nbsp;Edin Ibrahimovic&nbsp;&nbsp;und David Michel spielen bzw. spielten in der 1.Bundesliga, fast alle Akademiespieler waren zumindest in der 2.Bundesliga und in der Wiener Herrenliga im Einsatz.<\/p>\n\n\n\n<div style=\"height:50px\" aria-hidden=\"true\" class=\"wp-block-spacer\"><\/div>\n\n\n\n<p class=\"has-medium-font-size\">Bei&nbsp;den<strong> M\u00e4dchen<\/strong> schafften es Vicki H\u00f6fer, Isabella Pleninger und Lara Horvatic ins Jugendnationalteam; Viki Fink durfte sogar&nbsp;ins Damennationalteam hineinschnuppern und spielt jetzt mit viel Erfolg in ihrer College-Mannschaft in den USA . Marlene Jahn, Aida Mehic und Marlis Mraz haben es in die erste Bundesliga geschafft. Nina Noviczy ist im erweiterten Kader des Juniorinnenteams, Jasmin Helmreich&nbsp;gelang dasselbe bei der Jugend.&nbsp;<\/p>\n\n\n\n<div style=\"height:20px\" aria-hidden=\"true\" class=\"wp-block-spacer\"><\/div>\n\n\n\n<p class=\"has-medium-font-size\">Fast alle Akademiespieler und \u2013spielerinnen wurden in den Wiener Kader ihrer Jahrg\u00e4nge einberufen.<\/p>\n\n\n\n<div style=\"height:50px\" aria-hidden=\"true\" class=\"wp-block-spacer\"><\/div>\n\n\n\n<h3 class=\"wp-block-heading\">Beachvolleyball<\/h3>\n\n\n\n<p class=\"has-medium-font-size\">Auch&nbsp;<strong>am Sand<\/strong> sind ehemalige Polgarsch\u00fcler im Einsatz: Daniel M\u00fcllner hat schon etliche Eins\u00e4tze auf der World Tour hinter sich, Moritz Kindl&nbsp;&nbsp;belegte bei der U22 EM den 5.Platz, konnte mit Partner Matthias Seiser heuer bei den \u00d6sterreichischen Beachmeisterschaften die Vizeweltmeister Doppler\/Horst schlagen und Bronze holen.<\/p>\n\n\n\n<div style=\"height:50px\" aria-hidden=\"true\" class=\"wp-block-spacer\"><\/div>\n\n\n\n<h3 class=\"wp-block-heading\">Trainer\/innen<\/h3>\n\n\n\n<p>Nina Sawatzki&nbsp;<\/p>\n\n\n\n<p>Reiser Andreas&nbsp;&nbsp;<\/p>\n\n\n\n<p>Grbic Zeljko&nbsp;<\/p>\n\n\n\n<p>Lechtaler Christoph&nbsp;<\/p>\n\n\n\n<div style=\"height:50px\" aria-hidden=\"true\" class=\"wp-block-spacer\"><\/div>\n\n\n\n<p><strong>Kontakt:<\/strong><\/p>\n\n\n\n<div style=\"height:20px\" aria-hidden=\"true\" class=\"wp-block-spacer\"><\/div>\n\n\n\n<p><a href=\"http:\/\/www.hotvolleys.at\/\">www.hotvolleys.at<\/a><\/p>\n\n\n\n<p><a>office@hotvolleys.at<\/a><\/p>\n\n\n\n<p><a href=\"http:\/\/www.facebook.com\/volleyballakademiewien\" target=\"_blank\" rel=\"noreferrer noopener\" aria-label=\"www.facebook.com\/volleyballakademiewien (\u00f6ffnet in neuem Tab)\">www.facebook.com\/volleyballakademiewien<\/a><\/p>\n\n\n\n<p><\/p>\n","protected":false},"excerpt":{"rendered":"<p>Volleyballklassen am Polgargymnasium Seit 2000 ist das Polgargymnasium Partnerschule der vienna hotvolleys und wird seit 2006\/07 als Volleyballakademie Wien gef\u00fchrt.\u00a0Es wird jedes Jahr eine Volleyballklasse aufgenommen, die es erlaubt, Schule und Sport zu\u00a0verbinden. Interessierte Sch\u00fclerinnen und Sch\u00fcler werden aus organisatorischen Gr\u00fcnden in einer Klasse zusammengefasst, damit Schule und Sport optimal kombiniert werden k\u00f6nnen. In der [&hellip;]<\/p>\n","protected":false},"author":11,"featured_media":0,"parent":0,"menu_order":0,"comment_status":"closed","ping_status":"closed","template":"","meta":{"footnotes":""},"class_list":["post-3085","page","type-page","status-publish","hentry"],"_links":{"self":[{"href":"https:\/\/polgargym.at\/wordpress\/wp-json\/wp\/v2\/pages\/3085","targetHints":{"allow":["GET"]}}],"collection":[{"href":"https:\/\/polgargym.at\/wordpress\/wp-json\/wp\/v2\/pages"}],"about":[{"href":"https:\/\/polgargym.at\/wordpress\/wp-json\/wp\/v2\/types\/page"}],"author":[{"embeddable":true,"href":"https:\/\/polgargym.at\/wordpress\/wp-json\/wp\/v2\/users\/11"}],"replies":[{"embeddable":true,"href":"https:\/\/polgargym.at\/wordpress\/wp-json\/wp\/v2\/comments?post=3085"}],"version-history":[{"count":8,"href":"https:\/\/polgargym.at\/wordpress\/wp-json\/wp\/v2\/pages\/3085\/revisions"}],"predecessor-version":[{"id":6648,"href":"https:\/\/polgargym.at\/wordpress\/wp-json\/wp\/v2\/pages\/3085\/revisions\/6648"}],"wp:attachment":[{"href":"https:\/\/polgargym.at\/wordpress\/wp-json\/wp\/v2\/media?parent=3085"}],"curies":[{"name":"wp","href":"https:\/\/api.w.org\/{rel}","templated":true}]}}