{"id":3120,"date":"2019-10-29T11:21:55","date_gmt":"2019-10-29T10:21:55","guid":{"rendered":"https:\/\/polgargym.at\/?page_id=3120"},"modified":"2023-11-22T15:58:50","modified_gmt":"2023-11-22T14:58:50","slug":"geschichte-und-sozialkunde-politische-bildung","status":"publish","type":"page","link":"https:\/\/polgargym.at\/wordpress\/geschichte-und-sozialkunde-politische-bildung\/","title":{"rendered":"Geschichte und Politische Bildung"},"content":{"rendered":"\n<div style=\"height:50px\" aria-hidden=\"true\" class=\"wp-block-spacer\"><\/div>\n\n\n\n<h2 class=\"wp-block-heading\">Geschichte und Politische Bildung am Polgargymnasium<\/h2>\n\n\n\n<div style=\"height:50px\" aria-hidden=\"true\" class=\"wp-block-spacer\"><\/div>\n\n\n\n<p class=\"has-medium-font-size\">Ausgehend von der im Lehrplan vorgegebenen Bildungs- und Lehraufgabe, wollen wir im Pflichtgegenstand Geschichte und Politische Bildung unsere Sch\u00fclerinnen und Sch\u00fcler dabei unterst\u00fctzen, individuelles kritisches Denken und historisch-politisches Bewusstsein zu entwickeln. Um das zu erreichen, vermitteln wir\u00a0\u00a0sowohl fundiertes fachspezifisches Wissen als auch historische und politische Kompetenzen. Die Grundlagen daf\u00fcr werden bereits in der Unterstufe gelegt. In der Oberstufe wird auf einem h\u00f6heren Niveau vertieft und weiterentwickelt.<\/p>\n\n\n\n<div style=\"height:20px\" aria-hidden=\"true\" class=\"wp-block-spacer\"><\/div>\n\n\n\n<p class=\"has-medium-font-size\">Ein methodisch vielf\u00e4ltiger Umgang bzw. Zugang zu historisch-politisch relevanten Themen soll das alles erm\u00f6glichen.<\/p>\n\n\n\n<div style=\"height:20px\" aria-hidden=\"true\" class=\"wp-block-spacer\"><\/div>\n\n\n\n<p class=\"has-medium-font-size\">Wir bieten auf allen Schulstufen einen au\u00dferschulischen erlebnisorientierten Geschichtsunterricht. Dazu z\u00e4hlen \u2013 neben Lehrausg\u00e4ngen in Museen in Wien und dem Umland \u2013 Exkursionen zu Erinnerungsorten im In- und Ausland oder Begegnungen mit politischen Akteurinnen und Akteuren im Rahmen von politischen Einrichtungen wie Parlament und Pr\u00e4sidentschaftskanzlei.<\/p>\n\n\n\n<div style=\"height:20px\" aria-hidden=\"true\" class=\"wp-block-spacer\"><\/div>\n\n\n<div class=\"wp-block-image\">\n<figure class=\"aligncenter is-resized\"><img loading=\"lazy\" decoding=\"async\" width=\"700\" height=\"413\" src=\"https:\/\/polgargym.at\/wordpress\/wp-content\/uploads\/2019\/10\/LEC7768_5224_5911cc7445b.jpg\" alt=\"\" class=\"wp-image-3247\" style=\"width:525px;height:310px\" srcset=\"https:\/\/polgargym.at\/wordpress\/wp-content\/uploads\/2019\/10\/LEC7768_5224_5911cc7445b.jpg 700w, https:\/\/polgargym.at\/wordpress\/wp-content\/uploads\/2019\/10\/LEC7768_5224_5911cc7445b-300x177.jpg 300w\" sizes=\"auto, (max-width: 700px) 100vw, 700px\" \/><figcaption class=\"wp-element-caption\">Besuch der Pr\u00e4sidentschaftskanzlei und Treffen mit Bundespr\u00e4sident Van der Bellen<\/figcaption><\/figure><\/div>\n\n\n<div style=\"height:20px\" aria-hidden=\"true\" class=\"wp-block-spacer\"><\/div>\n\n\n\n<p class=\"has-medium-font-size\">Die Wahlpflichtf\u00e4cher Geschichte und Aktuelle Tagespolitik stellen ein weiteres Angebot f\u00fcr interessierte Sch\u00fclerinnen und Sch\u00fcler dar, historisches und politisches Denken zu vertiefen und das eigene Handeln kritisch zu hinterfragen.<\/p>\n","protected":false},"excerpt":{"rendered":"<p>Geschichte und Politische Bildung am Polgargymnasium Ausgehend von der im Lehrplan vorgegebenen Bildungs- und Lehraufgabe, wollen wir im Pflichtgegenstand Geschichte und Politische Bildung unsere Sch\u00fclerinnen und Sch\u00fcler dabei unterst\u00fctzen, individuelles kritisches Denken und historisch-politisches Bewusstsein zu entwickeln. Um das zu erreichen, vermitteln wir\u00a0\u00a0sowohl fundiertes fachspezifisches Wissen als auch historische und politische Kompetenzen. Die Grundlagen daf\u00fcr [&hellip;]<\/p>\n","protected":false},"author":11,"featured_media":0,"parent":0,"menu_order":0,"comment_status":"closed","ping_status":"closed","template":"","meta":{"footnotes":""},"class_list":["post-3120","page","type-page","status-publish","hentry"],"_links":{"self":[{"href":"https:\/\/polgargym.at\/wordpress\/wp-json\/wp\/v2\/pages\/3120","targetHints":{"allow":["GET"]}}],"collection":[{"href":"https:\/\/polgargym.at\/wordpress\/wp-json\/wp\/v2\/pages"}],"about":[{"href":"https:\/\/polgargym.at\/wordpress\/wp-json\/wp\/v2\/types\/page"}],"author":[{"embeddable":true,"href":"https:\/\/polgargym.at\/wordpress\/wp-json\/wp\/v2\/users\/11"}],"replies":[{"embeddable":true,"href":"https:\/\/polgargym.at\/wordpress\/wp-json\/wp\/v2\/comments?post=3120"}],"version-history":[{"count":3,"href":"https:\/\/polgargym.at\/wordpress\/wp-json\/wp\/v2\/pages\/3120\/revisions"}],"predecessor-version":[{"id":8152,"href":"https:\/\/polgargym.at\/wordpress\/wp-json\/wp\/v2\/pages\/3120\/revisions\/8152"}],"wp:attachment":[{"href":"https:\/\/polgargym.at\/wordpress\/wp-json\/wp\/v2\/media?parent=3120"}],"curies":[{"name":"wp","href":"https:\/\/api.w.org\/{rel}","templated":true}]}}