{"id":3368,"date":"2019-11-07T09:43:41","date_gmt":"2019-11-07T08:43:41","guid":{"rendered":"https:\/\/polgargym.at\/?page_id=3368"},"modified":"2019-11-09T21:25:04","modified_gmt":"2019-11-09T20:25:04","slug":"franzoesisch","status":"publish","type":"page","link":"https:\/\/polgargym.at\/wordpress\/franzoesisch\/","title":{"rendered":"Franz\u00f6sisch"},"content":{"rendered":"\n<div style=\"height:50px\" aria-hidden=\"true\" class=\"wp-block-spacer\"><\/div>\n\n\n\n<h2 class=\"wp-block-heading\">Franz\u00f6sisch am Polgargymnasium<\/h2>\n\n\n\n<div style=\"height:50px\" aria-hidden=\"true\" class=\"wp-block-spacer\"><\/div>\n\n\n\n<blockquote class=\"wp-block-quote is-layout-flow wp-block-quote-is-layout-flow\"><p>\u00ab&nbsp;Je ne parle pas fran\u00e7ais&nbsp;, aber bitte red weiter. Alles was du so erz\u00e4hlst, h\u00f6rt sich irgendwie nice an\u2026! \u00bb (Namika)<\/p><cite><a href=\"https:\/\/www.youtube.com\/watch?v=Cz1rJtlGHVs\">https:\/\/www.youtube.com\/watch?v=Cz1rJtlGHVs<\/a><\/cite><\/blockquote>\n\n\n\n<div style=\"height:50px\" aria-hidden=\"true\" class=\"wp-block-spacer\"><\/div>\n\n\n\n<div class=\"wp-block-media-text alignwide has-media-on-the-right\"><figure class=\"wp-block-media-text__media\"><img loading=\"lazy\" decoding=\"async\" width=\"1024\" height=\"1002\" src=\"https:\/\/polgargym.at\/wordpress\/wp-content\/uploads\/2019\/11\/map-of-france-1290790_1280-1024x1002.png\" alt=\"\" class=\"wp-image-3436\" srcset=\"https:\/\/polgargym.at\/wordpress\/wp-content\/uploads\/2019\/11\/map-of-france-1290790_1280-1024x1002.png 1024w, https:\/\/polgargym.at\/wordpress\/wp-content\/uploads\/2019\/11\/map-of-france-1290790_1280-300x294.png 300w, https:\/\/polgargym.at\/wordpress\/wp-content\/uploads\/2019\/11\/map-of-france-1290790_1280-768x752.png 768w, https:\/\/polgargym.at\/wordpress\/wp-content\/uploads\/2019\/11\/map-of-france-1290790_1280.png 1280w\" sizes=\"auto, (max-width: 1024px) 100vw, 1024px\" \/><\/figure><div class=\"wp-block-media-text__content\">\n<h3 class=\"wp-block-heading\">Bienvenue et bonjour!<\/h3>\n<\/div><\/div>\n\n\n\n<div style=\"height:50px\" aria-hidden=\"true\" class=\"wp-block-spacer\"><\/div>\n\n\n\n<p class=\"has-medium-font-size\">Damit es euch nicht so geht wie in dem Song von Namika, wenn ihr euch eines Tages mit einem kleinen Koffer auf den Champs-\u00c9lys\u00e9es wiederfindet, k\u00f6nnt ihr am Polgargymnasium auch Franz\u00f6sisch lernen\ud83d\ude09<\/p>\n\n\n\n<div style=\"height:20px\" aria-hidden=\"true\" class=\"wp-block-spacer\"><\/div>\n\n\n\n<p class=\"has-medium-font-size\">Kommunikationsf\u00e4higkeit ist das Hauptziel des modernen Fremdsprachenunterrichtes und nach 4 bis 6 Jahren \u201aPaukerei\u2019 mit Lehrbuch und diversen audiovisuellen und interaktiven Zusatzmaterialien sollten Sch\u00fcler und Sch\u00fclerinnen in der Lage sein, das heute gesprochene und geschriebene Franz\u00f6sisch zu verstehen und sich darin verst\u00e4ndlich auszudr\u00fccken.<\/p>\n\n\n\n<div style=\"height:20px\" aria-hidden=\"true\" class=\"wp-block-spacer\"><\/div>\n\n\n\n<p class=\"has-medium-font-size\"><br>Angesichts der offenen Grenzen in einem vereinten Europa und Wien als Sitz der UNO besitzt die franz\u00f6sische Sprache neben Englisch weiterhin eine wichtige Rolle \u2013 sie wird in Ausbildung, im Studium und im Beruf gebraucht und ist auf Reisen zur internationalen Verst\u00e4ndigung hilfreich.<\/p>\n\n\n\n<div style=\"height:20px\" aria-hidden=\"true\" class=\"wp-block-spacer\"><\/div>\n\n\n\n<p class=\"has-medium-font-size\">Bei der Entscheidung f\u00fcr die zweite Fremdsprache oder den RG-Zweig in der 2.Klasse stehen die Franz\u00f6sischlehrerInnen unserer Schule gerne zur pers\u00f6nlichen Beratung zur Verf\u00fcgung. Zum Reinschnuppern organisieren wir jedes Jahr Schnupperstunden in Absprache mit dem KlassenlehrerInnenteam.<\/p>\n\n\n\n<div style=\"height:20px\" aria-hidden=\"true\" class=\"wp-block-spacer\"><\/div>\n\n\n\n<p class=\"has-medium-font-size\">Vielleicht passt es aber f\u00fcr dich besser, erst in der Oberstufe ab der 5.Klasse Franz\u00f6sisch als 2.Fremdsprache zu w\u00e4hlen. Auch diese M\u00f6glichkeit hast du hier am Polgargymnasium.<\/p>\n\n\n\n<div style=\"height:20px\" aria-hidden=\"true\" class=\"wp-block-spacer\"><\/div>\n\n\n\n<p class=\"has-medium-font-size\">Unser Unterricht f\u00f6rdert interkulturelle Kompetenzen und durch kompetenzorientierte Lehrwerke bereiten wir dich mit einem engagierten LehrerInnen-Team auf die Maturapr\u00fcfung vor.<\/p>\n\n\n\n<div style=\"height:20px\" aria-hidden=\"true\" class=\"wp-block-spacer\"><\/div>\n\n\n\n<p class=\"has-medium-font-size\">Neben Lehrbuch, franz\u00f6sischer Literatur und Grammatikunterricht bieten wir die M\u00f6glichkeit, den Charme Frankreichs und die franz\u00f6sische Kultur und Sprache auch zu erleben: ob Th\u00e9\u00e2tre Fran\u00e7ais (Theater in franz\u00f6sischer Sprache), Franz\u00f6sische Filmwoche bzw. Kino, Lehrausg\u00e4nge ins Institut fran\u00e7ais oder in die Cr\u00eaperie, das Erleben und Erfahren kommt nicht zu kurz.<\/p>\n\n\n\n<ul class=\"wp-block-gallery aligncenter columns-3 is-cropped wp-block-gallery-1 is-layout-flex wp-block-gallery-is-layout-flex\"><li class=\"blocks-gallery-item\"><figure><img loading=\"lazy\" decoding=\"async\" width=\"1024\" height=\"768\" src=\"https:\/\/polgargym.at\/wordpress\/wp-content\/uploads\/2019\/11\/IMG_20180919_112218-1024x768.jpg\" alt=\"\" data-id=\"3370\" data-link=\"https:\/\/polgargym.at\/?attachment_id=3370\" class=\"wp-image-3370\"\/><\/figure><\/li><li class=\"blocks-gallery-item\"><figure><img loading=\"lazy\" decoding=\"async\" width=\"768\" height=\"1024\" src=\"https:\/\/polgargym.at\/wordpress\/wp-content\/uploads\/2019\/11\/IMG_20180921_134626-768x1024.jpg\" alt=\"\" data-id=\"3371\" data-link=\"https:\/\/polgargym.at\/?attachment_id=3371\" class=\"wp-image-3371\"\/><\/figure><\/li><li class=\"blocks-gallery-item\"><figure><img loading=\"lazy\" decoding=\"async\" width=\"1280\" height=\"960\" src=\"https:\/\/i1.wp.com\/www.polgargym.at\/wordpress\/wp-content\/uploads\/2019\/11\/crepe-4200_1280.jpg?fit=750%2C563&amp;ssl=1\" alt=\"\" data-id=\"3388\" data-link=\"https:\/\/polgargym.at\/?attachment_id=3388\" class=\"wp-image-3388\" srcset=\"https:\/\/polgargym.at\/wordpress\/wp-content\/uploads\/2019\/11\/crepe-4200_1280.jpg 1280w, https:\/\/polgargym.at\/wordpress\/wp-content\/uploads\/2019\/11\/crepe-4200_1280-300x225.jpg 300w, https:\/\/polgargym.at\/wordpress\/wp-content\/uploads\/2019\/11\/crepe-4200_1280-768x576.jpg 768w, https:\/\/polgargym.at\/wordpress\/wp-content\/uploads\/2019\/11\/crepe-4200_1280-1024x768.jpg 1024w\" sizes=\"auto, (max-width: 1280px) 100vw, 1280px\" \/><\/figure><\/li><\/ul>\n\n\n\n<div style=\"height:20px\" aria-hidden=\"true\" class=\"wp-block-spacer\"><\/div>\n\n\n\n<p class=\"has-medium-font-size\">In der 7.bzw.8.Klasse f\u00fchren wir eine Sprachreise an die C\u00f4te d\u2019Azur durch.<\/p>\n\n\n\n<div style=\"height:20px\" aria-hidden=\"true\" class=\"wp-block-spacer\"><\/div>\n\n\n\n<ul class=\"wp-block-gallery columns-3 is-cropped wp-block-gallery-2 is-layout-flex wp-block-gallery-is-layout-flex\"><li class=\"blocks-gallery-item\"><figure><img loading=\"lazy\" decoding=\"async\" width=\"2560\" height=\"1920\" src=\"https:\/\/i0.wp.com\/www.polgargym.at\/wordpress\/wp-content\/uploads\/2019\/11\/IMG_20180917_065333.jpg?fit=750%2C563&amp;ssl=1\" alt=\"\" data-id=\"3372\" data-link=\"https:\/\/polgargym.at\/?attachment_id=3372\" class=\"wp-image-3372\" srcset=\"https:\/\/polgargym.at\/wordpress\/wp-content\/uploads\/2019\/11\/IMG_20180917_065333.jpg 2560w, https:\/\/polgargym.at\/wordpress\/wp-content\/uploads\/2019\/11\/IMG_20180917_065333-300x225.jpg 300w, https:\/\/polgargym.at\/wordpress\/wp-content\/uploads\/2019\/11\/IMG_20180917_065333-768x576.jpg 768w, https:\/\/polgargym.at\/wordpress\/wp-content\/uploads\/2019\/11\/IMG_20180917_065333-1024x768.jpg 1024w\" sizes=\"auto, (max-width: 2560px) 100vw, 2560px\" \/><\/figure><\/li><li class=\"blocks-gallery-item\"><figure><img loading=\"lazy\" decoding=\"async\" width=\"1920\" height=\"2560\" src=\"https:\/\/i2.wp.com\/www.polgargym.at\/wordpress\/wp-content\/uploads\/2019\/11\/IMG_20180917_142419.jpg?fit=750%2C1000&amp;ssl=1\" alt=\"\" data-id=\"3373\" data-link=\"https:\/\/polgargym.at\/?attachment_id=3373\" class=\"wp-image-3373\" srcset=\"https:\/\/polgargym.at\/wordpress\/wp-content\/uploads\/2019\/11\/IMG_20180917_142419.jpg 1920w, https:\/\/polgargym.at\/wordpress\/wp-content\/uploads\/2019\/11\/IMG_20180917_142419-225x300.jpg 225w, https:\/\/polgargym.at\/wordpress\/wp-content\/uploads\/2019\/11\/IMG_20180917_142419-768x1024.jpg 768w\" sizes=\"auto, (max-width: 1920px) 100vw, 1920px\" \/><\/figure><\/li><li class=\"blocks-gallery-item\"><figure><img loading=\"lazy\" decoding=\"async\" width=\"1920\" height=\"2560\" src=\"https:\/\/i1.wp.com\/www.polgargym.at\/wordpress\/wp-content\/uploads\/2019\/11\/IMG_20180917_154550.jpg?fit=750%2C1000&amp;ssl=1\" alt=\"\" data-id=\"3374\" data-link=\"https:\/\/polgargym.at\/?attachment_id=3374\" class=\"wp-image-3374\" srcset=\"https:\/\/polgargym.at\/wordpress\/wp-content\/uploads\/2019\/11\/IMG_20180917_154550.jpg 1920w, https:\/\/polgargym.at\/wordpress\/wp-content\/uploads\/2019\/11\/IMG_20180917_154550-225x300.jpg 225w, https:\/\/polgargym.at\/wordpress\/wp-content\/uploads\/2019\/11\/IMG_20180917_154550-768x1024.jpg 768w\" sizes=\"auto, (max-width: 1920px) 100vw, 1920px\" \/><\/figure><\/li><li class=\"blocks-gallery-item\"><figure><img loading=\"lazy\" decoding=\"async\" width=\"2560\" height=\"1920\" src=\"https:\/\/i1.wp.com\/www.polgargym.at\/wordpress\/wp-content\/uploads\/2019\/11\/IMG_20180918_155710.jpg?fit=750%2C563&amp;ssl=1\" alt=\"\" data-id=\"3375\" data-link=\"https:\/\/polgargym.at\/?attachment_id=3375\" class=\"wp-image-3375\" srcset=\"https:\/\/polgargym.at\/wordpress\/wp-content\/uploads\/2019\/11\/IMG_20180918_155710.jpg 2560w, https:\/\/polgargym.at\/wordpress\/wp-content\/uploads\/2019\/11\/IMG_20180918_155710-300x225.jpg 300w, https:\/\/polgargym.at\/wordpress\/wp-content\/uploads\/2019\/11\/IMG_20180918_155710-768x576.jpg 768w, https:\/\/polgargym.at\/wordpress\/wp-content\/uploads\/2019\/11\/IMG_20180918_155710-1024x768.jpg 1024w\" sizes=\"auto, (max-width: 2560px) 100vw, 2560px\" \/><\/figure><\/li><li class=\"blocks-gallery-item\"><figure><img loading=\"lazy\" decoding=\"async\" width=\"2560\" height=\"1920\" src=\"https:\/\/i0.wp.com\/www.polgargym.at\/wordpress\/wp-content\/uploads\/2019\/11\/IMG_20180923_111710.jpg?fit=750%2C563&amp;ssl=1\" alt=\"\" data-id=\"3376\" data-link=\"https:\/\/polgargym.at\/?attachment_id=3376\" class=\"wp-image-3376\" srcset=\"https:\/\/polgargym.at\/wordpress\/wp-content\/uploads\/2019\/11\/IMG_20180923_111710.jpg 2560w, https:\/\/polgargym.at\/wordpress\/wp-content\/uploads\/2019\/11\/IMG_20180923_111710-300x225.jpg 300w, https:\/\/polgargym.at\/wordpress\/wp-content\/uploads\/2019\/11\/IMG_20180923_111710-768x576.jpg 768w, https:\/\/polgargym.at\/wordpress\/wp-content\/uploads\/2019\/11\/IMG_20180923_111710-1024x768.jpg 1024w\" sizes=\"auto, (max-width: 2560px) 100vw, 2560px\" \/><\/figure><\/li><li class=\"blocks-gallery-item\"><figure><img loading=\"lazy\" decoding=\"async\" width=\"1920\" height=\"2560\" src=\"https:\/\/i1.wp.com\/www.polgargym.at\/wordpress\/wp-content\/uploads\/2019\/11\/IMG_20180918_144955.jpg?fit=750%2C1000&amp;ssl=1\" alt=\"\" data-id=\"3382\" data-link=\"https:\/\/polgargym.at\/?attachment_id=3382\" class=\"wp-image-3382\" srcset=\"https:\/\/polgargym.at\/wordpress\/wp-content\/uploads\/2019\/11\/IMG_20180918_144955.jpg 1920w, https:\/\/polgargym.at\/wordpress\/wp-content\/uploads\/2019\/11\/IMG_20180918_144955-225x300.jpg 225w, https:\/\/polgargym.at\/wordpress\/wp-content\/uploads\/2019\/11\/IMG_20180918_144955-768x1024.jpg 768w\" sizes=\"auto, (max-width: 1920px) 100vw, 1920px\" \/><\/figure><\/li><\/ul>\n\n\n\n<div style=\"height:20px\" aria-hidden=\"true\" class=\"wp-block-spacer\"><\/div>\n\n\n\n<p class=\"has-medium-font-size\">Regelm\u00e4\u00dfige Unterst\u00fctzung haben wir im Unterricht durch Sprachassistentinnen aus einem frankophonen Land (Frankreich, Qu\u00e9bec etc.).<\/p>\n\n\n\n<div style=\"height:20px\" aria-hidden=\"true\" class=\"wp-block-spacer\"><\/div>\n\n\n\n<p class=\"has-medium-font-size\">F\u00fcr unsere besonders interessierten frankophilen Sch\u00fclerInnen bietet die Schule franz\u00f6sische Zeitungen, Zeitschriften und B\u00fccher f\u00fcr alle Altersstufen in der Bibliothek sowie zus\u00e4tzliches Filmmaterial an<br><br>Au\u00dferdem k\u00f6nnen Briefkontakte an franz\u00f6sische Sch\u00fclerInnen vermittelt werden.<\/p>\n\n\n\n<div style=\"height:20px\" aria-hidden=\"true\" class=\"wp-block-spacer\"><\/div>\n\n\n\n<p class=\"has-medium-font-size\"><strong>\u00ab&nbsp;Alors &#8211; \u00e0 bient\u00f4t!&nbsp;\u00bb<\/strong><\/p>\n","protected":false},"excerpt":{"rendered":"<p>Franz\u00f6sisch am Polgargymnasium \u00ab&nbsp;Je ne parle pas fran\u00e7ais&nbsp;, aber bitte red weiter. Alles was du so erz\u00e4hlst, h\u00f6rt sich irgendwie nice an\u2026! \u00bb (Namika) https:\/\/www.youtube.com\/watch?v=Cz1rJtlGHVs Bienvenue et bonjour! Damit es euch nicht so geht wie in dem Song von Namika, wenn ihr euch eines Tages mit einem kleinen Koffer auf den Champs-\u00c9lys\u00e9es wiederfindet, k\u00f6nnt ihr [&hellip;]<\/p>\n","protected":false},"author":11,"featured_media":0,"parent":0,"menu_order":0,"comment_status":"closed","ping_status":"closed","template":"","meta":{"footnotes":""},"class_list":["post-3368","page","type-page","status-publish","hentry"],"_links":{"self":[{"href":"https:\/\/polgargym.at\/wordpress\/wp-json\/wp\/v2\/pages\/3368","targetHints":{"allow":["GET"]}}],"collection":[{"href":"https:\/\/polgargym.at\/wordpress\/wp-json\/wp\/v2\/pages"}],"about":[{"href":"https:\/\/polgargym.at\/wordpress\/wp-json\/wp\/v2\/types\/page"}],"author":[{"embeddable":true,"href":"https:\/\/polgargym.at\/wordpress\/wp-json\/wp\/v2\/users\/11"}],"replies":[{"embeddable":true,"href":"https:\/\/polgargym.at\/wordpress\/wp-json\/wp\/v2\/comments?post=3368"}],"version-history":[{"count":12,"href":"https:\/\/polgargym.at\/wordpress\/wp-json\/wp\/v2\/pages\/3368\/revisions"}],"predecessor-version":[{"id":3970,"href":"https:\/\/polgargym.at\/wordpress\/wp-json\/wp\/v2\/pages\/3368\/revisions\/3970"}],"wp:attachment":[{"href":"https:\/\/polgargym.at\/wordpress\/wp-json\/wp\/v2\/media?parent=3368"}],"curies":[{"name":"wp","href":"https:\/\/api.w.org\/{rel}","templated":true}]}}