{"id":3411,"date":"2019-11-07T12:29:20","date_gmt":"2019-11-07T11:29:20","guid":{"rendered":"https:\/\/polgargym.at\/?page_id=3411"},"modified":"2023-11-22T16:00:17","modified_gmt":"2023-11-22T15:00:17","slug":"musikerziehung-und-instrumentalmusikerziehung","status":"publish","type":"page","link":"https:\/\/polgargym.at\/wordpress\/musikerziehung-und-instrumentalmusikerziehung\/","title":{"rendered":"Musik und Instrumentalmusik"},"content":{"rendered":"\n<div style=\"height:50px\" aria-hidden=\"true\" class=\"wp-block-spacer\"><\/div>\n\n\n\n<h2 class=\"wp-block-heading\">Musik und Instrumentalmusik<\/h2>\n\n\n\n<div style=\"height:20px\" aria-hidden=\"true\" class=\"wp-block-spacer\"><\/div>\n\n\n\n<div style=\"height:50px\" aria-hidden=\"true\" class=\"wp-block-spacer\"><\/div>\n\n\n\n<p class=\"has-medium-font-size\">Am Polgargymnasium besteht eine lange Tradition vielf\u00e4ltiger musikalischer Angebote f\u00fcr alle Schulstufen.&nbsp;<br><\/p>\n\n\n\n<div style=\"height:20px\" aria-hidden=\"true\" class=\"wp-block-spacer\"><\/div>\n\n\n\n<figure class=\"wp-block-image\"><img loading=\"lazy\" decoding=\"async\" width=\"2560\" height=\"1707\" src=\"https:\/\/i0.wp.com\/www.polgargym.at\/wordpress\/wp-content\/uploads\/2019\/11\/DSC_0022.jpg?fit=750%2C500&amp;ssl=1\" alt=\"\" class=\"wp-image-3412\" srcset=\"https:\/\/polgargym.at\/wordpress\/wp-content\/uploads\/2019\/11\/DSC_0022.jpg 2560w, https:\/\/polgargym.at\/wordpress\/wp-content\/uploads\/2019\/11\/DSC_0022-300x200.jpg 300w, https:\/\/polgargym.at\/wordpress\/wp-content\/uploads\/2019\/11\/DSC_0022-768x512.jpg 768w, https:\/\/polgargym.at\/wordpress\/wp-content\/uploads\/2019\/11\/DSC_0022-1024x683.jpg 1024w\" sizes=\"auto, (max-width: 2560px) 100vw, 2560px\" \/><\/figure>\n\n\n\n<div style=\"height:20px\" aria-hidden=\"true\" class=\"wp-block-spacer\"><\/div>\n\n\n\n<h3 class=\"wp-block-heading\"><strong>Die musischen Unterstufenklassen<\/strong><\/h3>\n\n\n\n<div style=\"height:20px\" aria-hidden=\"true\" class=\"wp-block-spacer\"><\/div>\n\n\n\n<p class=\"has-text-align-center\"><strong><a href=\"http:\/\/www.polgarvoices.at\/\">www.polgarvoices.at<\/a><\/strong><\/p>\n\n\n\n<ul class=\"wp-block-list\">\n<li>zus\u00e4tzlich am Nachmittag zwei Stunden Chor (unverbindliche \u00dcbung)&nbsp;<\/li>\n\n\n\n<li>Erlernen eines Instrumentes erw\u00fcnscht &#8211; als Freigegenstand bieten wir am Nachmittag: Klavier, Gitarre, Schlagzeug und Gesang an.&nbsp;<\/li>\n\n\n\n<li>Chorprobenwochen&nbsp;<\/li>\n\n\n\n<li>verst\u00e4rkt musische Projekte auch im Unterricht&nbsp;<\/li>\n\n\n\n<li>Teilnahme an Chorprojekten und Wettbewerben<\/li>\n\n\n\n<li>keine Vorkenntnisse der Sch\u00fclerInnen erforderlich&nbsp;<\/li>\n<\/ul>\n\n\n\n<div style=\"height:20px\" aria-hidden=\"true\" class=\"wp-block-spacer\"><\/div>\n\n\n\n<figure class=\"wp-block-gallery has-nested-images columns-default is-cropped wp-block-gallery-1 is-layout-flex wp-block-gallery-is-layout-flex\">\n<figure class=\"wp-block-image size-large\"><img loading=\"lazy\" decoding=\"async\" width=\"1024\" height=\"683\" data-id=\"3413\" src=\"https:\/\/polgargym.at\/wordpress\/wp-content\/uploads\/2019\/11\/DSC_0226-1024x683.jpg\" alt=\"\" class=\"wp-image-3413\" srcset=\"https:\/\/polgargym.at\/wordpress\/wp-content\/uploads\/2019\/11\/DSC_0226-1024x683.jpg 1024w, https:\/\/polgargym.at\/wordpress\/wp-content\/uploads\/2019\/11\/DSC_0226-300x200.jpg 300w, https:\/\/polgargym.at\/wordpress\/wp-content\/uploads\/2019\/11\/DSC_0226-768x512.jpg 768w\" sizes=\"auto, (max-width: 1024px) 100vw, 1024px\" \/><\/figure>\n\n\n\n<figure class=\"wp-block-image size-large\"><img loading=\"lazy\" decoding=\"async\" width=\"1024\" height=\"683\" data-id=\"3414\" src=\"https:\/\/polgargym.at\/wordpress\/wp-content\/uploads\/2019\/11\/DSC_0364-1024x683.jpg\" alt=\"\" class=\"wp-image-3414\" srcset=\"https:\/\/polgargym.at\/wordpress\/wp-content\/uploads\/2019\/11\/DSC_0364-1024x683.jpg 1024w, https:\/\/polgargym.at\/wordpress\/wp-content\/uploads\/2019\/11\/DSC_0364-300x200.jpg 300w, https:\/\/polgargym.at\/wordpress\/wp-content\/uploads\/2019\/11\/DSC_0364-768x512.jpg 768w\" sizes=\"auto, (max-width: 1024px) 100vw, 1024px\" \/><\/figure>\n\n\n\n<figure class=\"wp-block-image size-large\"><img loading=\"lazy\" decoding=\"async\" width=\"1024\" height=\"683\" data-id=\"3415\" src=\"https:\/\/polgargym.at\/wordpress\/wp-content\/uploads\/2019\/11\/DSC_0190-1024x683.jpg\" alt=\"\" class=\"wp-image-3415\" srcset=\"https:\/\/polgargym.at\/wordpress\/wp-content\/uploads\/2019\/11\/DSC_0190-1024x683.jpg 1024w, https:\/\/polgargym.at\/wordpress\/wp-content\/uploads\/2019\/11\/DSC_0190-300x200.jpg 300w, https:\/\/polgargym.at\/wordpress\/wp-content\/uploads\/2019\/11\/DSC_0190-768x512.jpg 768w\" sizes=\"auto, (max-width: 1024px) 100vw, 1024px\" \/><\/figure>\n<\/figure>\n\n\n\n<div style=\"height:20px\" aria-hidden=\"true\" class=\"wp-block-spacer\"><\/div>\n\n\n\n<h3 class=\"wp-block-heading\">&#8222;Selected Polgarvoices&#8220;<\/h3>\n\n\n\n<div style=\"height:20px\" aria-hidden=\"true\" class=\"wp-block-spacer\"><\/div>\n\n\n\n<p>Dieser Chor ist die \u201eWeiterf\u00fchrung\u201c der Unterstufench\u00f6re und nimmt an zahlreichen Konzerten und Wettbewerben teil.<\/p>\n\n\n\n<div style=\"height:20px\" aria-hidden=\"true\" class=\"wp-block-spacer\"><\/div>\n\n\n\n<figure class=\"wp-block-image\"><img loading=\"lazy\" decoding=\"async\" width=\"2560\" height=\"1707\" src=\"https:\/\/i0.wp.com\/www.polgargym.at\/wordpress\/wp-content\/uploads\/2019\/11\/DSC_0250.jpg?fit=750%2C500&amp;ssl=1\" alt=\"\" class=\"wp-image-3416\" srcset=\"https:\/\/polgargym.at\/wordpress\/wp-content\/uploads\/2019\/11\/DSC_0250.jpg 2560w, https:\/\/polgargym.at\/wordpress\/wp-content\/uploads\/2019\/11\/DSC_0250-300x200.jpg 300w, https:\/\/polgargym.at\/wordpress\/wp-content\/uploads\/2019\/11\/DSC_0250-768x512.jpg 768w, https:\/\/polgargym.at\/wordpress\/wp-content\/uploads\/2019\/11\/DSC_0250-1024x683.jpg 1024w\" sizes=\"auto, (max-width: 2560px) 100vw, 2560px\" \/><\/figure>\n\n\n\n<div style=\"height:20px\" aria-hidden=\"true\" class=\"wp-block-spacer\"><\/div>\n\n\n\n<p>Bereits ab der 1. Klasse k\u00f6nnen die Freif\u00e4cher&nbsp;<strong>Gitarre<\/strong>,&nbsp;<strong>Schlagzeug<\/strong>,&nbsp;<strong>Klavier<\/strong>und \u201e<strong>Nachwuchsband<\/strong>\u201c besucht werden, welche eine wichtige S\u00e4ule f\u00fcr das Musikleben an der Schule darstellen.<\/p>\n\n\n\n<div style=\"height:50px\" aria-hidden=\"true\" class=\"wp-block-spacer\"><\/div>\n\n\n\n<h3 class=\"wp-block-heading\"><strong>ORG mit Instrumentalunterricht<\/strong><\/h3>\n\n\n\n<div style=\"height:20px\" aria-hidden=\"true\" class=\"wp-block-spacer\"><\/div>\n\n\n\n<ul class=\"wp-block-list\">\n<li>Pflichtunterricht in Gitarre, Klavier, Schlagzeug oder Gesang&nbsp;<\/li>\n\n\n\n<li>reichhaltiges Angebot an Freigegenst\u00e4nden, wie&nbsp;<strong>Keyboard<\/strong>, <strong>e-Gitarre<\/strong>,&nbsp;  <strong>Bass<\/strong>,&nbsp;<strong>Schlagzeug<\/strong>,&nbsp;<strong>Perkussion<\/strong>, und die unverbindlichen \u00dcbungen \u201e<strong>Chor<\/strong>\u201c (\u201e<strong>Selected Polgarvoices<\/strong>\u201c) und \u201e<strong>Schulband<\/strong>\u201c.<\/li>\n\n\n\n<li>&nbsp;In unseren Schulbands k\u00f6nnen die Sch\u00fclerinnen und Sch\u00fcler die erworbenen F\u00e4higkeiten am Instrument beim gemeinsamen Musizieren anwenden und in Form von Tonaufnahmen, Konzerten und weiteren Projekten einem Publikum pr\u00e4sentieren.&nbsp;<\/li>\n<\/ul>\n\n\n\n<div style=\"height:20px\" aria-hidden=\"true\" class=\"wp-block-spacer\"><\/div>\n\n\n\n<figure class=\"wp-block-gallery has-nested-images columns-default is-cropped wp-block-gallery-2 is-layout-flex wp-block-gallery-is-layout-flex\">\n<figure class=\"wp-block-image size-large\"><img loading=\"lazy\" decoding=\"async\" width=\"1024\" height=\"683\" data-id=\"3418\" src=\"https:\/\/polgargym.at\/wordpress\/wp-content\/uploads\/2019\/11\/DSC00273-1024x683.jpg\" alt=\"\" class=\"wp-image-3418\" srcset=\"https:\/\/polgargym.at\/wordpress\/wp-content\/uploads\/2019\/11\/DSC00273-1024x683.jpg 1024w, https:\/\/polgargym.at\/wordpress\/wp-content\/uploads\/2019\/11\/DSC00273-300x200.jpg 300w, https:\/\/polgargym.at\/wordpress\/wp-content\/uploads\/2019\/11\/DSC00273-768x512.jpg 768w\" sizes=\"auto, (max-width: 1024px) 100vw, 1024px\" \/><\/figure>\n\n\n\n<figure class=\"wp-block-image size-large\"><img loading=\"lazy\" decoding=\"async\" width=\"1024\" height=\"683\" data-id=\"3421\" src=\"https:\/\/polgargym.at\/wordpress\/wp-content\/uploads\/2019\/11\/DSC_0098-1-1024x683.jpg\" alt=\"\" class=\"wp-image-3421\" srcset=\"https:\/\/polgargym.at\/wordpress\/wp-content\/uploads\/2019\/11\/DSC_0098-1-1024x683.jpg 1024w, https:\/\/polgargym.at\/wordpress\/wp-content\/uploads\/2019\/11\/DSC_0098-1-300x200.jpg 300w, https:\/\/polgargym.at\/wordpress\/wp-content\/uploads\/2019\/11\/DSC_0098-1-768x512.jpg 768w\" sizes=\"auto, (max-width: 1024px) 100vw, 1024px\" \/><\/figure>\n<\/figure>\n\n\n\n<p>Alle musikalischen Aktivit\u00e4ten beg\u00fcnstigen den Zusammenhalt und vertiefen die sozialen Kompetenzen. Das zeigt sich auch am Beispiel der&nbsp;<strong><a href=\"https:\/\/polgargym.at\/?p=2150\">inklusiven Musikgruppe<\/a><\/strong>, in der Kinder aller Schulstufen mit und ohne Beeintr\u00e4chtigung gemeinsam musizieren.<\/p>\n\n\n\n<div style=\"height:20px\" aria-hidden=\"true\" class=\"wp-block-spacer\"><\/div>\n\n\n\n<figure class=\"wp-block-image\"><img loading=\"lazy\" decoding=\"async\" width=\"2560\" height=\"1707\" src=\"https:\/\/i0.wp.com\/www.polgargym.at\/wordpress\/wp-content\/uploads\/2019\/11\/DSC_0208.jpg?fit=750%2C500&amp;ssl=1\" alt=\"\" class=\"wp-image-3419\" srcset=\"https:\/\/polgargym.at\/wordpress\/wp-content\/uploads\/2019\/11\/DSC_0208.jpg 2560w, https:\/\/polgargym.at\/wordpress\/wp-content\/uploads\/2019\/11\/DSC_0208-300x200.jpg 300w, https:\/\/polgargym.at\/wordpress\/wp-content\/uploads\/2019\/11\/DSC_0208-768x512.jpg 768w, https:\/\/polgargym.at\/wordpress\/wp-content\/uploads\/2019\/11\/DSC_0208-1024x683.jpg 1024w\" sizes=\"auto, (max-width: 2560px) 100vw, 2560px\" \/><\/figure>\n","protected":false},"excerpt":{"rendered":"<p>Musik und Instrumentalmusik Am Polgargymnasium besteht eine lange Tradition vielf\u00e4ltiger musikalischer Angebote f\u00fcr alle Schulstufen.&nbsp; Die musischen Unterstufenklassen www.polgarvoices.at &#8222;Selected Polgarvoices&#8220; Dieser Chor ist die \u201eWeiterf\u00fchrung\u201c der Unterstufench\u00f6re und nimmt an zahlreichen Konzerten und Wettbewerben teil. Bereits ab der 1. Klasse k\u00f6nnen die Freif\u00e4cher&nbsp;Gitarre,&nbsp;Schlagzeug,&nbsp;Klavierund \u201eNachwuchsband\u201c besucht werden, welche eine wichtige S\u00e4ule f\u00fcr das Musikleben an [&hellip;]<\/p>\n","protected":false},"author":11,"featured_media":0,"parent":0,"menu_order":0,"comment_status":"closed","ping_status":"closed","template":"","meta":{"footnotes":""},"class_list":["post-3411","page","type-page","status-publish","hentry"],"_links":{"self":[{"href":"https:\/\/polgargym.at\/wordpress\/wp-json\/wp\/v2\/pages\/3411","targetHints":{"allow":["GET"]}}],"collection":[{"href":"https:\/\/polgargym.at\/wordpress\/wp-json\/wp\/v2\/pages"}],"about":[{"href":"https:\/\/polgargym.at\/wordpress\/wp-json\/wp\/v2\/types\/page"}],"author":[{"embeddable":true,"href":"https:\/\/polgargym.at\/wordpress\/wp-json\/wp\/v2\/users\/11"}],"replies":[{"embeddable":true,"href":"https:\/\/polgargym.at\/wordpress\/wp-json\/wp\/v2\/comments?post=3411"}],"version-history":[{"count":8,"href":"https:\/\/polgargym.at\/wordpress\/wp-json\/wp\/v2\/pages\/3411\/revisions"}],"predecessor-version":[{"id":8153,"href":"https:\/\/polgargym.at\/wordpress\/wp-json\/wp\/v2\/pages\/3411\/revisions\/8153"}],"wp:attachment":[{"href":"https:\/\/polgargym.at\/wordpress\/wp-json\/wp\/v2\/media?parent=3411"}],"curies":[{"name":"wp","href":"https:\/\/api.w.org\/{rel}","templated":true}]}}