{"id":3742,"date":"2019-12-05T12:07:28","date_gmt":"2019-12-05T11:07:28","guid":{"rendered":"https:\/\/polgargym.at\/?page_id=3742"},"modified":"2023-11-22T16:02:53","modified_gmt":"2023-11-22T15:02:53","slug":"werkerziehung","status":"publish","type":"page","link":"https:\/\/polgargym.at\/wordpress\/werkerziehung\/","title":{"rendered":"Technik und Design"},"content":{"rendered":"\n<h2 class=\"wp-block-heading\">Technik und Design am Polgargymnasium<\/h2>\n\n\n<div class=\"wp-block-image\">\n<figure class=\"aligncenter size-large is-resized\"><img loading=\"lazy\" decoding=\"async\" width=\"1024\" height=\"892\" src=\"https:\/\/polgargym.at\/wordpress\/wp-content\/uploads\/2019\/12\/image5-1024x892.jpeg\" alt=\"\" class=\"wp-image-3745\" style=\"width:768px;height:669px\" srcset=\"https:\/\/polgargym.at\/wordpress\/wp-content\/uploads\/2019\/12\/image5-1024x892.jpeg 1024w, https:\/\/polgargym.at\/wordpress\/wp-content\/uploads\/2019\/12\/image5-300x261.jpeg 300w, https:\/\/polgargym.at\/wordpress\/wp-content\/uploads\/2019\/12\/image5-768x669.jpeg 768w, https:\/\/polgargym.at\/wordpress\/wp-content\/uploads\/2019\/12\/image5-1536x1337.jpeg 1536w, https:\/\/polgargym.at\/wordpress\/wp-content\/uploads\/2019\/12\/image5-2048x1783.jpeg 2048w\" sizes=\"auto, (max-width: 1024px) 100vw, 1024px\" \/><\/figure><\/div>\n\n\n<div style=\"height:50px\" aria-hidden=\"true\" class=\"wp-block-spacer\"><\/div>\n\n\n\n<p>Alle Sch\u00fcler_innen des BG\/BRG\/BORG Polgarstra\u00dfe nehmen am Fach Technik und Design \u2013 jeweils einsemestrig &#8211; sowohl\u00a0\u00a0am \u201aTechnischen Werken\u2019 als auch am \u201aTextilen Werken\u2018 teil. Im Realgymnasium l\u00e4uft Werken bis zur 4. Klasse, im Gymnasium bis zur 2. Klasse. Zus\u00e4tzlich zum Regelunterricht werden auch Kreativ-Stunden im Rahmen der Schulischen Tagesbetreuung angeboten.<\/p>\n\n\n\n<div style=\"height:30px\" aria-hidden=\"true\" class=\"wp-block-spacer\"><\/div>\n\n\n\n<p>Wir Lehrer_innen aus dem Fachbereich Technik und Design f\u00fchlen uns einem individualisierten und gendersensiblen Unterricht verpflichtet, welcher zum einen die geschlechterrollenstereotype Unterscheidung der Bereiche aufzul\u00f6sen versucht und das Augenmerk auf das selbst\u00e4ndige Arbeiten, einen umweltbewussten und nachhaltigen Materialumgang, den Erwerb von Probleml\u00f6sungskompetenzen und das damit verbundene Anwenden von fachlichen und technischen Kompetenzen legt. Neben diesen ganzheitlichen Aspekten, die die Werkerziehung auszeichnen, gibt es allerdings inhaltliche und technische Unterschiede in Bezug auf Technisches und Textiles Werken.\u00a0<\/p>\n\n\n\n<div style=\"height:50px\" aria-hidden=\"true\" class=\"wp-block-spacer\"><\/div>\n\n\n\n<h3 class=\"wp-block-heading\">Technisches Werken<\/h3>\n\n\n\n<p>Im Mittelpunkt des Fachs \u201aTechnisches Werken\u2019 steht die Erkundung und Mitgestaltung der Lebensumwelt der Sch\u00fcler_innen. Das Fach versucht die Allt\u00e4glichkeit von Gegenst\u00e4nden und Dingen aus ihrer Verankerung zu l\u00f6sen und den Sch\u00fcler_innen deren Entstehung, Herstellung und Wirkung zu vergegenw\u00e4rtigen und zu er\u00f6ffnen.<\/p>\n\n\n\n<div style=\"height:30px\" aria-hidden=\"true\" class=\"wp-block-spacer\"><\/div>\n\n\n\n<p>Die theoretische Einbindung erreicht die Werkerziehung \u00fcber den Zugang des praktischen Arbeitens. Dar\u00fcber hinaus dient der technische Werkunterricht in seiner praktischen Auseinandersetzung dazu, unterschiedliche Materialeigenschaften und Verarbeitungstechniken von Werkstoffen wie Papier, Karton, Kunststoff, Holz, Metall und Keramik kennenzulernen. Erg\u00e4nzend sollen Sch\u00fcler_innen durch die Erarbeitung von Projekten, ihr eigenes k\u00fcnstlerisch-gestalterisches Arbeiten erweitern und einen technisch-kompetenten und materialgerechten und umweltbewussten Umgang erlangen.&nbsp;&nbsp;<\/p>\n\n\n\n<div style=\"height:50px\" aria-hidden=\"true\" class=\"wp-block-spacer\"><\/div>\n\n\n\n<h3 class=\"wp-block-heading\">Textiles Werken<\/h3>\n\n\n\n<p>Das Fach \u201aTextiles Werken\u2018 setzt aufgrund soziokultureller und gesellschaftspolitischer Aspekte einen Schwerpunkt auf die gesellschaftliche Bedeutung in den Bereichen Kleidung\/Mode, Wohnen\/Raumgestaltung, Kultur-\/Textilgeschichte und Design. Durch den lebenspraktischen Bezug des Faches zur Lebensumwelt der Sch\u00fcler_innen wird versucht, jene Bereiche theoretisch und praktisch zu erarbeiten.<\/p>\n\n\n\n<div style=\"height:30px\" aria-hidden=\"true\" class=\"wp-block-spacer\"><\/div>\n\n\n\n<p>Der Fokus des Fachs \u201aTextiles Werken\u2018 liegt auf einer theoretisch-praktischen Vermittlung von Themen wie z.B. der Herstellung und Gewinnung textiler Rohstoffe, deren Verarbeitung und unterschiedliche Produktions- und Verfahrenstechniken, sowie der Sch\u00e4rfung der Wahrnehmung in Bezug auf Funktionalit\u00e4t und&nbsp;\u00c4sthetik.&nbsp;&nbsp;Der Lehrstoff beinhaltet den Erwerb der grundlegenden praktischen Kenntnisse im N\u00e4hen, Drucken, Stricken, H\u00e4keln, Sticken, F\u00e4rben, Applizieren, Kn\u00fcpfen und der Schmuckgestaltung. Dar\u00fcber hinaus vermitteln die Lehrinhalte eine Sensibilisierung f\u00fcr ein verantwortungsbewusstes und kritisches Konsumverhalten.&nbsp;&nbsp;&nbsp;&nbsp;&nbsp;&nbsp;<\/p>\n\n\n\n<div style=\"height:50px\" aria-hidden=\"true\" class=\"wp-block-spacer\"><\/div>\n\n\n\n<p><strong>Eine Reihe von angefertigten Werkst\u00fccken kann man hier sehen:<\/strong><\/p>\n\n\n\n<figure class=\"wp-block-gallery has-nested-images columns-default is-cropped wp-block-gallery-1 is-layout-flex wp-block-gallery-is-layout-flex\">\n<figure class=\"wp-block-image size-large\"><img loading=\"lazy\" decoding=\"async\" width=\"480\" height=\"640\" data-id=\"4312\" src=\"https:\/\/polgargym.at\/wordpress\/wp-content\/uploads\/2020\/04\/Lampen-4.Klasse-rotated.jpg\" alt=\"\" class=\"wp-image-4312\" srcset=\"https:\/\/polgargym.at\/wordpress\/wp-content\/uploads\/2020\/04\/Lampen-4.Klasse-rotated.jpg 480w, https:\/\/polgargym.at\/wordpress\/wp-content\/uploads\/2020\/04\/Lampen-4.Klasse-225x300.jpg 225w\" sizes=\"auto, (max-width: 480px) 100vw, 480px\" \/><figcaption class=\"wp-element-caption\">Lampen<br><\/figcaption><\/figure>\n\n\n\n<figure class=\"wp-block-image size-large\"><img loading=\"lazy\" decoding=\"async\" width=\"640\" height=\"480\" data-id=\"4313\" src=\"https:\/\/polgargym.at\/wordpress\/wp-content\/uploads\/2020\/04\/Messingbrief\u00f6ffner-3.-Klasse.jpg\" alt=\"\" class=\"wp-image-4313\" srcset=\"https:\/\/polgargym.at\/wordpress\/wp-content\/uploads\/2020\/04\/Messingbrief\u00f6ffner-3.-Klasse.jpg 640w, https:\/\/polgargym.at\/wordpress\/wp-content\/uploads\/2020\/04\/Messingbrief\u00f6ffner-3.-Klasse-300x225.jpg 300w\" sizes=\"auto, (max-width: 640px) 100vw, 640px\" \/><figcaption class=\"wp-element-caption\">Messingbrief\u00f6ffner<br><\/figcaption><\/figure>\n\n\n\n<figure class=\"wp-block-image size-large\"><img loading=\"lazy\" decoding=\"async\" width=\"640\" height=\"480\" data-id=\"4314\" src=\"https:\/\/polgargym.at\/wordpress\/wp-content\/uploads\/2020\/04\/Rucksack-4.Klasse.jpg\" alt=\"\" class=\"wp-image-4314\" srcset=\"https:\/\/polgargym.at\/wordpress\/wp-content\/uploads\/2020\/04\/Rucksack-4.Klasse.jpg 640w, https:\/\/polgargym.at\/wordpress\/wp-content\/uploads\/2020\/04\/Rucksack-4.Klasse-300x225.jpg 300w\" sizes=\"auto, (max-width: 640px) 100vw, 640px\" \/><figcaption class=\"wp-element-caption\">Rucks\u00e4cke <br><\/figcaption><\/figure>\n\n\n\n<figure class=\"wp-block-image size-large\"><img loading=\"lazy\" decoding=\"async\" width=\"480\" height=\"640\" data-id=\"4315\" src=\"https:\/\/polgargym.at\/wordpress\/wp-content\/uploads\/2020\/04\/Softballschl\u00e4ger-2.Klasse-rotated.jpg\" alt=\"\" class=\"wp-image-4315\" srcset=\"https:\/\/polgargym.at\/wordpress\/wp-content\/uploads\/2020\/04\/Softballschl\u00e4ger-2.Klasse-rotated.jpg 480w, https:\/\/polgargym.at\/wordpress\/wp-content\/uploads\/2020\/04\/Softballschl\u00e4ger-2.Klasse-225x300.jpg 225w\" sizes=\"auto, (max-width: 480px) 100vw, 480px\" \/><figcaption class=\"wp-element-caption\">Softballschl\u00e4ger<br><\/figcaption><\/figure>\n\n\n\n<figure class=\"wp-block-image size-large\"><img loading=\"lazy\" decoding=\"async\" width=\"1024\" height=\"768\" data-id=\"4316\" src=\"https:\/\/polgargym.at\/wordpress\/wp-content\/uploads\/2020\/04\/Topfuntersetzer-2.-Klasse-1024x768.jpg\" alt=\"\" class=\"wp-image-4316\" srcset=\"https:\/\/polgargym.at\/wordpress\/wp-content\/uploads\/2020\/04\/Topfuntersetzer-2.-Klasse-1024x768.jpg 1024w, https:\/\/polgargym.at\/wordpress\/wp-content\/uploads\/2020\/04\/Topfuntersetzer-2.-Klasse-300x225.jpg 300w, https:\/\/polgargym.at\/wordpress\/wp-content\/uploads\/2020\/04\/Topfuntersetzer-2.-Klasse-768x576.jpg 768w, https:\/\/polgargym.at\/wordpress\/wp-content\/uploads\/2020\/04\/Topfuntersetzer-2.-Klasse-1536x1152.jpg 1536w, https:\/\/polgargym.at\/wordpress\/wp-content\/uploads\/2020\/04\/Topfuntersetzer-2.-Klasse-2048x1536.jpg 2048w\" sizes=\"auto, (max-width: 1024px) 100vw, 1024px\" \/><figcaption class=\"wp-element-caption\">Topfuntersetzer<br><\/figcaption><\/figure>\n\n\n\n<figure class=\"wp-block-image size-large\"><img loading=\"lazy\" decoding=\"async\" width=\"480\" height=\"640\" data-id=\"4317\" src=\"https:\/\/polgargym.at\/wordpress\/wp-content\/uploads\/2020\/04\/Zirbenkissen-1.Klasse-rotated.jpg\" alt=\"\" class=\"wp-image-4317\" srcset=\"https:\/\/polgargym.at\/wordpress\/wp-content\/uploads\/2020\/04\/Zirbenkissen-1.Klasse-rotated.jpg 480w, https:\/\/polgargym.at\/wordpress\/wp-content\/uploads\/2020\/04\/Zirbenkissen-1.Klasse-225x300.jpg 225w\" sizes=\"auto, (max-width: 480px) 100vw, 480px\" \/><figcaption class=\"wp-element-caption\">Zirbenkissen<\/figcaption><\/figure>\n\n\n\n<figure class=\"wp-block-image size-large\"><img loading=\"lazy\" decoding=\"async\" width=\"908\" height=\"1024\" data-id=\"4318\" src=\"https:\/\/polgargym.at\/wordpress\/wp-content\/uploads\/2020\/04\/Anna-Kralik-4A-908x1024.jpg\" alt=\"\" class=\"wp-image-4318\" srcset=\"https:\/\/polgargym.at\/wordpress\/wp-content\/uploads\/2020\/04\/Anna-Kralik-4A-908x1024.jpg 908w, https:\/\/polgargym.at\/wordpress\/wp-content\/uploads\/2020\/04\/Anna-Kralik-4A-266x300.jpg 266w, https:\/\/polgargym.at\/wordpress\/wp-content\/uploads\/2020\/04\/Anna-Kralik-4A-768x866.jpg 768w, https:\/\/polgargym.at\/wordpress\/wp-content\/uploads\/2020\/04\/Anna-Kralik-4A-1362x1536.jpg 1362w, https:\/\/polgargym.at\/wordpress\/wp-content\/uploads\/2020\/04\/Anna-Kralik-4A-1816x2048.jpg 1816w\" sizes=\"auto, (max-width: 908px) 100vw, 908px\" \/><figcaption class=\"wp-element-caption\">Anna Kralik (4A)<\/figcaption><\/figure>\n\n\n\n<figure class=\"wp-block-image size-large\"><img loading=\"lazy\" decoding=\"async\" width=\"1024\" height=\"768\" data-id=\"4319\" src=\"https:\/\/polgargym.at\/wordpress\/wp-content\/uploads\/2020\/04\/Buchsitzsack-1.Klasse-1024x768.jpg\" alt=\"\" class=\"wp-image-4319\" srcset=\"https:\/\/polgargym.at\/wordpress\/wp-content\/uploads\/2020\/04\/Buchsitzsack-1.Klasse-1024x768.jpg 1024w, https:\/\/polgargym.at\/wordpress\/wp-content\/uploads\/2020\/04\/Buchsitzsack-1.Klasse-300x225.jpg 300w, https:\/\/polgargym.at\/wordpress\/wp-content\/uploads\/2020\/04\/Buchsitzsack-1.Klasse-768x576.jpg 768w, https:\/\/polgargym.at\/wordpress\/wp-content\/uploads\/2020\/04\/Buchsitzsack-1.Klasse-1536x1152.jpg 1536w, https:\/\/polgargym.at\/wordpress\/wp-content\/uploads\/2020\/04\/Buchsitzsack-1.Klasse-2048x1536.jpg 2048w\" sizes=\"auto, (max-width: 1024px) 100vw, 1024px\" \/><figcaption class=\"wp-element-caption\">Buchsitzsack<br><\/figcaption><\/figure>\n\n\n\n<figure class=\"wp-block-image size-large\"><img loading=\"lazy\" decoding=\"async\" width=\"1024\" height=\"768\" data-id=\"4320\" src=\"https:\/\/polgargym.at\/wordpress\/wp-content\/uploads\/2020\/04\/Fliesentopfuntersetzer--1024x768.jpg\" alt=\"\" class=\"wp-image-4320\" srcset=\"https:\/\/polgargym.at\/wordpress\/wp-content\/uploads\/2020\/04\/Fliesentopfuntersetzer--1024x768.jpg 1024w, https:\/\/polgargym.at\/wordpress\/wp-content\/uploads\/2020\/04\/Fliesentopfuntersetzer--300x225.jpg 300w, https:\/\/polgargym.at\/wordpress\/wp-content\/uploads\/2020\/04\/Fliesentopfuntersetzer--768x576.jpg 768w, https:\/\/polgargym.at\/wordpress\/wp-content\/uploads\/2020\/04\/Fliesentopfuntersetzer--1536x1152.jpg 1536w, https:\/\/polgargym.at\/wordpress\/wp-content\/uploads\/2020\/04\/Fliesentopfuntersetzer--2048x1536.jpg 2048w\" sizes=\"auto, (max-width: 1024px) 100vw, 1024px\" \/><figcaption class=\"wp-element-caption\">Fliesentopfuntersetzer<br><\/figcaption><\/figure>\n\n\n\n<figure class=\"wp-block-image size-large\"><img loading=\"lazy\" decoding=\"async\" width=\"768\" height=\"1024\" data-id=\"4321\" src=\"https:\/\/polgargym.at\/wordpress\/wp-content\/uploads\/2020\/04\/Katharina-Schmiedt-4F-768x1024.jpg\" alt=\"\" class=\"wp-image-4321\" srcset=\"https:\/\/polgargym.at\/wordpress\/wp-content\/uploads\/2020\/04\/Katharina-Schmiedt-4F-768x1024.jpg 768w, https:\/\/polgargym.at\/wordpress\/wp-content\/uploads\/2020\/04\/Katharina-Schmiedt-4F-225x300.jpg 225w, https:\/\/polgargym.at\/wordpress\/wp-content\/uploads\/2020\/04\/Katharina-Schmiedt-4F-1152x1536.jpg 1152w, https:\/\/polgargym.at\/wordpress\/wp-content\/uploads\/2020\/04\/Katharina-Schmiedt-4F-1536x2048.jpg 1536w, https:\/\/polgargym.at\/wordpress\/wp-content\/uploads\/2020\/04\/Katharina-Schmiedt-4F.jpg 1920w\" sizes=\"auto, (max-width: 768px) 100vw, 768px\" \/><figcaption class=\"wp-element-caption\">Katharina Schmiedt (4F)<br><\/figcaption><\/figure>\n\n\n\n<figure class=\"wp-block-image size-large\"><img loading=\"lazy\" decoding=\"async\" width=\"1024\" height=\"768\" data-id=\"4322\" src=\"https:\/\/polgargym.at\/wordpress\/wp-content\/uploads\/2020\/04\/Max-Nawalicki-4C_1-1024x768.jpg\" alt=\"\" class=\"wp-image-4322\" srcset=\"https:\/\/polgargym.at\/wordpress\/wp-content\/uploads\/2020\/04\/Max-Nawalicki-4C_1-1024x768.jpg 1024w, https:\/\/polgargym.at\/wordpress\/wp-content\/uploads\/2020\/04\/Max-Nawalicki-4C_1-300x225.jpg 300w, https:\/\/polgargym.at\/wordpress\/wp-content\/uploads\/2020\/04\/Max-Nawalicki-4C_1-768x576.jpg 768w, https:\/\/polgargym.at\/wordpress\/wp-content\/uploads\/2020\/04\/Max-Nawalicki-4C_1-1536x1151.jpg 1536w, https:\/\/polgargym.at\/wordpress\/wp-content\/uploads\/2020\/04\/Max-Nawalicki-4C_1-2048x1535.jpg 2048w\" sizes=\"auto, (max-width: 1024px) 100vw, 1024px\" \/><figcaption class=\"wp-element-caption\">Max Nawalicki (4C)<br><\/figcaption><\/figure>\n<\/figure>\n","protected":false},"excerpt":{"rendered":"<p>Technik und Design am Polgargymnasium Alle Sch\u00fcler_innen des BG\/BRG\/BORG Polgarstra\u00dfe nehmen am Fach Technik und Design \u2013 jeweils einsemestrig &#8211; sowohl\u00a0\u00a0am \u201aTechnischen Werken\u2019 als auch am \u201aTextilen Werken\u2018 teil. Im Realgymnasium l\u00e4uft Werken bis zur 4. Klasse, im Gymnasium bis zur 2. Klasse. Zus\u00e4tzlich zum Regelunterricht werden auch Kreativ-Stunden im Rahmen der Schulischen Tagesbetreuung angeboten. [&hellip;]<\/p>\n","protected":false},"author":11,"featured_media":3745,"parent":0,"menu_order":0,"comment_status":"closed","ping_status":"closed","template":"","meta":{"footnotes":""},"class_list":["post-3742","page","type-page","status-publish","has-post-thumbnail","hentry"],"_links":{"self":[{"href":"https:\/\/polgargym.at\/wordpress\/wp-json\/wp\/v2\/pages\/3742","targetHints":{"allow":["GET"]}}],"collection":[{"href":"https:\/\/polgargym.at\/wordpress\/wp-json\/wp\/v2\/pages"}],"about":[{"href":"https:\/\/polgargym.at\/wordpress\/wp-json\/wp\/v2\/types\/page"}],"author":[{"embeddable":true,"href":"https:\/\/polgargym.at\/wordpress\/wp-json\/wp\/v2\/users\/11"}],"replies":[{"embeddable":true,"href":"https:\/\/polgargym.at\/wordpress\/wp-json\/wp\/v2\/comments?post=3742"}],"version-history":[{"count":8,"href":"https:\/\/polgargym.at\/wordpress\/wp-json\/wp\/v2\/pages\/3742\/revisions"}],"predecessor-version":[{"id":8155,"href":"https:\/\/polgargym.at\/wordpress\/wp-json\/wp\/v2\/pages\/3742\/revisions\/8155"}],"wp:featuredmedia":[{"embeddable":true,"href":"https:\/\/polgargym.at\/wordpress\/wp-json\/wp\/v2\/media\/3745"}],"wp:attachment":[{"href":"https:\/\/polgargym.at\/wordpress\/wp-json\/wp\/v2\/media?parent=3742"}],"curies":[{"name":"wp","href":"https:\/\/api.w.org\/{rel}","templated":true}]}}