{"id":3756,"date":"2019-12-12T10:23:26","date_gmt":"2019-12-12T09:23:26","guid":{"rendered":"https:\/\/polgargym.at\/?page_id=3756"},"modified":"2026-03-23T15:14:23","modified_gmt":"2026-03-23T14:14:23","slug":"beratung","status":"publish","type":"page","link":"https:\/\/polgargym.at\/wordpress\/beratung\/","title":{"rendered":"Beratung"},"content":{"rendered":"\n<p class=\"has-large-font-size\"><\/p>\n\n\n<a href=\"https:\/\/polgargym.at\/wordpress\/wp-content\/uploads\/2026\/03\/Plakat-Polgarstrasse-24.pdf\" class=\"pdfemb-viewer\" style=\"\" data-width=\"max\" data-height=\"max\" data-mobile-width=\"500\"  data-scrollbar=\"none\" data-download=\"on\" data-tracking=\"on\" data-newwindow=\"on\" data-pagetextbox=\"off\" data-scrolltotop=\"off\" data-startzoom=\"100\" data-startfpzoom=\"100\" data-toolbar=\"bottom\" data-toolbar-fixed=\"off\">Plakat-Polgarstrasse-24<br\/><\/a>\n<p class=\"wp-block-pdfemb-pdf-embedder-viewer\"><\/p>\n\n\n\n<p><\/p>\n\n\n\n<div style=\"height:50px\" aria-hidden=\"true\" class=\"wp-block-spacer\"><\/div>\n\n\n\n<p class=\"has-medium-font-size\"><strong>Es gilt, dass Beratungen bei Sch\u00fcler*innen unter 14 Jahren nur mit schriftlicher Zustimmungserkl\u00e4rung der Erziehungsberechtigten stattfinden k\u00f6nnen.<\/strong><\/p>\n","protected":false},"excerpt":{"rendered":"<p>Es gilt, dass Beratungen bei Sch\u00fcler*innen unter 14 Jahren nur mit schriftlicher Zustimmungserkl\u00e4rung der Erziehungsberechtigten stattfinden k\u00f6nnen.<\/p>\n","protected":false},"author":11,"featured_media":0,"parent":0,"menu_order":0,"comment_status":"closed","ping_status":"closed","template":"","meta":{"footnotes":""},"class_list":["post-3756","page","type-page","status-publish","hentry"],"_links":{"self":[{"href":"https:\/\/polgargym.at\/wordpress\/wp-json\/wp\/v2\/pages\/3756","targetHints":{"allow":["GET"]}}],"collection":[{"href":"https:\/\/polgargym.at\/wordpress\/wp-json\/wp\/v2\/pages"}],"about":[{"href":"https:\/\/polgargym.at\/wordpress\/wp-json\/wp\/v2\/types\/page"}],"author":[{"embeddable":true,"href":"https:\/\/polgargym.at\/wordpress\/wp-json\/wp\/v2\/users\/11"}],"replies":[{"embeddable":true,"href":"https:\/\/polgargym.at\/wordpress\/wp-json\/wp\/v2\/comments?post=3756"}],"version-history":[{"count":21,"href":"https:\/\/polgargym.at\/wordpress\/wp-json\/wp\/v2\/pages\/3756\/revisions"}],"predecessor-version":[{"id":11899,"href":"https:\/\/polgargym.at\/wordpress\/wp-json\/wp\/v2\/pages\/3756\/revisions\/11899"}],"wp:attachment":[{"href":"https:\/\/polgargym.at\/wordpress\/wp-json\/wp\/v2\/media?parent=3756"}],"curies":[{"name":"wp","href":"https:\/\/api.w.org\/{rel}","templated":true}]}}