{"id":3959,"date":"2020-02-13T09:32:34","date_gmt":"2020-02-13T08:32:34","guid":{"rendered":"https:\/\/polgargym.at\/?page_id=3959"},"modified":"2021-03-15T15:01:42","modified_gmt":"2021-03-15T14:01:42","slug":"italienisch","status":"publish","type":"page","link":"https:\/\/polgargym.at\/wordpress\/italienisch\/","title":{"rendered":"Italienisch"},"content":{"rendered":"\n<div style=\"height:50px\" aria-hidden=\"true\" class=\"wp-block-spacer\"><\/div>\n\n\n\n<h2 class=\"wp-block-heading\">Italienisch am Polgargymnasium<\/h2>\n\n\n\n<div style=\"height:50px\" aria-hidden=\"true\" class=\"wp-block-spacer\"><\/div>\n\n\n\n<div class=\"wp-block-image\"><figure class=\"alignright size-large\"><img loading=\"lazy\" decoding=\"async\" width=\"1024\" height=\"682\" src=\"https:\/\/polgargym.at\/wordpress\/wp-content\/uploads\/2021\/03\/italy-5283352_1280-1024x682.jpg\" alt=\"\" class=\"wp-image-5132\" srcset=\"https:\/\/polgargym.at\/wordpress\/wp-content\/uploads\/2021\/03\/italy-5283352_1280-1024x682.jpg 1024w, https:\/\/polgargym.at\/wordpress\/wp-content\/uploads\/2021\/03\/italy-5283352_1280-300x200.jpg 300w, https:\/\/polgargym.at\/wordpress\/wp-content\/uploads\/2021\/03\/italy-5283352_1280-768x512.jpg 768w, https:\/\/polgargym.at\/wordpress\/wp-content\/uploads\/2021\/03\/italy-5283352_1280.jpg 1280w\" sizes=\"auto, (max-width: 1024px) 100vw, 1024px\" \/><\/figure><\/div>\n\n\n\n<div style=\"height:50px\" aria-hidden=\"true\" class=\"wp-block-spacer\"><\/div>\n\n\n\n<h3 class=\"wp-block-heading\"><strong><span class=\"has-inline-color has-vivid-green-cyan-color\">WARUM<\/span> <span class=\"has-inline-color has-vivid-red-color\">Italienisch<\/span> die richtige Wahl f\u00fcr deine Zeit im Polgargymnasium ist\u00a0<\/strong><\/h3>\n\n\n\n<ul class=\"wp-block-list\"><li><strong>Italien ist \u00d6sterreichs gr\u00f6\u00dfter Wirtschaftspartner<\/strong> nach Deutschland und viele Berufe gerade im wirtschaftlichen Bereich verlangen daher italienische Sprachkenntnisse&nbsp;<\/li><\/ul>\n\n\n\n<ul class=\"wp-block-list\"><li><strong>vielseitige und abwechslungsreiche Unterrichtsmethoden<\/strong>: \u201eganzheitliches Lernen\u201c<span class=\"has-inline-color has-vivid-green-cyan-color\"> <strong>=><\/strong><\/span><strong>Spiele, Musik und Bewegung<\/strong>\u00a0sollen den Regelunterricht auflockern. Dadurch werden die Konzentration und Leistungsf\u00e4higkeit erh\u00f6ht, Spa\u00df und Abwechslung bieten viele M\u00f6glichkeiten die eigenen Sprachkenntnisse zu erweitern.<\/li><\/ul>\n\n\n\n<ul class=\"wp-block-list\"><li><strong>Ziel ist es euch Sch\u00fclerInnen f\u00fcr die italienische Kultur zu begeistern&nbsp;&nbsp;<\/strong><\/li><\/ul>\n\n\n\n<p>Dies gelingt am besten durch Lehrausg\u00e4nge (in italienische Lokale und Shops), durch Kochen und eine<strong>&nbsp;Reise nach Rom<\/strong>&#8211; dies wird dein Highlight deiner gesamten Schulzeit!<\/p>\n\n\n\n<div style=\"height:50px\" aria-hidden=\"true\" class=\"wp-block-spacer\"><\/div>\n\n\n\n<h2 class=\"wp-block-heading\"><span class=\"has-inline-color has-vivid-green-cyan-color\">ITALIENISCH<\/span>&nbsp;<span class=\"has-inline-color has-vivid-red-color\">IM<\/span>&nbsp;POLGARGYMNASIUM&nbsp;<\/h2>\n\n\n\n<p><strong>Als Zweite lebende Fremdsprache ab der 5. Klasse<\/strong><\/p>\n\n\n\n<p>Italienisch ist ein Pflichtfach mit je 3 Wochenstunden pro Schuljahr. Nach vier Unterrichtsjahren wird das Niveau B1+ des GERS erreicht. Bei der Reifepr\u00fcfung kann Italienisch sowohl schriftlich als auch m\u00fcndlich gew\u00e4hlt werden.<\/p>\n","protected":false},"excerpt":{"rendered":"<p>Italienisch am Polgargymnasium WARUM Italienisch die richtige Wahl f\u00fcr deine Zeit im Polgargymnasium ist\u00a0 Italien ist \u00d6sterreichs gr\u00f6\u00dfter Wirtschaftspartner nach Deutschland und viele Berufe gerade im wirtschaftlichen Bereich verlangen daher italienische Sprachkenntnisse&nbsp; vielseitige und abwechslungsreiche Unterrichtsmethoden: \u201eganzheitliches Lernen\u201c =>Spiele, Musik und Bewegung\u00a0sollen den Regelunterricht auflockern. Dadurch werden die Konzentration und Leistungsf\u00e4higkeit erh\u00f6ht, Spa\u00df und Abwechslung [&hellip;]<\/p>\n","protected":false},"author":11,"featured_media":0,"parent":0,"menu_order":0,"comment_status":"closed","ping_status":"closed","template":"","meta":{"footnotes":""},"class_list":["post-3959","page","type-page","status-publish","hentry"],"_links":{"self":[{"href":"https:\/\/polgargym.at\/wordpress\/wp-json\/wp\/v2\/pages\/3959","targetHints":{"allow":["GET"]}}],"collection":[{"href":"https:\/\/polgargym.at\/wordpress\/wp-json\/wp\/v2\/pages"}],"about":[{"href":"https:\/\/polgargym.at\/wordpress\/wp-json\/wp\/v2\/types\/page"}],"author":[{"embeddable":true,"href":"https:\/\/polgargym.at\/wordpress\/wp-json\/wp\/v2\/users\/11"}],"replies":[{"embeddable":true,"href":"https:\/\/polgargym.at\/wordpress\/wp-json\/wp\/v2\/comments?post=3959"}],"version-history":[{"count":8,"href":"https:\/\/polgargym.at\/wordpress\/wp-json\/wp\/v2\/pages\/3959\/revisions"}],"predecessor-version":[{"id":5134,"href":"https:\/\/polgargym.at\/wordpress\/wp-json\/wp\/v2\/pages\/3959\/revisions\/5134"}],"wp:attachment":[{"href":"https:\/\/polgargym.at\/wordpress\/wp-json\/wp\/v2\/media?parent=3959"}],"curies":[{"name":"wp","href":"https:\/\/api.w.org\/{rel}","templated":true}]}}