{"id":4750,"date":"2020-09-24T13:43:32","date_gmt":"2020-09-24T11:43:32","guid":{"rendered":"https:\/\/polgargym.at\/?page_id=4750"},"modified":"2025-09-15T14:18:27","modified_gmt":"2025-09-15T12:18:27","slug":"schulbibliothek","status":"publish","type":"page","link":"https:\/\/polgargym.at\/wordpress\/schulbibliothek\/","title":{"rendered":"Schulbibliothek"},"content":{"rendered":"\n<figure class=\"wp-block-image size-large\"><img loading=\"lazy\" decoding=\"async\" width=\"1024\" height=\"744\" src=\"https:\/\/polgargym.at\/wordpress\/wp-content\/uploads\/2020\/09\/IMG_2817-1024x744.jpg\" alt=\"\" class=\"wp-image-4766\" srcset=\"https:\/\/polgargym.at\/wordpress\/wp-content\/uploads\/2020\/09\/IMG_2817-1024x744.jpg 1024w, https:\/\/polgargym.at\/wordpress\/wp-content\/uploads\/2020\/09\/IMG_2817-300x218.jpg 300w, https:\/\/polgargym.at\/wordpress\/wp-content\/uploads\/2020\/09\/IMG_2817-768x558.jpg 768w, https:\/\/polgargym.at\/wordpress\/wp-content\/uploads\/2020\/09\/IMG_2817-1536x1116.jpg 1536w, https:\/\/polgargym.at\/wordpress\/wp-content\/uploads\/2020\/09\/IMG_2817-2048x1488.jpg 2048w\" sizes=\"auto, (max-width: 1024px) 100vw, 1024px\" \/><\/figure>\n\n\n\n<div style=\"height:53px\" aria-hidden=\"true\" class=\"wp-block-spacer\"><\/div>\n\n\n\n<p style=\"font-size:30px;font-style:normal;font-weight:400\"><strong>\u00d6ffnungszeiten der Schulbibliothek im Schuljahr 2025\/26<\/strong><\/p>\n\n\n\n<figure class=\"wp-block-image size-large\"><img loading=\"lazy\" decoding=\"async\" width=\"1024\" height=\"724\" src=\"https:\/\/polgargym.at\/wordpress\/wp-content\/uploads\/2025\/09\/Bib-Oeffnungszeiten_2425-1024x724.png\" alt=\"\" class=\"wp-image-10452\" srcset=\"https:\/\/polgargym.at\/wordpress\/wp-content\/uploads\/2025\/09\/Bib-Oeffnungszeiten_2425-1024x724.png 1024w, https:\/\/polgargym.at\/wordpress\/wp-content\/uploads\/2025\/09\/Bib-Oeffnungszeiten_2425-300x212.png 300w, https:\/\/polgargym.at\/wordpress\/wp-content\/uploads\/2025\/09\/Bib-Oeffnungszeiten_2425-768x543.png 768w, https:\/\/polgargym.at\/wordpress\/wp-content\/uploads\/2025\/09\/Bib-Oeffnungszeiten_2425-1536x1086.png 1536w, https:\/\/polgargym.at\/wordpress\/wp-content\/uploads\/2025\/09\/Bib-Oeffnungszeiten_2425.png 2000w\" sizes=\"auto, (max-width: 1024px) 100vw, 1024px\" \/><\/figure>\n\n\n\n<p class=\"has-medium-font-size\"><\/p>\n\n\n\n<p class=\"has-medium-font-size\">Willst du wissen, ob ein bestimmtes Buch in der Bibliothek vorhanden ist und ob es gerade ausgeliehen ist, benutz die Suchfunktion unseres <a href=\"http:\/\/polgargym.webopac.at\" target=\"_blank\" rel=\"noreferrer noopener\">Webopacs<\/a>! Reservierungen von verborgten B\u00fcchern k\u00f6nnen jederzeit pers\u00f6nlich bei den Bibliothekarinnen gemacht werden.<\/p>\n\n\n\n<div style=\"height:30px\" aria-hidden=\"true\" class=\"wp-block-spacer\"><\/div>\n\n\n\n<p class=\"has-medium-font-size\">Hast du Fragen an das Bibliotheksteam oder einen B\u00fccherwunsch? Schreib gerne an <a href=\"mailto:bib.polgargym@polgargym.at\">bib.polgargym@polgargym.at<\/a>!<\/p>\n\n\n\n<p><\/p>\n\n\n\n<div style=\"height:65px\" aria-hidden=\"true\" class=\"wp-block-spacer\"><\/div>\n\n\n\n<h2 class=\"wp-block-heading\"><strong>Die Schulbibliothek des Polgargymnasium stellt <\/strong>sich vor:<\/h2>\n\n\n\n<div style=\"height:37px\" aria-hidden=\"true\" class=\"wp-block-spacer\"><\/div>\n\n\n\n<p style=\"font-size:18px\">Die Schulbibliothek des Polgargymnasiums wurde 2020 umgebaut wiederer\u00f6ffnet und hat derzeit einen Bestand von ca. 13 000 B\u00fcchern und zahlreichen Zeitschriften und Medien.<\/p>\n\n\n\n<div style=\"height:30px\" aria-hidden=\"true\" class=\"wp-block-spacer\"><\/div>\n\n\n\n<p style=\"font-size:18px\">Das Bibliotheksteam besteht aus Mag. Petra Hikade und Mag. Melanie Haselsteiner.<\/p>\n\n\n\n<div style=\"height:30px\" aria-hidden=\"true\" class=\"wp-block-spacer\"><\/div>\n\n\n\n<p style=\"font-size:18px\"><strong>Das Angebot der Bibliothek umfasst:<\/strong><\/p>\n\n\n\n<ul class=\"wp-block-list has-medium-font-size\">\n<li>Einen aktualisierten Bestand an Jugendliteratur und Sachb\u00fcchern<\/li>\n\n\n\n<li>\u00dcbergangsliteratur an Belletristik f\u00fcr die 5.\/6. Klassen (Schwerpunkt Kriminalliteratur)<\/li>\n\n\n\n<li>Auswahl an literarischen Werken vom Mittelalter bis zur Gegenwart<\/li>\n\n\n\n<li>Fremdsprachige Literatur f\u00fcr Franz\u00f6sisch, Spanisch und Englisch (mit Schwerpunkt auf Young Adult Literature f\u00fcr die Oberstufe)<\/li>\n\n\n\n<li>Fachliteratur, Unterrichtsmaterialien und Nachschlagewerke f\u00fcr alle Unterrichtsf\u00e4cher<\/li>\n\n\n\n<li>Fachzeitschriften<\/li>\n\n\n\n<li>Fachliteratur zum wissenschaftlichen Arbeiten und Ansichtsexemplare von VWAs<\/li>\n\n\n\n<li>Materialien zur Sprach- und Lesef\u00f6rderung<\/li>\n<\/ul>\n\n\n\n<div style=\"height:30px\" aria-hidden=\"true\" class=\"wp-block-spacer\"><\/div>\n\n\n\n<p style=\"font-size:18px\">Sie bietet au\u00dferdem ein breites Angebot von ca. 200 Klassens\u00e4tzen an Literatur f\u00fcr alle Schulstufen in Deutsch und in den Fremdsprachen Englisch, Franz\u00f6sisch und Spanisch, die von den Kolleg*innen mit den Sch\u00fcler*innen klassenweise zur gemeinsamen Lekt\u00fcre ausgeborgt werden.&nbsp;<\/p>\n\n\n\n<div style=\"height:30px\" aria-hidden=\"true\" class=\"wp-block-spacer\"><\/div>\n\n\n\n<p style=\"font-size:18px\">Alle Sch\u00fcler*innen der 1. Klassen werden vom Bibliotheksteam in einer Einf\u00fchrungsstunde mit der Benutzung und dem Angebot der Schulbibliothek vertraut gemacht.<\/p>\n\n\n\n<div style=\"height:30px\" aria-hidden=\"true\" class=\"wp-block-spacer\"><\/div>\n\n\n\n<p style=\"font-size:18px\">Die Bibliothek ist nach einer vorherigen Buchung von allen Kolleg*innen als Unterrichtsort mit gem\u00fctlichen Sitzgelegenheiten, Schreibtischen (inkl. Computerarbeitspl\u00e4tzen) und einem Beamer zu benutzen.<\/p>\n\n\n\n<div style=\"height:30px\" aria-hidden=\"true\" class=\"wp-block-spacer\"><\/div>\n\n\n\n<p style=\"font-size:18px\">Im Rahmen der \u00d6ffnungszeiten der Bibliothek steht sie allen Sch\u00fcler*innen als Arbeitsplatz, ruhiger Leseort und zur pers\u00f6nlichen Beratung durch das Bibliotheksteam zur Verf\u00fcgung.<\/p>\n","protected":false},"excerpt":{"rendered":"<p>\u00d6ffnungszeiten der Schulbibliothek im Schuljahr 2025\/26 Willst du wissen, ob ein bestimmtes Buch in der Bibliothek vorhanden ist und ob es gerade ausgeliehen ist, benutz die Suchfunktion unseres Webopacs! Reservierungen von verborgten B\u00fcchern k\u00f6nnen jederzeit pers\u00f6nlich bei den Bibliothekarinnen gemacht werden. Hast du Fragen an das Bibliotheksteam oder einen B\u00fccherwunsch? Schreib gerne an bib.polgargym@polgargym.at! Die [&hellip;]<\/p>\n","protected":false},"author":11,"featured_media":0,"parent":0,"menu_order":0,"comment_status":"closed","ping_status":"closed","template":"","meta":{"footnotes":""},"class_list":["post-4750","page","type-page","status-publish","hentry"],"_links":{"self":[{"href":"https:\/\/polgargym.at\/wordpress\/wp-json\/wp\/v2\/pages\/4750","targetHints":{"allow":["GET"]}}],"collection":[{"href":"https:\/\/polgargym.at\/wordpress\/wp-json\/wp\/v2\/pages"}],"about":[{"href":"https:\/\/polgargym.at\/wordpress\/wp-json\/wp\/v2\/types\/page"}],"author":[{"embeddable":true,"href":"https:\/\/polgargym.at\/wordpress\/wp-json\/wp\/v2\/users\/11"}],"replies":[{"embeddable":true,"href":"https:\/\/polgargym.at\/wordpress\/wp-json\/wp\/v2\/comments?post=4750"}],"version-history":[{"count":20,"href":"https:\/\/polgargym.at\/wordpress\/wp-json\/wp\/v2\/pages\/4750\/revisions"}],"predecessor-version":[{"id":10455,"href":"https:\/\/polgargym.at\/wordpress\/wp-json\/wp\/v2\/pages\/4750\/revisions\/10455"}],"wp:attachment":[{"href":"https:\/\/polgargym.at\/wordpress\/wp-json\/wp\/v2\/media?parent=4750"}],"curies":[{"name":"wp","href":"https:\/\/api.w.org\/{rel}","templated":true}]}}