{"id":5390,"date":"2021-06-28T22:17:39","date_gmt":"2021-06-28T20:17:39","guid":{"rendered":"https:\/\/polgargym.at\/?page_id=5390"},"modified":"2021-06-28T22:17:42","modified_gmt":"2021-06-28T20:17:42","slug":"bildnerisches-gestalten","status":"publish","type":"page","link":"https:\/\/polgargym.at\/wordpress\/bildnerisches-gestalten\/","title":{"rendered":"Oberstufenzweig mit dem Schwerpunkt Bildnerisches Gestalten"},"content":{"rendered":"\n<div style=\"height:50px\" aria-hidden=\"true\" class=\"wp-block-spacer\"><\/div>\n\n\n\n<p class=\"has-medium-font-size\">Durch das Oberstufenrealgymnasium mit schulautonomer Schwerpunktsetzung im Bereich \u201eBildnerisches Gestalten\u201c wird Sch\u00fcler_innen neben der Allgemeinbildung im Bereich Kunst und Bildnerische Erziehung auch die M\u00f6glichkeit zur Vertiefung in den Bereichen Produktgestaltung, Design, Mode, Architektur, Fotografie, Plastisches Gestalten und visuelle Medien angeboten.&nbsp;&nbsp;&nbsp;&nbsp;<\/p>\n\n\n\n<div style=\"height:20px\" aria-hidden=\"true\" class=\"wp-block-spacer\"><\/div>\n\n\n\n<p class=\"has-medium-font-size\">Der Unterricht umfasst insgesamt 8 Stunden in den vier Jahren der Oberstufe und erfolgt in geteilten Klassen mit einer durchschnittlichen Gruppengr\u00f6\u00dfe von 14 Sch\u00fcler_innen.<\/p>\n\n\n\n<div style=\"height:20px\" aria-hidden=\"true\" class=\"wp-block-spacer\"><\/div>\n\n\n\n<p class=\"has-medium-font-size\">Interessierte Sch\u00fcler_innen arbeiten im k\u00fcnstlerisch-handwerklich-textilen Bereich individuell und in Projektgruppen zu unterschiedlichen Themenstellungen. Die dabei entstehenden Produkte und Arbeitsprozesse werden in einem Portfolio und Skizzenheft dokumentiert. Das Entwerfen und Finden eigenst\u00e4ndiger Gestaltungsl\u00f6sungen in Verschr\u00e4nkung mit der theoretischen Auseinandersetzung (Kunstgeschichte, Reflexion \u00fcber Medien, Design, Alltags\u00e4sthetik und visuelle Kommunikation) stehen im Vordergrund.&nbsp;<\/p>\n\n\n\n<div style=\"height:20px\" aria-hidden=\"true\" class=\"wp-block-spacer\"><\/div>\n\n\n\n<p class=\"has-medium-font-size\">Im Rahmen von Lehrausg\u00e4ngen besuchen wir regelm\u00e4\u00dfig kulturvermittelnde Institutionen (Museen, Ausstellungsr\u00e4ume, Architekturzentren, Kunst im \u00f6ffentlichen Raum, Programmkinos).<\/p>\n\n\n\n<div style=\"height:20px\" aria-hidden=\"true\" class=\"wp-block-spacer\"><\/div>\n\n\n\n<p class=\"has-medium-font-size\">Es besteht die M\u00f6glichkeit, im Fach BG m\u00fcndlich zur Reifepr\u00fcfung anzutreten. Neben der Reproduktion und Reflexion der Inhalte des Faches m\u00fcssen die Kanditat_innen f\u00fcr die BG-Matura eine ad\u00e4quate Dokumentationsmappe mit praktischen Arbeiten pr\u00e4sentieren.<\/p>\n","protected":false},"excerpt":{"rendered":"<p>Durch das Oberstufenrealgymnasium mit schulautonomer Schwerpunktsetzung im Bereich \u201eBildnerisches Gestalten\u201c wird Sch\u00fcler_innen neben der Allgemeinbildung im Bereich Kunst und Bildnerische Erziehung auch die M\u00f6glichkeit zur Vertiefung in den Bereichen Produktgestaltung, Design, Mode, Architektur, Fotografie, Plastisches Gestalten und visuelle Medien angeboten.&nbsp;&nbsp;&nbsp;&nbsp; Der Unterricht umfasst insgesamt 8 Stunden in den vier Jahren der Oberstufe und erfolgt in [&hellip;]<\/p>\n","protected":false},"author":49,"featured_media":0,"parent":0,"menu_order":0,"comment_status":"closed","ping_status":"closed","template":"","meta":{"footnotes":""},"class_list":["post-5390","page","type-page","status-publish","hentry"],"_links":{"self":[{"href":"https:\/\/polgargym.at\/wordpress\/wp-json\/wp\/v2\/pages\/5390","targetHints":{"allow":["GET"]}}],"collection":[{"href":"https:\/\/polgargym.at\/wordpress\/wp-json\/wp\/v2\/pages"}],"about":[{"href":"https:\/\/polgargym.at\/wordpress\/wp-json\/wp\/v2\/types\/page"}],"author":[{"embeddable":true,"href":"https:\/\/polgargym.at\/wordpress\/wp-json\/wp\/v2\/users\/49"}],"replies":[{"embeddable":true,"href":"https:\/\/polgargym.at\/wordpress\/wp-json\/wp\/v2\/comments?post=5390"}],"version-history":[{"count":1,"href":"https:\/\/polgargym.at\/wordpress\/wp-json\/wp\/v2\/pages\/5390\/revisions"}],"predecessor-version":[{"id":5392,"href":"https:\/\/polgargym.at\/wordpress\/wp-json\/wp\/v2\/pages\/5390\/revisions\/5392"}],"wp:attachment":[{"href":"https:\/\/polgargym.at\/wordpress\/wp-json\/wp\/v2\/media?parent=5390"}],"curies":[{"name":"wp","href":"https:\/\/api.w.org\/{rel}","templated":true}]}}