{"id":5599,"date":"2021-10-12T13:50:56","date_gmt":"2021-10-12T11:50:56","guid":{"rendered":"https:\/\/polgargym.at\/?page_id=5599"},"modified":"2025-11-10T17:44:43","modified_gmt":"2025-11-10T16:44:43","slug":"wohin-nach-der-2-klasse","status":"publish","type":"page","link":"https:\/\/polgargym.at\/wordpress\/wohin-nach-der-2-klasse\/","title":{"rendered":"Wohin nach der 2. Klasse?"},"content":{"rendered":"\n<p class=\"has-medium-font-size\">Erg\u00e4nzend zum Informationsabend f\u00fcr die 2. Klassen hier noch einmal die wichtigsten Informationen, die die Entscheidungsfindung, wie es f\u00fcr die Sch\u00fclerinnen und Sch\u00fcler der 2. Klassen hier am Polgargymnasium weitergehen soll, unterst\u00fctzen sollen.<\/p>\n\n\n\n<div style=\"height:0px\" aria-hidden=\"true\" class=\"wp-block-spacer\"><\/div>\n\n\n\n<div data-wp-interactive=\"core\/file\" class=\"wp-block-file\"><object data-wp-bind--hidden=\"!state.hasPdfPreview\" hidden class=\"wp-block-file__embed\" data=\"https:\/\/polgargym.at\/wordpress\/wp-content\/uploads\/2025\/11\/Info_2.Klassen_2025-11.pdf\" type=\"application\/pdf\" style=\"width:100%;height:600px\" aria-label=\"Einbettung von Info_2.Klassen_2025-11.\"><\/object><a id=\"wp-block-file--media-d863a4e2-5bd5-49d1-a4fa-a5b041a5e418\" href=\"https:\/\/polgargym.at\/wordpress\/wp-content\/uploads\/2025\/11\/Info_2.Klassen_2025-11.pdf\">Info_2.Klassen_2025-11<\/a><a href=\"https:\/\/polgargym.at\/wordpress\/wp-content\/uploads\/2025\/11\/Info_2.Klassen_2025-11.pdf\" class=\"wp-block-file__button wp-element-button\" download aria-describedby=\"wp-block-file--media-d863a4e2-5bd5-49d1-a4fa-a5b041a5e418\">Herunterladen<\/a><\/div>\n\n\n\n<div style=\"height:30px\" aria-hidden=\"true\" class=\"wp-block-spacer\"><\/div>\n\n\n\n<p class=\"has-medium-font-size\">Anfragen und R\u00fcckfragen bitte an:&nbsp;<em><a class=\"\" href=\"mailto:ekoller@polgargym.at\">ekoller@polgargym.at<\/a>&nbsp;<\/em>oder<em>&nbsp;<a class=\"\" href=\"mailto:abaumann@polgargym.at\">abaumann@polgargym.at<\/a><\/em><\/p>\n","protected":false},"excerpt":{"rendered":"<p>Erg\u00e4nzend zum Informationsabend f\u00fcr die 2. Klassen hier noch einmal die wichtigsten Informationen, die die Entscheidungsfindung, wie es f\u00fcr die Sch\u00fclerinnen und Sch\u00fcler der 2. Klassen hier am Polgargymnasium weitergehen soll, unterst\u00fctzen sollen. Anfragen und R\u00fcckfragen bitte an:&nbsp;ekoller@polgargym.at&nbsp;oder&nbsp;abaumann@polgargym.at<\/p>\n","protected":false},"author":11,"featured_media":0,"parent":0,"menu_order":0,"comment_status":"closed","ping_status":"closed","template":"","meta":{"footnotes":""},"class_list":["post-5599","page","type-page","status-publish","hentry"],"_links":{"self":[{"href":"https:\/\/polgargym.at\/wordpress\/wp-json\/wp\/v2\/pages\/5599","targetHints":{"allow":["GET"]}}],"collection":[{"href":"https:\/\/polgargym.at\/wordpress\/wp-json\/wp\/v2\/pages"}],"about":[{"href":"https:\/\/polgargym.at\/wordpress\/wp-json\/wp\/v2\/types\/page"}],"author":[{"embeddable":true,"href":"https:\/\/polgargym.at\/wordpress\/wp-json\/wp\/v2\/users\/11"}],"replies":[{"embeddable":true,"href":"https:\/\/polgargym.at\/wordpress\/wp-json\/wp\/v2\/comments?post=5599"}],"version-history":[{"count":8,"href":"https:\/\/polgargym.at\/wordpress\/wp-json\/wp\/v2\/pages\/5599\/revisions"}],"predecessor-version":[{"id":10895,"href":"https:\/\/polgargym.at\/wordpress\/wp-json\/wp\/v2\/pages\/5599\/revisions\/10895"}],"wp:attachment":[{"href":"https:\/\/polgargym.at\/wordpress\/wp-json\/wp\/v2\/media?parent=5599"}],"curies":[{"name":"wp","href":"https:\/\/api.w.org\/{rel}","templated":true}]}}