{"id":5756,"date":"2021-11-30T21:51:57","date_gmt":"2021-11-30T20:51:57","guid":{"rendered":"https:\/\/polgargym.at\/?page_id=5756"},"modified":"2021-11-30T22:05:16","modified_gmt":"2021-11-30T21:05:16","slug":"vielfach-deutsch-die-2d-lernt-das-zwiebelschneiden","status":"publish","type":"page","link":"https:\/\/polgargym.at\/wordpress\/vielfach-deutsch-die-2d-lernt-das-zwiebelschneiden\/","title":{"rendered":"VIELfach Deutsch &#8211; die 2D lernt das Zwiebelschneiden"},"content":{"rendered":"\n<p>Dass Dinge, die man im Deutschunterricht \u00fcbt und lernt, auch n\u00fctzlich f\u00fcr das Leben au\u00dferhalb der Schule sein k\u00f6nnen, ist der 2D-Deutschgruppe von Frau Prof. Haselsteiner unter Tr\u00e4nen \ud83d\ude0a bewusst geworden.<\/p>\n\n\n\n<p>Im Unterricht dreht sich gerade alles um Anleitungen und Beschreibungen. Im Zuge dessen musste die Klasse auf YouTube verschiedene Anleitungen zum Zwiebelschneiden studieren und dann anhand des besten selbst Hand an Messer und Zwiebel legen. Was dabei herauskam, wurde mit einem Foto festgehalten und die Zwiebel in den meisten F\u00e4llen gleich noch verkocht.<\/p>\n\n\n\n<figure class=\"wp-block-gallery columns-5 is-cropped wp-block-gallery-1 is-layout-flex wp-block-gallery-is-layout-flex\"><ul class=\"blocks-gallery-grid\"><li class=\"blocks-gallery-item\"><figure><img loading=\"lazy\" decoding=\"async\" width=\"225\" height=\"300\" src=\"https:\/\/polgargym.at\/wordpress\/wp-content\/uploads\/2021\/11\/IMG_0148-225x300.jpg\" alt=\"\" data-id=\"5774\" data-link=\"https:\/\/polgargym.at\/?attachment_id=5774\" class=\"wp-image-5774\" srcset=\"https:\/\/polgargym.at\/wordpress\/wp-content\/uploads\/2021\/11\/IMG_0148-225x300.jpg 225w, https:\/\/polgargym.at\/wordpress\/wp-content\/uploads\/2021\/11\/IMG_0148-768x1024.jpg 768w, https:\/\/polgargym.at\/wordpress\/wp-content\/uploads\/2021\/11\/IMG_0148-1152x1536.jpg 1152w, https:\/\/polgargym.at\/wordpress\/wp-content\/uploads\/2021\/11\/IMG_0148-1536x2048.jpg 1536w, https:\/\/polgargym.at\/wordpress\/wp-content\/uploads\/2021\/11\/IMG_0148.jpg 1920w\" sizes=\"auto, (max-width: 225px) 100vw, 225px\" \/><\/figure><\/li><li class=\"blocks-gallery-item\"><figure><img loading=\"lazy\" decoding=\"async\" width=\"225\" height=\"300\" src=\"https:\/\/polgargym.at\/wordpress\/wp-content\/uploads\/2021\/11\/IMG_0149-225x300.jpg\" alt=\"\" data-id=\"5775\" data-link=\"https:\/\/polgargym.at\/?attachment_id=5775\" class=\"wp-image-5775\" srcset=\"https:\/\/polgargym.at\/wordpress\/wp-content\/uploads\/2021\/11\/IMG_0149-225x300.jpg 225w, https:\/\/polgargym.at\/wordpress\/wp-content\/uploads\/2021\/11\/IMG_0149-768x1024.jpg 768w, https:\/\/polgargym.at\/wordpress\/wp-content\/uploads\/2021\/11\/IMG_0149-1152x1536.jpg 1152w, https:\/\/polgargym.at\/wordpress\/wp-content\/uploads\/2021\/11\/IMG_0149-1536x2048.jpg 1536w, https:\/\/polgargym.at\/wordpress\/wp-content\/uploads\/2021\/11\/IMG_0149.jpg 1920w\" sizes=\"auto, (max-width: 225px) 100vw, 225px\" \/><\/figure><\/li><li class=\"blocks-gallery-item\"><figure><img loading=\"lazy\" decoding=\"async\" width=\"300\" height=\"225\" src=\"https:\/\/polgargym.at\/wordpress\/wp-content\/uploads\/2021\/11\/z2-300x225.jpg\" alt=\"\" data-id=\"5773\" data-link=\"https:\/\/polgargym.at\/?attachment_id=5773\" class=\"wp-image-5773\" srcset=\"https:\/\/polgargym.at\/wordpress\/wp-content\/uploads\/2021\/11\/z2-300x225.jpg 300w, https:\/\/polgargym.at\/wordpress\/wp-content\/uploads\/2021\/11\/z2-1024x768.jpg 1024w, https:\/\/polgargym.at\/wordpress\/wp-content\/uploads\/2021\/11\/z2-768x576.jpg 768w, https:\/\/polgargym.at\/wordpress\/wp-content\/uploads\/2021\/11\/z2.jpg 1280w\" sizes=\"auto, (max-width: 300px) 100vw, 300px\" \/><\/figure><\/li><li class=\"blocks-gallery-item\"><figure><img loading=\"lazy\" decoding=\"async\" width=\"300\" height=\"180\" src=\"https:\/\/polgargym.at\/wordpress\/wp-content\/uploads\/2021\/11\/Videoanleitungen-zum-Zwiebelschneiden-1-300x180.jpeg\" alt=\"\" data-id=\"5772\" data-link=\"https:\/\/polgargym.at\/?attachment_id=5772\" class=\"wp-image-5772\" srcset=\"https:\/\/polgargym.at\/wordpress\/wp-content\/uploads\/2021\/11\/Videoanleitungen-zum-Zwiebelschneiden-1-300x180.jpeg 300w, https:\/\/polgargym.at\/wordpress\/wp-content\/uploads\/2021\/11\/Videoanleitungen-zum-Zwiebelschneiden-1-1024x613.jpeg 1024w, https:\/\/polgargym.at\/wordpress\/wp-content\/uploads\/2021\/11\/Videoanleitungen-zum-Zwiebelschneiden-1-768x460.jpeg 768w, https:\/\/polgargym.at\/wordpress\/wp-content\/uploads\/2021\/11\/Videoanleitungen-zum-Zwiebelschneiden-1-1536x920.jpeg 1536w, https:\/\/polgargym.at\/wordpress\/wp-content\/uploads\/2021\/11\/Videoanleitungen-zum-Zwiebelschneiden-1.jpeg 1920w\" sizes=\"auto, (max-width: 300px) 100vw, 300px\" \/><\/figure><\/li><li class=\"blocks-gallery-item\"><figure><img loading=\"lazy\" decoding=\"async\" width=\"225\" height=\"300\" src=\"https:\/\/polgargym.at\/wordpress\/wp-content\/uploads\/2021\/11\/MicrosoftTeams-image-13-225x300.jpg\" alt=\"\" data-id=\"5771\" data-link=\"https:\/\/polgargym.at\/?attachment_id=5771\" class=\"wp-image-5771\" srcset=\"https:\/\/polgargym.at\/wordpress\/wp-content\/uploads\/2021\/11\/MicrosoftTeams-image-13-225x300.jpg 225w, https:\/\/polgargym.at\/wordpress\/wp-content\/uploads\/2021\/11\/MicrosoftTeams-image-13.jpg 768w\" sizes=\"auto, (max-width: 225px) 100vw, 225px\" \/><\/figure><\/li><li class=\"blocks-gallery-item\"><figure><img loading=\"lazy\" decoding=\"async\" width=\"195\" height=\"300\" src=\"https:\/\/polgargym.at\/wordpress\/wp-content\/uploads\/2021\/11\/MicrosoftTeams-image-12-195x300.jpg\" alt=\"\" data-id=\"5770\" data-link=\"https:\/\/polgargym.at\/?attachment_id=5770\" class=\"wp-image-5770\" srcset=\"https:\/\/polgargym.at\/wordpress\/wp-content\/uploads\/2021\/11\/MicrosoftTeams-image-12-195x300.jpg 195w, https:\/\/polgargym.at\/wordpress\/wp-content\/uploads\/2021\/11\/MicrosoftTeams-image-12-666x1024.jpg 666w, https:\/\/polgargym.at\/wordpress\/wp-content\/uploads\/2021\/11\/MicrosoftTeams-image-12.jpg 750w\" sizes=\"auto, (max-width: 195px) 100vw, 195px\" \/><\/figure><\/li><li class=\"blocks-gallery-item\"><figure><img loading=\"lazy\" decoding=\"async\" width=\"300\" height=\"225\" src=\"https:\/\/polgargym.at\/wordpress\/wp-content\/uploads\/2021\/11\/IMG_20211116_203232-300x225.jpg\" alt=\"\" data-id=\"5769\" data-link=\"https:\/\/polgargym.at\/?attachment_id=5769\" class=\"wp-image-5769\" srcset=\"https:\/\/polgargym.at\/wordpress\/wp-content\/uploads\/2021\/11\/IMG_20211116_203232-300x225.jpg 300w, https:\/\/polgargym.at\/wordpress\/wp-content\/uploads\/2021\/11\/IMG_20211116_203232-1024x768.jpg 1024w, https:\/\/polgargym.at\/wordpress\/wp-content\/uploads\/2021\/11\/IMG_20211116_203232-768x576.jpg 768w, https:\/\/polgargym.at\/wordpress\/wp-content\/uploads\/2021\/11\/IMG_20211116_203232-1536x1152.jpg 1536w, https:\/\/polgargym.at\/wordpress\/wp-content\/uploads\/2021\/11\/IMG_20211116_203232-2048x1536.jpg 2048w\" sizes=\"auto, (max-width: 300px) 100vw, 300px\" \/><\/figure><\/li><li class=\"blocks-gallery-item\"><figure><img loading=\"lazy\" decoding=\"async\" width=\"169\" height=\"300\" src=\"https:\/\/polgargym.at\/wordpress\/wp-content\/uploads\/2021\/11\/1637183630290-2-169x300.jpg\" alt=\"\" data-id=\"5764\" data-link=\"https:\/\/polgargym.at\/?attachment_id=5764\" class=\"wp-image-5764\" srcset=\"https:\/\/polgargym.at\/wordpress\/wp-content\/uploads\/2021\/11\/1637183630290-2-169x300.jpg 169w, https:\/\/polgargym.at\/wordpress\/wp-content\/uploads\/2021\/11\/1637183630290-2-576x1024.jpg 576w, https:\/\/polgargym.at\/wordpress\/wp-content\/uploads\/2021\/11\/1637183630290-2.jpg 720w\" sizes=\"auto, (max-width: 169px) 100vw, 169px\" \/><\/figure><\/li><li class=\"blocks-gallery-item\"><figure><img loading=\"lazy\" decoding=\"async\" width=\"169\" height=\"300\" src=\"https:\/\/polgargym.at\/wordpress\/wp-content\/uploads\/2021\/11\/1637183630290-1-169x300.jpg\" alt=\"\" data-id=\"5763\" data-link=\"https:\/\/polgargym.at\/?attachment_id=5763\" class=\"wp-image-5763\" srcset=\"https:\/\/polgargym.at\/wordpress\/wp-content\/uploads\/2021\/11\/1637183630290-1-169x300.jpg 169w, https:\/\/polgargym.at\/wordpress\/wp-content\/uploads\/2021\/11\/1637183630290-1-576x1024.jpg 576w, https:\/\/polgargym.at\/wordpress\/wp-content\/uploads\/2021\/11\/1637183630290-1.jpg 720w\" sizes=\"auto, (max-width: 169px) 100vw, 169px\" \/><\/figure><\/li><li class=\"blocks-gallery-item\"><figure><img loading=\"lazy\" decoding=\"async\" width=\"169\" height=\"300\" src=\"https:\/\/polgargym.at\/wordpress\/wp-content\/uploads\/2021\/11\/1637183630290-0-169x300.jpg\" alt=\"\" data-id=\"5762\" data-link=\"https:\/\/polgargym.at\/?attachment_id=5762\" class=\"wp-image-5762\" srcset=\"https:\/\/polgargym.at\/wordpress\/wp-content\/uploads\/2021\/11\/1637183630290-0-169x300.jpg 169w, https:\/\/polgargym.at\/wordpress\/wp-content\/uploads\/2021\/11\/1637183630290-0-576x1024.jpg 576w, https:\/\/polgargym.at\/wordpress\/wp-content\/uploads\/2021\/11\/1637183630290-0.jpg 720w\" sizes=\"auto, (max-width: 169px) 100vw, 169px\" \/><\/figure><\/li><li class=\"blocks-gallery-item\"><figure><img loading=\"lazy\" decoding=\"async\" width=\"169\" height=\"300\" src=\"https:\/\/polgargym.at\/wordpress\/wp-content\/uploads\/2021\/11\/1637183630290-3-169x300.jpg\" alt=\"\" data-id=\"5765\" data-link=\"https:\/\/polgargym.at\/?attachment_id=5765\" class=\"wp-image-5765\" srcset=\"https:\/\/polgargym.at\/wordpress\/wp-content\/uploads\/2021\/11\/1637183630290-3-169x300.jpg 169w, https:\/\/polgargym.at\/wordpress\/wp-content\/uploads\/2021\/11\/1637183630290-3-576x1024.jpg 576w, https:\/\/polgargym.at\/wordpress\/wp-content\/uploads\/2021\/11\/1637183630290-3.jpg 720w\" sizes=\"auto, (max-width: 169px) 100vw, 169px\" \/><\/figure><\/li><li class=\"blocks-gallery-item\"><figure><img loading=\"lazy\" decoding=\"async\" width=\"155\" height=\"300\" src=\"https:\/\/polgargym.at\/wordpress\/wp-content\/uploads\/2021\/11\/MicrosoftTeams-image-14-155x300.jpg\" alt=\"\" data-id=\"5779\" data-full-url=\"https:\/\/polgargym.at\/wordpress\/wp-content\/uploads\/2021\/11\/MicrosoftTeams-image-14.jpg\" data-link=\"https:\/\/polgargym.at\/vielfach-deutsch-die-2d-lernt-das-zwiebelschneiden\/microsoftteams-image-14\/\" class=\"wp-image-5779\" srcset=\"https:\/\/polgargym.at\/wordpress\/wp-content\/uploads\/2021\/11\/MicrosoftTeams-image-14-155x300.jpg 155w, https:\/\/polgargym.at\/wordpress\/wp-content\/uploads\/2021\/11\/MicrosoftTeams-image-14-530x1024.jpg 530w, https:\/\/polgargym.at\/wordpress\/wp-content\/uploads\/2021\/11\/MicrosoftTeams-image-14-768x1485.jpg 768w, https:\/\/polgargym.at\/wordpress\/wp-content\/uploads\/2021\/11\/MicrosoftTeams-image-14-794x1536.jpg 794w, https:\/\/polgargym.at\/wordpress\/wp-content\/uploads\/2021\/11\/MicrosoftTeams-image-14.jpg 827w\" sizes=\"auto, (max-width: 155px) 100vw, 155px\" \/><\/figure><\/li><li class=\"blocks-gallery-item\"><figure><img loading=\"lazy\" decoding=\"async\" width=\"225\" height=\"300\" src=\"https:\/\/polgargym.at\/wordpress\/wp-content\/uploads\/2021\/11\/20211117_172742-225x300.jpg\" alt=\"\" data-id=\"5761\" data-link=\"https:\/\/polgargym.at\/?attachment_id=5761\" class=\"wp-image-5761\" srcset=\"https:\/\/polgargym.at\/wordpress\/wp-content\/uploads\/2021\/11\/20211117_172742-225x300.jpg 225w, https:\/\/polgargym.at\/wordpress\/wp-content\/uploads\/2021\/11\/20211117_172742-768x1024.jpg 768w, https:\/\/polgargym.at\/wordpress\/wp-content\/uploads\/2021\/11\/20211117_172742-1152x1536.jpg 1152w, https:\/\/polgargym.at\/wordpress\/wp-content\/uploads\/2021\/11\/20211117_172742-1536x2048.jpg 1536w, https:\/\/polgargym.at\/wordpress\/wp-content\/uploads\/2021\/11\/20211117_172742-rotated.jpg 1920w\" sizes=\"auto, (max-width: 225px) 100vw, 225px\" \/><\/figure><\/li><li class=\"blocks-gallery-item\"><figure><img loading=\"lazy\" decoding=\"async\" width=\"169\" height=\"300\" src=\"https:\/\/polgargym.at\/wordpress\/wp-content\/uploads\/2021\/11\/20211116_174116-169x300.jpg\" alt=\"\" data-id=\"5759\" data-link=\"https:\/\/polgargym.at\/?attachment_id=5759\" class=\"wp-image-5759\" srcset=\"https:\/\/polgargym.at\/wordpress\/wp-content\/uploads\/2021\/11\/20211116_174116-169x300.jpg 169w, https:\/\/polgargym.at\/wordpress\/wp-content\/uploads\/2021\/11\/20211116_174116-576x1024.jpg 576w, https:\/\/polgargym.at\/wordpress\/wp-content\/uploads\/2021\/11\/20211116_174116-768x1365.jpg 768w, https:\/\/polgargym.at\/wordpress\/wp-content\/uploads\/2021\/11\/20211116_174116-864x1536.jpg 864w, https:\/\/polgargym.at\/wordpress\/wp-content\/uploads\/2021\/11\/20211116_174116-1152x2048.jpg 1152w, https:\/\/polgargym.at\/wordpress\/wp-content\/uploads\/2021\/11\/20211116_174116-rotated.jpg 1440w\" sizes=\"auto, (max-width: 169px) 100vw, 169px\" \/><\/figure><\/li><li class=\"blocks-gallery-item\"><figure><img loading=\"lazy\" decoding=\"async\" width=\"225\" height=\"300\" src=\"https:\/\/polgargym.at\/wordpress\/wp-content\/uploads\/2021\/11\/5546D67A-7160-4EDF-9A70-7982808BED23-225x300.jpeg\" alt=\"\" data-id=\"5757\" data-link=\"https:\/\/polgargym.at\/?attachment_id=5757\" class=\"wp-image-5757\" srcset=\"https:\/\/polgargym.at\/wordpress\/wp-content\/uploads\/2021\/11\/5546D67A-7160-4EDF-9A70-7982808BED23-225x300.jpeg 225w, https:\/\/polgargym.at\/wordpress\/wp-content\/uploads\/2021\/11\/5546D67A-7160-4EDF-9A70-7982808BED23-768x1024.jpeg 768w, https:\/\/polgargym.at\/wordpress\/wp-content\/uploads\/2021\/11\/5546D67A-7160-4EDF-9A70-7982808BED23-1152x1536.jpeg 1152w, https:\/\/polgargym.at\/wordpress\/wp-content\/uploads\/2021\/11\/5546D67A-7160-4EDF-9A70-7982808BED23-1536x2048.jpeg 1536w, https:\/\/polgargym.at\/wordpress\/wp-content\/uploads\/2021\/11\/5546D67A-7160-4EDF-9A70-7982808BED23-rotated.jpeg 1920w\" sizes=\"auto, (max-width: 225px) 100vw, 225px\" \/><\/figure><\/li><li class=\"blocks-gallery-item\"><figure><img loading=\"lazy\" decoding=\"async\" width=\"169\" height=\"300\" src=\"https:\/\/polgargym.at\/wordpress\/wp-content\/uploads\/2021\/11\/20211116_173248-169x300.jpg\" alt=\"\" data-id=\"5758\" data-link=\"https:\/\/polgargym.at\/?attachment_id=5758\" class=\"wp-image-5758\" srcset=\"https:\/\/polgargym.at\/wordpress\/wp-content\/uploads\/2021\/11\/20211116_173248-169x300.jpg 169w, https:\/\/polgargym.at\/wordpress\/wp-content\/uploads\/2021\/11\/20211116_173248-576x1024.jpg 576w, https:\/\/polgargym.at\/wordpress\/wp-content\/uploads\/2021\/11\/20211116_173248-768x1365.jpg 768w, https:\/\/polgargym.at\/wordpress\/wp-content\/uploads\/2021\/11\/20211116_173248-864x1536.jpg 864w, https:\/\/polgargym.at\/wordpress\/wp-content\/uploads\/2021\/11\/20211116_173248-1152x2048.jpg 1152w, https:\/\/polgargym.at\/wordpress\/wp-content\/uploads\/2021\/11\/20211116_173248-rotated.jpg 1440w\" sizes=\"auto, (max-width: 169px) 100vw, 169px\" \/><\/figure><\/li><li class=\"blocks-gallery-item\"><figure><img loading=\"lazy\" decoding=\"async\" width=\"225\" height=\"300\" src=\"https:\/\/polgargym.at\/wordpress\/wp-content\/uploads\/2021\/11\/MicrosoftTeams-image-15-225x300.jpg\" alt=\"\" data-id=\"5780\" data-full-url=\"https:\/\/polgargym.at\/wordpress\/wp-content\/uploads\/2021\/11\/MicrosoftTeams-image-15.jpg\" data-link=\"https:\/\/polgargym.at\/vielfach-deutsch-die-2d-lernt-das-zwiebelschneiden\/microsoftteams-image-15\/\" class=\"wp-image-5780\" srcset=\"https:\/\/polgargym.at\/wordpress\/wp-content\/uploads\/2021\/11\/MicrosoftTeams-image-15-225x300.jpg 225w, https:\/\/polgargym.at\/wordpress\/wp-content\/uploads\/2021\/11\/MicrosoftTeams-image-15-768x1024.jpg 768w, https:\/\/polgargym.at\/wordpress\/wp-content\/uploads\/2021\/11\/MicrosoftTeams-image-15-1152x1536.jpg 1152w, https:\/\/polgargym.at\/wordpress\/wp-content\/uploads\/2021\/11\/MicrosoftTeams-image-15-1536x2048.jpg 1536w, https:\/\/polgargym.at\/wordpress\/wp-content\/uploads\/2021\/11\/MicrosoftTeams-image-15.jpg 1728w\" sizes=\"auto, (max-width: 225px) 100vw, 225px\" \/><\/figure><\/li><li class=\"blocks-gallery-item\"><figure><img loading=\"lazy\" decoding=\"async\" width=\"211\" height=\"300\" src=\"https:\/\/polgargym.at\/wordpress\/wp-content\/uploads\/2021\/11\/BC5E018E-FCB5-434F-931F-15389E806E0D-211x300.jpeg\" alt=\"\" data-id=\"5766\" data-link=\"https:\/\/polgargym.at\/?attachment_id=5766\" class=\"wp-image-5766\" srcset=\"https:\/\/polgargym.at\/wordpress\/wp-content\/uploads\/2021\/11\/BC5E018E-FCB5-434F-931F-15389E806E0D-211x300.jpeg 211w, https:\/\/polgargym.at\/wordpress\/wp-content\/uploads\/2021\/11\/BC5E018E-FCB5-434F-931F-15389E806E0D-719x1024.jpeg 719w, https:\/\/polgargym.at\/wordpress\/wp-content\/uploads\/2021\/11\/BC5E018E-FCB5-434F-931F-15389E806E0D-768x1094.jpeg 768w, https:\/\/polgargym.at\/wordpress\/wp-content\/uploads\/2021\/11\/BC5E018E-FCB5-434F-931F-15389E806E0D-1078x1536.jpeg 1078w, https:\/\/polgargym.at\/wordpress\/wp-content\/uploads\/2021\/11\/BC5E018E-FCB5-434F-931F-15389E806E0D-1437x2048.jpeg 1437w, https:\/\/polgargym.at\/wordpress\/wp-content\/uploads\/2021\/11\/BC5E018E-FCB5-434F-931F-15389E806E0D.jpeg 1797w\" sizes=\"auto, (max-width: 211px) 100vw, 211px\" \/><\/figure><\/li><\/ul><\/figure>\n\n\n\n<p>Wer sich selbst versuchen will, hier ein paar der empfohlenen Videoanleitungen zum Zwiebelschneiden:<\/p>\n\n\n\n<figure class=\"wp-block-embed is-type-video is-provider-youtube wp-block-embed-youtube wp-embed-aspect-16-9 wp-has-aspect-ratio\"><div class=\"wp-block-embed__wrapper\">\n<iframe loading=\"lazy\" title=\"Kitchen Basics: Zwiebeln richtig schneiden!\" width=\"750\" height=\"422\" src=\"https:\/\/www.youtube.com\/embed\/4ExktBx0VZA?feature=oembed\" frameborder=\"0\" allow=\"accelerometer; autoplay; clipboard-write; encrypted-media; gyroscope; picture-in-picture; web-share\" referrerpolicy=\"strict-origin-when-cross-origin\" allowfullscreen><\/iframe>\n<\/div><\/figure>\n\n\n\n<figure class=\"wp-block-embed is-type-video is-provider-youtube wp-block-embed-youtube wp-embed-aspect-16-9 wp-has-aspect-ratio\"><div class=\"wp-block-embed__wrapper\">\n<iframe loading=\"lazy\" title=\"Zwiebel schneiden in kleine W\u00fcrfel mit Trick gegen Zwiebelgeruch an den H\u00e4nden\" width=\"750\" height=\"422\" src=\"https:\/\/www.youtube.com\/embed\/6RlJLO-_xFA?feature=oembed\" frameborder=\"0\" allow=\"accelerometer; autoplay; clipboard-write; encrypted-media; gyroscope; picture-in-picture; web-share\" referrerpolicy=\"strict-origin-when-cross-origin\" allowfullscreen><\/iframe>\n<\/div><\/figure>\n","protected":false},"excerpt":{"rendered":"<p>Dass Dinge, die man im Deutschunterricht \u00fcbt und lernt, auch n\u00fctzlich f\u00fcr das Leben au\u00dferhalb der Schule sein k\u00f6nnen, ist der 2D-Deutschgruppe von Frau Prof. Haselsteiner unter Tr\u00e4nen \ud83d\ude0a bewusst geworden. Im Unterricht dreht sich gerade alles um Anleitungen und Beschreibungen. Im Zuge dessen musste die Klasse auf YouTube verschiedene Anleitungen zum Zwiebelschneiden studieren und [&hellip;]<\/p>\n","protected":false},"author":11,"featured_media":0,"parent":0,"menu_order":0,"comment_status":"closed","ping_status":"closed","template":"","meta":{"footnotes":""},"class_list":["post-5756","page","type-page","status-publish","hentry"],"_links":{"self":[{"href":"https:\/\/polgargym.at\/wordpress\/wp-json\/wp\/v2\/pages\/5756","targetHints":{"allow":["GET"]}}],"collection":[{"href":"https:\/\/polgargym.at\/wordpress\/wp-json\/wp\/v2\/pages"}],"about":[{"href":"https:\/\/polgargym.at\/wordpress\/wp-json\/wp\/v2\/types\/page"}],"author":[{"embeddable":true,"href":"https:\/\/polgargym.at\/wordpress\/wp-json\/wp\/v2\/users\/11"}],"replies":[{"embeddable":true,"href":"https:\/\/polgargym.at\/wordpress\/wp-json\/wp\/v2\/comments?post=5756"}],"version-history":[{"count":5,"href":"https:\/\/polgargym.at\/wordpress\/wp-json\/wp\/v2\/pages\/5756\/revisions"}],"predecessor-version":[{"id":5785,"href":"https:\/\/polgargym.at\/wordpress\/wp-json\/wp\/v2\/pages\/5756\/revisions\/5785"}],"wp:attachment":[{"href":"https:\/\/polgargym.at\/wordpress\/wp-json\/wp\/v2\/media?parent=5756"}],"curies":[{"name":"wp","href":"https:\/\/api.w.org\/{rel}","templated":true}]}}