{"id":5797,"date":"2021-12-13T21:39:16","date_gmt":"2021-12-13T20:39:16","guid":{"rendered":"https:\/\/polgargym.at\/?page_id=5797"},"modified":"2021-12-13T21:39:20","modified_gmt":"2021-12-13T20:39:20","slug":"ex-polgar-schuelerinnen-2021-in-nationalteam-startelf","status":"publish","type":"page","link":"https:\/\/polgargym.at\/wordpress\/ex-polgar-schuelerinnen-2021-in-nationalteam-startelf\/","title":{"rendered":"Ex-Polgar-Sch\u00fclerinnen 2021 in Nationalteam-Startelf"},"content":{"rendered":"\n<p>Im letzten, sehr anspruchsvollem, Jahr spiegelt sich der Frauenfu\u00dfball wider. Sechs ehemalige Polgargirls standen im abgelaufenen Jahr 2021 in den diversen Frauennationalteams in der Startformation.<\/p>\n\n\n\n<p>Das A-Team spielte sich durch die WM-Qualifikation. Mit von der Partie waren manchmal sogar vier Ex-Polgarsch\u00fclerinnen. Bei den sechs Spielen waren zweimal vier Polgargirls dabei, sonst immer drei. Jasmin Eder (Jahrgang 1992), eine der ersten Fu\u00dfballerinnen im Polgargym, arbeitet nicht nur im \u00d6FB, sondern ist auch Kapit\u00e4nin vom jetzigen Serienmeister SKN St. P\u00f6lten.<\/p>\n\n\n\n<p>Verena Hanshaw (geb\u00fcrtige Aschauer, Jahrgang 1994) spielt schon lange und erfolgreich in der Deutschen Bundesliga \u2013 zurzeit bei Eintracht Frankfurt.<\/p>\n\n\n\n<p>Auch schon ein fixer Bestandteil des A-Teams ist Marie H\u00f6binger (Jahrgang 2001) wechselte noch in der 4. Klasse nach Potsdam in den Nachwuchs. Mittlerweile spielt sie fix im ersten Team von Turbine Potsdam und trifft nun auch f\u00fcr das Frauennationalteam ins Schwarze.<\/p>\n\n\n\n<p>Das j\u00fcngste Mitglied im A-Nationalteam ist Lara Felix (Jahrgang 2003). Sie hat zwar erst wenige Eins\u00e4tze, doch sie dr\u00e4ngte sich im Herbst auf. Wichtig war sie im Oktober, da wurde sie nicht ins A-Team einberufen, f\u00fcr das U19-Team. Dort schafften sie mit drei 1:0-Siegen den Aufstieg in die 2. Eliterunde, die im Fr\u00fchjahr \u00fcber die B\u00fchne gehen wird. Sie absolviert noch zwei Jahre die \u00d6FB-Frauenakademie, bevor sie dann vermutlich als \u201eProfi\u201c aktiv werden wird.<\/p>\n\n\n\n<p>Die j\u00fcngsten Ex-Polgargirls sind Lara H\u00f6cherl (Jahrgang 2006) und Nicole \u201eIfi\u201c Ojukwu (Jahrgang 2005), die zurzeit die \u00d6FB-Frauenakademie in St. P\u00f6lten besuchen. Sie verst\u00e4rken das U17-Nationalteam bei ihren Spielen.<\/p>\n\n\n\n<p><\/p>\n\n\n\n<figure class=\"wp-block-image size-full\"><img loading=\"lazy\" decoding=\"async\" width=\"1000\" height=\"675\" src=\"https:\/\/polgargym.at\/wordpress\/wp-content\/uploads\/2021\/12\/a-team-2021-a.jpeg\" alt=\"\" class=\"wp-image-5795\" srcset=\"https:\/\/polgargym.at\/wordpress\/wp-content\/uploads\/2021\/12\/a-team-2021-a.jpeg 1000w, https:\/\/polgargym.at\/wordpress\/wp-content\/uploads\/2021\/12\/a-team-2021-a-300x203.jpeg 300w, https:\/\/polgargym.at\/wordpress\/wp-content\/uploads\/2021\/12\/a-team-2021-a-768x518.jpeg 768w\" sizes=\"auto, (max-width: 1000px) 100vw, 1000px\" \/><figcaption>Im Frauen-A-Nationalteam kamen Jasmin Eder, Lara Felix und Marie H\u00f6binger schon zum Einsatz. Wir halten ihnen die Daumen f\u00fcr eine erfolgreiche WM-Qualifikation.<\/figcaption><\/figure>\n\n\n\n<p><strong>A-Team<\/strong>:<\/p>\n\n\n\n<p>WM-Quali:<\/p>\n\n\n\n<p>Luxenburg \u2013 AUT 0:8.- Verena Hanschaw (ehemals Aschauer), Marie H\u00f6binger, Jasmin Eder \u2013 alle von Beginn an.<\/p>\n\n\n\n<p>England \u2013 AUT 1:0.- Verena Hanschaw von Beginn, Marie H\u00f6binger, Jasmin Eder &#8211; Ersatz.<\/p>\n\n\n\n<p>Nordirland \u2013 AUT 2:2.- Hanshaw, H\u00f6binger von Beginn; Eder \u2013 Ersatz.<\/p>\n\n\n\n<p>AUT \u2013 Luxenburg 5:0.- Hanshaw, H\u00f6binger; Eder.<\/p>\n\n\n\n<p>Nordmazedonien \u2013 AUT 0:6.- Hanshaw, H\u00f6binger; Eder, Lara Felix.<\/p>\n\n\n\n<p>Lettland \u2013 AUT 1:8.- Hanshaw, H\u00f6binger; Eder, Felix.<\/p>\n\n\n\n<p>Freundschaftsspiele:<\/p>\n\n\n\n<p>AUT \u2013 Italien 2:3.- H\u00f6binger; Eder, Hanshaw, Felix.<\/p>\n\n\n\n<p>AUT \u2013 Finland 2:2.- H\u00f6binger, Eder; Felix<\/p>\n\n\n\n<p>AUT \u2013 Slowakei 1:0.- H\u00f6binger; Eder.<\/p>\n\n\n\n<p>AUT \u2013 Schweden 1:6.- H\u00f6binger; Eder<\/p>\n\n\n\n<p><strong>U19 \u2013 Eliterunde im Oktober<\/strong>: Felix<\/p>\n\n\n\n<p><strong>U17 \u2013 Spiele<\/strong>: Lara H\u00f6cherl, Nicole \u201eIfi\u201c Ojukwu.<\/p>\n\n\n\n<figure class=\"wp-block-image size-large\"><img loading=\"lazy\" decoding=\"async\" width=\"1024\" height=\"761\" src=\"https:\/\/polgargym.at\/wordpress\/wp-content\/uploads\/2021\/12\/u17-polgar-1024x761.jpg\" alt=\"\" class=\"wp-image-5796\" srcset=\"https:\/\/polgargym.at\/wordpress\/wp-content\/uploads\/2021\/12\/u17-polgar-1024x761.jpg 1024w, https:\/\/polgargym.at\/wordpress\/wp-content\/uploads\/2021\/12\/u17-polgar-300x223.jpg 300w, https:\/\/polgargym.at\/wordpress\/wp-content\/uploads\/2021\/12\/u17-polgar-768x571.jpg 768w, https:\/\/polgargym.at\/wordpress\/wp-content\/uploads\/2021\/12\/u17-polgar.jpg 1090w\" sizes=\"auto, (max-width: 1024px) 100vw, 1024px\" \/><figcaption> Der damalige U17-Teamchef, Markus Hackl (jetzt Co-Trainer im A-Team) mit den beiden Ex-Polgargirls Ojukwu und H\u00f6cherl. (Copyright: privat)<\/figcaption><\/figure>\n\n\n\n<p><\/p>\n\n\n\n<p><\/p>\n","protected":false},"excerpt":{"rendered":"<p>Im letzten, sehr anspruchsvollem, Jahr spiegelt sich der Frauenfu\u00dfball wider. Sechs ehemalige Polgargirls standen im abgelaufenen Jahr 2021 in den diversen Frauennationalteams in der Startformation. Das A-Team spielte sich durch die WM-Qualifikation. Mit von der Partie waren manchmal sogar vier Ex-Polgarsch\u00fclerinnen. Bei den sechs Spielen waren zweimal vier Polgargirls dabei, sonst immer drei. Jasmin Eder [&hellip;]<\/p>\n","protected":false},"author":11,"featured_media":0,"parent":0,"menu_order":0,"comment_status":"closed","ping_status":"closed","template":"","meta":{"footnotes":""},"class_list":["post-5797","page","type-page","status-publish","hentry"],"_links":{"self":[{"href":"https:\/\/polgargym.at\/wordpress\/wp-json\/wp\/v2\/pages\/5797","targetHints":{"allow":["GET"]}}],"collection":[{"href":"https:\/\/polgargym.at\/wordpress\/wp-json\/wp\/v2\/pages"}],"about":[{"href":"https:\/\/polgargym.at\/wordpress\/wp-json\/wp\/v2\/types\/page"}],"author":[{"embeddable":true,"href":"https:\/\/polgargym.at\/wordpress\/wp-json\/wp\/v2\/users\/11"}],"replies":[{"embeddable":true,"href":"https:\/\/polgargym.at\/wordpress\/wp-json\/wp\/v2\/comments?post=5797"}],"version-history":[{"count":1,"href":"https:\/\/polgargym.at\/wordpress\/wp-json\/wp\/v2\/pages\/5797\/revisions"}],"predecessor-version":[{"id":5799,"href":"https:\/\/polgargym.at\/wordpress\/wp-json\/wp\/v2\/pages\/5797\/revisions\/5799"}],"wp:attachment":[{"href":"https:\/\/polgargym.at\/wordpress\/wp-json\/wp\/v2\/media?parent=5797"}],"curies":[{"name":"wp","href":"https:\/\/api.w.org\/{rel}","templated":true}]}}