{"id":5856,"date":"2022-02-01T09:21:16","date_gmt":"2022-02-01T08:21:16","guid":{"rendered":"https:\/\/polgargym.at\/?page_id=5856"},"modified":"2022-02-01T09:21:19","modified_gmt":"2022-02-01T08:21:19","slug":"sportmotorischer-aufnahmetest-fuer-die-fussballklassen-2022-23","status":"publish","type":"page","link":"https:\/\/polgargym.at\/wordpress\/sportmotorischer-aufnahmetest-fuer-die-fussballklassen-2022-23\/","title":{"rendered":"Sportmotorischer Aufnahmetest f\u00fcr die Fu\u00dfballklassen 2022\/23"},"content":{"rendered":"\n<figure class=\"wp-block-image size-full\"><img loading=\"lazy\" decoding=\"async\" width=\"1000\" height=\"461\" src=\"https:\/\/polgargym.at\/wordpress\/wp-content\/uploads\/2022\/02\/pr-Sichtung-WFV-Polgar-frei.jpg\" alt=\"\" class=\"wp-image-5857\" srcset=\"https:\/\/polgargym.at\/wordpress\/wp-content\/uploads\/2022\/02\/pr-Sichtung-WFV-Polgar-frei.jpg 1000w, https:\/\/polgargym.at\/wordpress\/wp-content\/uploads\/2022\/02\/pr-Sichtung-WFV-Polgar-frei-300x138.jpg 300w, https:\/\/polgargym.at\/wordpress\/wp-content\/uploads\/2022\/02\/pr-Sichtung-WFV-Polgar-frei-768x354.jpg 768w\" sizes=\"auto, (max-width: 1000px) 100vw, 1000px\" \/><figcaption>Die Riege vom WFV von links: Franz Rikal, WFV-Generalsekret\u00e4r Christian Schlosser, LAZ-Leiter des WFV Daniel Blazanovic und M\u00e4dchenfu\u00dfball-Schulkoordinator Karlheinz Piringer freuten sich mit den Nachwuchstalenten \u00fcber die gelungene Sichtung f\u00fcr die kommende Fu\u00dfballklasse 2022\/2023 f\u00fcr M\u00e4dchen und Burschen im Polgargymnasium.<\/figcaption><\/figure>\n\n\n\n<p>Trotz dieser schwierigen Zeit war es dem Wiener Fu\u00dfballverband (WFV) und dem fu\u00dfballverr\u00fcckten BRG 22 Polgargymnasium m\u00f6glich, den motorischen Aufnahmetest mit allen Sicherheitsvorkehrungen f\u00fcr die Fu\u00dfballklasse zu absolvieren. Davor wurden sowohl die Trainer als die Kinder einem Antigen-Schnelltest unterzogen, bei dem alle das f\u00fcr dieses Vorhaben richtige Ergebnis hatte: negativ.<\/p>\n\n\n\n<p>Davor mussten die Kinder beim Eintreten noch ihren Ninja-Pass herzeigen \u2013 somit waren wirklich alle safe.<\/p>\n\n\n\n<div style=\"height:30px\" aria-hidden=\"true\" class=\"wp-block-spacer\"><\/div>\n\n\n\n<p>Dann aber wollten alle Kinder beim sportmotorischen Test, der bereits zum 28. Mal im Polgargymnasium durchgef\u00fchrt wurde, positiv sein.&nbsp;<\/p>\n\n\n\n<p>Durch das Wetter gehandicapt, startete die erste Gruppe noch im Freien, doch mit dem Ende derselbigen begann es zu Schnee regnen. So wurde die zweite Gruppe dann im Turnsaal mit Maske unter die Lupe genommen.<\/p>\n\n\n\n<p>Der Wiener Fu\u00dfballverband stellte seine besten Trainer f\u00fcr dieses Vorhaben ab. Der LAZ-Leiter des WFV, Daniel Blazanovic, selbst nahm die Organisation in die Hand. Neben ihm schauten noch f\u00fcnf Trainer \u2013 Franz Rikal, Rudolf Eggenberger, Zsanett Csora, Roland Pannager und Karlheinz Piringer \u2013 den jungen M\u00e4dels und Burschen auf die Beine. Insgesamt waren 45 Kinder beim Aufnahmetest.<\/p>\n\n\n\n<p>Neben einem technischen Zuspielparcour wurden Ballgef\u00fchl und Technik wie Passqualit\u00e4t und Ballmitnahme unter die Lupe genommen. Der zweite Teil wurde im Spiel genauer begutachtet: Wie ist die Laufbereitschaft und das Spielverst\u00e4ndnis sowie die Spielintelligenz? Den geschulten Augen entging also nichts.<\/p>\n\n\n\n<div style=\"height:30px\" aria-hidden=\"true\" class=\"wp-block-spacer\"><\/div>\n\n\n\n<p>M\u00e4dchen-Koordinator des Polgargyms, Karlheinz Piringer: \u201eDurch die Kooperation mit dem WFV ging das Training wieder perfekt \u00fcber die B\u00fchne. Nach dem Test fehlt den Nachwuchstalenten nur noch die offizielle Anmeldung in der Schule, die von 21. bis 25. Februar im Polgargymnasium \u00fcber die B\u00fchne geht.\u201c<\/p>\n\n\n\n<p>Einen zufriedenen Blick sowohl in den Turnsaal als auch auf die Au\u00dfenanlage warf der Generalsekret\u00e4r des WFV, Christian Schlosser.<\/p>\n\n\n\n<figure class=\"wp-block-image size-full\"><img loading=\"lazy\" decoding=\"async\" width=\"1000\" height=\"498\" src=\"https:\/\/polgargym.at\/wordpress\/wp-content\/uploads\/2022\/02\/pr-Sichtung-WFV-Polgar.jpg\" alt=\"\" class=\"wp-image-5858\" srcset=\"https:\/\/polgargym.at\/wordpress\/wp-content\/uploads\/2022\/02\/pr-Sichtung-WFV-Polgar.jpg 1000w, https:\/\/polgargym.at\/wordpress\/wp-content\/uploads\/2022\/02\/pr-Sichtung-WFV-Polgar-300x149.jpg 300w, https:\/\/polgargym.at\/wordpress\/wp-content\/uploads\/2022\/02\/pr-Sichtung-WFV-Polgar-768x382.jpg 768w\" sizes=\"auto, (max-width: 1000px) 100vw, 1000px\" \/><figcaption>Die provisorische Leiterin, Gabriela Fegerl (stehend Mitte), unterbracht kurz die Notenkonferenz, um sich ein Bild vom sportmotorischen Aufnahmetest der zuk\u00fcnftigen Sch\u00fclerInnen zu machen. Links neben ihr der LAZ-Leiter Daniel Blazanovic sowie au\u00dfen Franz Rikal (MLZ-Standortleiter). Zu ihrer rechten der Generalsekret\u00e4r des WFV, Christian Schlosser, und der M\u00e4dchenfu\u00dfballkoordinator des Polgargymnasiums Karlheinz Piringer mit den m\u00f6glichen M\u00e4dels und Burschen der zuk\u00fcnftigen 1A.<\/figcaption><\/figure>\n\n\n\n<p>\u201eEs war ein guter Aufnahmetest und das Niveau hervorragend. Leider k\u00f6nnen wir nicht alle fu\u00dfballbegeisterten Kinder aufnehmen\u201c, res\u00fcmierte der LAZ-Leiter des WFV, Daniel Blazanovic, etwas traurig. Da kann Abhilfe geschaffen werden: Wer es nicht in die Fu\u00dfballklasse aufgenommen wurde, darf nat\u00fcrlich in eine andere Klasse im Polgargym gehen und die unverbindliche \u00dcbung Fu\u00dfball besuchen \u2013 dort wird der Sch\u00fcler oder die Sch\u00fclerin weiter beobachtet.<\/p>\n","protected":false},"excerpt":{"rendered":"<p>Trotz dieser schwierigen Zeit war es dem Wiener Fu\u00dfballverband (WFV) und dem fu\u00dfballverr\u00fcckten BRG 22 Polgargymnasium m\u00f6glich, den motorischen Aufnahmetest mit allen Sicherheitsvorkehrungen f\u00fcr die Fu\u00dfballklasse zu absolvieren. Davor wurden sowohl die Trainer als die Kinder einem Antigen-Schnelltest unterzogen, bei dem alle das f\u00fcr dieses Vorhaben richtige Ergebnis hatte: negativ. Davor mussten die Kinder beim [&hellip;]<\/p>\n","protected":false},"author":11,"featured_media":0,"parent":0,"menu_order":0,"comment_status":"closed","ping_status":"closed","template":"","meta":{"footnotes":""},"class_list":["post-5856","page","type-page","status-publish","hentry"],"_links":{"self":[{"href":"https:\/\/polgargym.at\/wordpress\/wp-json\/wp\/v2\/pages\/5856","targetHints":{"allow":["GET"]}}],"collection":[{"href":"https:\/\/polgargym.at\/wordpress\/wp-json\/wp\/v2\/pages"}],"about":[{"href":"https:\/\/polgargym.at\/wordpress\/wp-json\/wp\/v2\/types\/page"}],"author":[{"embeddable":true,"href":"https:\/\/polgargym.at\/wordpress\/wp-json\/wp\/v2\/users\/11"}],"replies":[{"embeddable":true,"href":"https:\/\/polgargym.at\/wordpress\/wp-json\/wp\/v2\/comments?post=5856"}],"version-history":[{"count":1,"href":"https:\/\/polgargym.at\/wordpress\/wp-json\/wp\/v2\/pages\/5856\/revisions"}],"predecessor-version":[{"id":5860,"href":"https:\/\/polgargym.at\/wordpress\/wp-json\/wp\/v2\/pages\/5856\/revisions\/5860"}],"wp:attachment":[{"href":"https:\/\/polgargym.at\/wordpress\/wp-json\/wp\/v2\/media?parent=5856"}],"curies":[{"name":"wp","href":"https:\/\/api.w.org\/{rel}","templated":true}]}}