{"id":5896,"date":"2022-03-18T09:46:43","date_gmt":"2022-03-18T08:46:43","guid":{"rendered":"https:\/\/polgargym.at\/?page_id=5896"},"modified":"2022-03-18T10:01:32","modified_gmt":"2022-03-18T09:01:32","slug":"den-1-bezirk-erkunden-auf-den-spuren-der-griechischen-mythologie","status":"publish","type":"page","link":"https:\/\/polgargym.at\/wordpress\/den-1-bezirk-erkunden-auf-den-spuren-der-griechischen-mythologie\/","title":{"rendered":"Den 1. Bezirk erkunden auf den Spuren der griechischen Mythologie"},"content":{"rendered":"\n<p>Nach einer sehr langen Zeit, in denen covid-bedingt keine Lehrausg\u00e4nge stattfinden durften, nutzte die 2D am 15.3. gemeinsam mit ihrem Klassenvorstand Mag. Michaela Braun und der Deutschlehrerin Mag. Melanie Haselsteiner die M\u00f6glichkeit die inzwischen im Deutschunterricht behandelten Themen noch einmal &#8222;live&#8220; zu vertiefen.<\/p>\n\n\n\n<div style=\"height:30px\" aria-hidden=\"true\" class=\"wp-block-spacer\"><\/div>\n\n\n\n<p>Nachdem im Deutschunterricht Wegbeschreibungen mit dem Bezirksplan des 1. Bezirks ge\u00fcbt wurden, konnten die Sch\u00fcler*innen in einer R\u00e4tselrallye durch den 1. Bezirk zeigen, dass sie Wegbeschreibungen nun problemlos folgen konnten. Nebenbei lernten sie so f\u00fcr viele neue Pl\u00e4tze und interessante Sch\u00e4tze des 1. Bezirks kennen und mussten wahres Teamwork beweisen, um am Ziel anzukommen.<\/p>\n\n\n\n<figure class=\"wp-block-image size-large\"><img loading=\"lazy\" decoding=\"async\" width=\"1024\" height=\"768\" src=\"https:\/\/polgargym.at\/wordpress\/wp-content\/uploads\/2022\/03\/IMG_8170-1024x768.jpeg\" alt=\"\" class=\"wp-image-5905\" srcset=\"https:\/\/polgargym.at\/wordpress\/wp-content\/uploads\/2022\/03\/IMG_8170-1024x768.jpeg 1024w, https:\/\/polgargym.at\/wordpress\/wp-content\/uploads\/2022\/03\/IMG_8170-300x225.jpeg 300w, https:\/\/polgargym.at\/wordpress\/wp-content\/uploads\/2022\/03\/IMG_8170-768x576.jpeg 768w, https:\/\/polgargym.at\/wordpress\/wp-content\/uploads\/2022\/03\/IMG_8170-1536x1152.jpeg 1536w, https:\/\/polgargym.at\/wordpress\/wp-content\/uploads\/2022\/03\/IMG_8170-2048x1536.jpeg 2048w\" sizes=\"auto, (max-width: 1024px) 100vw, 1024px\" \/><\/figure>\n\n\n\n<div style=\"height:30px\" aria-hidden=\"true\" class=\"wp-block-spacer\"><\/div>\n\n\n\n<p>Danach durfte die Klasse den Prunksaal der \u00f6sterreichischen Nationalbibliothek bestaunen und sich mit den Deckenmalereien, die die griechischen G\u00f6tter zeigen, auseinandersetzen. Im Deutsch- und Geschichtsunterricht hatten sie diese in einem Streifzug durch die griechische Sagenwelt in den letzten Wochen kennengelernt.<\/p>\n\n\n\n<figure class=\"wp-block-gallery columns-2 is-cropped wp-block-gallery-1 is-layout-flex wp-block-gallery-is-layout-flex\"><ul class=\"blocks-gallery-grid\"><li class=\"blocks-gallery-item\"><figure><img loading=\"lazy\" decoding=\"async\" width=\"768\" height=\"1024\" src=\"https:\/\/polgargym.at\/wordpress\/wp-content\/uploads\/2022\/03\/IMG_8175-768x1024.jpeg\" alt=\"\" data-id=\"5907\" data-link=\"https:\/\/polgargym.at\/?attachment_id=5907\" class=\"wp-image-5907\" srcset=\"https:\/\/polgargym.at\/wordpress\/wp-content\/uploads\/2022\/03\/IMG_8175-768x1024.jpeg 768w, https:\/\/polgargym.at\/wordpress\/wp-content\/uploads\/2022\/03\/IMG_8175-225x300.jpeg 225w, https:\/\/polgargym.at\/wordpress\/wp-content\/uploads\/2022\/03\/IMG_8175-1152x1536.jpeg 1152w, https:\/\/polgargym.at\/wordpress\/wp-content\/uploads\/2022\/03\/IMG_8175-1536x2048.jpeg 1536w, https:\/\/polgargym.at\/wordpress\/wp-content\/uploads\/2022\/03\/IMG_8175.jpeg 1920w\" sizes=\"auto, (max-width: 768px) 100vw, 768px\" \/><\/figure><\/li><li class=\"blocks-gallery-item\"><figure><img loading=\"lazy\" decoding=\"async\" width=\"768\" height=\"1024\" src=\"https:\/\/polgargym.at\/wordpress\/wp-content\/uploads\/2022\/03\/IMG_8185-768x1024.jpeg\" alt=\"\" data-id=\"5910\" data-link=\"https:\/\/polgargym.at\/?attachment_id=5910\" class=\"wp-image-5910\" srcset=\"https:\/\/polgargym.at\/wordpress\/wp-content\/uploads\/2022\/03\/IMG_8185-768x1024.jpeg 768w, https:\/\/polgargym.at\/wordpress\/wp-content\/uploads\/2022\/03\/IMG_8185-225x300.jpeg 225w, https:\/\/polgargym.at\/wordpress\/wp-content\/uploads\/2022\/03\/IMG_8185-1152x1536.jpeg 1152w, https:\/\/polgargym.at\/wordpress\/wp-content\/uploads\/2022\/03\/IMG_8185-1536x2048.jpeg 1536w, https:\/\/polgargym.at\/wordpress\/wp-content\/uploads\/2022\/03\/IMG_8185.jpeg 1920w\" sizes=\"auto, (max-width: 768px) 100vw, 768px\" \/><\/figure><\/li><li class=\"blocks-gallery-item\"><figure><img loading=\"lazy\" decoding=\"async\" width=\"768\" height=\"1024\" src=\"https:\/\/polgargym.at\/wordpress\/wp-content\/uploads\/2022\/03\/IMG_8180-768x1024.jpg\" alt=\"\" data-id=\"5914\" data-full-url=\"https:\/\/polgargym.at\/wordpress\/wp-content\/uploads\/2022\/03\/IMG_8180.jpg\" data-link=\"https:\/\/polgargym.at\/den-1-bezirk-erkunden-auf-den-spuren-der-griechischen-mythologie\/img_8180\/\" class=\"wp-image-5914\" srcset=\"https:\/\/polgargym.at\/wordpress\/wp-content\/uploads\/2022\/03\/IMG_8180-768x1025.jpg 768w, https:\/\/polgargym.at\/wordpress\/wp-content\/uploads\/2022\/03\/IMG_8180-225x300.jpg 225w, https:\/\/polgargym.at\/wordpress\/wp-content\/uploads\/2022\/03\/IMG_8180-1151x1536.jpg 1151w, https:\/\/polgargym.at\/wordpress\/wp-content\/uploads\/2022\/03\/IMG_8180-1535x2048.jpg 1535w, https:\/\/polgargym.at\/wordpress\/wp-content\/uploads\/2022\/03\/IMG_8180.jpg 1574w\" sizes=\"auto, (max-width: 768px) 100vw, 768px\" \/><\/figure><\/li><\/ul><\/figure>\n\n\n\n<p>Auf einem weiteren St\u00fcck Weg in Richtung U-Bahn kam es noch einmal zu Begegnungen mit &#8222;Herkules&#8220; &#8211; einem der gr\u00f6\u00dften Helden der griechischen Mythologie.<\/p>\n\n\n\n<p>Ein gelungener Vormittag im Herzen Wiens auf den Spuren der griechischen Mythologie.<\/p>\n\n\n\n<p><\/p>\n\n\n\n<div style=\"height:30px\" aria-hidden=\"true\" class=\"wp-block-spacer\"><\/div>\n","protected":false},"excerpt":{"rendered":"<p>Nach einer sehr langen Zeit, in denen covid-bedingt keine Lehrausg\u00e4nge stattfinden durften, nutzte die 2D am 15.3. gemeinsam mit ihrem Klassenvorstand Mag. Michaela Braun und der Deutschlehrerin Mag. Melanie Haselsteiner die M\u00f6glichkeit die inzwischen im Deutschunterricht behandelten Themen noch einmal &#8222;live&#8220; zu vertiefen. Nachdem im Deutschunterricht Wegbeschreibungen mit dem Bezirksplan des 1. Bezirks ge\u00fcbt wurden, [&hellip;]<\/p>\n","protected":false},"author":11,"featured_media":0,"parent":0,"menu_order":0,"comment_status":"closed","ping_status":"closed","template":"","meta":{"footnotes":""},"class_list":["post-5896","page","type-page","status-publish","hentry"],"_links":{"self":[{"href":"https:\/\/polgargym.at\/wordpress\/wp-json\/wp\/v2\/pages\/5896","targetHints":{"allow":["GET"]}}],"collection":[{"href":"https:\/\/polgargym.at\/wordpress\/wp-json\/wp\/v2\/pages"}],"about":[{"href":"https:\/\/polgargym.at\/wordpress\/wp-json\/wp\/v2\/types\/page"}],"author":[{"embeddable":true,"href":"https:\/\/polgargym.at\/wordpress\/wp-json\/wp\/v2\/users\/11"}],"replies":[{"embeddable":true,"href":"https:\/\/polgargym.at\/wordpress\/wp-json\/wp\/v2\/comments?post=5896"}],"version-history":[{"count":3,"href":"https:\/\/polgargym.at\/wordpress\/wp-json\/wp\/v2\/pages\/5896\/revisions"}],"predecessor-version":[{"id":5916,"href":"https:\/\/polgargym.at\/wordpress\/wp-json\/wp\/v2\/pages\/5896\/revisions\/5916"}],"wp:attachment":[{"href":"https:\/\/polgargym.at\/wordpress\/wp-json\/wp\/v2\/media?parent=5896"}],"curies":[{"name":"wp","href":"https:\/\/api.w.org\/{rel}","templated":true}]}}