{"id":5953,"date":"2022-03-29T16:56:54","date_gmt":"2022-03-29T14:56:54","guid":{"rendered":"https:\/\/polgargym.at\/?page_id=5953"},"modified":"2022-03-29T16:56:57","modified_gmt":"2022-03-29T14:56:57","slug":"besuch-der-kz-gedenkstaette-mauthausen-4b-4d","status":"publish","type":"page","link":"https:\/\/polgargym.at\/wordpress\/besuch-der-kz-gedenkstaette-mauthausen-4b-4d\/","title":{"rendered":"Besuch der KZ-Gedenkst\u00e4tte Mauthausen (4B, 4D)"},"content":{"rendered":"\n<p class=\"has-medium-font-size\"><\/p>\n\n\n\n<blockquote class=\"wp-block-quote is-layout-flow wp-block-quote-is-layout-flow\"><p>Niemals vergessen.<\/p><\/blockquote>\n\n\n\n<p class=\"has-medium-font-size\">Nach einer intensiven Auseinandersetzung mit den Themen 2. Weltkrieg, Nationalsozialismus und Shoah besuchten die Klassen 4B und 4D gemeinsam mit ihren Klassenvorst\u00e4nden Mag. Schyr und Mag. Stark und den Begleitlehrerinnen Mag. Kusebauch und Mag. Haselsteiner am 29.3.22 die KZ-Gedenkst\u00e4tte im ober\u00f6sterreichischen Mauthausen. <\/p>\n\n\n\n<figure class=\"wp-block-gallery columns-3 is-cropped wp-block-gallery-1 is-layout-flex wp-block-gallery-is-layout-flex\"><ul class=\"blocks-gallery-grid\"><li class=\"blocks-gallery-item\"><figure><img loading=\"lazy\" decoding=\"async\" width=\"1024\" height=\"768\" src=\"https:\/\/polgargym.at\/wordpress\/wp-content\/uploads\/2022\/03\/IMG_7555-1024x768.jpeg\" alt=\"\" data-id=\"5959\" data-full-url=\"https:\/\/polgargym.at\/wordpress\/wp-content\/uploads\/2022\/03\/IMG_7555.jpeg\" data-link=\"https:\/\/polgargym.at\/?attachment_id=5959\" class=\"wp-image-5959\" srcset=\"https:\/\/polgargym.at\/wordpress\/wp-content\/uploads\/2022\/03\/IMG_7555-1024x768.jpeg 1024w, https:\/\/polgargym.at\/wordpress\/wp-content\/uploads\/2022\/03\/IMG_7555-300x225.jpeg 300w, https:\/\/polgargym.at\/wordpress\/wp-content\/uploads\/2022\/03\/IMG_7555-768x576.jpeg 768w, https:\/\/polgargym.at\/wordpress\/wp-content\/uploads\/2022\/03\/IMG_7555-1536x1152.jpeg 1536w, https:\/\/polgargym.at\/wordpress\/wp-content\/uploads\/2022\/03\/IMG_7555-2048x1536.jpeg 2048w\" sizes=\"auto, (max-width: 1024px) 100vw, 1024px\" \/><\/figure><\/li><li class=\"blocks-gallery-item\"><figure><img loading=\"lazy\" decoding=\"async\" width=\"1024\" height=\"768\" src=\"https:\/\/polgargym.at\/wordpress\/wp-content\/uploads\/2022\/03\/IMG_8318-1024x768.jpeg\" alt=\"\" data-id=\"5962\" data-full-url=\"https:\/\/polgargym.at\/wordpress\/wp-content\/uploads\/2022\/03\/IMG_8318.jpeg\" data-link=\"https:\/\/polgargym.at\/?attachment_id=5962\" class=\"wp-image-5962\" srcset=\"https:\/\/polgargym.at\/wordpress\/wp-content\/uploads\/2022\/03\/IMG_8318-1024x768.jpeg 1024w, https:\/\/polgargym.at\/wordpress\/wp-content\/uploads\/2022\/03\/IMG_8318-300x225.jpeg 300w, https:\/\/polgargym.at\/wordpress\/wp-content\/uploads\/2022\/03\/IMG_8318-768x576.jpeg 768w, https:\/\/polgargym.at\/wordpress\/wp-content\/uploads\/2022\/03\/IMG_8318-1536x1152.jpeg 1536w, https:\/\/polgargym.at\/wordpress\/wp-content\/uploads\/2022\/03\/IMG_8318-2048x1536.jpeg 2048w\" sizes=\"auto, (max-width: 1024px) 100vw, 1024px\" \/><\/figure><\/li><li class=\"blocks-gallery-item\"><figure><img loading=\"lazy\" decoding=\"async\" width=\"1024\" height=\"768\" src=\"https:\/\/polgargym.at\/wordpress\/wp-content\/uploads\/2022\/03\/IMG_8320-1024x768.jpeg\" alt=\"\" data-id=\"5963\" data-full-url=\"https:\/\/polgargym.at\/wordpress\/wp-content\/uploads\/2022\/03\/IMG_8320.jpeg\" data-link=\"https:\/\/polgargym.at\/?attachment_id=5963\" class=\"wp-image-5963\" srcset=\"https:\/\/polgargym.at\/wordpress\/wp-content\/uploads\/2022\/03\/IMG_8320-1024x768.jpeg 1024w, https:\/\/polgargym.at\/wordpress\/wp-content\/uploads\/2022\/03\/IMG_8320-300x225.jpeg 300w, https:\/\/polgargym.at\/wordpress\/wp-content\/uploads\/2022\/03\/IMG_8320-768x576.jpeg 768w, https:\/\/polgargym.at\/wordpress\/wp-content\/uploads\/2022\/03\/IMG_8320-1536x1152.jpeg 1536w, https:\/\/polgargym.at\/wordpress\/wp-content\/uploads\/2022\/03\/IMG_8320-2048x1536.jpeg 2048w\" sizes=\"auto, (max-width: 1024px) 100vw, 1024px\" \/><\/figure><\/li><li class=\"blocks-gallery-item\"><figure><img loading=\"lazy\" decoding=\"async\" width=\"1024\" height=\"768\" src=\"https:\/\/polgargym.at\/wordpress\/wp-content\/uploads\/2022\/03\/IMG_7556-1024x768.jpeg\" alt=\"\" data-id=\"5960\" data-full-url=\"https:\/\/polgargym.at\/wordpress\/wp-content\/uploads\/2022\/03\/IMG_7556.jpeg\" data-link=\"https:\/\/polgargym.at\/?attachment_id=5960\" class=\"wp-image-5960\" srcset=\"https:\/\/polgargym.at\/wordpress\/wp-content\/uploads\/2022\/03\/IMG_7556-1024x768.jpeg 1024w, https:\/\/polgargym.at\/wordpress\/wp-content\/uploads\/2022\/03\/IMG_7556-300x225.jpeg 300w, https:\/\/polgargym.at\/wordpress\/wp-content\/uploads\/2022\/03\/IMG_7556-768x576.jpeg 768w, https:\/\/polgargym.at\/wordpress\/wp-content\/uploads\/2022\/03\/IMG_7556-1536x1152.jpeg 1536w, https:\/\/polgargym.at\/wordpress\/wp-content\/uploads\/2022\/03\/IMG_7556-2048x1536.jpeg 2048w\" sizes=\"auto, (max-width: 1024px) 100vw, 1024px\" \/><\/figure><\/li><li class=\"blocks-gallery-item\"><figure><img loading=\"lazy\" decoding=\"async\" width=\"1024\" height=\"768\" src=\"https:\/\/polgargym.at\/wordpress\/wp-content\/uploads\/2022\/03\/IMG_8321-1-1024x768.jpeg\" alt=\"\" data-id=\"5964\" data-full-url=\"https:\/\/polgargym.at\/wordpress\/wp-content\/uploads\/2022\/03\/IMG_8321-1.jpeg\" data-link=\"https:\/\/polgargym.at\/?attachment_id=5964\" class=\"wp-image-5964\" srcset=\"https:\/\/polgargym.at\/wordpress\/wp-content\/uploads\/2022\/03\/IMG_8321-1-1024x768.jpeg 1024w, https:\/\/polgargym.at\/wordpress\/wp-content\/uploads\/2022\/03\/IMG_8321-1-300x225.jpeg 300w, https:\/\/polgargym.at\/wordpress\/wp-content\/uploads\/2022\/03\/IMG_8321-1-768x576.jpeg 768w, https:\/\/polgargym.at\/wordpress\/wp-content\/uploads\/2022\/03\/IMG_8321-1-1536x1152.jpeg 1536w, https:\/\/polgargym.at\/wordpress\/wp-content\/uploads\/2022\/03\/IMG_8321-1-2048x1536.jpeg 2048w\" sizes=\"auto, (max-width: 1024px) 100vw, 1024px\" \/><\/figure><\/li><\/ul><\/figure>\n\n\n\n<div style=\"height:30px\" aria-hidden=\"true\" class=\"wp-block-spacer\"><\/div>\n\n\n\n<p class=\"has-large-font-size\"> <strong>Gesammelte Eindr\u00fccke der Sch\u00fcler*innen nach der F\u00fchrung durch die Vermittler vor Ort:<\/strong><\/p>\n\n\n\n<div style=\"height:30px\" aria-hidden=\"true\" class=\"wp-block-spacer\"><\/div>\n\n\n\n<p class=\"has-medium-font-size\"><strong>In Erinnerung bleiben wird\/werden mir &#8230;<\/strong><\/p>\n\n\n\n<p>die Gaskammer gesehen zu haben.<\/p>\n\n\n\n<p>die Erz\u00e4hlungen von den \u00dcberlebenden.<\/p>\n\n\n\n<p>der Schrecken und das Leid der unschuldigen Menschen.<\/p>\n\n\n\n<p>der Raum mit den leuchtenden Namen aller Verstorbenen.<\/p>\n\n\n\n<p>die \u00d6fen, in denen sie die Leichen verbrannten.<\/p>\n\n\n\n<p>der Anblick des Steinbruchs, in dem die Gefangenen Zwangsarbeit verrichten mussten.<\/p>\n\n\n\n<p>die W\u00e4scherei, wo viele Menschen Notizen hinterlassen haben.<\/p>\n\n\n\n<p>der Fakt, dass 300 Leute in den Baracken in einem Zimmer geschlafen haben. <\/p>\n\n\n\n<p>das Doppelleben der SSler.<\/p>\n\n\n\n<div style=\"height:30px\" aria-hidden=\"true\" class=\"wp-block-spacer\"><\/div>\n\n\n\n<p class=\"has-medium-font-size\"><strong>Am meisten ber\u00fchrt hat mich &#8230; <\/strong><\/p>\n\n\n\n<p>die Geschichte von den zwei ukrainischen Fl\u00fcchtlingen der M\u00fchlviertler Hasenjagd.<\/p>\n\n\n\n<p>die Grausamkeit der SS.<\/p>\n\n\n\n<p>der Gang durch die T\u00f6tungseinrichtungen.<\/p>\n\n\n\n<p>der Raum mit den Namen aller Verstorbenen<\/p>\n\n\n\n<p>die Zwangsarbeiter, die schwere Steine die Steintreppen hoch tragen mussten.<\/p>\n\n\n\n<p>die Erniedrigung, die diesen Menschen angetan wurde.<\/p>\n\n\n\n<p>dass dort auch sehr viele Kinder starben.<\/p>\n","protected":false},"excerpt":{"rendered":"<p>Niemals vergessen. Nach einer intensiven Auseinandersetzung mit den Themen 2. Weltkrieg, Nationalsozialismus und Shoah besuchten die Klassen 4B und 4D gemeinsam mit ihren Klassenvorst\u00e4nden Mag. Schyr und Mag. Stark und den Begleitlehrerinnen Mag. Kusebauch und Mag. Haselsteiner am 29.3.22 die KZ-Gedenkst\u00e4tte im ober\u00f6sterreichischen Mauthausen. Gesammelte Eindr\u00fccke der Sch\u00fcler*innen nach der F\u00fchrung durch die Vermittler vor [&hellip;]<\/p>\n","protected":false},"author":11,"featured_media":0,"parent":0,"menu_order":0,"comment_status":"closed","ping_status":"closed","template":"","meta":{"footnotes":""},"class_list":["post-5953","page","type-page","status-publish","hentry"],"_links":{"self":[{"href":"https:\/\/polgargym.at\/wordpress\/wp-json\/wp\/v2\/pages\/5953","targetHints":{"allow":["GET"]}}],"collection":[{"href":"https:\/\/polgargym.at\/wordpress\/wp-json\/wp\/v2\/pages"}],"about":[{"href":"https:\/\/polgargym.at\/wordpress\/wp-json\/wp\/v2\/types\/page"}],"author":[{"embeddable":true,"href":"https:\/\/polgargym.at\/wordpress\/wp-json\/wp\/v2\/users\/11"}],"replies":[{"embeddable":true,"href":"https:\/\/polgargym.at\/wordpress\/wp-json\/wp\/v2\/comments?post=5953"}],"version-history":[{"count":4,"href":"https:\/\/polgargym.at\/wordpress\/wp-json\/wp\/v2\/pages\/5953\/revisions"}],"predecessor-version":[{"id":5968,"href":"https:\/\/polgargym.at\/wordpress\/wp-json\/wp\/v2\/pages\/5953\/revisions\/5968"}],"wp:attachment":[{"href":"https:\/\/polgargym.at\/wordpress\/wp-json\/wp\/v2\/media?parent=5953"}],"curies":[{"name":"wp","href":"https:\/\/api.w.org\/{rel}","templated":true}]}}