{"id":6022,"date":"2022-04-08T09:55:02","date_gmt":"2022-04-08T07:55:02","guid":{"rendered":"https:\/\/polgargym.at\/?page_id=6022"},"modified":"2022-04-08T09:58:55","modified_gmt":"2022-04-08T07:58:55","slug":"sieg-beim-krone-hallencup-der-polgargirls","status":"publish","type":"page","link":"https:\/\/polgargym.at\/wordpress\/sieg-beim-krone-hallencup-der-polgargirls\/","title":{"rendered":"Sieg der Polgargirls beim Krone Hallencup"},"content":{"rendered":"\n<p><strong>Krimi bis zum 7m-Schie\u00dfen<\/strong><\/p>\n\n\n\n<div style=\"height:30px\" aria-hidden=\"true\" class=\"wp-block-spacer\"><\/div>\n\n\n\n<p>Nach einer souver\u00e4nen Vorstellung in der Vorrunde beim Krone Hallencup wurde es f\u00fcr das Polgargymnasium erstmals sehr eng mit dem Sieg.<\/p>\n\n\n\n<p>In der Westside-Soccer-Arena traten dieses Jahr 18 Schulteams an. Leider weniger als sonst, doch auf Grund der Corona-Situation wurde der Krone Hallencup erstmals seit 2019 wieder ausgetragen.&nbsp;<\/p>\n\n\n\n<p>F\u00fcr die erfolgsverw\u00f6hnten Polgargirls stellte diese Unterbrechung eine komische Situation dar. Sie wussten nicht, wo sie stehen, und so war der Auftritt auch ein \u201eGemurkse\u201c. Trotz der klaren Ergebnisse, waren die Spielz\u00fcge noch nicht in Fleisch und Blut \u00fcbergegangen.<\/p>\n\n\n\n<p>Am Finaltag steigerten sich die Fu\u00dfballerinnen und von Spiel zu Spiel machte den Polgargirls der Hallenkick immer mehr Spa\u00df. In der Finalrunde wurde die SMS 21 Rudolf-Sch\u00f6nweg und die SMS 14 Spallartgasse mit jeweils 10:1 geschlagen.<\/p>\n\n\n\n<p>Der H\u00f6hepunkt war nat\u00fcrlich das Erreichen des Finales gegen den ewigen Rivalen BG 21 Gerasdorferstra\u00dfe, die dieses Jahr als Favorit locker ins Finale einzogen. \u00dcberraschenderweise stand es nach sechs Minuten 3:0 f\u00fcr die Piringer-Truppe aus dem Polgargymnasium. Das Finale stand auf technisch hohem Niveau und auch der Einsatz ging \u00fcber die Grenzen. Der Favorit verk\u00fcrzte noch vor der Pause auf 1:3.<\/p>\n\n\n\n<p>Im zweiten Abschnitt k\u00e4mpften einige Akteurinnen mit der Luft, da das Gef\u00e4lle im Kader beider Teams zu sehen war. Mit einem Doppelschlag glich das BG 21 Gerasdorferstra\u00dfe zum 3:3 aus. Noch vier Minuten zu spielen und es wollte kein Tor mehr gelingen. So musste nun ein 7m-Schie\u00dfen, in dem drei Sch\u00fctzinnen genannt werden, entscheiden. Doch nach den ersten je drei Spielerinnen stand es 2:2 \u2013 es musste weitergehen. Nun konnte jeder 7m entscheiden. Bis 5:5 ging es mit Treffern weiter, dann verschossen allerdings beide Teams und so kam es zum Torfrauenduell. Die Gerasdorf-Schlussfrau wollte vorlegen, doch sie scheiterte. Nun kam Dionna Dike zum 7m. Ihr Schuss war so scharf, dass er vom Knie der Torfrau unter die Latte krachte \u2013 somit waren die Polgargirls wieder einmal Champions im Krone Hallencup.<\/p>\n\n\n\n<p>\u201eNach den gezeigten Leistungen waren f\u00fcr mich die Gerasdorferstra\u00dfe Favorit im Finale. Doch meine M\u00e4dels \u00fcberraschten mich mit sch\u00f6nem Kombinationsspiel \u00fcber die Bande. Erst danach kamen ihre Nerven ins Spiel, die die Gegnerinnen ausglichen lie\u00dfen. Im 7m-Schie\u00dfen gewann dann wir als gl\u00fccklicheres Team. Trotzdem bin ich extrem stolz auf die Leistung dieser Polgargirls\u201c, holte der erfolgreiche Coach Karlheinz Piringer ein wenig aus.<\/p>\n\n\n\n<p>Die Ehreng\u00e4ste fieberten im Finale ebenso mit: Monika Tittel von der Bildungsdirektion Wien kannte so eine Spannung gar nicht. Auch der Generalsekret\u00e4r des WFV rieb sich die Daumen wund, spielten doch seine beiden T\u00f6chter, die bereits in der 4. Klasse sind, als Polgargirls mit. Als sentimentalen H\u00f6hepunkt \u00fcberreicht Schlosser seiner Tochter, die n\u00e4chstes Jahr ins Ballsportgymnasium Erdberg wechselt, den Wanderpokal.<\/p>\n\n\n\n<figure class=\"wp-block-image size-large\"><img loading=\"lazy\" decoding=\"async\" width=\"1000\" height=\"658\" src=\"https:\/\/polgargym.at\/wordpress\/wp-content\/uploads\/2022\/04\/pr-besteTorfrau.jpg\" alt=\"\" class=\"wp-image-6023\" srcset=\"https:\/\/polgargym.at\/wordpress\/wp-content\/uploads\/2022\/04\/pr-besteTorfrau.jpg 1000w, https:\/\/polgargym.at\/wordpress\/wp-content\/uploads\/2022\/04\/pr-besteTorfrau-300x197.jpg 300w, https:\/\/polgargym.at\/wordpress\/wp-content\/uploads\/2022\/04\/pr-besteTorfrau-768x505.jpg 768w\" sizes=\"auto, (max-width: 1000px) 100vw, 1000px\" \/><figcaption>Mit Dionna Dike stellte das Polgargymnasium auch die beste Torfrau des Turniers. Dike entschied auch mit ihrem entscheidenden 7m das Finale f\u00fcr die Polgargirls.<\/figcaption><\/figure>\n\n\n\n<figure class=\"wp-block-image size-large\"><img loading=\"lazy\" decoding=\"async\" width=\"1000\" height=\"741\" src=\"https:\/\/polgargym.at\/wordpress\/wp-content\/uploads\/2022\/04\/pr-pokal-tittel.jpg\" alt=\"\" class=\"wp-image-6025\" srcset=\"https:\/\/polgargym.at\/wordpress\/wp-content\/uploads\/2022\/04\/pr-pokal-tittel.jpg 1000w, https:\/\/polgargym.at\/wordpress\/wp-content\/uploads\/2022\/04\/pr-pokal-tittel-300x222.jpg 300w, https:\/\/polgargym.at\/wordpress\/wp-content\/uploads\/2022\/04\/pr-pokal-tittel-768x569.jpg 768w\" sizes=\"auto, (max-width: 1000px) 100vw, 1000px\" \/><figcaption>Von der Bildungsdirektion \u00fcberreichte uns Monika Tittel den Turniersieger-Pokal.<\/figcaption><\/figure>\n\n\n\n<figure class=\"wp-block-image size-large\"><img loading=\"lazy\" decoding=\"async\" width=\"1000\" height=\"770\" src=\"https:\/\/polgargym.at\/wordpress\/wp-content\/uploads\/2022\/04\/pr-wanderpokal.jpg\" alt=\"\" class=\"wp-image-6026\" srcset=\"https:\/\/polgargym.at\/wordpress\/wp-content\/uploads\/2022\/04\/pr-wanderpokal.jpg 1000w, https:\/\/polgargym.at\/wordpress\/wp-content\/uploads\/2022\/04\/pr-wanderpokal-300x231.jpg 300w, https:\/\/polgargym.at\/wordpress\/wp-content\/uploads\/2022\/04\/pr-wanderpokal-768x591.jpg 768w\" sizes=\"auto, (max-width: 1000px) 100vw, 1000px\" \/><figcaption>Auch der Wanderpokal blieb in H\u00e4nden des Polgargymnasiums. Da wir 2019 als letzter Sieger des Krone Hallencups hervorgingen \u2013 Corona sei Dank \u2013 bekommen wir den Wanderpokal wieder mit nach Hause. \u00dcberreicht wurde er vom Vater an die Tochter \u2013 WFV-Generalsekret\u00e4r Christian Schlosser \u00fcberreicht ihn seiner Tochter Victoria.<\/figcaption><\/figure>\n\n\n\n<figure class=\"wp-block-image size-large\"><img loading=\"lazy\" decoding=\"async\" width=\"1000\" height=\"657\" src=\"https:\/\/polgargym.at\/wordpress\/wp-content\/uploads\/2022\/04\/pr-jubel-hfm.jpg\" alt=\"\" class=\"wp-image-6024\" srcset=\"https:\/\/polgargym.at\/wordpress\/wp-content\/uploads\/2022\/04\/pr-jubel-hfm.jpg 1000w, https:\/\/polgargym.at\/wordpress\/wp-content\/uploads\/2022\/04\/pr-jubel-hfm-300x197.jpg 300w, https:\/\/polgargym.at\/wordpress\/wp-content\/uploads\/2022\/04\/pr-jubel-hfm-768x505.jpg 768w\" sizes=\"auto, (max-width: 1000px) 100vw, 1000px\" \/><figcaption>Die Polgargirls traten gegen den Favoriten \u00fcberraschungsartig an und f\u00fchrten bald 3:0, doch am Ende entschied das 7m-Schie\u00dfen das Finale gegen die Gerasdorferstra\u00dfe.<\/figcaption><\/figure>\n\n\n\n<p><\/p>\n\n\n\n<p><\/p>\n\n\n\n<p><\/p>\n\n\n\n<p><\/p>\n\n\n\n<p><strong>ERGEBNISSE:<\/strong><\/p>\n\n\n\n<p><strong>Vorrunde Gruppe 2:<\/strong><\/p>\n\n\n\n<p><strong>Polgargymnasium \u2013 Hadersdorf 6:4 (3:1).-<\/strong>&nbsp;Torfolge: 1:0 (1.) Nwokike, 2:0 (3.) Karic, 2:1 (6.), 3:1 (9.) Karic, 3:2 (11.), 3:3 (11.), 4:3 (13.) Nwokike, 5:3 (17.) Karic, 5:4 (19.), 6:4 (19.) Nwokike.<\/p>\n\n\n\n<p><strong>Polgargymnasium \u2013 Leipziger Platz 13:0 (8:0).-<\/strong>&nbsp;Torfolge: 1:0 (1.) Nwokike, 2:0 (2.) Nwokike, 3:0 (3.) Karic, 4:0 (4.) Nwokike, 5:0 (5.) Nwokike, 6:0 (5.) Vendis, 7:0 (9.) Vendis, 8:0 (10.) Vendis, 9:0 (11.) Schlosser S., 10:0 (16.) Jungwirth, 11:0 (19.) Jungwirth, 12:0 (19.) Schlosser S., 13:0 (20.) Karic.<\/p>\n\n\n\n<p><strong>Finalrunde Gruppe A:<\/strong><\/p>\n\n\n\n<p><strong>Polgargymnasium \u2013 Rudolf-Sch\u00f6nweg 10:1 (6:1).-<\/strong>&nbsp;Torfolge: 1:0 (2.) Nwokike, 1:1 (4.), 2:1 (6.) Schlosser S., 3:1 (7.) Karic, 4:1 (8.) Vendis, 5:1 (9.) Vendis, 6:1 (10.) Sipka, 7:1 (12.) Jungwirth, 8:1 (17.) Vendis, 9:1 (20.) Vendis, 10:1 (20.) Karic.<\/p>\n\n\n\n<p><strong>Polgargymnasium \u2013 Spallartgasse 11:1 (5:1).-<\/strong>&nbsp;Torfolge: 1:0 (1.) Karic, 2:0 (4.) Vendis, 3:0 (5.) Vendis, 3:1 (5.), 4:1 (7.) Jungwirth, 5:1 (10.) Nwokike, 6:1 (11.) Vendis, 7:1 (13.) Karic, 8:1 (16.) Dike, 9:1 (17.) Dike, 10:1 (18.) Nwokike.<\/p>\n\n\n\n<p><strong>FINALE:<\/strong><\/p>\n\n\n\n<p><strong>Polgargymnasium \u2013 Gerasdorferstra\u00dfe 6:5 im 7m-Schie\u00dfen (3:3, 3:1).-<\/strong>&nbsp;Torfolge: 1:0 (3.) Nwokike, 2:0 (5.) Nwokike, 3:0 (6.) Sipka, 3:1 (9.), 3:2 (15.), 3:3 (16.).<\/p>\n\n\n\n<p>7m-Schie\u00dfen: 0:0, 0:0 (Schlosser V.), 0:1, 1:1 (Karic), 1:2, 2:2 (Jungwirth), 2:3, 3:3 (Nwokike), 3:4, 4:4 (Sipka), 4:5, 5:5 (Neuhauser), 5:5, 5:5 (Schlosser S.), 5:5, 5:6 (Dike).<\/p>\n\n\n\n<p>Platz 3: BRG Erlgasse<\/p>\n\n\n\n<p>Platz 4: MS Spallartgasse<\/p>\n\n\n\n<p>Platz 5: SMS Am Kaiserm\u00fchlendamm<\/p>\n\n\n\n<p>Platz 6: MS Rudolf Sch\u00f6nweg<\/p>\n\n\n\n<p>Beste Torfrau: Dionna Dike (Polgargymnasium)<\/p>\n\n\n\n<p>Wertvollste Spielerin: Masa Ibrahim (Spallartgasse)<\/p>\n\n\n\n<p>Torsch\u00fctzenk\u00f6nigin: Pia Willimek (Gerasdorferstra\u00dfe)<\/p>\n","protected":false},"excerpt":{"rendered":"<p>Krimi bis zum 7m-Schie\u00dfen Nach einer souver\u00e4nen Vorstellung in der Vorrunde beim Krone Hallencup wurde es f\u00fcr das Polgargymnasium erstmals sehr eng mit dem Sieg. In der Westside-Soccer-Arena traten dieses Jahr 18 Schulteams an. Leider weniger als sonst, doch auf Grund der Corona-Situation wurde der Krone Hallencup erstmals seit 2019 wieder ausgetragen.&nbsp; F\u00fcr die erfolgsverw\u00f6hnten [&hellip;]<\/p>\n","protected":false},"author":11,"featured_media":0,"parent":0,"menu_order":0,"comment_status":"closed","ping_status":"closed","template":"","meta":{"footnotes":""},"class_list":["post-6022","page","type-page","status-publish","hentry"],"_links":{"self":[{"href":"https:\/\/polgargym.at\/wordpress\/wp-json\/wp\/v2\/pages\/6022","targetHints":{"allow":["GET"]}}],"collection":[{"href":"https:\/\/polgargym.at\/wordpress\/wp-json\/wp\/v2\/pages"}],"about":[{"href":"https:\/\/polgargym.at\/wordpress\/wp-json\/wp\/v2\/types\/page"}],"author":[{"embeddable":true,"href":"https:\/\/polgargym.at\/wordpress\/wp-json\/wp\/v2\/users\/11"}],"replies":[{"embeddable":true,"href":"https:\/\/polgargym.at\/wordpress\/wp-json\/wp\/v2\/comments?post=6022"}],"version-history":[{"count":4,"href":"https:\/\/polgargym.at\/wordpress\/wp-json\/wp\/v2\/pages\/6022\/revisions"}],"predecessor-version":[{"id":6032,"href":"https:\/\/polgargym.at\/wordpress\/wp-json\/wp\/v2\/pages\/6022\/revisions\/6032"}],"wp:attachment":[{"href":"https:\/\/polgargym.at\/wordpress\/wp-json\/wp\/v2\/media?parent=6022"}],"curies":[{"name":"wp","href":"https:\/\/api.w.org\/{rel}","templated":true}]}}