{"id":61,"date":"2019-03-15T13:40:33","date_gmt":"2019-03-15T12:40:33","guid":{"rendered":"http:\/\/10.18.11.129\/wordpress\/?page_id=61"},"modified":"2019-08-15T01:34:06","modified_gmt":"2019-08-14T23:34:06","slug":"mediation","status":"publish","type":"page","link":"https:\/\/polgargym.at\/wordpress\/mediation\/","title":{"rendered":"Mediation"},"content":{"rendered":"\n<h2 class=\"wp-block-heading\">Die Mediation am Polgargymnasium<\/h2>\n\n\n\n<h6 class=\"wp-block-heading\">angeboten von Frau FObL. Elisabeth Koller<\/h6>\n\n\n\n<h4 class=\"wp-block-heading\">Was ist Mediation?<\/h4>\n\n\n\n<p>Die Mediation beschreibt eine Methode bei Konflikten zu vermitteln.<br>Sie fu\u00dft auf einer Probleml\u00f6sungstechnik aus den USA.<\/p>\n\n\n\n<h4 class=\"wp-block-heading\">Peer-Mediation<\/h4>\n\n\n\n<p>Seit 1999 wird am Polgargymnasium die Peer-Mediation angeboten. Sie basiert auf einem freiwilligen Gespr\u00e4ch, welches von gleichaltrigen, neutralen &#8222;Peers&#8220; geleitet wird. Ziel des Gespr\u00e4ches ist nicht unbedingt eine passende, sondern lediglich eine f\u00fcr beide Parteien akzeptable L\u00f6sung.<\/p>\n\n\n\n<h5 class=\"wp-block-heading\">Angebote:<\/h5>\n\n\n\n<ul class=\"wp-block-list\"><li>Aus- und Weiterbildung der Peer-MediatorInnen<\/li><li>Betreuung der 1. Klassen vom Schnuppertag bis zu den Weihnachtsferien<\/li><li>Einzel- bzw. Gruppenmediationen<\/li><\/ul>\n\n\n\n<h4 class=\"wp-block-heading\">Grundregeln &amp; Ablauf<\/h4>\n\n\n\n<div class=\"wp-block-columns has-2-columns is-layout-flex wp-container-core-columns-is-layout-9d6595d7 wp-block-columns-is-layout-flex\">\n<div class=\"wp-block-column is-layout-flow wp-block-column-is-layout-flow\">\n<p style=\"text-align:left\"><strong>Grundregeln<\/strong><\/p>\n<\/div>\n\n\n\n<div class=\"wp-block-column is-layout-flow wp-block-column-is-layout-flow\">\n<p style=\"text-align:center\"><strong>Ablauf<\/strong><\/p>\n<\/div>\n<\/div>\n\n\n\n<div class=\"wp-block-columns has-2-columns is-layout-flex wp-container-core-columns-is-layout-9d6595d7 wp-block-columns-is-layout-flex\">\n<div class=\"wp-block-column is-layout-flow wp-block-column-is-layout-flow\">\n<ul class=\"wp-block-list\"><li>Alles Gesagte wird vertraulich behandelt<\/li><li>Es wird ausgeredet<\/li><li>Die Mediation h\u00f6rt aktiv zu<\/li><li>Die Mediation ist freiwillig<\/li><\/ul>\n<\/div>\n\n\n\n<div class=\"wp-block-column is-layout-flow wp-block-column-is-layout-flow\">\n<ol class=\"wp-block-list\"><li>Einleitung und Er\u00f6ffnung<\/li><li>Erhebung beider Sichtweisen<\/li><li>Konflikterkennung<\/li><li>Suche nach L\u00f6sungsm\u00f6glichkeiten<\/li><li>Entscheidungsphase<\/li><li>Einigung und Vertrag<\/li><\/ol>\n<\/div>\n<\/div>\n","protected":false},"excerpt":{"rendered":"<p>Die Mediation am Polgargymnasium angeboten von Frau FObL. Elisabeth Koller Was ist Mediation? Die Mediation beschreibt eine Methode bei Konflikten zu vermitteln.Sie fu\u00dft auf einer Probleml\u00f6sungstechnik aus den USA. Peer-Mediation Seit 1999 wird am Polgargymnasium die Peer-Mediation angeboten. Sie basiert auf einem freiwilligen Gespr\u00e4ch, welches von gleichaltrigen, neutralen &#8222;Peers&#8220; geleitet wird. Ziel des Gespr\u00e4ches ist [&hellip;]<\/p>\n","protected":false},"author":49,"featured_media":0,"parent":0,"menu_order":0,"comment_status":"closed","ping_status":"closed","template":"","meta":{"footnotes":""},"class_list":["post-61","page","type-page","status-publish","hentry"],"_links":{"self":[{"href":"https:\/\/polgargym.at\/wordpress\/wp-json\/wp\/v2\/pages\/61","targetHints":{"allow":["GET"]}}],"collection":[{"href":"https:\/\/polgargym.at\/wordpress\/wp-json\/wp\/v2\/pages"}],"about":[{"href":"https:\/\/polgargym.at\/wordpress\/wp-json\/wp\/v2\/types\/page"}],"author":[{"embeddable":true,"href":"https:\/\/polgargym.at\/wordpress\/wp-json\/wp\/v2\/users\/49"}],"replies":[{"embeddable":true,"href":"https:\/\/polgargym.at\/wordpress\/wp-json\/wp\/v2\/comments?post=61"}],"version-history":[{"count":15,"href":"https:\/\/polgargym.at\/wordpress\/wp-json\/wp\/v2\/pages\/61\/revisions"}],"predecessor-version":[{"id":1148,"href":"https:\/\/polgargym.at\/wordpress\/wp-json\/wp\/v2\/pages\/61\/revisions\/1148"}],"wp:attachment":[{"href":"https:\/\/polgargym.at\/wordpress\/wp-json\/wp\/v2\/media?parent=61"}],"curies":[{"name":"wp","href":"https:\/\/api.w.org\/{rel}","templated":true}]}}