{"id":6162,"date":"2022-05-12T10:33:49","date_gmt":"2022-05-12T08:33:49","guid":{"rendered":"https:\/\/polgargym.at\/?page_id=6162"},"modified":"2022-05-12T10:33:50","modified_gmt":"2022-05-12T08:33:50","slug":"jokerin-brachte-vorentscheidung","status":"publish","type":"page","link":"https:\/\/polgargym.at\/wordpress\/jokerin-brachte-vorentscheidung\/","title":{"rendered":"Jokerin brachte Vorentscheidung"},"content":{"rendered":"\n\n\n<p>Beim ersten Landesfinale seit 2019 \u2013 da fand dann das Bundesfinale in der Steiermark statt \u2013 waren wieder die zwei besten Schulteams im Finale der M\u00e4dchenfu\u00dfballliga (MFL) \u2013 BRG 21 Gerasdorferstra\u00dfe und das BRG 22 Polgarstra\u00dfe. Auf der WFV-Anlage in Hirschstetten entwickelte sich am vergangenen Dienstag von Beginn an ein auf technisch hohem Niveau stehendes Match.<\/p>\n\n\n\n<p>Bei der Gerasdorferstra\u00dfe fehlten zwei Leistungstr\u00e4gerinnen, darum verlagerte sich von Beginn an das Spiel in deren H\u00e4lfte. Mit einem Notweitschuss in der achten Minute aus der eigenen H\u00e4lfte, da sie keine Anspielerin fand, traf Victoria Schlosser genau unter die Latte. Dieser Treffer brach den Bann und die Polgargirls traten noch selbstbewusster auf. Einige gute Vorst\u00f6\u00dfe der Gerasdorferinnen wurden durch die laufstarken Verteidigerinnen \u2013 Dionna Dike und Stefanie Schlosser \u2013 im Keim erstickt. Dann brachte Betreuer Karlheinz Piringer Jokerin Lucie Vendis statt Luna Nwokike und gerade sie traf zum vorentscheidenden 2:0 in der 17. Minute. Bis zur Pause passierte dann nicht mehr viel.&nbsp;<\/p>\n\n\n\n<p>Nach dem Wechsel stellte der Betreuer der Gerasdorferstra\u00dfe, Karl Windisch, etwas um. Das brachte die Polgargirls etwas aus dem Tritt. Kurz darauf gelang den routinierteren Spielerinnen aus der Donaustadt durch Elma Karic das 3:0 (32.). Die endg\u00fcltige Entscheidung fiel dann mit einem Doppelschlag durch Karic und Dike zum 5:0. Den Ehrentreffer f\u00fcr die Gerasdorfer \u2013 Ella-Lingens-Gymnasium \u2013 erzielte sieben Minuten vor Schluss Elina Schitter zum 1:5-Endstand.<\/p>\n\n\n\n<p>Luna Nwokike, vom Siegerteam aus dem Polgargym, erleichtert: \u201eWir sind gl\u00fccklich, dass wir uns den Landesmeistertitel sichern konnten. Wir haben das Beste gegeben und unser neues Ziel ist, dass wir in Neusiedl (Bundesmeisterschaft von 12.-15. Juni) vorne mitspielen. Ich bin stolz und froh, dass unsere Schule die Kooperation mit dem Wiener Fu\u00dfballverband hat, dadurch steht der Fu\u00dfball neben dem Lernen an zweiter Stelle.\u201c<\/p>\n\n\n\n<p>Die Siegerehrung \u00fcbernahmen neben Organisatorin und Landesreferentin Monika Lackermayer noch Monika Tittel von der Bildungsdirektion sowie Polgargymnasiums-Direktorin Gabi Fegerl. Der Generalsekret\u00e4r des WFV, Christian Schlosser, fand sich unter den vielen Fans des M\u00e4dchenfu\u00dfballs ein.<\/p>\n\n\n\n<p>F\u00fcr das Polgargymnasium war es schon der 12. Landesmeistertitel in Serie seit Bestehen (Schuljahr 2008\/2009) der M\u00e4dchenfu\u00dfballLIGA (MFL).<\/p>\n\n\n\n<p><strong>Finale:<\/strong><\/p>\n\n\n\n<p>Polgar \u2013 Gerasdorfer 5:1 (2:0).- Torfolge: 1:0 (8.) V. Schlosser, 2:0 (17.) Vendis, 3:0 (32.) Karic, 4:0 (39.) Karic, 5:0 (41.) Dike, 5:1 (43.) Schitter.<\/p>\n\n\n\n<p>Kader:<\/p>\n\n\n\n<p>Omerzu, Schlosser S.+V., Dike, Karic, Sipka, Nwokike, Fichtinger, Vendis, Kager, M\u00f6tz, Egberongbe, Jungwirth.<\/p>\n\n\n\n<figure class=\"wp-block-image size-full\"><img loading=\"lazy\" decoding=\"async\" width=\"800\" height=\"610\" src=\"https:\/\/polgargym.at\/wordpress\/wp-content\/uploads\/2022\/05\/pr-polgar-finger.jpg\" alt=\"\" class=\"wp-image-6163\" srcset=\"https:\/\/polgargym.at\/wordpress\/wp-content\/uploads\/2022\/05\/pr-polgar-finger.jpg 800w, https:\/\/polgargym.at\/wordpress\/wp-content\/uploads\/2022\/05\/pr-polgar-finger-300x229.jpg 300w, https:\/\/polgargym.at\/wordpress\/wp-content\/uploads\/2022\/05\/pr-polgar-finger-768x586.jpg 768w\" sizes=\"auto, (max-width: 800px) 100vw, 800px\" \/><figcaption>Da ist der Pokal und die Eintrittskarte f\u00fcr das Bundesfinale in Neusiedl von Sonntag 12. bis Mittwoch 15. Juni.<\/figcaption><\/figure>\n\n\n\n<p><\/p>\n\n\n\n<figure class=\"wp-block-image size-full\"><img loading=\"lazy\" decoding=\"async\" width=\"800\" height=\"618\" src=\"https:\/\/polgargym.at\/wordpress\/wp-content\/uploads\/2022\/05\/pr-polgar-fingerlachen.jpg\" alt=\"\" class=\"wp-image-6164\" srcset=\"https:\/\/polgargym.at\/wordpress\/wp-content\/uploads\/2022\/05\/pr-polgar-fingerlachen.jpg 800w, https:\/\/polgargym.at\/wordpress\/wp-content\/uploads\/2022\/05\/pr-polgar-fingerlachen-300x232.jpg 300w, https:\/\/polgargym.at\/wordpress\/wp-content\/uploads\/2022\/05\/pr-polgar-fingerlachen-768x593.jpg 768w\" sizes=\"auto, (max-width: 800px) 100vw, 800px\" \/><figcaption>Stolz pr\u00e4sentieren die Polgargirls ihren Siegespokal.<\/figcaption><\/figure>\n\n\n\n<figure class=\"wp-block-image size-full\"><img loading=\"lazy\" decoding=\"async\" width=\"800\" height=\"460\" src=\"https:\/\/polgargym.at\/wordpress\/wp-content\/uploads\/2022\/05\/pr-polgarl-jubeeeel.jpg\" alt=\"\" class=\"wp-image-6166\" srcset=\"https:\/\/polgargym.at\/wordpress\/wp-content\/uploads\/2022\/05\/pr-polgarl-jubeeeel.jpg 800w, https:\/\/polgargym.at\/wordpress\/wp-content\/uploads\/2022\/05\/pr-polgarl-jubeeeel-300x173.jpg 300w, https:\/\/polgargym.at\/wordpress\/wp-content\/uploads\/2022\/05\/pr-polgarl-jubeeeel-768x442.jpg 768w\" sizes=\"auto, (max-width: 800px) 100vw, 800px\" \/><figcaption>Mit Direktorin Gabi Fegerl (links) und Monika Tittel von der Bildungsdirektion freuten sich die Polgarm\u00e4dels, dass sie endlich wieder dem runden Leder nachjagen durften.<\/figcaption><\/figure>\n\n\n\n<figure class=\"wp-block-image size-full\"><img loading=\"lazy\" decoding=\"async\" width=\"800\" height=\"437\" src=\"https:\/\/polgargym.at\/wordpress\/wp-content\/uploads\/2022\/05\/pr-polgar-pokal.jpg\" alt=\"\" class=\"wp-image-6165\" srcset=\"https:\/\/polgargym.at\/wordpress\/wp-content\/uploads\/2022\/05\/pr-polgar-pokal.jpg 800w, https:\/\/polgargym.at\/wordpress\/wp-content\/uploads\/2022\/05\/pr-polgar-pokal-300x164.jpg 300w, https:\/\/polgargym.at\/wordpress\/wp-content\/uploads\/2022\/05\/pr-polgar-pokal-768x420.jpg 768w\" sizes=\"auto, (max-width: 800px) 100vw, 800px\" \/><figcaption>Stefanie Schlosser nahm aus den H\u00e4nden von Direktorin Gabi Fegerl den Landesmeisterpokal entgegen.<\/figcaption><\/figure>\n","protected":false},"excerpt":{"rendered":"<p>Beim ersten Landesfinale seit 2019 \u2013 da fand dann das Bundesfinale in der Steiermark statt \u2013 waren wieder die zwei besten Schulteams im Finale der M\u00e4dchenfu\u00dfballliga (MFL) \u2013 BRG 21 Gerasdorferstra\u00dfe und das BRG 22 Polgarstra\u00dfe. Auf der WFV-Anlage in Hirschstetten entwickelte sich am vergangenen Dienstag von Beginn an ein auf technisch hohem Niveau stehendes [&hellip;]<\/p>\n","protected":false},"author":11,"featured_media":0,"parent":0,"menu_order":0,"comment_status":"closed","ping_status":"closed","template":"","meta":{"footnotes":""},"class_list":["post-6162","page","type-page","status-publish","hentry"],"_links":{"self":[{"href":"https:\/\/polgargym.at\/wordpress\/wp-json\/wp\/v2\/pages\/6162","targetHints":{"allow":["GET"]}}],"collection":[{"href":"https:\/\/polgargym.at\/wordpress\/wp-json\/wp\/v2\/pages"}],"about":[{"href":"https:\/\/polgargym.at\/wordpress\/wp-json\/wp\/v2\/types\/page"}],"author":[{"embeddable":true,"href":"https:\/\/polgargym.at\/wordpress\/wp-json\/wp\/v2\/users\/11"}],"replies":[{"embeddable":true,"href":"https:\/\/polgargym.at\/wordpress\/wp-json\/wp\/v2\/comments?post=6162"}],"version-history":[{"count":1,"href":"https:\/\/polgargym.at\/wordpress\/wp-json\/wp\/v2\/pages\/6162\/revisions"}],"predecessor-version":[{"id":6167,"href":"https:\/\/polgargym.at\/wordpress\/wp-json\/wp\/v2\/pages\/6162\/revisions\/6167"}],"wp:attachment":[{"href":"https:\/\/polgargym.at\/wordpress\/wp-json\/wp\/v2\/media?parent=6162"}],"curies":[{"name":"wp","href":"https:\/\/api.w.org\/{rel}","templated":true}]}}