{"id":6173,"date":"2022-05-18T11:04:27","date_gmt":"2022-05-18T09:04:27","guid":{"rendered":"https:\/\/polgargym.at\/?page_id=6173"},"modified":"2022-05-18T11:11:51","modified_gmt":"2022-05-18T09:11:51","slug":"oekologie-projektwoche-5b","status":"publish","type":"page","link":"https:\/\/polgargym.at\/wordpress\/oekologie-projektwoche-5b\/","title":{"rendered":"\u00d6kologie Projektwoche 5B"},"content":{"rendered":"\n<p class=\"has-large-font-size\">&#8230; im Nationalpark Kalkalpen vom 4.4. bis 8.4.2022<\/p>\n\n\n\n<div style=\"height:30px\" aria-hidden=\"true\" class=\"wp-block-spacer\"><\/div>\n\n\n\n<p class=\"has-medium-font-size\">Der pl\u00f6tzliche Wintereinbruch kurz vor der Ankunft konnte die gute Laune nicht abk\u00fchlen. Zu Begr\u00fc\u00dfung gab es Spiel und Spa\u00df im Schnee.<\/p>\n\n\n\n<figure class=\"wp-block-gallery columns-2 is-cropped wp-block-gallery-1 is-layout-flex wp-block-gallery-is-layout-flex\"><ul class=\"blocks-gallery-grid\"><li class=\"blocks-gallery-item\"><figure><img loading=\"lazy\" decoding=\"async\" width=\"576\" height=\"1024\" src=\"https:\/\/polgargym.at\/wordpress\/wp-content\/uploads\/2022\/05\/DSC_1505-576x1024.jpg\" alt=\"\" data-id=\"6174\" data-full-url=\"https:\/\/polgargym.at\/wordpress\/wp-content\/uploads\/2022\/05\/DSC_1505-rotated.jpg\" data-link=\"https:\/\/polgargym.at\/?attachment_id=6174\" class=\"wp-image-6174\" srcset=\"https:\/\/polgargym.at\/wordpress\/wp-content\/uploads\/2022\/05\/DSC_1505-576x1024.jpg 576w, https:\/\/polgargym.at\/wordpress\/wp-content\/uploads\/2022\/05\/DSC_1505-169x300.jpg 169w, https:\/\/polgargym.at\/wordpress\/wp-content\/uploads\/2022\/05\/DSC_1505-768x1365.jpg 768w, https:\/\/polgargym.at\/wordpress\/wp-content\/uploads\/2022\/05\/DSC_1505-864x1536.jpg 864w, https:\/\/polgargym.at\/wordpress\/wp-content\/uploads\/2022\/05\/DSC_1505-1152x2048.jpg 1152w, https:\/\/polgargym.at\/wordpress\/wp-content\/uploads\/2022\/05\/DSC_1505-rotated.jpg 1440w\" sizes=\"auto, (max-width: 576px) 100vw, 576px\" \/><\/figure><\/li><li class=\"blocks-gallery-item\"><figure><img loading=\"lazy\" decoding=\"async\" width=\"576\" height=\"1024\" src=\"https:\/\/polgargym.at\/wordpress\/wp-content\/uploads\/2022\/05\/DSC_1511-576x1024.jpg\" alt=\"\" data-id=\"6175\" data-full-url=\"https:\/\/polgargym.at\/wordpress\/wp-content\/uploads\/2022\/05\/DSC_1511-rotated.jpg\" data-link=\"https:\/\/polgargym.at\/?attachment_id=6175\" class=\"wp-image-6175\" srcset=\"https:\/\/polgargym.at\/wordpress\/wp-content\/uploads\/2022\/05\/DSC_1511-576x1024.jpg 576w, https:\/\/polgargym.at\/wordpress\/wp-content\/uploads\/2022\/05\/DSC_1511-169x300.jpg 169w, https:\/\/polgargym.at\/wordpress\/wp-content\/uploads\/2022\/05\/DSC_1511-768x1365.jpg 768w, https:\/\/polgargym.at\/wordpress\/wp-content\/uploads\/2022\/05\/DSC_1511-864x1536.jpg 864w, https:\/\/polgargym.at\/wordpress\/wp-content\/uploads\/2022\/05\/DSC_1511-1152x2048.jpg 1152w, https:\/\/polgargym.at\/wordpress\/wp-content\/uploads\/2022\/05\/DSC_1511-rotated.jpg 1440w\" sizes=\"auto, (max-width: 576px) 100vw, 576px\" \/><\/figure><\/li><\/ul><\/figure>\n\n\n\n<p class=\"has-medium-font-size\">Biologieunterricht au\u00dferhalb der Schule, Natur live erleben und f\u00e4cher\u00fcbergreifend arbeiten, das war das Ziel der Projektwoche im Ennstal in Ober\u00f6sterreich.<\/p>\n\n\n\n<figure class=\"wp-block-gallery columns-2 is-cropped wp-block-gallery-2 is-layout-flex wp-block-gallery-is-layout-flex\"><ul class=\"blocks-gallery-grid\"><li class=\"blocks-gallery-item\"><figure><img loading=\"lazy\" decoding=\"async\" width=\"1024\" height=\"576\" src=\"https:\/\/polgargym.at\/wordpress\/wp-content\/uploads\/2022\/05\/DSC_1515-1024x576.jpg\" alt=\"\" data-id=\"6176\" data-full-url=\"https:\/\/polgargym.at\/wordpress\/wp-content\/uploads\/2022\/05\/DSC_1515.jpg\" data-link=\"https:\/\/polgargym.at\/?attachment_id=6176\" class=\"wp-image-6176\" srcset=\"https:\/\/polgargym.at\/wordpress\/wp-content\/uploads\/2022\/05\/DSC_1515-1024x576.jpg 1024w, https:\/\/polgargym.at\/wordpress\/wp-content\/uploads\/2022\/05\/DSC_1515-300x169.jpg 300w, https:\/\/polgargym.at\/wordpress\/wp-content\/uploads\/2022\/05\/DSC_1515-768x432.jpg 768w, https:\/\/polgargym.at\/wordpress\/wp-content\/uploads\/2022\/05\/DSC_1515-1536x864.jpg 1536w, https:\/\/polgargym.at\/wordpress\/wp-content\/uploads\/2022\/05\/DSC_1515-2048x1152.jpg 2048w\" sizes=\"auto, (max-width: 1024px) 100vw, 1024px\" \/><\/figure><\/li><li class=\"blocks-gallery-item\"><figure><img loading=\"lazy\" decoding=\"async\" width=\"1024\" height=\"576\" src=\"https:\/\/polgargym.at\/wordpress\/wp-content\/uploads\/2022\/05\/DSC_1516-1024x576.jpg\" alt=\"\" data-id=\"6177\" data-full-url=\"https:\/\/polgargym.at\/wordpress\/wp-content\/uploads\/2022\/05\/DSC_1516.jpg\" data-link=\"https:\/\/polgargym.at\/?attachment_id=6177\" class=\"wp-image-6177\" srcset=\"https:\/\/polgargym.at\/wordpress\/wp-content\/uploads\/2022\/05\/DSC_1516-1024x576.jpg 1024w, https:\/\/polgargym.at\/wordpress\/wp-content\/uploads\/2022\/05\/DSC_1516-300x169.jpg 300w, https:\/\/polgargym.at\/wordpress\/wp-content\/uploads\/2022\/05\/DSC_1516-768x432.jpg 768w, https:\/\/polgargym.at\/wordpress\/wp-content\/uploads\/2022\/05\/DSC_1516-1536x864.jpg 1536w, https:\/\/polgargym.at\/wordpress\/wp-content\/uploads\/2022\/05\/DSC_1516-2048x1152.jpg 2048w\" sizes=\"auto, (max-width: 1024px) 100vw, 1024px\" \/><\/figure><\/li><\/ul><\/figure>\n\n\n\n<p class=\"has-medium-font-size\">Pflanzen abbilden ganz ohne Handy und Zeichenstift, nur mithilfe eines lichtempfindlichen Farbstoffs &#8211;&nbsp;&nbsp;eine neue Erfahrung im Sonnenlicht.<\/p>\n\n\n\n<figure class=\"wp-block-gallery columns-2 is-cropped wp-block-gallery-3 is-layout-flex wp-block-gallery-is-layout-flex\"><ul class=\"blocks-gallery-grid\"><li class=\"blocks-gallery-item\"><figure><img loading=\"lazy\" decoding=\"async\" width=\"1024\" height=\"576\" src=\"https:\/\/polgargym.at\/wordpress\/wp-content\/uploads\/2022\/05\/DSC_1558-1024x576.jpg\" alt=\"\" data-id=\"6179\" data-full-url=\"https:\/\/polgargym.at\/wordpress\/wp-content\/uploads\/2022\/05\/DSC_1558.jpg\" data-link=\"https:\/\/polgargym.at\/?attachment_id=6179\" class=\"wp-image-6179\" srcset=\"https:\/\/polgargym.at\/wordpress\/wp-content\/uploads\/2022\/05\/DSC_1558-1024x576.jpg 1024w, https:\/\/polgargym.at\/wordpress\/wp-content\/uploads\/2022\/05\/DSC_1558-300x169.jpg 300w, https:\/\/polgargym.at\/wordpress\/wp-content\/uploads\/2022\/05\/DSC_1558-768x432.jpg 768w, https:\/\/polgargym.at\/wordpress\/wp-content\/uploads\/2022\/05\/DSC_1558-1536x864.jpg 1536w, https:\/\/polgargym.at\/wordpress\/wp-content\/uploads\/2022\/05\/DSC_1558-2048x1152.jpg 2048w\" sizes=\"auto, (max-width: 1024px) 100vw, 1024px\" \/><\/figure><\/li><li class=\"blocks-gallery-item\"><figure><img loading=\"lazy\" decoding=\"async\" width=\"1024\" height=\"576\" src=\"https:\/\/polgargym.at\/wordpress\/wp-content\/uploads\/2022\/05\/DSC_1560-1024x576.jpg\" alt=\"\" data-id=\"6180\" data-full-url=\"https:\/\/polgargym.at\/wordpress\/wp-content\/uploads\/2022\/05\/DSC_1560.jpg\" data-link=\"https:\/\/polgargym.at\/?attachment_id=6180\" class=\"wp-image-6180\" srcset=\"https:\/\/polgargym.at\/wordpress\/wp-content\/uploads\/2022\/05\/DSC_1560-1024x576.jpg 1024w, https:\/\/polgargym.at\/wordpress\/wp-content\/uploads\/2022\/05\/DSC_1560-300x169.jpg 300w, https:\/\/polgargym.at\/wordpress\/wp-content\/uploads\/2022\/05\/DSC_1560-768x432.jpg 768w, https:\/\/polgargym.at\/wordpress\/wp-content\/uploads\/2022\/05\/DSC_1560-1536x864.jpg 1536w, https:\/\/polgargym.at\/wordpress\/wp-content\/uploads\/2022\/05\/DSC_1560-2048x1152.jpg 2048w\" sizes=\"auto, (max-width: 1024px) 100vw, 1024px\" \/><\/figure><\/li><\/ul><\/figure>\n\n\n\n<p class=\"has-medium-font-size\">Ein Nationalpark Ranger gab Einblick in seine Arbeit, die Bedeutung des Nationalparks f\u00fcr den Erhalt der Artenvielfalt und die Region. Kleinere und gr\u00f6\u00dfere Exkursionen vervollst\u00e4ndigten das Bild von dynamischen \u00d6kosystemen.<\/p>\n\n\n\n<figure class=\"wp-block-gallery columns-2 is-cropped wp-block-gallery-4 is-layout-flex wp-block-gallery-is-layout-flex\"><ul class=\"blocks-gallery-grid\"><li class=\"blocks-gallery-item\"><figure><img loading=\"lazy\" decoding=\"async\" width=\"1024\" height=\"576\" src=\"https:\/\/polgargym.at\/wordpress\/wp-content\/uploads\/2022\/05\/DSC_1538-1024x576.jpg\" alt=\"\" data-id=\"6181\" data-full-url=\"https:\/\/polgargym.at\/wordpress\/wp-content\/uploads\/2022\/05\/DSC_1538.jpg\" data-link=\"https:\/\/polgargym.at\/?attachment_id=6181\" class=\"wp-image-6181\" srcset=\"https:\/\/polgargym.at\/wordpress\/wp-content\/uploads\/2022\/05\/DSC_1538-1024x576.jpg 1024w, https:\/\/polgargym.at\/wordpress\/wp-content\/uploads\/2022\/05\/DSC_1538-300x169.jpg 300w, https:\/\/polgargym.at\/wordpress\/wp-content\/uploads\/2022\/05\/DSC_1538-768x432.jpg 768w, https:\/\/polgargym.at\/wordpress\/wp-content\/uploads\/2022\/05\/DSC_1538-1536x864.jpg 1536w, https:\/\/polgargym.at\/wordpress\/wp-content\/uploads\/2022\/05\/DSC_1538-2048x1152.jpg 2048w\" sizes=\"auto, (max-width: 1024px) 100vw, 1024px\" \/><\/figure><\/li><li class=\"blocks-gallery-item\"><figure><img loading=\"lazy\" decoding=\"async\" width=\"1024\" height=\"576\" src=\"https:\/\/polgargym.at\/wordpress\/wp-content\/uploads\/2022\/05\/DSC_1586-1024x576.jpg\" alt=\"\" data-id=\"6182\" data-full-url=\"https:\/\/polgargym.at\/wordpress\/wp-content\/uploads\/2022\/05\/DSC_1586.jpg\" data-link=\"https:\/\/polgargym.at\/?attachment_id=6182\" class=\"wp-image-6182\" srcset=\"https:\/\/polgargym.at\/wordpress\/wp-content\/uploads\/2022\/05\/DSC_1586-1024x576.jpg 1024w, https:\/\/polgargym.at\/wordpress\/wp-content\/uploads\/2022\/05\/DSC_1586-300x169.jpg 300w, https:\/\/polgargym.at\/wordpress\/wp-content\/uploads\/2022\/05\/DSC_1586-768x432.jpg 768w, https:\/\/polgargym.at\/wordpress\/wp-content\/uploads\/2022\/05\/DSC_1586-1536x864.jpg 1536w, https:\/\/polgargym.at\/wordpress\/wp-content\/uploads\/2022\/05\/DSC_1586-2048x1152.jpg 2048w\" sizes=\"auto, (max-width: 1024px) 100vw, 1024px\" \/><\/figure><\/li><\/ul><\/figure>\n\n\n\n<p class=\"has-medium-font-size\">Ganz nebenbei haben wir uns besser kennen gelernt. Gegenseitiges Vertrauen wurde auf die Probe gestellt und gest\u00e4rkt.<\/p>\n\n\n\n<figure class=\"wp-block-gallery columns-2 is-cropped wp-block-gallery-5 is-layout-flex wp-block-gallery-is-layout-flex\"><ul class=\"blocks-gallery-grid\"><li class=\"blocks-gallery-item\"><figure><img loading=\"lazy\" decoding=\"async\" width=\"1024\" height=\"576\" src=\"https:\/\/polgargym.at\/wordpress\/wp-content\/uploads\/2022\/05\/DSC_1531-1024x576.jpg\" alt=\"\" data-id=\"6183\" data-full-url=\"https:\/\/polgargym.at\/wordpress\/wp-content\/uploads\/2022\/05\/DSC_1531-rotated.jpg\" data-link=\"https:\/\/polgargym.at\/oekologie-projektwoche-5b\/dsc_1531\/\" class=\"wp-image-6183\" srcset=\"https:\/\/polgargym.at\/wordpress\/wp-content\/uploads\/2022\/05\/DSC_1531-1024x576.jpg 1024w, https:\/\/polgargym.at\/wordpress\/wp-content\/uploads\/2022\/05\/DSC_1531-300x169.jpg 300w, https:\/\/polgargym.at\/wordpress\/wp-content\/uploads\/2022\/05\/DSC_1531-768x432.jpg 768w, https:\/\/polgargym.at\/wordpress\/wp-content\/uploads\/2022\/05\/DSC_1531-1536x864.jpg 1536w, https:\/\/polgargym.at\/wordpress\/wp-content\/uploads\/2022\/05\/DSC_1531-2048x1152.jpg 2048w\" sizes=\"auto, (max-width: 1024px) 100vw, 1024px\" \/><\/figure><\/li><li class=\"blocks-gallery-item\"><figure><img loading=\"lazy\" decoding=\"async\" width=\"576\" height=\"1024\" src=\"https:\/\/polgargym.at\/wordpress\/wp-content\/uploads\/2022\/05\/DSC_1575-576x1024.jpg\" alt=\"\" data-id=\"6184\" data-full-url=\"https:\/\/polgargym.at\/wordpress\/wp-content\/uploads\/2022\/05\/DSC_1575-rotated.jpg\" data-link=\"https:\/\/polgargym.at\/oekologie-projektwoche-5b\/dsc_1575\/\" class=\"wp-image-6184\" srcset=\"https:\/\/polgargym.at\/wordpress\/wp-content\/uploads\/2022\/05\/DSC_1575-576x1024.jpg 576w, https:\/\/polgargym.at\/wordpress\/wp-content\/uploads\/2022\/05\/DSC_1575-169x300.jpg 169w, https:\/\/polgargym.at\/wordpress\/wp-content\/uploads\/2022\/05\/DSC_1575-768x1365.jpg 768w, https:\/\/polgargym.at\/wordpress\/wp-content\/uploads\/2022\/05\/DSC_1575-864x1536.jpg 864w, https:\/\/polgargym.at\/wordpress\/wp-content\/uploads\/2022\/05\/DSC_1575-1152x2048.jpg 1152w, https:\/\/polgargym.at\/wordpress\/wp-content\/uploads\/2022\/05\/DSC_1575-rotated.jpg 1440w\" sizes=\"auto, (max-width: 576px) 100vw, 576px\" \/><\/figure><\/li><\/ul><\/figure>\n\n\n\n<figure class=\"wp-block-gallery columns-3 is-cropped wp-block-gallery-6 is-layout-flex wp-block-gallery-is-layout-flex\"><ul class=\"blocks-gallery-grid\"><li class=\"blocks-gallery-item\"><figure><img loading=\"lazy\" decoding=\"async\" width=\"576\" height=\"1024\" src=\"https:\/\/polgargym.at\/wordpress\/wp-content\/uploads\/2022\/05\/DSC_1592-576x1024.jpg\" alt=\"\" data-id=\"6187\" data-link=\"https:\/\/polgargym.at\/oekologie-projektwoche-5b\/dsc_1592\/\" class=\"wp-image-6187\" srcset=\"https:\/\/polgargym.at\/wordpress\/wp-content\/uploads\/2022\/05\/DSC_1592-576x1024.jpg 576w, https:\/\/polgargym.at\/wordpress\/wp-content\/uploads\/2022\/05\/DSC_1592-169x300.jpg 169w, https:\/\/polgargym.at\/wordpress\/wp-content\/uploads\/2022\/05\/DSC_1592-768x1365.jpg 768w, https:\/\/polgargym.at\/wordpress\/wp-content\/uploads\/2022\/05\/DSC_1592-864x1536.jpg 864w, https:\/\/polgargym.at\/wordpress\/wp-content\/uploads\/2022\/05\/DSC_1592-1152x2048.jpg 1152w, https:\/\/polgargym.at\/wordpress\/wp-content\/uploads\/2022\/05\/DSC_1592-rotated.jpg 1440w\" sizes=\"auto, (max-width: 576px) 100vw, 576px\" \/><\/figure><\/li><li class=\"blocks-gallery-item\"><figure><img loading=\"lazy\" decoding=\"async\" width=\"1024\" height=\"576\" src=\"https:\/\/polgargym.at\/wordpress\/wp-content\/uploads\/2022\/05\/DSC_1594-1024x576.jpg\" alt=\"\" data-id=\"6188\" data-link=\"https:\/\/polgargym.at\/oekologie-projektwoche-5b\/dsc_1594\/\" class=\"wp-image-6188\" srcset=\"https:\/\/polgargym.at\/wordpress\/wp-content\/uploads\/2022\/05\/DSC_1594-1024x576.jpg 1024w, https:\/\/polgargym.at\/wordpress\/wp-content\/uploads\/2022\/05\/DSC_1594-300x169.jpg 300w, https:\/\/polgargym.at\/wordpress\/wp-content\/uploads\/2022\/05\/DSC_1594-768x432.jpg 768w, https:\/\/polgargym.at\/wordpress\/wp-content\/uploads\/2022\/05\/DSC_1594-1536x864.jpg 1536w, https:\/\/polgargym.at\/wordpress\/wp-content\/uploads\/2022\/05\/DSC_1594-2048x1152.jpg 2048w\" sizes=\"auto, (max-width: 1024px) 100vw, 1024px\" \/><\/figure><\/li><li class=\"blocks-gallery-item\"><figure><img loading=\"lazy\" decoding=\"async\" width=\"576\" height=\"1024\" src=\"https:\/\/polgargym.at\/wordpress\/wp-content\/uploads\/2022\/05\/DSC_1596-1-576x1024.jpg\" alt=\"\" data-id=\"6198\" data-full-url=\"https:\/\/polgargym.at\/wordpress\/wp-content\/uploads\/2022\/05\/DSC_1596-1-rotated.jpg\" data-link=\"https:\/\/polgargym.at\/oekologie-projektwoche-5b\/dsc_1596-1\/\" class=\"wp-image-6198\" srcset=\"https:\/\/polgargym.at\/wordpress\/wp-content\/uploads\/2022\/05\/DSC_1596-1-576x1024.jpg 576w, https:\/\/polgargym.at\/wordpress\/wp-content\/uploads\/2022\/05\/DSC_1596-1-169x300.jpg 169w, https:\/\/polgargym.at\/wordpress\/wp-content\/uploads\/2022\/05\/DSC_1596-1-768x1365.jpg 768w, https:\/\/polgargym.at\/wordpress\/wp-content\/uploads\/2022\/05\/DSC_1596-1-864x1536.jpg 864w, https:\/\/polgargym.at\/wordpress\/wp-content\/uploads\/2022\/05\/DSC_1596-1-1152x2048.jpg 1152w, https:\/\/polgargym.at\/wordpress\/wp-content\/uploads\/2022\/05\/DSC_1596-1-rotated.jpg 1440w\" sizes=\"auto, (max-width: 576px) 100vw, 576px\" \/><\/figure><\/li><\/ul><\/figure>\n\n\n\n<p class=\"has-medium-font-size\"><em>Sch\u00f6n war\u00b4s.<\/em><\/p>\n\n\n\n<figure class=\"wp-block-gallery columns-2 wp-block-gallery-7 is-layout-flex wp-block-gallery-is-layout-flex\"><ul class=\"blocks-gallery-grid\"><li class=\"blocks-gallery-item\"><figure><img loading=\"lazy\" decoding=\"async\" width=\"1024\" height=\"576\" src=\"https:\/\/polgargym.at\/wordpress\/wp-content\/uploads\/2022\/05\/DSC_1583-1-1024x576.jpg\" alt=\"\" data-id=\"6190\" data-full-url=\"https:\/\/polgargym.at\/wordpress\/wp-content\/uploads\/2022\/05\/DSC_1583-1.jpg\" data-link=\"https:\/\/polgargym.at\/?attachment_id=6190\" class=\"wp-image-6190\" srcset=\"https:\/\/polgargym.at\/wordpress\/wp-content\/uploads\/2022\/05\/DSC_1583-1-1024x576.jpg 1024w, https:\/\/polgargym.at\/wordpress\/wp-content\/uploads\/2022\/05\/DSC_1583-1-300x169.jpg 300w, https:\/\/polgargym.at\/wordpress\/wp-content\/uploads\/2022\/05\/DSC_1583-1-768x432.jpg 768w, https:\/\/polgargym.at\/wordpress\/wp-content\/uploads\/2022\/05\/DSC_1583-1-1536x864.jpg 1536w, https:\/\/polgargym.at\/wordpress\/wp-content\/uploads\/2022\/05\/DSC_1583-1-2048x1152.jpg 2048w\" sizes=\"auto, (max-width: 1024px) 100vw, 1024px\" \/><\/figure><\/li><li class=\"blocks-gallery-item\"><figure><img loading=\"lazy\" decoding=\"async\" width=\"1024\" height=\"576\" src=\"https:\/\/polgargym.at\/wordpress\/wp-content\/uploads\/2022\/05\/DSC_1581-1-1024x576.jpg\" alt=\"\" data-id=\"6189\" data-full-url=\"https:\/\/polgargym.at\/wordpress\/wp-content\/uploads\/2022\/05\/DSC_1581-1.jpg\" data-link=\"https:\/\/polgargym.at\/?attachment_id=6189\" class=\"wp-image-6189\" srcset=\"https:\/\/polgargym.at\/wordpress\/wp-content\/uploads\/2022\/05\/DSC_1581-1-1024x576.jpg 1024w, https:\/\/polgargym.at\/wordpress\/wp-content\/uploads\/2022\/05\/DSC_1581-1-300x169.jpg 300w, https:\/\/polgargym.at\/wordpress\/wp-content\/uploads\/2022\/05\/DSC_1581-1-768x432.jpg 768w, https:\/\/polgargym.at\/wordpress\/wp-content\/uploads\/2022\/05\/DSC_1581-1-1536x864.jpg 1536w, https:\/\/polgargym.at\/wordpress\/wp-content\/uploads\/2022\/05\/DSC_1581-1-2048x1152.jpg 2048w\" sizes=\"auto, (max-width: 1024px) 100vw, 1024px\" \/><\/figure><\/li><\/ul><\/figure>\n\n\n\n<p class=\"has-medium-font-size\">(Mag. Dr. Sabine Onz)<\/p>\n","protected":false},"excerpt":{"rendered":"<p>&#8230; im Nationalpark Kalkalpen vom 4.4. bis 8.4.2022 Der pl\u00f6tzliche Wintereinbruch kurz vor der Ankunft konnte die gute Laune nicht abk\u00fchlen. Zu Begr\u00fc\u00dfung gab es Spiel und Spa\u00df im Schnee. Biologieunterricht au\u00dferhalb der Schule, Natur live erleben und f\u00e4cher\u00fcbergreifend arbeiten, das war das Ziel der Projektwoche im Ennstal in Ober\u00f6sterreich. Pflanzen abbilden ganz ohne Handy [&hellip;]<\/p>\n","protected":false},"author":11,"featured_media":0,"parent":0,"menu_order":0,"comment_status":"closed","ping_status":"closed","template":"","meta":{"footnotes":""},"class_list":["post-6173","page","type-page","status-publish","hentry"],"_links":{"self":[{"href":"https:\/\/polgargym.at\/wordpress\/wp-json\/wp\/v2\/pages\/6173","targetHints":{"allow":["GET"]}}],"collection":[{"href":"https:\/\/polgargym.at\/wordpress\/wp-json\/wp\/v2\/pages"}],"about":[{"href":"https:\/\/polgargym.at\/wordpress\/wp-json\/wp\/v2\/types\/page"}],"author":[{"embeddable":true,"href":"https:\/\/polgargym.at\/wordpress\/wp-json\/wp\/v2\/users\/11"}],"replies":[{"embeddable":true,"href":"https:\/\/polgargym.at\/wordpress\/wp-json\/wp\/v2\/comments?post=6173"}],"version-history":[{"count":5,"href":"https:\/\/polgargym.at\/wordpress\/wp-json\/wp\/v2\/pages\/6173\/revisions"}],"predecessor-version":[{"id":6201,"href":"https:\/\/polgargym.at\/wordpress\/wp-json\/wp\/v2\/pages\/6173\/revisions\/6201"}],"wp:attachment":[{"href":"https:\/\/polgargym.at\/wordpress\/wp-json\/wp\/v2\/media?parent=6173"}],"curies":[{"name":"wp","href":"https:\/\/api.w.org\/{rel}","templated":true}]}}