{"id":6221,"date":"2022-06-20T13:46:56","date_gmt":"2022-06-20T11:46:56","guid":{"rendered":"https:\/\/polgargym.at\/?page_id=6221"},"modified":"2022-06-20T13:46:58","modified_gmt":"2022-06-20T11:46:58","slug":"maedchenfussball-polgargym-vierte-unter-126-schulteams","status":"publish","type":"page","link":"https:\/\/polgargym.at\/wordpress\/maedchenfussball-polgargym-vierte-unter-126-schulteams\/","title":{"rendered":"M\u00e4dchenfu\u00dfball: Polgargym Vierte unter 126 Schulteams"},"content":{"rendered":"\n<p><\/p>\n\n\n\n<p>Die besten zehn von 126 teilnehmenden Schulen k\u00fcrten von Montag bis Mittwoch bei den Bundesmeisterschaften der M\u00e4dchenfu\u00dfballliga (MFL) in Neusiedl am See ihren Titeltr\u00e4ger im gr\u00f6\u00dften bundesweiten Schulfu\u00dfballturnier \u00d6sterreichs. Mitten unter diesen Top-Teams war auch der 7fache Titeltr\u00e4ger, das Polgargymnasium, vertreten.<\/p>\n\n\n\n<div style=\"height:30px\" aria-hidden=\"true\" class=\"wp-block-spacer\"><\/div>\n\n\n\n<p>Der Start gl\u00fcckte perfekt. Gegen Neuling SMS Lambach aus Ober\u00f6sterreich siegten die Polgargirls mit 2:0 danach folgte gegen Satteins aus Vorarlberg ein 2:0-Sieg. Gegen Mitfavorit BRG Gainfarn aus Nieder\u00f6sterreich setzten sich die Wienerinnen nach hartem Kampf mit 1:0 durch. Im letzten Gruppenspiel gegen das BG Neusiedl durfte die Truppe von Betreuerin Christina K\u00f6\u00dfldorfer und Karlheinz Piringer klar mit 4:0 gewinnen. Somit standen die Polgargirls als Gruppensieger fest.<\/p>\n\n\n\n<div style=\"height:30px\" aria-hidden=\"true\" class=\"wp-block-spacer\"><\/div>\n\n\n\n<p>Im Semifinale am n\u00e4chsten Tag wartete der Lokalmatador das Theresianum Eisenstadt auf die Wienerinnen. Die Polgargirls dominierten das Spiel, doch aus einem Konter gelang den Burgenl\u00e4nderinnen das 1:0. Dieser erste Gegentreffer versetzte die Polgargirls in einen Schock, den sie bis zum Schlusspfiff nicht loswurden. Trotz Feld\u00fcberlegenheit siegten die Eisenst\u00e4dterinnen und zogen ins gro\u00dfe Finale ein. Das Polgargymnasium, das eine Kooperation mit dem Wiener Fu\u00dfballverband hat, musste sich mit dem Spiel um Platz drei zufriedengeben.<\/p>\n\n\n\n<div style=\"height:30px\" aria-hidden=\"true\" class=\"wp-block-spacer\"><\/div>\n\n\n\n<p>Der letzte Tag der Bundesmeisterschaft startete mit dem kleinen Finale zwischen den mittlerweile gut befreundeten Teams aus Lambach und vom Polgargymnasium. Spielerisch waren die Wienerinnen wieder \u00fcberlegen, und gingen auch erwartet in F\u00fchrung. Doch schon im Gegensto\u00df stand es 1:1. Danach wog das Spiel hin und her. Das Mentale war auf eine schwere Pr\u00fcfung gestellt. Nach 20 Minuten gelang den Ober\u00f6sterreicherinnen erstmals der F\u00fchrungstreffer.<\/p>\n\n\n\n<div style=\"height:30px\" aria-hidden=\"true\" class=\"wp-block-spacer\"><\/div>\n\n\n\n<p>Nach der Pause dr\u00fcckte wieder das Polgargym, doch mit dem 1:3 schien die Partie entschieden. Get\u00e4uscht. Thija Sipka verk\u00fcrzte erneut auf 2:3 und pl\u00f6tzlich waren die Polgargirls wieder in der Partie. Die endg\u00fcltige Entscheidung gegen die tapfer spielenden M\u00e4dels aus dem Polgargym fiel schlie\u00dflich sieben Minuten vor Schluss \u2013 2:4. Das 2:5 in der letzten Minute (60.) war nur noch Draufgabe. Somit belegte das Polgargymnasium schlussendlich den 4. Platz bei den 12. Bundesmeisterschaften der M\u00e4dchenfu\u00dfballliga (MFL).<\/p>\n\n\n\n<div style=\"height:30px\" aria-hidden=\"true\" class=\"wp-block-spacer\"><\/div>\n\n\n\n<p>Die Betreuer K\u00f6\u00dfldorfer und Piringer unisono: \u201eWir sind wahnsinnig stolz auf die Polgargirls. Sie versuchten bis zum Schlusspfiff alles zu geben. Sie k\u00e4mpften immer wieder mit negativen Gedanken, die sie zu \u00fcberwinden versuchten. Wir waren heuer noch nicht bereit, f\u00fcr den gro\u00dfen Wurf. Aus dieser Meisterschaft haben wir viel gelernt, daraus wollen wir in den n\u00e4chsten Monaten lernen und noch besser und effektiver werden.\u201c<\/p>\n\n\n\n<div style=\"height:30px\" aria-hidden=\"true\" class=\"wp-block-spacer\"><\/div>\n\n\n\n<p>Die Spielerinnen lie\u00dfen aufhorchen: \u201eN\u00e4chstes Mal gewinnen wir.\u201c<\/p>\n\n\n\n<p>Staatsmeisterinnen wurden schlussendlich die M\u00e4dels aus dem BRG Leibnitz (Steiermark) mit einem 2:1 im 7m-Schie\u00dfen nach 2:2 in der regul\u00e4ren Spielzeit gegen das Theresianum Eisenstadt.<\/p>\n\n\n\n<div style=\"height:30px\" aria-hidden=\"true\" class=\"wp-block-spacer\"><\/div>\n\n\n\n<p><strong>Ergebnisse:<\/strong><\/p>\n\n\n\n<p><em><u>Vorrunde Gruppe B:<\/u><\/em><\/p>\n\n\n\n<p>Polgar \u2013 SMS Lambach 2:0 (2:0).- Torfolge: 1:0 (6.) Karic, 2:0 (10.) Nwokike.<\/p>\n\n\n\n<p>Polgar \u2013 SMS Satteins 2:0 (0:0).- Torfolge: 1:0 (18.) Karic, 2:0 (20.) Karic.<\/p>\n\n\n\n<p>Polgar \u2013 BRG Gainfarn 1:0 (0:0).- Tor: 1:0 (18.) Dike.<\/p>\n\n\n\n<p>Polgar \u2013 BG Neusiedl 4:0 (2:0).- Torfolge: 1:0 (8.) Dike, 2:0 (9.) Neuhauser, 3:0 (11.) Dike, 4:0 (12.) Neuhauser.<\/p>\n\n\n\n<p><em><u>Semifinale:<\/u><\/em><\/p>\n\n\n\n<p>Polgar \u2013 Theresianum Eisenstadt 0:1 (0:1).- Torfolge: 0:1 (13.).<\/p>\n\n\n\n<p><em><u>Spiel um Platz 3:<\/u><\/em><\/p>\n\n\n\n<p>Polgar \u2013 Lambach 2:5 (1:2).- Torfolge: 1:0 (5.) Sipka, 1:1 (6.), 1:2 (20.), 1:3 (39.), 2:3 (48.) Sipka, 2:4 (53.), 2:5 (60.).<\/p>\n\n\n\n<p><strong><u>Kader:<\/u><\/strong><\/p>\n\n\n\n<p>Omerzu, Schlosser V.+S., Karic, Sipka, Jungwirth, Vendis, Dike, Fichtinger, Neuhauser, Egberongbe, M\u00f6tz, Nwokike.<\/p>\n\n\n\n<p><strong>Endstand:<\/strong><\/p>\n\n\n\n<ol class=\"wp-block-list\" type=\"1\"><li>Leibnitz<\/li><li>Eisenstadt<\/li><li>Lambach<\/li><li>Polgar<\/li><li>WRG Salzburg<\/li><li>BRG Bad V\u00f6slau<\/li><li>BRG Spittal \/Drau<\/li><li>SMS Satteins<\/li><li>BG Neusiedl<\/li><li>MS Schwaz<\/li><\/ol>\n\n\n\n<figure class=\"wp-block-image size-full\"><img loading=\"lazy\" decoding=\"async\" width=\"800\" height=\"720\" src=\"https:\/\/polgargym.at\/wordpress\/wp-content\/uploads\/2022\/06\/pr-sipka.jpg\" alt=\"\" class=\"wp-image-6222\" srcset=\"https:\/\/polgargym.at\/wordpress\/wp-content\/uploads\/2022\/06\/pr-sipka.jpg 800w, https:\/\/polgargym.at\/wordpress\/wp-content\/uploads\/2022\/06\/pr-sipka-300x270.jpg 300w, https:\/\/polgargym.at\/wordpress\/wp-content\/uploads\/2022\/06\/pr-sipka-768x691.jpg 768w\" sizes=\"auto, (max-width: 800px) 100vw, 800px\" \/><figcaption>Thija Sipka (liegend) traf im kleinen Finale zweimal. Das war zu wenig und das Polgargym fiel gegen die Lambacherinnen auf den Bauch.<\/figcaption><\/figure>\n\n\n\n<figure class=\"wp-block-image size-full\"><img loading=\"lazy\" decoding=\"async\" width=\"800\" height=\"444\" src=\"https:\/\/polgargym.at\/wordpress\/wp-content\/uploads\/2022\/06\/pr-jubel.jpg\" alt=\"\" class=\"wp-image-6223\" srcset=\"https:\/\/polgargym.at\/wordpress\/wp-content\/uploads\/2022\/06\/pr-jubel.jpg 800w, https:\/\/polgargym.at\/wordpress\/wp-content\/uploads\/2022\/06\/pr-jubel-300x167.jpg 300w, https:\/\/polgargym.at\/wordpress\/wp-content\/uploads\/2022\/06\/pr-jubel-768x426.jpg 768w\" sizes=\"auto, (max-width: 800px) 100vw, 800px\" \/><figcaption>Einen ged\u00e4mpften Jubel zeigten die Polgargirls nach dem 2:5 im kleinen Finale.<\/figcaption><\/figure>\n\n\n\n<figure class=\"wp-block-image size-full\"><img loading=\"lazy\" decoding=\"async\" width=\"800\" height=\"829\" src=\"https:\/\/polgargym.at\/wordpress\/wp-content\/uploads\/2022\/06\/pr-Pokal.jpg\" alt=\"\" class=\"wp-image-6224\" srcset=\"https:\/\/polgargym.at\/wordpress\/wp-content\/uploads\/2022\/06\/pr-Pokal.jpg 800w, https:\/\/polgargym.at\/wordpress\/wp-content\/uploads\/2022\/06\/pr-Pokal-290x300.jpg 290w, https:\/\/polgargym.at\/wordpress\/wp-content\/uploads\/2022\/06\/pr-Pokal-768x796.jpg 768w\" sizes=\"auto, (max-width: 800px) 100vw, 800px\" \/><figcaption>Vater und Generalsekret\u00e4r des Wiener Fu\u00dfballverbandes (WFV), Christian Schlosser, \u00fcberreichte seiner Tochter, Stefanie, den Pokal f\u00fcr den 4. Platz im Bundesfinale der M\u00e4dchenfu\u00dfballliga (MFL).<\/figcaption><\/figure>\n\n\n\n<figure class=\"wp-block-image size-full\"><img loading=\"lazy\" decoding=\"async\" width=\"800\" height=\"847\" src=\"https:\/\/polgargym.at\/wordpress\/wp-content\/uploads\/2022\/06\/pr-traurig.jpg\" alt=\"\" class=\"wp-image-6225\" srcset=\"https:\/\/polgargym.at\/wordpress\/wp-content\/uploads\/2022\/06\/pr-traurig.jpg 800w, https:\/\/polgargym.at\/wordpress\/wp-content\/uploads\/2022\/06\/pr-traurig-283x300.jpg 283w, https:\/\/polgargym.at\/wordpress\/wp-content\/uploads\/2022\/06\/pr-traurig-768x813.jpg 768w\" sizes=\"auto, (max-width: 800px) 100vw, 800px\" \/><figcaption>Kurz vor der Siegerehrung schauten die Polgargirls noch traurig aus der W\u00e4sche.<\/figcaption><\/figure>\n\n\n\n<p><\/p>\n","protected":false},"excerpt":{"rendered":"<p>Die besten zehn von 126 teilnehmenden Schulen k\u00fcrten von Montag bis Mittwoch bei den Bundesmeisterschaften der M\u00e4dchenfu\u00dfballliga (MFL) in Neusiedl am See ihren Titeltr\u00e4ger im gr\u00f6\u00dften bundesweiten Schulfu\u00dfballturnier \u00d6sterreichs. Mitten unter diesen Top-Teams war auch der 7fache Titeltr\u00e4ger, das Polgargymnasium, vertreten. Der Start gl\u00fcckte perfekt. Gegen Neuling SMS Lambach aus Ober\u00f6sterreich siegten die Polgargirls mit [&hellip;]<\/p>\n","protected":false},"author":11,"featured_media":0,"parent":0,"menu_order":0,"comment_status":"closed","ping_status":"closed","template":"","meta":{"footnotes":""},"class_list":["post-6221","page","type-page","status-publish","hentry"],"_links":{"self":[{"href":"https:\/\/polgargym.at\/wordpress\/wp-json\/wp\/v2\/pages\/6221","targetHints":{"allow":["GET"]}}],"collection":[{"href":"https:\/\/polgargym.at\/wordpress\/wp-json\/wp\/v2\/pages"}],"about":[{"href":"https:\/\/polgargym.at\/wordpress\/wp-json\/wp\/v2\/types\/page"}],"author":[{"embeddable":true,"href":"https:\/\/polgargym.at\/wordpress\/wp-json\/wp\/v2\/users\/11"}],"replies":[{"embeddable":true,"href":"https:\/\/polgargym.at\/wordpress\/wp-json\/wp\/v2\/comments?post=6221"}],"version-history":[{"count":1,"href":"https:\/\/polgargym.at\/wordpress\/wp-json\/wp\/v2\/pages\/6221\/revisions"}],"predecessor-version":[{"id":6227,"href":"https:\/\/polgargym.at\/wordpress\/wp-json\/wp\/v2\/pages\/6221\/revisions\/6227"}],"wp:attachment":[{"href":"https:\/\/polgargym.at\/wordpress\/wp-json\/wp\/v2\/media?parent=6221"}],"curies":[{"name":"wp","href":"https:\/\/api.w.org\/{rel}","templated":true}]}}