{"id":6247,"date":"2022-06-30T21:42:59","date_gmt":"2022-06-30T19:42:59","guid":{"rendered":"https:\/\/polgargym.at\/?page_id=6247"},"modified":"2022-06-30T21:43:02","modified_gmt":"2022-06-30T19:43:02","slug":"orpheus-und-eurydike-am-polgargym","status":"publish","type":"page","link":"https:\/\/polgargym.at\/wordpress\/orpheus-und-eurydike-am-polgargym\/","title":{"rendered":"Orpheus und Eurydike am Polgargym"},"content":{"rendered":"\n<p>Es war der letzte Latein-Text in diesem Jahr: Als die Lateiner*innen der 5. Klassen die Geschichte von Orpheus und Eurydike aus dem Lehrbuch \u00fcbersetzt hatten, machten sie sich ohne gro\u00dfe Vorbereitung an die szenische Umsetzung: Es gibt einen S\u00e4nger, dessen Ehefrau, eine Schlange, finstere K\u00f6nige der Unterwelt, kurz: alles, was zu dieser Geschichte geh\u00f6rt. Das Ergebnis des Mini-Fotoprojekts kann sich sehen lassen!<\/p>\n\n\n\n<p><\/p>\n\n\n\n<div\n    class='wp-block-pdfp-pdf-poster  alignnone'\n    id='block-2'\n    data-attributes='{&quot;uniqueId&quot;:&quot;pdfp1&quot;,&quot;file&quot;:&quot;https:\\\/\\\/polgargym.at\\\/wordpress\\\/wp-content\\\/uploads\\\/2022\\\/06\\\/Orpheus-et-Eurydice-Praesentation5KlassenJuni22.pdf&quot;,&quot;title&quot;:&quot;Orpheus_Fotoprojekt&quot;,&quot;height&quot;:&quot;842px&quot;,&quot;width&quot;:&quot;100%&quot;,&quot;print&quot;:false,&quot;fullscreenButton&quot;:false,&quot;newWindow&quot;:true,&quot;showName&quot;:false,&quot;downloadButton&quot;:false,&quot;protect&quot;:false,&quot;onlyPDF&quot;:false,&quot;defaultBrowser&quot;:false,&quot;thumbMenu&quot;:true,&quot;sidebarOpen&quot;:false,&quot;lastVersion&quot;:false,&quot;hrScroll&quot;:0,&quot;alert&quot;:true,&quot;btnStyles&quot;:{&quot;background&quot;:&quot;#1e73be&quot;,&quot;color&quot;:&quot;#fff&quot;,&quot;fontSize&quot;:&quot;1rem&quot;,&quot;padding&quot;:{&quot;top&quot;:10,&quot;right&quot;:20,&quot;bottom&quot;:10,&quot;left&quot;:10}},&quot;popupOptions&quot;:{&quot;enabled&quot;:0,&quot;text&quot;:&quot;Open PDF&quot;,&quot;triggerType&quot;:&quot;button&quot;,&quot;image&quot;:&quot;&quot;,&quot;imageHeight&quot;:&quot;200px&quot;,&quot;imageWidth&quot;:&quot;300px&quot;,&quot;imagePdfIcon&quot;:true,&quot;triggerAlignment&quot;:&quot;center&quot;,&quot;btnStyle&quot;:{&quot;background&quot;:&quot;#1e73be&quot;,&quot;color&quot;:&quot;#fff&quot;,&quot;fontSize&quot;:&quot;1rem&quot;,&quot;padding&quot;:{&quot;top&quot;:10,&quot;right&quot;:20,&quot;bottom&quot;:10,&quot;left&quot;:10}}},&quot;actionsPosition&quot;:&quot;top&quot;,&quot;socialShare&quot;:{&quot;enabled&quot;:false,&quot;facebook&quot;:false,&quot;twitter&quot;:false,&quot;linkedin&quot;:false,&quot;pinterest&quot;:false,&quot;position&quot;:&quot;top&quot;},&quot;adobeEmbedder&quot;:false,&quot;align&quot;:&quot;none&quot;,&quot;alignment&quot;:&quot;left&quot;,&quot;titleFontSize&quot;:&quot;16px&quot;,&quot;downloadButtonText&quot;:&quot;Download File&quot;,&quot;fullscreenButtonText&quot;:&quot;View Fullscreen&quot;,&quot;initialPage&quot;:0,&quot;isHideRightToolbar&quot;:false,&quot;additional&quot;:{&quot;ID&quot;:&quot;&quot;,&quot;Class&quot;:&quot;&quot;,&quot;CSS&quot;:&quot;&quot;},&quot;adobeOptions&quot;:{&quot;showDownloadPDF&quot;:true,&quot;showPrintPDF&quot;:true,&quot;showAnnotationTools&quot;:true,&quot;showFullScreen&quot;:false,&quot;embedMode&quot;:&quot;SIZED_CONTAINER&quot;},&quot;popupBtnStyle&quot;:{&quot;background&quot;:&quot;#2271b1&quot;,&quot;color&quot;:&quot;#fff&quot;,&quot;padding&quot;:{&quot;top&quot;:10,&quot;right&quot;:20,&quot;bottom&quot;:10,&quot;left&quot;:10}},&quot;popupBtnText&quot;:&quot;Open Document&quot;,&quot;CSS&quot;:&quot;&quot;,&quot;isPremium&quot;:false}'\n    style=\"text-align: left\">\n    \n        <iframe loading=\"lazy\" title=\"Orpheus_Fotoprojekt\" style=\"border:0;\" width=\"100%\" height=\"800px\" class=\"pdfp_unsupported_frame\" src=\"\/\/docs.google.com\/gview?embedded=true&url=https:\/\/polgargym.at\/wordpress\/wp-content\/uploads\/2022\/06\/Orpheus-et-Eurydice-Praesentation5KlassenJuni22.pdf\"><\/iframe>\n\n    <\/div>\n\n","protected":false},"excerpt":{"rendered":"<p>Es war der letzte Latein-Text in diesem Jahr: Als die Lateiner*innen der 5. Klassen die Geschichte von Orpheus und Eurydike aus dem Lehrbuch \u00fcbersetzt hatten, machten sie sich ohne gro\u00dfe Vorbereitung an die szenische Umsetzung: Es gibt einen S\u00e4nger, dessen Ehefrau, eine Schlange, finstere K\u00f6nige der Unterwelt, kurz: alles, was zu dieser Geschichte geh\u00f6rt. Das [&hellip;]<\/p>\n","protected":false},"author":11,"featured_media":0,"parent":0,"menu_order":0,"comment_status":"closed","ping_status":"closed","template":"","meta":{"footnotes":""},"class_list":["post-6247","page","type-page","status-publish","hentry"],"_links":{"self":[{"href":"https:\/\/polgargym.at\/wordpress\/wp-json\/wp\/v2\/pages\/6247","targetHints":{"allow":["GET"]}}],"collection":[{"href":"https:\/\/polgargym.at\/wordpress\/wp-json\/wp\/v2\/pages"}],"about":[{"href":"https:\/\/polgargym.at\/wordpress\/wp-json\/wp\/v2\/types\/page"}],"author":[{"embeddable":true,"href":"https:\/\/polgargym.at\/wordpress\/wp-json\/wp\/v2\/users\/11"}],"replies":[{"embeddable":true,"href":"https:\/\/polgargym.at\/wordpress\/wp-json\/wp\/v2\/comments?post=6247"}],"version-history":[{"count":1,"href":"https:\/\/polgargym.at\/wordpress\/wp-json\/wp\/v2\/pages\/6247\/revisions"}],"predecessor-version":[{"id":6251,"href":"https:\/\/polgargym.at\/wordpress\/wp-json\/wp\/v2\/pages\/6247\/revisions\/6251"}],"wp:attachment":[{"href":"https:\/\/polgargym.at\/wordpress\/wp-json\/wp\/v2\/media?parent=6247"}],"curies":[{"name":"wp","href":"https:\/\/api.w.org\/{rel}","templated":true}]}}