{"id":6255,"date":"2022-06-30T21:59:45","date_gmt":"2022-06-30T19:59:45","guid":{"rendered":"https:\/\/polgargym.at\/?page_id=6255"},"modified":"2022-06-30T22:03:52","modified_gmt":"2022-06-30T20:03:52","slug":"die-7a-unter-hochspannung","status":"publish","type":"page","link":"https:\/\/polgargym.at\/wordpress\/die-7a-unter-hochspannung\/","title":{"rendered":"Die 7A unter Hochspannung"},"content":{"rendered":"\n<h2 class=\"wp-block-heading\">Hochspannungsversuche:&nbsp;Technisches Museum Wien 7A<\/h2>\n\n\n\n<p><em>28.06.2022<\/em><\/p>\n\n\n\n<p>Durch die Pandemie war in den letzten zwei Jahren keine M\u00f6glichkeit f\u00fcr Lehrausg\u00e4nge.<\/p>\n\n\n\n<p>Nach Aufhebung aller Einschr\u00e4nkungen konnte f\u00fcr die 7A ein Besuch im Technischen Museum organisiert werden.<\/p>\n\n\n\n<figure class=\"wp-block-image size-large\"><img loading=\"lazy\" decoding=\"async\" width=\"1024\" height=\"768\" src=\"https:\/\/polgargym.at\/wordpress\/wp-content\/uploads\/2022\/06\/20220628_094828-1024x768.jpg\" alt=\"\" class=\"wp-image-6260\" srcset=\"https:\/\/polgargym.at\/wordpress\/wp-content\/uploads\/2022\/06\/20220628_094828-1024x768.jpg 1024w, https:\/\/polgargym.at\/wordpress\/wp-content\/uploads\/2022\/06\/20220628_094828-300x225.jpg 300w, https:\/\/polgargym.at\/wordpress\/wp-content\/uploads\/2022\/06\/20220628_094828-768x576.jpg 768w, https:\/\/polgargym.at\/wordpress\/wp-content\/uploads\/2022\/06\/20220628_094828-1536x1152.jpg 1536w, https:\/\/polgargym.at\/wordpress\/wp-content\/uploads\/2022\/06\/20220628_094828-2048x1536.jpg 2048w\" sizes=\"auto, (max-width: 1024px) 100vw, 1024px\" \/><\/figure>\n\n\n\n<div style=\"height:30px\" aria-hidden=\"true\" class=\"wp-block-spacer\"><\/div>\n\n\n\n<p>Um 10:15 Uhr nahmen wir an einer halbst\u00fcndigen Vorf\u00fchrung zum Thema Hochspannung teil. Dabei hatten wir die M\u00f6glichkeit, Hochspannungsversuche aktiv mitzuerleben. In einem Faraday\u2019schen K\u00e4fig wurde mit Hilfe eines Tesla-Transformators und eines Bandgenerators eine Spannung von \u00fcber 100.000 Volt erzeugt. Dabei entstanden k\u00fcnstliche Blitze, welche durch den K\u00e4fig \u201etanzten\u201c und uns die Gefahr von \u00dcberspannung ahnen lie\u00dfen. Die kabellosen Lampen, wie auch die stehenden Haare unserer Kolleg*innen brachten uns ins Staunen und boten uns Unterhaltung.<\/p>\n\n\n\n<figure class=\"wp-block-image size-large\"><img loading=\"lazy\" decoding=\"async\" width=\"1024\" height=\"768\" src=\"https:\/\/polgargym.at\/wordpress\/wp-content\/uploads\/2022\/06\/20220628_103809-1024x768.jpg\" alt=\"\" class=\"wp-image-6262\" srcset=\"https:\/\/polgargym.at\/wordpress\/wp-content\/uploads\/2022\/06\/20220628_103809-1024x768.jpg 1024w, https:\/\/polgargym.at\/wordpress\/wp-content\/uploads\/2022\/06\/20220628_103809-300x225.jpg 300w, https:\/\/polgargym.at\/wordpress\/wp-content\/uploads\/2022\/06\/20220628_103809-768x576.jpg 768w, https:\/\/polgargym.at\/wordpress\/wp-content\/uploads\/2022\/06\/20220628_103809-1536x1152.jpg 1536w, https:\/\/polgargym.at\/wordpress\/wp-content\/uploads\/2022\/06\/20220628_103809-2048x1536.jpg 2048w\" sizes=\"auto, (max-width: 1024px) 100vw, 1024px\" \/><\/figure>\n\n\n\n<p>Alles in allem war es ein sehr gelungener und Vormittag, der Abwechslung zu unserem normalen Schulablauf bot.<br>Diese beeindruckende Show im Technischen Museum Wien entf\u00fchrt in die Welt der Ladungen und Str\u00f6me!<\/p>\n\n\n\n<figure class=\"wp-block-image size-full\"><img loading=\"lazy\" decoding=\"async\" width=\"800\" height=\"600\" src=\"https:\/\/polgargym.at\/wordpress\/wp-content\/uploads\/2022\/06\/Blitze.jpeg\" alt=\"\" class=\"wp-image-6256\" srcset=\"https:\/\/polgargym.at\/wordpress\/wp-content\/uploads\/2022\/06\/Blitze.jpeg 800w, https:\/\/polgargym.at\/wordpress\/wp-content\/uploads\/2022\/06\/Blitze-300x225.jpeg 300w, https:\/\/polgargym.at\/wordpress\/wp-content\/uploads\/2022\/06\/Blitze-768x576.jpeg 768w\" sizes=\"auto, (max-width: 800px) 100vw, 800px\" \/><\/figure>\n\n\n\n<p><em>Mag. Regina Eigner<\/em><\/p>\n\n\n\n<p><em>Mag. Dana Woltron<\/em><\/p>\n","protected":false},"excerpt":{"rendered":"<p>Hochspannungsversuche:&nbsp;Technisches Museum Wien 7A 28.06.2022 Durch die Pandemie war in den letzten zwei Jahren keine M\u00f6glichkeit f\u00fcr Lehrausg\u00e4nge. Nach Aufhebung aller Einschr\u00e4nkungen konnte f\u00fcr die 7A ein Besuch im Technischen Museum organisiert werden. Um 10:15 Uhr nahmen wir an einer halbst\u00fcndigen Vorf\u00fchrung zum Thema Hochspannung teil. Dabei hatten wir die M\u00f6glichkeit, Hochspannungsversuche aktiv mitzuerleben. In [&hellip;]<\/p>\n","protected":false},"author":11,"featured_media":0,"parent":0,"menu_order":0,"comment_status":"closed","ping_status":"closed","template":"","meta":{"footnotes":""},"class_list":["post-6255","page","type-page","status-publish","hentry"],"_links":{"self":[{"href":"https:\/\/polgargym.at\/wordpress\/wp-json\/wp\/v2\/pages\/6255","targetHints":{"allow":["GET"]}}],"collection":[{"href":"https:\/\/polgargym.at\/wordpress\/wp-json\/wp\/v2\/pages"}],"about":[{"href":"https:\/\/polgargym.at\/wordpress\/wp-json\/wp\/v2\/types\/page"}],"author":[{"embeddable":true,"href":"https:\/\/polgargym.at\/wordpress\/wp-json\/wp\/v2\/users\/11"}],"replies":[{"embeddable":true,"href":"https:\/\/polgargym.at\/wordpress\/wp-json\/wp\/v2\/comments?post=6255"}],"version-history":[{"count":2,"href":"https:\/\/polgargym.at\/wordpress\/wp-json\/wp\/v2\/pages\/6255\/revisions"}],"predecessor-version":[{"id":6263,"href":"https:\/\/polgargym.at\/wordpress\/wp-json\/wp\/v2\/pages\/6255\/revisions\/6263"}],"wp:attachment":[{"href":"https:\/\/polgargym.at\/wordpress\/wp-json\/wp\/v2\/media?parent=6255"}],"curies":[{"name":"wp","href":"https:\/\/api.w.org\/{rel}","templated":true}]}}