{"id":6316,"date":"2022-07-01T21:43:58","date_gmt":"2022-07-01T19:43:58","guid":{"rendered":"https:\/\/polgargym.at\/?page_id=6316"},"modified":"2022-07-01T21:44:02","modified_gmt":"2022-07-01T19:44:02","slug":"freundschaft","status":"publish","type":"page","link":"https:\/\/polgargym.at\/wordpress\/freundschaft\/","title":{"rendered":"Freundschaft"},"content":{"rendered":"\n<p>Endlich fand heuer\u00a0nach 2 Jahren Pause wieder der Musik- und Videorecording Workshop im Zuge der Projekttage vom 27.-29. Juni 2022 im Polgargymnasium statt.<\/p>\n\n\n\n<p>Innerhalb von drei Tagen entstand mit den Sch\u00fcler:innen ein v\u00f6llig neuer, selbst komponierter Song \u00fcber Freundschaft. Die Sch\u00fcler:innen brachten ihre Kreativit\u00e4t und ihre Talente auf vielf\u00e4ltige Weise ein. Sie schrieben gemeinsam am Text, \u00fcbten die Melodien, Rhythmen und Akkorde auf verschiedenen Instrumenten ein, \u00fcberlegten sich Szenen f\u00fcr das Video und spielten in diesem mit, halfen beim Audiorecording und sangen das Lied ein. Dieses Musikvideo zeigt, welch besondere Bedeutung Freundschaft unter den Sch\u00fcler:innen hat.\u00a0<\/p>\n\n\n\n<figure class=\"wp-block-embed is-type-video is-provider-youtube wp-block-embed-youtube wp-embed-aspect-16-9 wp-has-aspect-ratio\"><div class=\"wp-block-embed__wrapper\">\n<iframe loading=\"lazy\" title=\"Freundschaft   Ein Musikvideo Clip\" width=\"750\" height=\"422\" src=\"https:\/\/www.youtube.com\/embed\/mgl0iqSP5ys?feature=oembed\" frameborder=\"0\" allow=\"accelerometer; autoplay; clipboard-write; encrypted-media; gyroscope; picture-in-picture; web-share\" referrerpolicy=\"strict-origin-when-cross-origin\" allowfullscreen><\/iframe>\n<\/div><\/figure>\n","protected":false},"excerpt":{"rendered":"<p>Endlich fand heuer\u00a0nach 2 Jahren Pause wieder der Musik- und Videorecording Workshop im Zuge der Projekttage vom 27.-29. Juni 2022 im Polgargymnasium statt. Innerhalb von drei Tagen entstand mit den Sch\u00fcler:innen ein v\u00f6llig neuer, selbst komponierter Song \u00fcber Freundschaft. Die Sch\u00fcler:innen brachten ihre Kreativit\u00e4t und ihre Talente auf vielf\u00e4ltige Weise ein. Sie schrieben gemeinsam am [&hellip;]<\/p>\n","protected":false},"author":11,"featured_media":0,"parent":0,"menu_order":0,"comment_status":"closed","ping_status":"closed","template":"","meta":{"footnotes":""},"class_list":["post-6316","page","type-page","status-publish","hentry"],"_links":{"self":[{"href":"https:\/\/polgargym.at\/wordpress\/wp-json\/wp\/v2\/pages\/6316","targetHints":{"allow":["GET"]}}],"collection":[{"href":"https:\/\/polgargym.at\/wordpress\/wp-json\/wp\/v2\/pages"}],"about":[{"href":"https:\/\/polgargym.at\/wordpress\/wp-json\/wp\/v2\/types\/page"}],"author":[{"embeddable":true,"href":"https:\/\/polgargym.at\/wordpress\/wp-json\/wp\/v2\/users\/11"}],"replies":[{"embeddable":true,"href":"https:\/\/polgargym.at\/wordpress\/wp-json\/wp\/v2\/comments?post=6316"}],"version-history":[{"count":1,"href":"https:\/\/polgargym.at\/wordpress\/wp-json\/wp\/v2\/pages\/6316\/revisions"}],"predecessor-version":[{"id":6318,"href":"https:\/\/polgargym.at\/wordpress\/wp-json\/wp\/v2\/pages\/6316\/revisions\/6318"}],"wp:attachment":[{"href":"https:\/\/polgargym.at\/wordpress\/wp-json\/wp\/v2\/media?parent=6316"}],"curies":[{"name":"wp","href":"https:\/\/api.w.org\/{rel}","templated":true}]}}