{"id":6519,"date":"2022-09-29T22:03:30","date_gmt":"2022-09-29T20:03:30","guid":{"rendered":"https:\/\/polgargym.at\/?page_id=6519"},"modified":"2022-09-29T22:09:26","modified_gmt":"2022-09-29T20:09:26","slug":"auftritt-der-polgar-inclusive-band-beim-2-fest-der-inklusion","status":"publish","type":"page","link":"https:\/\/polgargym.at\/wordpress\/auftritt-der-polgar-inclusive-band-beim-2-fest-der-inklusion\/","title":{"rendered":"Auftritt der Polgar Inclusive Band beim 2. Fest der Inklusion"},"content":{"rendered":"\n<p class=\"has-medium-font-size\">Bereits zum zweiten Mal spielte die Polgar Inclusive Band bei dem Fest der Inklusion. Grundgedanke dieser Veranstaltungsreihe ist es inklusiven Initiativen und K\u00fcnstler:innen mit Beeintr\u00e4chtigung eine B\u00fchne zu geben, den Austausch und das Kennenlernen der Teilnehmer:innen unterschiedlicher Kunstrichtungen zu f\u00f6rdern und den inklusiven Gedanken in die Gesellschaft zu tragen.&nbsp;<\/p>\n\n\n\n<p class=\"has-medium-font-size\">F\u00fcnf inklusive Musikgruppen, eine Kunstausstellung von der Sozialwerkst\u00e4tte&nbsp;<em>Werd:Art<\/em>&nbsp;der Organisation&nbsp;<em>Jugend am Werk<\/em>&nbsp;und die Buchpr\u00e4sentation des Werkes: \u201eInklusiv musizieren \u2013 Praxis, P\u00e4dagogik, \u00c4sthetik (am Beispiel der All Stars Inclusive Band Wien)\u201c standen am 25.6. beim 2. Fest der Inklusion im Joseph-Haydn-Saal auf dem Programm. S\u00e4mtliche Einnahmen, knapp \u00fcber tausend Euro, wurden an folgende Initiative:&nbsp;<a href=\"https:\/\/www.inclusion-europe.eu\/help-ukraine\/\">https:\/\/www.inclusion-europe.eu\/help-ukraine\/<\/a>&nbsp;gespendet, um Menschen mit Beeintr\u00e4chtigung in der Ukraine zu helfen. Das Fest stand nach 2 Jahren ohne Auftritte unter dem Motto \u201eEndlich wieder\u2026\u201c, hier gibt es ein Video mit dem gleichnamigen Song der All Stars Inclusive Band und Bildern vom Fest der Inklusion 2022.<\/p>\n\n\n\n<figure class=\"wp-block-embed is-type-video is-provider-youtube wp-block-embed-youtube wp-embed-aspect-16-9 wp-has-aspect-ratio\"><div class=\"wp-block-embed__wrapper\">\n<iframe loading=\"lazy\" title=\"Endlich wieder... All Stars Inclusive Band Video: Fest der Inklusion 2022\" width=\"750\" height=\"422\" src=\"https:\/\/www.youtube.com\/embed\/mP-b9NZTVbs?feature=oembed\" frameborder=\"0\" allow=\"accelerometer; autoplay; clipboard-write; encrypted-media; gyroscope; picture-in-picture; web-share\" referrerpolicy=\"strict-origin-when-cross-origin\" allowfullscreen><\/iframe>\n<\/div><\/figure>\n\n\n\n<p>&nbsp;<\/p>\n\n\n\n<p class=\"has-medium-font-size\">Die Polgar Inklusive Band, begeisterte das Publikum mit ihrer Energie mit der sie ihre teils selbst komponierten Songs vortrug. Immer wieder wurde auch das Publikum eingebunden und Teil des Auftritts. Es gelang sowohl den Enthusiasmus f\u00fcr das gemeinsame Musizieren als auch die Botschaften der Bandmitglieder in ihren Songs zum Beispiel den Einsatz f\u00fcr eine bessere Umwelt, dem Publikum zu vermitteln.\u00a0<\/p>\n\n\n\n<figure class=\"wp-block-gallery has-nested-images columns-default is-cropped wp-block-gallery-1 is-layout-flex wp-block-gallery-is-layout-flex\">\n<figure class=\"wp-block-image size-large\"><img loading=\"lazy\" decoding=\"async\" width=\"753\" height=\"417\" data-id=\"6526\" src=\"https:\/\/polgargym.at\/wordpress\/wp-content\/uploads\/2022\/09\/Polgar-Inclusive2.jpg\" alt=\"\" class=\"wp-image-6526\" srcset=\"https:\/\/polgargym.at\/wordpress\/wp-content\/uploads\/2022\/09\/Polgar-Inclusive2.jpg 753w, https:\/\/polgargym.at\/wordpress\/wp-content\/uploads\/2022\/09\/Polgar-Inclusive2-300x166.jpg 300w\" sizes=\"auto, (max-width: 753px) 100vw, 753px\" \/><\/figure>\n\n\n\n<figure class=\"wp-block-image size-large\"><img loading=\"lazy\" decoding=\"async\" width=\"1543\" height=\"1076\" data-id=\"6524\" src=\"https:\/\/polgargym.at\/wordpress\/wp-content\/uploads\/2022\/09\/Polgar-Inclusive-2022-3.jpg\" alt=\"\" class=\"wp-image-6524\" srcset=\"https:\/\/polgargym.at\/wordpress\/wp-content\/uploads\/2022\/09\/Polgar-Inclusive-2022-3.jpg 1543w, https:\/\/polgargym.at\/wordpress\/wp-content\/uploads\/2022\/09\/Polgar-Inclusive-2022-3-300x209.jpg 300w, https:\/\/polgargym.at\/wordpress\/wp-content\/uploads\/2022\/09\/Polgar-Inclusive-2022-3-1024x714.jpg 1024w, https:\/\/polgargym.at\/wordpress\/wp-content\/uploads\/2022\/09\/Polgar-Inclusive-2022-3-768x536.jpg 768w, https:\/\/polgargym.at\/wordpress\/wp-content\/uploads\/2022\/09\/Polgar-Inclusive-2022-3-1536x1071.jpg 1536w\" sizes=\"auto, (max-width: 1543px) 100vw, 1543px\" \/><\/figure>\n\n\n\n<figure class=\"wp-block-image size-large\"><img loading=\"lazy\" decoding=\"async\" width=\"1920\" height=\"1080\" data-id=\"6523\" src=\"https:\/\/polgargym.at\/wordpress\/wp-content\/uploads\/2022\/09\/Polgar-Inclusiv-2022-1.jpg\" alt=\"\" class=\"wp-image-6523\" srcset=\"https:\/\/polgargym.at\/wordpress\/wp-content\/uploads\/2022\/09\/Polgar-Inclusiv-2022-1.jpg 1920w, https:\/\/polgargym.at\/wordpress\/wp-content\/uploads\/2022\/09\/Polgar-Inclusiv-2022-1-300x169.jpg 300w, https:\/\/polgargym.at\/wordpress\/wp-content\/uploads\/2022\/09\/Polgar-Inclusiv-2022-1-1024x576.jpg 1024w, https:\/\/polgargym.at\/wordpress\/wp-content\/uploads\/2022\/09\/Polgar-Inclusiv-2022-1-768x432.jpg 768w, https:\/\/polgargym.at\/wordpress\/wp-content\/uploads\/2022\/09\/Polgar-Inclusiv-2022-1-1536x864.jpg 1536w\" sizes=\"auto, (max-width: 1920px) 100vw, 1920px\" \/><\/figure>\n<\/figure>\n\n\n\n<figure class=\"wp-block-image size-large\"><img loading=\"lazy\" decoding=\"async\" width=\"1024\" height=\"607\" src=\"https:\/\/polgargym.at\/wordpress\/wp-content\/uploads\/2022\/09\/Polgar-Inclusive-2022-2-1024x607.jpg\" alt=\"\" class=\"wp-image-6525\" srcset=\"https:\/\/polgargym.at\/wordpress\/wp-content\/uploads\/2022\/09\/Polgar-Inclusive-2022-2-1024x607.jpg 1024w, https:\/\/polgargym.at\/wordpress\/wp-content\/uploads\/2022\/09\/Polgar-Inclusive-2022-2-300x178.jpg 300w, https:\/\/polgargym.at\/wordpress\/wp-content\/uploads\/2022\/09\/Polgar-Inclusive-2022-2-768x455.jpg 768w, https:\/\/polgargym.at\/wordpress\/wp-content\/uploads\/2022\/09\/Polgar-Inclusive-2022-2.jpg 1121w\" sizes=\"auto, (max-width: 1024px) 100vw, 1024px\" \/><\/figure>\n","protected":false},"excerpt":{"rendered":"<p>Bereits zum zweiten Mal spielte die Polgar Inclusive Band bei dem Fest der Inklusion. Grundgedanke dieser Veranstaltungsreihe ist es inklusiven Initiativen und K\u00fcnstler:innen mit Beeintr\u00e4chtigung eine B\u00fchne zu geben, den Austausch und das Kennenlernen der Teilnehmer:innen unterschiedlicher Kunstrichtungen zu f\u00f6rdern und den inklusiven Gedanken in die Gesellschaft zu tragen.&nbsp; F\u00fcnf inklusive Musikgruppen, eine Kunstausstellung von [&hellip;]<\/p>\n","protected":false},"author":11,"featured_media":0,"parent":0,"menu_order":0,"comment_status":"closed","ping_status":"closed","template":"","meta":{"footnotes":""},"class_list":["post-6519","page","type-page","status-publish","hentry"],"_links":{"self":[{"href":"https:\/\/polgargym.at\/wordpress\/wp-json\/wp\/v2\/pages\/6519","targetHints":{"allow":["GET"]}}],"collection":[{"href":"https:\/\/polgargym.at\/wordpress\/wp-json\/wp\/v2\/pages"}],"about":[{"href":"https:\/\/polgargym.at\/wordpress\/wp-json\/wp\/v2\/types\/page"}],"author":[{"embeddable":true,"href":"https:\/\/polgargym.at\/wordpress\/wp-json\/wp\/v2\/users\/11"}],"replies":[{"embeddable":true,"href":"https:\/\/polgargym.at\/wordpress\/wp-json\/wp\/v2\/comments?post=6519"}],"version-history":[{"count":4,"href":"https:\/\/polgargym.at\/wordpress\/wp-json\/wp\/v2\/pages\/6519\/revisions"}],"predecessor-version":[{"id":6529,"href":"https:\/\/polgargym.at\/wordpress\/wp-json\/wp\/v2\/pages\/6519\/revisions\/6529"}],"wp:attachment":[{"href":"https:\/\/polgargym.at\/wordpress\/wp-json\/wp\/v2\/media?parent=6519"}],"curies":[{"name":"wp","href":"https:\/\/api.w.org\/{rel}","templated":true}]}}