{"id":6621,"date":"2022-10-24T11:36:26","date_gmt":"2022-10-24T09:36:26","guid":{"rendered":"https:\/\/polgargym.at\/?page_id=6621"},"modified":"2022-10-24T11:38:53","modified_gmt":"2022-10-24T09:38:53","slug":"3d-im-nhm-auf-der-suche-nach-der-entstehung-des-lebens","status":"publish","type":"page","link":"https:\/\/polgargym.at\/wordpress\/3d-im-nhm-auf-der-suche-nach-der-entstehung-des-lebens\/","title":{"rendered":"3D im NHM auf den Spuren der Entstehung des Lebens"},"content":{"rendered":"\n<p class=\"has-medium-font-size\">Am 14.10.22 verbrachte die 3D gemeinsam mit Prof. Zeppetzauer und Prof. Braun einen spannenden Vormittag im Naturhistorischen Museum.<br>Im Rahmen einer interessanten Aktionsf\u00fchrung erkundete die Klasse, wie das Leben auf unserer Erde entstanden ist, von den ersten bakterien\u00e4hnlichen Lebewesen \u00fcber Dinosaurier und Riesenlibellen bis zum Neandertaler.<\/p>\n\n\n\n<div style=\"height:30px\" aria-hidden=\"true\" class=\"wp-block-spacer\"><\/div>\n\n\n\n<figure class=\"wp-block-image size-large\"><img loading=\"lazy\" decoding=\"async\" width=\"1024\" height=\"768\" src=\"https:\/\/polgargym.at\/wordpress\/wp-content\/uploads\/2022\/10\/NHM-3D-1-1024x768.jpg\" alt=\"\" class=\"wp-image-6622\" srcset=\"https:\/\/polgargym.at\/wordpress\/wp-content\/uploads\/2022\/10\/NHM-3D-1-1024x768.jpg 1024w, https:\/\/polgargym.at\/wordpress\/wp-content\/uploads\/2022\/10\/NHM-3D-1-300x225.jpg 300w, https:\/\/polgargym.at\/wordpress\/wp-content\/uploads\/2022\/10\/NHM-3D-1-768x576.jpg 768w, https:\/\/polgargym.at\/wordpress\/wp-content\/uploads\/2022\/10\/NHM-3D-1.jpg 1280w\" sizes=\"auto, (max-width: 1024px) 100vw, 1024px\" \/><\/figure>\n\n\n\n<figure class=\"wp-block-image size-large\"><img loading=\"lazy\" decoding=\"async\" width=\"768\" height=\"1024\" src=\"https:\/\/polgargym.at\/wordpress\/wp-content\/uploads\/2022\/10\/NHM_3D-3-768x1024.jpg\" alt=\"\" class=\"wp-image-6624\" srcset=\"https:\/\/polgargym.at\/wordpress\/wp-content\/uploads\/2022\/10\/NHM_3D-3-768x1024.jpg 768w, https:\/\/polgargym.at\/wordpress\/wp-content\/uploads\/2022\/10\/NHM_3D-3-225x300.jpg 225w, https:\/\/polgargym.at\/wordpress\/wp-content\/uploads\/2022\/10\/NHM_3D-3.jpg 960w\" sizes=\"auto, (max-width: 768px) 100vw, 768px\" \/><\/figure>\n\n\n\n<figure class=\"wp-block-image size-full\"><img loading=\"lazy\" decoding=\"async\" width=\"1024\" height=\"768\" src=\"https:\/\/polgargym.at\/wordpress\/wp-content\/uploads\/2022\/10\/NHM-3D-2.jpg\" alt=\"\" class=\"wp-image-6623\" srcset=\"https:\/\/polgargym.at\/wordpress\/wp-content\/uploads\/2022\/10\/NHM-3D-2.jpg 1024w, https:\/\/polgargym.at\/wordpress\/wp-content\/uploads\/2022\/10\/NHM-3D-2-300x225.jpg 300w, https:\/\/polgargym.at\/wordpress\/wp-content\/uploads\/2022\/10\/NHM-3D-2-768x576.jpg 768w\" sizes=\"auto, (max-width: 1024px) 100vw, 1024px\" \/><\/figure>\n\n\n\n<p><\/p>\n","protected":false},"excerpt":{"rendered":"<p>Am 14.10.22 verbrachte die 3D gemeinsam mit Prof. Zeppetzauer und Prof. Braun einen spannenden Vormittag im Naturhistorischen Museum.Im Rahmen einer interessanten Aktionsf\u00fchrung erkundete die Klasse, wie das Leben auf unserer Erde entstanden ist, von den ersten bakterien\u00e4hnlichen Lebewesen \u00fcber Dinosaurier und Riesenlibellen bis zum Neandertaler.<\/p>\n","protected":false},"author":11,"featured_media":0,"parent":0,"menu_order":0,"comment_status":"closed","ping_status":"closed","template":"","meta":{"footnotes":""},"class_list":["post-6621","page","type-page","status-publish","hentry"],"_links":{"self":[{"href":"https:\/\/polgargym.at\/wordpress\/wp-json\/wp\/v2\/pages\/6621","targetHints":{"allow":["GET"]}}],"collection":[{"href":"https:\/\/polgargym.at\/wordpress\/wp-json\/wp\/v2\/pages"}],"about":[{"href":"https:\/\/polgargym.at\/wordpress\/wp-json\/wp\/v2\/types\/page"}],"author":[{"embeddable":true,"href":"https:\/\/polgargym.at\/wordpress\/wp-json\/wp\/v2\/users\/11"}],"replies":[{"embeddable":true,"href":"https:\/\/polgargym.at\/wordpress\/wp-json\/wp\/v2\/comments?post=6621"}],"version-history":[{"count":4,"href":"https:\/\/polgargym.at\/wordpress\/wp-json\/wp\/v2\/pages\/6621\/revisions"}],"predecessor-version":[{"id":6630,"href":"https:\/\/polgargym.at\/wordpress\/wp-json\/wp\/v2\/pages\/6621\/revisions\/6630"}],"wp:attachment":[{"href":"https:\/\/polgargym.at\/wordpress\/wp-json\/wp\/v2\/media?parent=6621"}],"curies":[{"name":"wp","href":"https:\/\/api.w.org\/{rel}","templated":true}]}}