{"id":6632,"date":"2022-10-24T11:54:59","date_gmt":"2022-10-24T09:54:59","guid":{"rendered":"https:\/\/polgargym.at\/?page_id=6632"},"modified":"2022-10-24T11:55:18","modified_gmt":"2022-10-24T09:55:18","slug":"graetzlrallye-als-kennenlerntag-1b","status":"publish","type":"page","link":"https:\/\/polgargym.at\/wordpress\/graetzlrallye-als-kennenlerntag-1b\/","title":{"rendered":"Die 1B auf Gr\u00e4tzlrallye als Kennenlerntag"},"content":{"rendered":"\n<p class=\"has-medium-font-size\">Am 6. Oktober 22 begab sich die 1B mit ihrem Klassenvorstand Prof. Haselsteiner und Prof. Wallach auf eine R\u00e4tselrallye durch den Schulbezirk. Nur als Team konnten die Aufgaben, die sich um das Leben und die Geb\u00e4ude rund um die Donauinsel, Kaiserwasser und die Alte Donau in der Donaustadt drehten, gel\u00f6st werden. Bei pr\u00e4chtigem Herbstwetter lernte sich die 1B auch au\u00dferhalb des Schulgeb\u00e4udes zu Beginn des Schuljahres besser kennen und entdeckte neue Pl\u00e4tze in der Donaustadt.  <\/p>\n\n\n\n<figure class=\"wp-block-gallery has-nested-images columns-default is-cropped wp-block-gallery-1 is-layout-flex wp-block-gallery-is-layout-flex\">\n<figure class=\"wp-block-image size-large\"><img loading=\"lazy\" decoding=\"async\" width=\"768\" height=\"1024\" data-id=\"6637\" src=\"https:\/\/polgargym.at\/wordpress\/wp-content\/uploads\/2022\/10\/IMG_0960-768x1024.jpg\" alt=\"\" class=\"wp-image-6637\" srcset=\"https:\/\/polgargym.at\/wordpress\/wp-content\/uploads\/2022\/10\/IMG_0960-768x1024.jpg 768w, https:\/\/polgargym.at\/wordpress\/wp-content\/uploads\/2022\/10\/IMG_0960-225x300.jpg 225w, https:\/\/polgargym.at\/wordpress\/wp-content\/uploads\/2022\/10\/IMG_0960-1152x1536.jpg 1152w, https:\/\/polgargym.at\/wordpress\/wp-content\/uploads\/2022\/10\/IMG_0960-1536x2048.jpg 1536w\" sizes=\"auto, (max-width: 768px) 100vw, 768px\" \/><\/figure>\n\n\n\n<figure class=\"wp-block-image size-large\"><img loading=\"lazy\" decoding=\"async\" width=\"1024\" height=\"768\" data-id=\"6634\" src=\"https:\/\/polgargym.at\/wordpress\/wp-content\/uploads\/2022\/10\/046e7f57-870a-4722-834f-a2a161986919-1024x768.jpg\" alt=\"\" class=\"wp-image-6634\" srcset=\"https:\/\/polgargym.at\/wordpress\/wp-content\/uploads\/2022\/10\/046e7f57-870a-4722-834f-a2a161986919-1024x768.jpg 1024w, https:\/\/polgargym.at\/wordpress\/wp-content\/uploads\/2022\/10\/046e7f57-870a-4722-834f-a2a161986919-300x225.jpg 300w, https:\/\/polgargym.at\/wordpress\/wp-content\/uploads\/2022\/10\/046e7f57-870a-4722-834f-a2a161986919-768x576.jpg 768w, https:\/\/polgargym.at\/wordpress\/wp-content\/uploads\/2022\/10\/046e7f57-870a-4722-834f-a2a161986919-1536x1152.jpg 1536w, https:\/\/polgargym.at\/wordpress\/wp-content\/uploads\/2022\/10\/046e7f57-870a-4722-834f-a2a161986919.jpg 2016w\" sizes=\"auto, (max-width: 1024px) 100vw, 1024px\" \/><\/figure>\n\n\n\n<figure class=\"wp-block-image size-large\"><img loading=\"lazy\" decoding=\"async\" width=\"1024\" height=\"768\" data-id=\"6633\" src=\"https:\/\/polgargym.at\/wordpress\/wp-content\/uploads\/2022\/10\/7bb7aae5-ef42-42fe-889f-af54f84f4259-1024x768.jpg\" alt=\"\" class=\"wp-image-6633\" srcset=\"https:\/\/polgargym.at\/wordpress\/wp-content\/uploads\/2022\/10\/7bb7aae5-ef42-42fe-889f-af54f84f4259-1024x768.jpg 1024w, https:\/\/polgargym.at\/wordpress\/wp-content\/uploads\/2022\/10\/7bb7aae5-ef42-42fe-889f-af54f84f4259-300x225.jpg 300w, https:\/\/polgargym.at\/wordpress\/wp-content\/uploads\/2022\/10\/7bb7aae5-ef42-42fe-889f-af54f84f4259-768x576.jpg 768w, https:\/\/polgargym.at\/wordpress\/wp-content\/uploads\/2022\/10\/7bb7aae5-ef42-42fe-889f-af54f84f4259-1536x1152.jpg 1536w, https:\/\/polgargym.at\/wordpress\/wp-content\/uploads\/2022\/10\/7bb7aae5-ef42-42fe-889f-af54f84f4259.jpg 2016w\" sizes=\"auto, (max-width: 1024px) 100vw, 1024px\" \/><\/figure>\n\n\n\n<figure class=\"wp-block-image size-large\"><img loading=\"lazy\" decoding=\"async\" width=\"1024\" height=\"768\" data-id=\"6635\" src=\"https:\/\/polgargym.at\/wordpress\/wp-content\/uploads\/2022\/10\/IMG_0966-1024x768.jpg\" alt=\"\" class=\"wp-image-6635\" srcset=\"https:\/\/polgargym.at\/wordpress\/wp-content\/uploads\/2022\/10\/IMG_0966-1024x768.jpg 1024w, https:\/\/polgargym.at\/wordpress\/wp-content\/uploads\/2022\/10\/IMG_0966-300x225.jpg 300w, https:\/\/polgargym.at\/wordpress\/wp-content\/uploads\/2022\/10\/IMG_0966-768x576.jpg 768w, https:\/\/polgargym.at\/wordpress\/wp-content\/uploads\/2022\/10\/IMG_0966-1536x1153.jpg 1536w, https:\/\/polgargym.at\/wordpress\/wp-content\/uploads\/2022\/10\/IMG_0966-2048x1537.jpg 2048w\" sizes=\"auto, (max-width: 1024px) 100vw, 1024px\" \/><\/figure>\n<\/figure>\n","protected":false},"excerpt":{"rendered":"<p>Am 6. Oktober 22 begab sich die 1B mit ihrem Klassenvorstand Prof. Haselsteiner und Prof. Wallach auf eine R\u00e4tselrallye durch den Schulbezirk. Nur als Team konnten die Aufgaben, die sich um das Leben und die Geb\u00e4ude rund um die Donauinsel, Kaiserwasser und die Alte Donau in der Donaustadt drehten, gel\u00f6st werden. Bei pr\u00e4chtigem Herbstwetter lernte [&hellip;]<\/p>\n","protected":false},"author":11,"featured_media":0,"parent":0,"menu_order":0,"comment_status":"closed","ping_status":"closed","template":"","meta":{"footnotes":""},"class_list":["post-6632","page","type-page","status-publish","hentry"],"_links":{"self":[{"href":"https:\/\/polgargym.at\/wordpress\/wp-json\/wp\/v2\/pages\/6632","targetHints":{"allow":["GET"]}}],"collection":[{"href":"https:\/\/polgargym.at\/wordpress\/wp-json\/wp\/v2\/pages"}],"about":[{"href":"https:\/\/polgargym.at\/wordpress\/wp-json\/wp\/v2\/types\/page"}],"author":[{"embeddable":true,"href":"https:\/\/polgargym.at\/wordpress\/wp-json\/wp\/v2\/users\/11"}],"replies":[{"embeddable":true,"href":"https:\/\/polgargym.at\/wordpress\/wp-json\/wp\/v2\/comments?post=6632"}],"version-history":[{"count":2,"href":"https:\/\/polgargym.at\/wordpress\/wp-json\/wp\/v2\/pages\/6632\/revisions"}],"predecessor-version":[{"id":6640,"href":"https:\/\/polgargym.at\/wordpress\/wp-json\/wp\/v2\/pages\/6632\/revisions\/6640"}],"wp:attachment":[{"href":"https:\/\/polgargym.at\/wordpress\/wp-json\/wp\/v2\/media?parent=6632"}],"curies":[{"name":"wp","href":"https:\/\/api.w.org\/{rel}","templated":true}]}}