{"id":6656,"date":"2022-11-03T16:21:09","date_gmt":"2022-11-03T15:21:09","guid":{"rendered":"https:\/\/polgargym.at\/?page_id=6656"},"modified":"2022-11-03T16:24:07","modified_gmt":"2022-11-03T15:24:07","slug":"lehrausgang-haus-des-meeres-der-6a-am-12-10-2022","status":"publish","type":"page","link":"https:\/\/polgargym.at\/wordpress\/lehrausgang-haus-des-meeres-der-6a-am-12-10-2022\/","title":{"rendered":"<strong>Lehrausgang Haus des Meeres der 6A am 12.10.2022<\/strong>\u00a0"},"content":{"rendered":"\n<p class=\"has-medium-font-size\">Es ist das gr\u00f6\u00dfte \u00d6kosystem der Erde, und zugleich das sensibelste: das Meer. Klimawandel und Umweltverschmutzung haben bereits gro\u00dfe Sch\u00e4den angerichtet. Umso mehr gilt es, diesen Lebensraum und seine Bewohner besser zu verstehen und kennenzulernen.&nbsp;&nbsp;<\/p>\n\n\n\n<div style=\"height:49px\" aria-hidden=\"true\" class=\"wp-block-spacer\"><\/div>\n\n\n\n<figure class=\"wp-block-image size-large\"><img loading=\"lazy\" decoding=\"async\" width=\"1024\" height=\"576\" src=\"https:\/\/polgargym.at\/wordpress\/wp-content\/uploads\/2022\/11\/20221012_103923-1-1024x576.jpg\" alt=\"\" class=\"wp-image-6660\" srcset=\"https:\/\/polgargym.at\/wordpress\/wp-content\/uploads\/2022\/11\/20221012_103923-1-1024x576.jpg 1024w, https:\/\/polgargym.at\/wordpress\/wp-content\/uploads\/2022\/11\/20221012_103923-1-300x169.jpg 300w, https:\/\/polgargym.at\/wordpress\/wp-content\/uploads\/2022\/11\/20221012_103923-1-768x432.jpg 768w, https:\/\/polgargym.at\/wordpress\/wp-content\/uploads\/2022\/11\/20221012_103923-1-1536x864.jpg 1536w, https:\/\/polgargym.at\/wordpress\/wp-content\/uploads\/2022\/11\/20221012_103923-1-2048x1152.jpg 2048w\" sizes=\"auto, (max-width: 1024px) 100vw, 1024px\" \/><\/figure>\n\n\n\n<figure class=\"wp-block-image size-large\"><img loading=\"lazy\" decoding=\"async\" width=\"768\" height=\"1024\" src=\"https:\/\/polgargym.at\/wordpress\/wp-content\/uploads\/2022\/11\/IMG-20221012-WA0008-1-768x1024.jpg\" alt=\"\" class=\"wp-image-6662\" srcset=\"https:\/\/polgargym.at\/wordpress\/wp-content\/uploads\/2022\/11\/IMG-20221012-WA0008-1-768x1024.jpg 768w, https:\/\/polgargym.at\/wordpress\/wp-content\/uploads\/2022\/11\/IMG-20221012-WA0008-1-225x300.jpg 225w, https:\/\/polgargym.at\/wordpress\/wp-content\/uploads\/2022\/11\/IMG-20221012-WA0008-1-1152x1536.jpg 1152w, https:\/\/polgargym.at\/wordpress\/wp-content\/uploads\/2022\/11\/IMG-20221012-WA0008-1.jpg 1536w\" sizes=\"auto, (max-width: 768px) 100vw, 768px\" \/><\/figure>\n\n\n\n<div style=\"height:49px\" aria-hidden=\"true\" class=\"wp-block-spacer\"><\/div>\n\n\n\n<p class=\"has-medium-font-size\">Wo kann man dies in Wien besser tun als im Haus des Meeres? Eine interessante F\u00fchrung und eine anschlie\u00dfende eigenst\u00e4ndige Erkundung dieses besonderen Zoos haben den Sch\u00fclerinnen und Sch\u00fclern der 6A (\u00fcbrigens auch den begleitenden Lehrkr\u00e4ften Prof. Bammer und Prof. Wallmann) viel Freude bereitet.&nbsp;<\/p>\n\n\n\n<div style=\"height:49px\" aria-hidden=\"true\" class=\"wp-block-spacer\"><\/div>\n\n\n\n<figure class=\"wp-block-image size-large\"><img loading=\"lazy\" decoding=\"async\" width=\"1024\" height=\"576\" src=\"https:\/\/polgargym.at\/wordpress\/wp-content\/uploads\/2022\/11\/20221012_101733-1-1024x576.jpg\" alt=\"\" class=\"wp-image-6661\" srcset=\"https:\/\/polgargym.at\/wordpress\/wp-content\/uploads\/2022\/11\/20221012_101733-1-1024x576.jpg 1024w, https:\/\/polgargym.at\/wordpress\/wp-content\/uploads\/2022\/11\/20221012_101733-1-300x169.jpg 300w, https:\/\/polgargym.at\/wordpress\/wp-content\/uploads\/2022\/11\/20221012_101733-1-768x432.jpg 768w, https:\/\/polgargym.at\/wordpress\/wp-content\/uploads\/2022\/11\/20221012_101733-1-1536x864.jpg 1536w, https:\/\/polgargym.at\/wordpress\/wp-content\/uploads\/2022\/11\/20221012_101733-1-2048x1152.jpg 2048w\" sizes=\"auto, (max-width: 1024px) 100vw, 1024px\" \/><\/figure>\n\n\n\n<figure class=\"wp-block-gallery has-nested-images columns-default is-cropped wp-block-gallery-1 is-layout-flex wp-block-gallery-is-layout-flex\"><\/figure>\n","protected":false},"excerpt":{"rendered":"<p>Es ist das gr\u00f6\u00dfte \u00d6kosystem der Erde, und zugleich das sensibelste: das Meer. Klimawandel und Umweltverschmutzung haben bereits gro\u00dfe Sch\u00e4den angerichtet. Umso mehr gilt es, diesen Lebensraum und seine Bewohner besser zu verstehen und kennenzulernen.&nbsp;&nbsp; Wo kann man dies in Wien besser tun als im Haus des Meeres? Eine interessante F\u00fchrung und eine anschlie\u00dfende eigenst\u00e4ndige [&hellip;]<\/p>\n","protected":false},"author":11,"featured_media":0,"parent":0,"menu_order":0,"comment_status":"closed","ping_status":"closed","template":"","meta":{"footnotes":""},"class_list":["post-6656","page","type-page","status-publish","hentry"],"_links":{"self":[{"href":"https:\/\/polgargym.at\/wordpress\/wp-json\/wp\/v2\/pages\/6656","targetHints":{"allow":["GET"]}}],"collection":[{"href":"https:\/\/polgargym.at\/wordpress\/wp-json\/wp\/v2\/pages"}],"about":[{"href":"https:\/\/polgargym.at\/wordpress\/wp-json\/wp\/v2\/types\/page"}],"author":[{"embeddable":true,"href":"https:\/\/polgargym.at\/wordpress\/wp-json\/wp\/v2\/users\/11"}],"replies":[{"embeddable":true,"href":"https:\/\/polgargym.at\/wordpress\/wp-json\/wp\/v2\/comments?post=6656"}],"version-history":[{"count":4,"href":"https:\/\/polgargym.at\/wordpress\/wp-json\/wp\/v2\/pages\/6656\/revisions"}],"predecessor-version":[{"id":6668,"href":"https:\/\/polgargym.at\/wordpress\/wp-json\/wp\/v2\/pages\/6656\/revisions\/6668"}],"wp:attachment":[{"href":"https:\/\/polgargym.at\/wordpress\/wp-json\/wp\/v2\/media?parent=6656"}],"curies":[{"name":"wp","href":"https:\/\/api.w.org\/{rel}","templated":true}]}}