{"id":6770,"date":"2022-12-13T15:36:37","date_gmt":"2022-12-13T14:36:37","guid":{"rendered":"https:\/\/polgargym.at\/?page_id=6770"},"modified":"2022-12-13T15:36:38","modified_gmt":"2022-12-13T14:36:38","slug":"schuelermeisterschaften-akro4kids","status":"publish","type":"page","link":"https:\/\/polgargym.at\/wordpress\/schuelermeisterschaften-akro4kids\/","title":{"rendered":"Sch\u00fclermeisterschaften Akro4Kids"},"content":{"rendered":"\n<figure class=\"wp-block-image size-large\"><img loading=\"lazy\" decoding=\"async\" width=\"766\" height=\"1024\" src=\"https:\/\/polgargym.at\/wordpress\/wp-content\/uploads\/2022\/12\/IMG_20221201_130329-1-766x1024.jpg\" alt=\"\" class=\"wp-image-6776\" srcset=\"https:\/\/polgargym.at\/wordpress\/wp-content\/uploads\/2022\/12\/IMG_20221201_130329-1-766x1024.jpg 766w, https:\/\/polgargym.at\/wordpress\/wp-content\/uploads\/2022\/12\/IMG_20221201_130329-1-224x300.jpg 224w, https:\/\/polgargym.at\/wordpress\/wp-content\/uploads\/2022\/12\/IMG_20221201_130329-1-768x1027.jpg 768w, https:\/\/polgargym.at\/wordpress\/wp-content\/uploads\/2022\/12\/IMG_20221201_130329-1-1149x1536.jpg 1149w, https:\/\/polgargym.at\/wordpress\/wp-content\/uploads\/2022\/12\/IMG_20221201_130329-1-1532x2048.jpg 1532w, https:\/\/polgargym.at\/wordpress\/wp-content\/uploads\/2022\/12\/IMG_20221201_130329-1.jpg 1915w\" sizes=\"auto, (max-width: 766px) 100vw, 766px\" \/><\/figure>\n\n\n\n<p><\/p>\n\n\n\n<p>Am 1. Dezember fanden die Akro4Kids Sch\u00fclermeisterschaften in der Sporthalle Brigittenau statt. Zehn M\u00e4dchen aus der 2F sowie Mira Zabinsky (4B) und Sophie Kigler (8C) zeigten souver\u00e4n ihre Partner\u00fcbungen.\u00a0<strong>Nicol Plonka<\/strong>\u00a0und\u00a0<strong>Eva Ivanovi\u0107<\/strong>\u00a0erreichten in der Kategorie Bronze den ersten Platz,\u00a0<strong>Katja Kropik<\/strong>\u00a0und\u00a0<strong>Helena Bamberger<\/strong>\u00a0den 4. Platz.\u00a0<strong>Mira Zabinsky<\/strong>\u00a0und\u00a0<strong>Sophie Kigler<\/strong>\u00a0zeigten eine eindrucksvolle K\u00fcr in der Kategorie Top Gold. Es hat uns allen gro\u00dfen Spa\u00df gemacht und wir freuen uns schon auf den n\u00e4chsten Wettkampf.\u00a0<\/p>\n\n\n\n<figure class=\"wp-block-image size-large\"><img loading=\"lazy\" decoding=\"async\" width=\"1024\" height=\"683\" src=\"https:\/\/polgargym.at\/wordpress\/wp-content\/uploads\/2022\/12\/IMG_2178-1-1024x683.jpg\" alt=\"\" class=\"wp-image-6777\" srcset=\"https:\/\/polgargym.at\/wordpress\/wp-content\/uploads\/2022\/12\/IMG_2178-1-1024x683.jpg 1024w, https:\/\/polgargym.at\/wordpress\/wp-content\/uploads\/2022\/12\/IMG_2178-1-300x200.jpg 300w, https:\/\/polgargym.at\/wordpress\/wp-content\/uploads\/2022\/12\/IMG_2178-1-768x512.jpg 768w, https:\/\/polgargym.at\/wordpress\/wp-content\/uploads\/2022\/12\/IMG_2178-1-1536x1024.jpg 1536w, https:\/\/polgargym.at\/wordpress\/wp-content\/uploads\/2022\/12\/IMG_2178-1-2048x1365.jpg 2048w\" sizes=\"auto, (max-width: 1024px) 100vw, 1024px\" \/><\/figure>\n\n\n\n<figure class=\"wp-block-image size-large\"><img loading=\"lazy\" decoding=\"async\" width=\"1024\" height=\"683\" src=\"https:\/\/polgargym.at\/wordpress\/wp-content\/uploads\/2022\/12\/IMG_2052-1024x683.jpg\" alt=\"\" class=\"wp-image-6775\" srcset=\"https:\/\/polgargym.at\/wordpress\/wp-content\/uploads\/2022\/12\/IMG_2052-1024x683.jpg 1024w, https:\/\/polgargym.at\/wordpress\/wp-content\/uploads\/2022\/12\/IMG_2052-300x200.jpg 300w, https:\/\/polgargym.at\/wordpress\/wp-content\/uploads\/2022\/12\/IMG_2052-768x512.jpg 768w, https:\/\/polgargym.at\/wordpress\/wp-content\/uploads\/2022\/12\/IMG_2052-1536x1024.jpg 1536w, https:\/\/polgargym.at\/wordpress\/wp-content\/uploads\/2022\/12\/IMG_2052-2048x1365.jpg 2048w\" sizes=\"auto, (max-width: 1024px) 100vw, 1024px\" \/><\/figure>\n\n\n\n<figure class=\"wp-block-image size-large\"><img loading=\"lazy\" decoding=\"async\" width=\"1024\" height=\"683\" src=\"https:\/\/polgargym.at\/wordpress\/wp-content\/uploads\/2022\/12\/IMG_2096-1024x683.jpg\" alt=\"\" class=\"wp-image-6774\" srcset=\"https:\/\/polgargym.at\/wordpress\/wp-content\/uploads\/2022\/12\/IMG_2096-1024x683.jpg 1024w, https:\/\/polgargym.at\/wordpress\/wp-content\/uploads\/2022\/12\/IMG_2096-300x200.jpg 300w, https:\/\/polgargym.at\/wordpress\/wp-content\/uploads\/2022\/12\/IMG_2096-768x512.jpg 768w, https:\/\/polgargym.at\/wordpress\/wp-content\/uploads\/2022\/12\/IMG_2096-1536x1024.jpg 1536w, https:\/\/polgargym.at\/wordpress\/wp-content\/uploads\/2022\/12\/IMG_2096-2048x1365.jpg 2048w\" sizes=\"auto, (max-width: 1024px) 100vw, 1024px\" \/><\/figure>\n\n\n\n<p><\/p>\n\n\n\n<figure class=\"wp-block-image size-large\"><img loading=\"lazy\" decoding=\"async\" width=\"1024\" height=\"766\" src=\"https:\/\/polgargym.at\/wordpress\/wp-content\/uploads\/2022\/12\/IMG_20221201_130358-1024x766.jpg\" alt=\"\" class=\"wp-image-6771\" srcset=\"https:\/\/polgargym.at\/wordpress\/wp-content\/uploads\/2022\/12\/IMG_20221201_130358-1024x766.jpg 1024w, https:\/\/polgargym.at\/wordpress\/wp-content\/uploads\/2022\/12\/IMG_20221201_130358-300x224.jpg 300w, https:\/\/polgargym.at\/wordpress\/wp-content\/uploads\/2022\/12\/IMG_20221201_130358-768x574.jpg 768w, https:\/\/polgargym.at\/wordpress\/wp-content\/uploads\/2022\/12\/IMG_20221201_130358-1536x1149.jpg 1536w, https:\/\/polgargym.at\/wordpress\/wp-content\/uploads\/2022\/12\/IMG_20221201_130358-2048x1532.jpg 2048w\" sizes=\"auto, (max-width: 1024px) 100vw, 1024px\" \/><\/figure>\n\n\n\n<p><\/p>\n\n\n\n<p><em>Petra Trie\u00dfnig<\/em><\/p>\n","protected":false},"excerpt":{"rendered":"<p>Am 1. Dezember fanden die Akro4Kids Sch\u00fclermeisterschaften in der Sporthalle Brigittenau statt. Zehn M\u00e4dchen aus der 2F sowie Mira Zabinsky (4B) und Sophie Kigler (8C) zeigten souver\u00e4n ihre Partner\u00fcbungen.\u00a0Nicol Plonka\u00a0und\u00a0Eva Ivanovi\u0107\u00a0erreichten in der Kategorie Bronze den ersten Platz,\u00a0Katja Kropik\u00a0und\u00a0Helena Bamberger\u00a0den 4. Platz.\u00a0Mira Zabinsky\u00a0und\u00a0Sophie Kigler\u00a0zeigten eine eindrucksvolle K\u00fcr in der Kategorie Top Gold. Es hat uns [&hellip;]<\/p>\n","protected":false},"author":11,"featured_media":0,"parent":0,"menu_order":0,"comment_status":"closed","ping_status":"closed","template":"","meta":{"footnotes":""},"class_list":["post-6770","page","type-page","status-publish","hentry"],"_links":{"self":[{"href":"https:\/\/polgargym.at\/wordpress\/wp-json\/wp\/v2\/pages\/6770","targetHints":{"allow":["GET"]}}],"collection":[{"href":"https:\/\/polgargym.at\/wordpress\/wp-json\/wp\/v2\/pages"}],"about":[{"href":"https:\/\/polgargym.at\/wordpress\/wp-json\/wp\/v2\/types\/page"}],"author":[{"embeddable":true,"href":"https:\/\/polgargym.at\/wordpress\/wp-json\/wp\/v2\/users\/11"}],"replies":[{"embeddable":true,"href":"https:\/\/polgargym.at\/wordpress\/wp-json\/wp\/v2\/comments?post=6770"}],"version-history":[{"count":1,"href":"https:\/\/polgargym.at\/wordpress\/wp-json\/wp\/v2\/pages\/6770\/revisions"}],"predecessor-version":[{"id":6779,"href":"https:\/\/polgargym.at\/wordpress\/wp-json\/wp\/v2\/pages\/6770\/revisions\/6779"}],"wp:attachment":[{"href":"https:\/\/polgargym.at\/wordpress\/wp-json\/wp\/v2\/media?parent=6770"}],"curies":[{"name":"wp","href":"https:\/\/api.w.org\/{rel}","templated":true}]}}