{"id":6803,"date":"2023-01-08T17:47:04","date_gmt":"2023-01-08T16:47:04","guid":{"rendered":"https:\/\/polgargym.at\/?page_id=6803"},"modified":"2023-01-08T17:52:45","modified_gmt":"2023-01-08T16:52:45","slug":"aufnahme-und-songwriting-projekt-friedenslieder","status":"publish","type":"page","link":"https:\/\/polgargym.at\/wordpress\/aufnahme-und-songwriting-projekt-friedenslieder\/","title":{"rendered":"Aufnahme- und Songwriting Projekt Friedenslieder"},"content":{"rendered":"\n<p><\/p>\n\n\n\n<p class=\"has-medium-font-size\">Ende des letzten Schuljahrs (2021\/22) starteten wir in den ersten Klassen ein Projekt zum Thema Frieden und Musik. Nach der Textanalyse und dem Singen einiger geschichtlich bedeutender Songs, welche das Thema Frieden behandeln, sammelten die Sch\u00fcler gemeinsam Ideen, um ein eigenes Lied f\u00fcr den Frieden zu singen. Es war erstaunlich wie schnell die Sch\u00fclerinnen ihre eigenen Gedanken zu Strophen und Refrains formten und sie in allen drei Klassen jeweils einen gemeinsamen Text schufen. In den Texten geht es nicht nur um den Frieden zwischen L\u00e4ndern, sondern auch um Themen wie sozialen Frieden, Frieden zwischen Menschen die einem nahestehen und auch einen friedlichen Umgang mit Tieren und der Natur.&nbsp;<\/p>\n\n\n\n<p>Gemeinsam erfanden wir Akkorde und Gesangsmelodie und alle Sch\u00fcler*innen sangen und lernten Akkorde auf Instrumenten wie Klavier, Keyboard, Glockenspiel und Xylophon. Danach gingen wir die gro\u00dfe Herausforderung an, mit den gesamten Schulklassen unsere drei Eigenkompositionen aufzunehmen.&nbsp;<\/p>\n\n\n\n<p>Hier k\u00f6nnen Sie unsere Lieder h\u00f6ren:<\/p>\n\n\n\n<p>Frieden f\u00fcr die Welt (1e 2021\/22)&nbsp;<a href=\"https:\/\/on.soundcloud.com\/5zUZH\" target=\"_blank\" rel=\"noreferrer noopener\">https:\/\/on.soundcloud.com\/5zUZH<\/a><\/p>\n\n\n\n<p>Will we ever get Peace? (1b 2021\/22)&nbsp;<a href=\"https:\/\/on.soundcloud.com\/Fevbg\" target=\"_blank\" rel=\"noreferrer noopener\">https:\/\/on.soundcloud.com\/Fevbg<\/a><\/p>\n\n\n\n<p>We can stop the War (1f 2021\/22)&nbsp;<a href=\"https:\/\/on.soundcloud.com\/WTUYF\" target=\"_blank\" rel=\"noreferrer noopener\">https:\/\/on.soundcloud.com\/WTUYF<\/a><\/p>\n\n\n\n<p>Musik + Text zu We can stop the War:&nbsp;<a rel=\"noreferrer noopener\" href=\"https:\/\/polgargym-my.sharepoint.com\/:v:\/g\/personal\/blengauer_polgargym_at\/ERI2z_fdIxBNhsjLRvQV_n4B-O_QtLW8QpeABmn2MqP7tw?e=dDPJvG\" target=\"_blank\">https:\/\/polgargym-my.sharepoint.com\/:v:\/g\/personal\/blengauer_polgargym_at\/ERI2z_fdIxBNhsjLRvQV_n4B-O_QtLW8QpeABmn2MqP7tw?e=dDPJvG<\/a><\/p>\n\n\n\n<p>Hier sehen Sie die engagierten Sch\u00fcler*innen bei den Tonaufnahmen:<\/p>\n\n\n\n<figure class=\"wp-block-gallery has-nested-images columns-default is-cropped wp-block-gallery-1 is-layout-flex wp-block-gallery-is-layout-flex\">\n<figure class=\"wp-block-image size-large\"><img loading=\"lazy\" decoding=\"async\" width=\"571\" height=\"1024\" data-id=\"6804\" src=\"https:\/\/polgargym.at\/wordpress\/wp-content\/uploads\/2023\/01\/Frieden-8-571x1024.jpg\" alt=\"\" class=\"wp-image-6804\" srcset=\"https:\/\/polgargym.at\/wordpress\/wp-content\/uploads\/2023\/01\/Frieden-8-571x1024.jpg 571w, https:\/\/polgargym.at\/wordpress\/wp-content\/uploads\/2023\/01\/Frieden-8-167x300.jpg 167w, https:\/\/polgargym.at\/wordpress\/wp-content\/uploads\/2023\/01\/Frieden-8-768x1378.jpg 768w, https:\/\/polgargym.at\/wordpress\/wp-content\/uploads\/2023\/01\/Frieden-8-856x1536.jpg 856w, https:\/\/polgargym.at\/wordpress\/wp-content\/uploads\/2023\/01\/Frieden-8-1141x2048.jpg 1141w, https:\/\/polgargym.at\/wordpress\/wp-content\/uploads\/2023\/01\/Frieden-8.jpg 1532w\" sizes=\"auto, (max-width: 571px) 100vw, 571px\" \/><\/figure>\n\n\n\n<figure class=\"wp-block-image size-large\"><img loading=\"lazy\" decoding=\"async\" width=\"853\" height=\"1024\" data-id=\"6807\" src=\"https:\/\/polgargym.at\/wordpress\/wp-content\/uploads\/2023\/01\/Frieden1-853x1024.jpg\" alt=\"\" class=\"wp-image-6807\" srcset=\"https:\/\/polgargym.at\/wordpress\/wp-content\/uploads\/2023\/01\/Frieden1-853x1024.jpg 853w, https:\/\/polgargym.at\/wordpress\/wp-content\/uploads\/2023\/01\/Frieden1-250x300.jpg 250w, https:\/\/polgargym.at\/wordpress\/wp-content\/uploads\/2023\/01\/Frieden1-768x921.jpg 768w, https:\/\/polgargym.at\/wordpress\/wp-content\/uploads\/2023\/01\/Frieden1-1280x1536.jpg 1280w, https:\/\/polgargym.at\/wordpress\/wp-content\/uploads\/2023\/01\/Frieden1-1707x2048.jpg 1707w\" sizes=\"auto, (max-width: 853px) 100vw, 853px\" \/><\/figure>\n\n\n\n<figure class=\"wp-block-image size-large\"><img loading=\"lazy\" decoding=\"async\" width=\"1024\" height=\"710\" data-id=\"6808\" src=\"https:\/\/polgargym.at\/wordpress\/wp-content\/uploads\/2023\/01\/Frieden2-1024x710.jpg\" alt=\"\" class=\"wp-image-6808\" srcset=\"https:\/\/polgargym.at\/wordpress\/wp-content\/uploads\/2023\/01\/Frieden2-1024x710.jpg 1024w, https:\/\/polgargym.at\/wordpress\/wp-content\/uploads\/2023\/01\/Frieden2-300x208.jpg 300w, https:\/\/polgargym.at\/wordpress\/wp-content\/uploads\/2023\/01\/Frieden2-768x532.jpg 768w, https:\/\/polgargym.at\/wordpress\/wp-content\/uploads\/2023\/01\/Frieden2-1536x1064.jpg 1536w, https:\/\/polgargym.at\/wordpress\/wp-content\/uploads\/2023\/01\/Frieden2-2048x1419.jpg 2048w\" sizes=\"auto, (max-width: 1024px) 100vw, 1024px\" \/><\/figure>\n\n\n\n<figure class=\"wp-block-image size-large\"><img loading=\"lazy\" decoding=\"async\" width=\"1024\" height=\"890\" data-id=\"6809\" src=\"https:\/\/polgargym.at\/wordpress\/wp-content\/uploads\/2023\/01\/Frieden3-1024x890.jpg\" alt=\"\" class=\"wp-image-6809\" srcset=\"https:\/\/polgargym.at\/wordpress\/wp-content\/uploads\/2023\/01\/Frieden3-1024x890.jpg 1024w, https:\/\/polgargym.at\/wordpress\/wp-content\/uploads\/2023\/01\/Frieden3-300x261.jpg 300w, https:\/\/polgargym.at\/wordpress\/wp-content\/uploads\/2023\/01\/Frieden3-768x667.jpg 768w, https:\/\/polgargym.at\/wordpress\/wp-content\/uploads\/2023\/01\/Frieden3-1536x1334.jpg 1536w, https:\/\/polgargym.at\/wordpress\/wp-content\/uploads\/2023\/01\/Frieden3-2048x1779.jpg 2048w\" sizes=\"auto, (max-width: 1024px) 100vw, 1024px\" \/><\/figure>\n\n\n\n<figure class=\"wp-block-image size-large\"><img loading=\"lazy\" decoding=\"async\" width=\"811\" height=\"1024\" data-id=\"6805\" src=\"https:\/\/polgargym.at\/wordpress\/wp-content\/uploads\/2023\/01\/Frieden4-811x1024.jpg\" alt=\"\" class=\"wp-image-6805\" srcset=\"https:\/\/polgargym.at\/wordpress\/wp-content\/uploads\/2023\/01\/Frieden4-811x1024.jpg 811w, https:\/\/polgargym.at\/wordpress\/wp-content\/uploads\/2023\/01\/Frieden4-238x300.jpg 238w, https:\/\/polgargym.at\/wordpress\/wp-content\/uploads\/2023\/01\/Frieden4-768x969.jpg 768w, https:\/\/polgargym.at\/wordpress\/wp-content\/uploads\/2023\/01\/Frieden4-1217x1536.jpg 1217w, https:\/\/polgargym.at\/wordpress\/wp-content\/uploads\/2023\/01\/Frieden4-1623x2048.jpg 1623w, https:\/\/polgargym.at\/wordpress\/wp-content\/uploads\/2023\/01\/Frieden4.jpg 1968w\" sizes=\"auto, (max-width: 811px) 100vw, 811px\" \/><\/figure>\n\n\n\n<figure class=\"wp-block-image size-large\"><img loading=\"lazy\" decoding=\"async\" width=\"1006\" height=\"1024\" data-id=\"6806\" src=\"https:\/\/polgargym.at\/wordpress\/wp-content\/uploads\/2023\/01\/Frieden5-1006x1024.jpg\" alt=\"\" class=\"wp-image-6806\" srcset=\"https:\/\/polgargym.at\/wordpress\/wp-content\/uploads\/2023\/01\/Frieden5-1006x1024.jpg 1006w, https:\/\/polgargym.at\/wordpress\/wp-content\/uploads\/2023\/01\/Frieden5-295x300.jpg 295w, https:\/\/polgargym.at\/wordpress\/wp-content\/uploads\/2023\/01\/Frieden5-768x781.jpg 768w, https:\/\/polgargym.at\/wordpress\/wp-content\/uploads\/2023\/01\/Frieden5-1510x1536.jpg 1510w, https:\/\/polgargym.at\/wordpress\/wp-content\/uploads\/2023\/01\/Frieden5-2013x2048.jpg 2013w\" sizes=\"auto, (max-width: 1006px) 100vw, 1006px\" \/><\/figure>\n\n\n\n<figure class=\"wp-block-image size-large\"><img loading=\"lazy\" decoding=\"async\" width=\"1024\" height=\"712\" data-id=\"6812\" src=\"https:\/\/polgargym.at\/wordpress\/wp-content\/uploads\/2023\/01\/Frieden6-1024x712.jpg\" alt=\"\" class=\"wp-image-6812\" srcset=\"https:\/\/polgargym.at\/wordpress\/wp-content\/uploads\/2023\/01\/Frieden6-1024x712.jpg 1024w, https:\/\/polgargym.at\/wordpress\/wp-content\/uploads\/2023\/01\/Frieden6-300x209.jpg 300w, https:\/\/polgargym.at\/wordpress\/wp-content\/uploads\/2023\/01\/Frieden6-768x534.jpg 768w, https:\/\/polgargym.at\/wordpress\/wp-content\/uploads\/2023\/01\/Frieden6-1536x1068.jpg 1536w, https:\/\/polgargym.at\/wordpress\/wp-content\/uploads\/2023\/01\/Frieden6-2048x1424.jpg 2048w\" sizes=\"auto, (max-width: 1024px) 100vw, 1024px\" \/><\/figure>\n\n\n\n<figure class=\"wp-block-image size-large\"><img loading=\"lazy\" decoding=\"async\" width=\"675\" height=\"1024\" data-id=\"6810\" src=\"https:\/\/polgargym.at\/wordpress\/wp-content\/uploads\/2023\/01\/Frieden9-675x1024.jpg\" alt=\"\" class=\"wp-image-6810\" srcset=\"https:\/\/polgargym.at\/wordpress\/wp-content\/uploads\/2023\/01\/Frieden9-675x1024.jpg 675w, https:\/\/polgargym.at\/wordpress\/wp-content\/uploads\/2023\/01\/Frieden9-198x300.jpg 198w, https:\/\/polgargym.at\/wordpress\/wp-content\/uploads\/2023\/01\/Frieden9-768x1166.jpg 768w, https:\/\/polgargym.at\/wordpress\/wp-content\/uploads\/2023\/01\/Frieden9-1012x1536.jpg 1012w, https:\/\/polgargym.at\/wordpress\/wp-content\/uploads\/2023\/01\/Frieden9-1349x2048.jpg 1349w\" sizes=\"auto, (max-width: 675px) 100vw, 675px\" \/><\/figure>\n\n\n\n<figure class=\"wp-block-image size-large\"><img loading=\"lazy\" decoding=\"async\" width=\"1024\" height=\"990\" data-id=\"6811\" src=\"https:\/\/polgargym.at\/wordpress\/wp-content\/uploads\/2023\/01\/Frieden11-1024x990.jpg\" alt=\"\" class=\"wp-image-6811\" srcset=\"https:\/\/polgargym.at\/wordpress\/wp-content\/uploads\/2023\/01\/Frieden11-1024x990.jpg 1024w, https:\/\/polgargym.at\/wordpress\/wp-content\/uploads\/2023\/01\/Frieden11-300x290.jpg 300w, https:\/\/polgargym.at\/wordpress\/wp-content\/uploads\/2023\/01\/Frieden11-768x742.jpg 768w, https:\/\/polgargym.at\/wordpress\/wp-content\/uploads\/2023\/01\/Frieden11-1536x1484.jpg 1536w, https:\/\/polgargym.at\/wordpress\/wp-content\/uploads\/2023\/01\/Frieden11-2048x1979.jpg 2048w\" sizes=\"auto, (max-width: 1024px) 100vw, 1024px\" \/><\/figure>\n\n\n\n<figure class=\"wp-block-image size-large\"><img loading=\"lazy\" decoding=\"async\" width=\"1024\" height=\"953\" data-id=\"6814\" src=\"https:\/\/polgargym.at\/wordpress\/wp-content\/uploads\/2023\/01\/Frieden12-1024x953.jpg\" alt=\"\" class=\"wp-image-6814\" srcset=\"https:\/\/polgargym.at\/wordpress\/wp-content\/uploads\/2023\/01\/Frieden12-1024x953.jpg 1024w, https:\/\/polgargym.at\/wordpress\/wp-content\/uploads\/2023\/01\/Frieden12-300x279.jpg 300w, https:\/\/polgargym.at\/wordpress\/wp-content\/uploads\/2023\/01\/Frieden12-768x715.jpg 768w, https:\/\/polgargym.at\/wordpress\/wp-content\/uploads\/2023\/01\/Frieden12-1536x1430.jpg 1536w, https:\/\/polgargym.at\/wordpress\/wp-content\/uploads\/2023\/01\/Frieden12-2048x1906.jpg 2048w\" sizes=\"auto, (max-width: 1024px) 100vw, 1024px\" \/><\/figure>\n\n\n\n<figure class=\"wp-block-image size-large\"><img loading=\"lazy\" decoding=\"async\" width=\"717\" height=\"1024\" data-id=\"6813\" src=\"https:\/\/polgargym.at\/wordpress\/wp-content\/uploads\/2023\/01\/Frieden13-717x1024.jpg\" alt=\"\" class=\"wp-image-6813\" srcset=\"https:\/\/polgargym.at\/wordpress\/wp-content\/uploads\/2023\/01\/Frieden13-717x1024.jpg 717w, https:\/\/polgargym.at\/wordpress\/wp-content\/uploads\/2023\/01\/Frieden13-210x300.jpg 210w, https:\/\/polgargym.at\/wordpress\/wp-content\/uploads\/2023\/01\/Frieden13-768x1096.jpg 768w, https:\/\/polgargym.at\/wordpress\/wp-content\/uploads\/2023\/01\/Frieden13-1076x1536.jpg 1076w, https:\/\/polgargym.at\/wordpress\/wp-content\/uploads\/2023\/01\/Frieden13-1435x2048.jpg 1435w, https:\/\/polgargym.at\/wordpress\/wp-content\/uploads\/2023\/01\/Frieden13.jpg 1570w\" sizes=\"auto, (max-width: 717px) 100vw, 717px\" \/><\/figure>\n\n\n\n<figure class=\"wp-block-image size-large\"><img loading=\"lazy\" decoding=\"async\" width=\"1024\" height=\"991\" data-id=\"6815\" src=\"https:\/\/polgargym.at\/wordpress\/wp-content\/uploads\/2023\/01\/Frieden14-1024x991.jpg\" alt=\"\" class=\"wp-image-6815\" srcset=\"https:\/\/polgargym.at\/wordpress\/wp-content\/uploads\/2023\/01\/Frieden14-1024x991.jpg 1024w, https:\/\/polgargym.at\/wordpress\/wp-content\/uploads\/2023\/01\/Frieden14-300x290.jpg 300w, https:\/\/polgargym.at\/wordpress\/wp-content\/uploads\/2023\/01\/Frieden14-768x743.jpg 768w, https:\/\/polgargym.at\/wordpress\/wp-content\/uploads\/2023\/01\/Frieden14-1536x1487.jpg 1536w, https:\/\/polgargym.at\/wordpress\/wp-content\/uploads\/2023\/01\/Frieden14-2048x1983.jpg 2048w\" sizes=\"auto, (max-width: 1024px) 100vw, 1024px\" \/><\/figure>\n\n\n\n<figure class=\"wp-block-image size-large\"><img loading=\"lazy\" decoding=\"async\" width=\"1024\" height=\"762\" data-id=\"6816\" src=\"https:\/\/polgargym.at\/wordpress\/wp-content\/uploads\/2023\/01\/Frieden15-1024x762.jpg\" alt=\"\" class=\"wp-image-6816\" srcset=\"https:\/\/polgargym.at\/wordpress\/wp-content\/uploads\/2023\/01\/Frieden15-1024x762.jpg 1024w, https:\/\/polgargym.at\/wordpress\/wp-content\/uploads\/2023\/01\/Frieden15-300x223.jpg 300w, https:\/\/polgargym.at\/wordpress\/wp-content\/uploads\/2023\/01\/Frieden15-768x572.jpg 768w, https:\/\/polgargym.at\/wordpress\/wp-content\/uploads\/2023\/01\/Frieden15-1536x1143.jpg 1536w, https:\/\/polgargym.at\/wordpress\/wp-content\/uploads\/2023\/01\/Frieden15-2048x1525.jpg 2048w\" sizes=\"auto, (max-width: 1024px) 100vw, 1024px\" \/><\/figure>\n\n\n\n<figure class=\"wp-block-image size-large\"><img loading=\"lazy\" decoding=\"async\" width=\"1024\" height=\"794\" data-id=\"6817\" src=\"https:\/\/polgargym.at\/wordpress\/wp-content\/uploads\/2023\/01\/Frieden16-1024x794.jpg\" alt=\"\" class=\"wp-image-6817\" srcset=\"https:\/\/polgargym.at\/wordpress\/wp-content\/uploads\/2023\/01\/Frieden16-1024x794.jpg 1024w, https:\/\/polgargym.at\/wordpress\/wp-content\/uploads\/2023\/01\/Frieden16-300x233.jpg 300w, https:\/\/polgargym.at\/wordpress\/wp-content\/uploads\/2023\/01\/Frieden16-768x595.jpg 768w, https:\/\/polgargym.at\/wordpress\/wp-content\/uploads\/2023\/01\/Frieden16-1536x1190.jpg 1536w, https:\/\/polgargym.at\/wordpress\/wp-content\/uploads\/2023\/01\/Frieden16-2048x1587.jpg 2048w\" sizes=\"auto, (max-width: 1024px) 100vw, 1024px\" \/><\/figure>\n\n\n\n<figure class=\"wp-block-image size-large\"><img loading=\"lazy\" decoding=\"async\" width=\"1024\" height=\"995\" data-id=\"6818\" src=\"https:\/\/polgargym.at\/wordpress\/wp-content\/uploads\/2023\/01\/Frieden17-1024x995.jpg\" alt=\"\" class=\"wp-image-6818\" srcset=\"https:\/\/polgargym.at\/wordpress\/wp-content\/uploads\/2023\/01\/Frieden17-1024x995.jpg 1024w, https:\/\/polgargym.at\/wordpress\/wp-content\/uploads\/2023\/01\/Frieden17-300x291.jpg 300w, https:\/\/polgargym.at\/wordpress\/wp-content\/uploads\/2023\/01\/Frieden17-768x746.jpg 768w, https:\/\/polgargym.at\/wordpress\/wp-content\/uploads\/2023\/01\/Frieden17-1536x1492.jpg 1536w, https:\/\/polgargym.at\/wordpress\/wp-content\/uploads\/2023\/01\/Frieden17-2048x1989.jpg 2048w\" sizes=\"auto, (max-width: 1024px) 100vw, 1024px\" \/><\/figure>\n<\/figure>\n\n\n\n<p><em>Bernhard Lengauer<\/em><\/p>\n","protected":false},"excerpt":{"rendered":"<p>Ende des letzten Schuljahrs (2021\/22) starteten wir in den ersten Klassen ein Projekt zum Thema Frieden und Musik. Nach der Textanalyse und dem Singen einiger geschichtlich bedeutender Songs, welche das Thema Frieden behandeln, sammelten die Sch\u00fcler gemeinsam Ideen, um ein eigenes Lied f\u00fcr den Frieden zu singen. Es war erstaunlich wie schnell die Sch\u00fclerinnen ihre [&hellip;]<\/p>\n","protected":false},"author":11,"featured_media":0,"parent":0,"menu_order":0,"comment_status":"closed","ping_status":"closed","template":"","meta":{"footnotes":""},"class_list":["post-6803","page","type-page","status-publish","hentry"],"_links":{"self":[{"href":"https:\/\/polgargym.at\/wordpress\/wp-json\/wp\/v2\/pages\/6803","targetHints":{"allow":["GET"]}}],"collection":[{"href":"https:\/\/polgargym.at\/wordpress\/wp-json\/wp\/v2\/pages"}],"about":[{"href":"https:\/\/polgargym.at\/wordpress\/wp-json\/wp\/v2\/types\/page"}],"author":[{"embeddable":true,"href":"https:\/\/polgargym.at\/wordpress\/wp-json\/wp\/v2\/users\/11"}],"replies":[{"embeddable":true,"href":"https:\/\/polgargym.at\/wordpress\/wp-json\/wp\/v2\/comments?post=6803"}],"version-history":[{"count":2,"href":"https:\/\/polgargym.at\/wordpress\/wp-json\/wp\/v2\/pages\/6803\/revisions"}],"predecessor-version":[{"id":6824,"href":"https:\/\/polgargym.at\/wordpress\/wp-json\/wp\/v2\/pages\/6803\/revisions\/6824"}],"wp:attachment":[{"href":"https:\/\/polgargym.at\/wordpress\/wp-json\/wp\/v2\/media?parent=6803"}],"curies":[{"name":"wp","href":"https:\/\/api.w.org\/{rel}","templated":true}]}}