{"id":6905,"date":"2023-01-16T21:14:07","date_gmt":"2023-01-16T20:14:07","guid":{"rendered":"https:\/\/polgargym.at\/?page_id=6905"},"modified":"2023-01-16T21:18:39","modified_gmt":"2023-01-16T20:18:39","slug":"second-hand-kleidungs-aktion-kleidungsstuecke-finden-neue-besitzerinnen","status":"publish","type":"page","link":"https:\/\/polgargym.at\/wordpress\/second-hand-kleidungs-aktion-kleidungsstuecke-finden-neue-besitzerinnen\/","title":{"rendered":"<strong>Second Hand Kleidungs-Aktion: Kleidungsst\u00fccke finden neue Besitzer:innen<\/strong>"},"content":{"rendered":"\n<p class=\"has-medium-font-size\">Alle Klassen haben diesen Herbst flei\u00dfig nicht mehr ben\u00f6tigte Kleidungsst\u00fccke gesammelt. Sch\u00fcler:innen der 2F, 6C und 6D haben die Kleidung sortiert, um sie beim Weihnachtsmarkt im Rahmen des diesj\u00e4hrigen Weihnachtskonzertes anderen Kindern gegen eine freiwillige Spende f\u00fcr \u00c4rzte ohne Grenzen anbieten zu k\u00f6nnen. Die letzten nicht abgegebenen St\u00fccke wurden einem karitativen Zweck gespendet. Ein gro\u00dfes Danke an alle Unterst\u00fctzer:innen!\u00a0<\/p>\n\n\n\n<div style=\"height:82px\" aria-hidden=\"true\" class=\"wp-block-spacer\"><\/div>\n\n\n\n<p><\/p>\n\n\n\n<figure class=\"wp-block-image size-large\"><img loading=\"lazy\" decoding=\"async\" width=\"1024\" height=\"768\" src=\"https:\/\/polgargym.at\/wordpress\/wp-content\/uploads\/2023\/01\/Kleiderstand_Foto-1024x768.jpeg\" alt=\"\" class=\"wp-image-6906\" srcset=\"https:\/\/polgargym.at\/wordpress\/wp-content\/uploads\/2023\/01\/Kleiderstand_Foto-1024x768.jpeg 1024w, https:\/\/polgargym.at\/wordpress\/wp-content\/uploads\/2023\/01\/Kleiderstand_Foto-300x225.jpeg 300w, https:\/\/polgargym.at\/wordpress\/wp-content\/uploads\/2023\/01\/Kleiderstand_Foto-768x576.jpeg 768w, https:\/\/polgargym.at\/wordpress\/wp-content\/uploads\/2023\/01\/Kleiderstand_Foto-1536x1152.jpeg 1536w, https:\/\/polgargym.at\/wordpress\/wp-content\/uploads\/2023\/01\/Kleiderstand_Foto.jpeg 1600w\" sizes=\"auto, (max-width: 1024px) 100vw, 1024px\" \/><\/figure>\n\n\n\n<p><\/p>\n\n\n\n<figure class=\"wp-block-image size-large\"><img loading=\"lazy\" decoding=\"async\" width=\"724\" height=\"1024\" src=\"https:\/\/polgargym.at\/wordpress\/wp-content\/uploads\/2023\/01\/Urkunde_Brg-Polgarstrasse_Petra-Triessnig-724x1024.jpg\" alt=\"\" class=\"wp-image-6910\" srcset=\"https:\/\/polgargym.at\/wordpress\/wp-content\/uploads\/2023\/01\/Urkunde_Brg-Polgarstrasse_Petra-Triessnig-724x1024.jpg 724w, https:\/\/polgargym.at\/wordpress\/wp-content\/uploads\/2023\/01\/Urkunde_Brg-Polgarstrasse_Petra-Triessnig-212x300.jpg 212w, https:\/\/polgargym.at\/wordpress\/wp-content\/uploads\/2023\/01\/Urkunde_Brg-Polgarstrasse_Petra-Triessnig-768x1087.jpg 768w, https:\/\/polgargym.at\/wordpress\/wp-content\/uploads\/2023\/01\/Urkunde_Brg-Polgarstrasse_Petra-Triessnig-1086x1536.jpg 1086w, https:\/\/polgargym.at\/wordpress\/wp-content\/uploads\/2023\/01\/Urkunde_Brg-Polgarstrasse_Petra-Triessnig-1447x2048.jpg 1447w, https:\/\/polgargym.at\/wordpress\/wp-content\/uploads\/2023\/01\/Urkunde_Brg-Polgarstrasse_Petra-Triessnig.jpg 1809w\" sizes=\"auto, (max-width: 724px) 100vw, 724px\" \/><\/figure>\n","protected":false},"excerpt":{"rendered":"<p>Alle Klassen haben diesen Herbst flei\u00dfig nicht mehr ben\u00f6tigte Kleidungsst\u00fccke gesammelt. Sch\u00fcler:innen der 2F, 6C und 6D haben die Kleidung sortiert, um sie beim Weihnachtsmarkt im Rahmen des diesj\u00e4hrigen Weihnachtskonzertes anderen Kindern gegen eine freiwillige Spende f\u00fcr \u00c4rzte ohne Grenzen anbieten zu k\u00f6nnen. Die letzten nicht abgegebenen St\u00fccke wurden einem karitativen Zweck gespendet. Ein gro\u00dfes [&hellip;]<\/p>\n","protected":false},"author":11,"featured_media":0,"parent":0,"menu_order":0,"comment_status":"closed","ping_status":"closed","template":"","meta":{"footnotes":""},"class_list":["post-6905","page","type-page","status-publish","hentry"],"_links":{"self":[{"href":"https:\/\/polgargym.at\/wordpress\/wp-json\/wp\/v2\/pages\/6905","targetHints":{"allow":["GET"]}}],"collection":[{"href":"https:\/\/polgargym.at\/wordpress\/wp-json\/wp\/v2\/pages"}],"about":[{"href":"https:\/\/polgargym.at\/wordpress\/wp-json\/wp\/v2\/types\/page"}],"author":[{"embeddable":true,"href":"https:\/\/polgargym.at\/wordpress\/wp-json\/wp\/v2\/users\/11"}],"replies":[{"embeddable":true,"href":"https:\/\/polgargym.at\/wordpress\/wp-json\/wp\/v2\/comments?post=6905"}],"version-history":[{"count":3,"href":"https:\/\/polgargym.at\/wordpress\/wp-json\/wp\/v2\/pages\/6905\/revisions"}],"predecessor-version":[{"id":6914,"href":"https:\/\/polgargym.at\/wordpress\/wp-json\/wp\/v2\/pages\/6905\/revisions\/6914"}],"wp:attachment":[{"href":"https:\/\/polgargym.at\/wordpress\/wp-json\/wp\/v2\/media?parent=6905"}],"curies":[{"name":"wp","href":"https:\/\/api.w.org\/{rel}","templated":true}]}}