{"id":6971,"date":"2023-02-01T16:45:57","date_gmt":"2023-02-01T15:45:57","guid":{"rendered":"https:\/\/polgargym.at\/?page_id=6971"},"modified":"2023-02-01T16:48:34","modified_gmt":"2023-02-01T15:48:34","slug":"maedchenfussball-sichtungstraining-maedls-rocken-die-halle","status":"publish","type":"page","link":"https:\/\/polgargym.at\/wordpress\/maedchenfussball-sichtungstraining-maedls-rocken-die-halle\/","title":{"rendered":"M\u00e4dchenfu\u00dfball Sichtungstraining: M\u00e4dls rocken die Halle"},"content":{"rendered":"\n<p><\/p>\n\n\n\n<p class=\"has-medium-font-size\">Das fu\u00dfballverr\u00fcckte BRG 22 Polgargymnasium machte es f\u00fcr fu\u00dfballbegeisterte M\u00e4dchen wieder m\u00f6glich, das motorische Sichtungstraining in der Halle zu absolvieren.&nbsp;<\/p>\n\n\n\n<p class=\"has-medium-font-size\">Alle M\u00e4dchen wollten beim sportmotorischen Sichtungstraining, der f\u00fcr die Fu\u00dfballerinnen bereits zum 17. Mal im Polgargymnasium durchgef\u00fchrt wurde, \u00fcberzeugen.&nbsp;<\/p>\n\n\n\n<p class=\"has-medium-font-size\">Heuer fanden sich Ex-Polgarsch\u00fclerinnen, die die Fu\u00dfballklasse besuchten, ein und schauten den M\u00e4dels als Scouts genau auf die F\u00fc\u00dfe. Jasmin Eder, eine der ersten Fu\u00dfballerinnen im Polgargymnasium, die jetzt im \u00d6FB arbeitet und Kapit\u00e4nin des SKN St. P\u00f6lten ist, freute sich nach Jahren wieder ihre alte Heimat zu besuchen. Einige Lehrer waren \u00fcberrascht und erkannt sie sogar \u2013 da war die Wiedersehensfreude auf beiden Gesichtern abzulesen. Ebenso mit von der Partie waren Fatma Sahin, die aktuell bei der SG FAC\/Landhaus spielt, sowie Alexandra Tatar, die beim SV Horn M\u00e4dls dem runden Leder nachjagt. Was hatten alle drei gemeinsam: Sie gewann mit dem Polgargymnasium j\u00e4hrlich die Schulmeisterschaften und d\u00fcrfen sich auch Bundesmeister im Schulfu\u00dfball nennen.<\/p>\n\n\n\n<p class=\"has-medium-font-size\">Neben den erw\u00e4hnten Kickerinnen schauten deren Ex-Schulcoach Karlheinz Piringer \u2013 den jungen M\u00e4dels auf die Beine. Insgesamt waren 16 Kinder beim Aufnahmetest.<\/p>\n\n\n\n<p class=\"has-medium-font-size\">Neben einem technischen Zuspiel wurden Ballgef\u00fchl und Technik wie Passqualit\u00e4t und Ballmitnahme sowie die Auge-Hand-Koordination unter die Lupe genommen. Im Spiel schauten die Scouts genauer auf die Laufbereitschaft und das Spielverst\u00e4ndnis sowie die Spielintelligenz Den geschulten Augen entging also nichts und die talentierten M\u00e4dels rockten den Turnsaal und deren Anstrengungen sah man sogar an ihren vor lauter Anstrengung rotgef\u00e4rbten Gesichtern.<\/p>\n\n\n\n<p class=\"has-medium-font-size\">M\u00e4dchen-Koordinator des Polgargyms, Karlheinz Piringer, \u00fcberrascht und mehr als zufrieden: \u201eSo viele Interessentinnen hatten wir schon lange nicht, und auch das Niveau war f\u00fcr die jungen M\u00e4dels sehr hoch. Nach dem Test fehlt den Nachwuchstalenten nur noch die offizielle Anmeldung in der Schule, die von 20. bis 24. Februar im Polgargymnasium \u00fcber die B\u00fchne geht.\u201c<\/p>\n\n\n\n<p class=\"has-medium-font-size\">Welche beim Sichtungstraining nicht entsprochen hat, der kann Abhilfe geschaffen werden. Diese d\u00fcrfen nat\u00fcrlich in eine andere Klasse des Polgargym gehen und die unverbindliche \u00dcbung M\u00e4dchenfu\u00dfball besuchen \u2013 dort werden die Sch\u00fclerinnen weiter ausgebildet.<\/p>\n\n\n\n<p class=\"has-medium-font-size\">Erstmals nahm die neue Direktorin Claudia Peltz das Sichtungstraining unter die Lupe: \u201eDie vielen sportbegeisterten M\u00e4dls brachten mir ein L\u00e4cheln ins Gesicht. Da freue ich mich mit den leistungsorientierten Fu\u00dfballerinnen schon auf das kommende Schuljahr.\u201c<\/p>\n\n\n\n<p class=\"has-medium-font-size\">Selfies durften auch nicht fehlen. Am Ende des Trainings wurden die Handys gez\u00fcckt und viele Fotos mit den Stars gemacht. Dann gings ab zu den Eltern, wo die M\u00e4dls ihre Errungenschaften gleich herzeigten.<\/p>\n\n\n\n<figure class=\"wp-block-image size-full\"><img loading=\"lazy\" decoding=\"async\" width=\"1000\" height=\"628\" src=\"https:\/\/polgargym.at\/wordpress\/wp-content\/uploads\/2023\/02\/pr-sichtung-oben.jpg\" alt=\"\" class=\"wp-image-6973\" srcset=\"https:\/\/polgargym.at\/wordpress\/wp-content\/uploads\/2023\/02\/pr-sichtung-oben.jpg 1000w, https:\/\/polgargym.at\/wordpress\/wp-content\/uploads\/2023\/02\/pr-sichtung-oben-300x188.jpg 300w, https:\/\/polgargym.at\/wordpress\/wp-content\/uploads\/2023\/02\/pr-sichtung-oben-768x482.jpg 768w\" sizes=\"auto, (max-width: 1000px) 100vw, 1000px\" \/><figcaption class=\"wp-element-caption\">Die neue Direktorin des Polgargymnasiums, Claudia Peltz (stehend 2. von rechts), unterbrach kurz die Notenkonferenz, um sich ein Bild vom sportmotorischen Aufnahmetest der zuk\u00fcnftigen Sch\u00fclerinnen zu machen und stellte sich mit ihnen zu einem gemeinsamen Fotos zusammen. Weiters am Bild die ex-Polgarsch\u00fclerinnen Alexandra Tatar (stehend links), Fatma Sahin (stehend 3. von links) sowie Jasmin Eder (stehend rechts) und der M\u00e4dchenfu\u00dfballkoordinator des Polgargymnasiums Karlheinz Piringer.<\/figcaption><\/figure>\n\n\n\n<figure class=\"wp-block-gallery has-nested-images columns-default is-cropped wp-block-gallery-1 is-layout-flex wp-block-gallery-is-layout-flex\"><\/figure>\n\n\n\n<figure class=\"wp-block-image size-full\"><img loading=\"lazy\" decoding=\"async\" width=\"1000\" height=\"496\" src=\"https:\/\/polgargym.at\/wordpress\/wp-content\/uploads\/2023\/02\/pr-alle-ex.jpg\" alt=\"\" class=\"wp-image-6972\" srcset=\"https:\/\/polgargym.at\/wordpress\/wp-content\/uploads\/2023\/02\/pr-alle-ex.jpg 1000w, https:\/\/polgargym.at\/wordpress\/wp-content\/uploads\/2023\/02\/pr-alle-ex-300x149.jpg 300w, https:\/\/polgargym.at\/wordpress\/wp-content\/uploads\/2023\/02\/pr-alle-ex-768x381.jpg 768w\" sizes=\"auto, (max-width: 1000px) 100vw, 1000px\" \/><figcaption class=\"wp-element-caption\">M\u00e4dchenfu\u00dfballkoordinator Karlheinz Piringer freute sich riesig, dass seine ehemaligen Schul-Fu\u00dfballerinnen dieses Jahr als Scouts wieder ins Polgargymnasium zur\u00fcckfanden: Alexandra Tatar, Jasmin Eder (von links), Fatma Sahin (rechts).<\/figcaption><\/figure>\n\n\n\n<p><\/p>\n\n\n\n<p><\/p>\n","protected":false},"excerpt":{"rendered":"<p>Das fu\u00dfballverr\u00fcckte BRG 22 Polgargymnasium machte es f\u00fcr fu\u00dfballbegeisterte M\u00e4dchen wieder m\u00f6glich, das motorische Sichtungstraining in der Halle zu absolvieren.&nbsp; Alle M\u00e4dchen wollten beim sportmotorischen Sichtungstraining, der f\u00fcr die Fu\u00dfballerinnen bereits zum 17. Mal im Polgargymnasium durchgef\u00fchrt wurde, \u00fcberzeugen.&nbsp; Heuer fanden sich Ex-Polgarsch\u00fclerinnen, die die Fu\u00dfballklasse besuchten, ein und schauten den M\u00e4dels als Scouts genau [&hellip;]<\/p>\n","protected":false},"author":11,"featured_media":0,"parent":0,"menu_order":0,"comment_status":"closed","ping_status":"closed","template":"","meta":{"footnotes":""},"class_list":["post-6971","page","type-page","status-publish","hentry"],"_links":{"self":[{"href":"https:\/\/polgargym.at\/wordpress\/wp-json\/wp\/v2\/pages\/6971","targetHints":{"allow":["GET"]}}],"collection":[{"href":"https:\/\/polgargym.at\/wordpress\/wp-json\/wp\/v2\/pages"}],"about":[{"href":"https:\/\/polgargym.at\/wordpress\/wp-json\/wp\/v2\/types\/page"}],"author":[{"embeddable":true,"href":"https:\/\/polgargym.at\/wordpress\/wp-json\/wp\/v2\/users\/11"}],"replies":[{"embeddable":true,"href":"https:\/\/polgargym.at\/wordpress\/wp-json\/wp\/v2\/comments?post=6971"}],"version-history":[{"count":2,"href":"https:\/\/polgargym.at\/wordpress\/wp-json\/wp\/v2\/pages\/6971\/revisions"}],"predecessor-version":[{"id":6978,"href":"https:\/\/polgargym.at\/wordpress\/wp-json\/wp\/v2\/pages\/6971\/revisions\/6978"}],"wp:attachment":[{"href":"https:\/\/polgargym.at\/wordpress\/wp-json\/wp\/v2\/media?parent=6971"}],"curies":[{"name":"wp","href":"https:\/\/api.w.org\/{rel}","templated":true}]}}