{"id":7012,"date":"2023-03-01T17:13:00","date_gmt":"2023-03-01T16:13:00","guid":{"rendered":"https:\/\/polgargym.at\/?page_id=7012"},"modified":"2023-03-01T17:13:02","modified_gmt":"2023-03-01T16:13:02","slug":"sportunterricht-am-polgargym","status":"publish","type":"page","link":"https:\/\/polgargym.at\/wordpress\/sportunterricht-am-polgargym\/","title":{"rendered":"Sportunterricht am Polgargym"},"content":{"rendered":"\n<p class=\"has-medium-font-size\">Neben Ballspielen und Leichtathletik erproben wir unser K\u00f6nnen auch im Bereich der Akrobatik.&nbsp;<\/p>\n\n\n\n<p class=\"has-medium-font-size\">Mit sportlichen Gr\u00fc\u00dfen die 4AC<\/p>\n\n\n\n<figure class=\"wp-block-gallery has-nested-images columns-default is-cropped wp-block-gallery-1 is-layout-flex wp-block-gallery-is-layout-flex\">\n<figure class=\"wp-block-image size-large\"><img loading=\"lazy\" decoding=\"async\" width=\"771\" height=\"1024\" data-id=\"7013\" src=\"https:\/\/polgargym.at\/wordpress\/wp-content\/uploads\/2023\/03\/IMG_20230301_122544-771x1024.jpg\" alt=\"\" class=\"wp-image-7013\" srcset=\"https:\/\/polgargym.at\/wordpress\/wp-content\/uploads\/2023\/03\/IMG_20230301_122544-771x1024.jpg 771w, https:\/\/polgargym.at\/wordpress\/wp-content\/uploads\/2023\/03\/IMG_20230301_122544-226x300.jpg 226w, https:\/\/polgargym.at\/wordpress\/wp-content\/uploads\/2023\/03\/IMG_20230301_122544-768x1020.jpg 768w, https:\/\/polgargym.at\/wordpress\/wp-content\/uploads\/2023\/03\/IMG_20230301_122544-1157x1536.jpg 1157w, https:\/\/polgargym.at\/wordpress\/wp-content\/uploads\/2023\/03\/IMG_20230301_122544-1542x2048.jpg 1542w, https:\/\/polgargym.at\/wordpress\/wp-content\/uploads\/2023\/03\/IMG_20230301_122544.jpg 1928w\" sizes=\"auto, (max-width: 771px) 100vw, 771px\" \/><\/figure>\n\n\n\n<figure class=\"wp-block-image size-large\"><img loading=\"lazy\" decoding=\"async\" width=\"771\" height=\"1024\" data-id=\"7016\" src=\"https:\/\/polgargym.at\/wordpress\/wp-content\/uploads\/2023\/03\/IMG_20230301_122812-771x1024.jpg\" alt=\"\" class=\"wp-image-7016\" srcset=\"https:\/\/polgargym.at\/wordpress\/wp-content\/uploads\/2023\/03\/IMG_20230301_122812-771x1024.jpg 771w, https:\/\/polgargym.at\/wordpress\/wp-content\/uploads\/2023\/03\/IMG_20230301_122812-226x300.jpg 226w, https:\/\/polgargym.at\/wordpress\/wp-content\/uploads\/2023\/03\/IMG_20230301_122812-768x1020.jpg 768w, https:\/\/polgargym.at\/wordpress\/wp-content\/uploads\/2023\/03\/IMG_20230301_122812-1157x1536.jpg 1157w, https:\/\/polgargym.at\/wordpress\/wp-content\/uploads\/2023\/03\/IMG_20230301_122812-1542x2048.jpg 1542w, https:\/\/polgargym.at\/wordpress\/wp-content\/uploads\/2023\/03\/IMG_20230301_122812.jpg 1928w\" sizes=\"auto, (max-width: 771px) 100vw, 771px\" \/><\/figure>\n\n\n\n<figure class=\"wp-block-image size-large\"><img loading=\"lazy\" decoding=\"async\" width=\"771\" height=\"1024\" data-id=\"7014\" src=\"https:\/\/polgargym.at\/wordpress\/wp-content\/uploads\/2023\/03\/IMG_20230301_122936-771x1024.jpg\" alt=\"\" class=\"wp-image-7014\" srcset=\"https:\/\/polgargym.at\/wordpress\/wp-content\/uploads\/2023\/03\/IMG_20230301_122936-771x1024.jpg 771w, https:\/\/polgargym.at\/wordpress\/wp-content\/uploads\/2023\/03\/IMG_20230301_122936-226x300.jpg 226w, https:\/\/polgargym.at\/wordpress\/wp-content\/uploads\/2023\/03\/IMG_20230301_122936-768x1020.jpg 768w, https:\/\/polgargym.at\/wordpress\/wp-content\/uploads\/2023\/03\/IMG_20230301_122936-1157x1536.jpg 1157w, https:\/\/polgargym.at\/wordpress\/wp-content\/uploads\/2023\/03\/IMG_20230301_122936-1542x2048.jpg 1542w, https:\/\/polgargym.at\/wordpress\/wp-content\/uploads\/2023\/03\/IMG_20230301_122936.jpg 1928w\" sizes=\"auto, (max-width: 771px) 100vw, 771px\" \/><\/figure>\n\n\n\n<figure class=\"wp-block-image size-large\"><img loading=\"lazy\" decoding=\"async\" width=\"771\" height=\"1024\" data-id=\"7015\" src=\"https:\/\/polgargym.at\/wordpress\/wp-content\/uploads\/2023\/03\/IMG_20230301_123452-771x1024.jpg\" alt=\"\" class=\"wp-image-7015\" srcset=\"https:\/\/polgargym.at\/wordpress\/wp-content\/uploads\/2023\/03\/IMG_20230301_123452-771x1024.jpg 771w, https:\/\/polgargym.at\/wordpress\/wp-content\/uploads\/2023\/03\/IMG_20230301_123452-226x300.jpg 226w, https:\/\/polgargym.at\/wordpress\/wp-content\/uploads\/2023\/03\/IMG_20230301_123452-768x1020.jpg 768w, https:\/\/polgargym.at\/wordpress\/wp-content\/uploads\/2023\/03\/IMG_20230301_123452-1157x1536.jpg 1157w, https:\/\/polgargym.at\/wordpress\/wp-content\/uploads\/2023\/03\/IMG_20230301_123452-1542x2048.jpg 1542w, https:\/\/polgargym.at\/wordpress\/wp-content\/uploads\/2023\/03\/IMG_20230301_123452.jpg 1928w\" sizes=\"auto, (max-width: 771px) 100vw, 771px\" \/><\/figure>\n\n\n\n<figure class=\"wp-block-image size-large\"><img loading=\"lazy\" decoding=\"async\" width=\"771\" height=\"1024\" data-id=\"7017\" src=\"https:\/\/polgargym.at\/wordpress\/wp-content\/uploads\/2023\/03\/IMG_20230301_123720-771x1024.jpg\" alt=\"\" class=\"wp-image-7017\" srcset=\"https:\/\/polgargym.at\/wordpress\/wp-content\/uploads\/2023\/03\/IMG_20230301_123720-771x1024.jpg 771w, https:\/\/polgargym.at\/wordpress\/wp-content\/uploads\/2023\/03\/IMG_20230301_123720-226x300.jpg 226w, https:\/\/polgargym.at\/wordpress\/wp-content\/uploads\/2023\/03\/IMG_20230301_123720-768x1020.jpg 768w, https:\/\/polgargym.at\/wordpress\/wp-content\/uploads\/2023\/03\/IMG_20230301_123720-1157x1536.jpg 1157w, https:\/\/polgargym.at\/wordpress\/wp-content\/uploads\/2023\/03\/IMG_20230301_123720-1542x2048.jpg 1542w, https:\/\/polgargym.at\/wordpress\/wp-content\/uploads\/2023\/03\/IMG_20230301_123720.jpg 1928w\" sizes=\"auto, (max-width: 771px) 100vw, 771px\" \/><\/figure>\n<\/figure>\n","protected":false},"excerpt":{"rendered":"<p>Neben Ballspielen und Leichtathletik erproben wir unser K\u00f6nnen auch im Bereich der Akrobatik.&nbsp; Mit sportlichen Gr\u00fc\u00dfen die 4AC<\/p>\n","protected":false},"author":11,"featured_media":0,"parent":0,"menu_order":0,"comment_status":"closed","ping_status":"closed","template":"","meta":{"footnotes":""},"class_list":["post-7012","page","type-page","status-publish","hentry"],"_links":{"self":[{"href":"https:\/\/polgargym.at\/wordpress\/wp-json\/wp\/v2\/pages\/7012","targetHints":{"allow":["GET"]}}],"collection":[{"href":"https:\/\/polgargym.at\/wordpress\/wp-json\/wp\/v2\/pages"}],"about":[{"href":"https:\/\/polgargym.at\/wordpress\/wp-json\/wp\/v2\/types\/page"}],"author":[{"embeddable":true,"href":"https:\/\/polgargym.at\/wordpress\/wp-json\/wp\/v2\/users\/11"}],"replies":[{"embeddable":true,"href":"https:\/\/polgargym.at\/wordpress\/wp-json\/wp\/v2\/comments?post=7012"}],"version-history":[{"count":1,"href":"https:\/\/polgargym.at\/wordpress\/wp-json\/wp\/v2\/pages\/7012\/revisions"}],"predecessor-version":[{"id":7018,"href":"https:\/\/polgargym.at\/wordpress\/wp-json\/wp\/v2\/pages\/7012\/revisions\/7018"}],"wp:attachment":[{"href":"https:\/\/polgargym.at\/wordpress\/wp-json\/wp\/v2\/media?parent=7012"}],"curies":[{"name":"wp","href":"https:\/\/api.w.org\/{rel}","templated":true}]}}