{"id":7029,"date":"2023-03-01T21:47:43","date_gmt":"2023-03-01T20:47:43","guid":{"rendered":"https:\/\/polgargym.at\/?page_id=7029"},"modified":"2023-04-13T21:12:26","modified_gmt":"2023-04-13T19:12:26","slug":"projekt-der-1h-wir-gestalten-unsere-eigenen-hoerspiele","status":"publish","type":"page","link":"https:\/\/polgargym.at\/wordpress\/projekt-der-1h-wir-gestalten-unsere-eigenen-hoerspiele\/","title":{"rendered":"Projekt der 1H: \u00a0\u00a0\u00a0\u00a0\u00a0\u201eWir gestalten unsere eigenen H\u00f6rspiele\u201c\u00a0"},"content":{"rendered":"\n<p><\/p>\n\n\n\n<p class=\"has-medium-font-size\">Als 1H (2022\/2023) haben wir gemeinsam im Deutschunterricht beschlossen, unsere eigenen H\u00f6rspiele zu gestalten. Die spannenden Geschichten haben wir selber geschrieben und diese dann zu Regietexten umgeschrieben. Wir haben mit dem Programm Audacity gearbeitet. Die Texte haben wir selbst gesprochen und aufgenommen. In Audacity wurden sie dann von uns bearbeitet und mit passenden Hintergrund- und Nebenger\u00e4uschen, die wir entweder selber gemacht oder runtergeladen haben, erweitert. Es sind sieben verschiedene spannende H\u00f6rspiele entstanden. Am Ende h\u00f6rten wir uns die H\u00f6rspiele an und gaben uns gegenseitig Feedback. Dieses Projekt hat uns allen sehr viel Spa\u00df gemacht und wir konnten sehr viel dabei lernen.&nbsp;<\/p>\n\n\n\n<p>Drei der H\u00f6rspiele stellen wir hier zum Anh\u00f6ren zur Verf\u00fcgung.\u00a0<\/p>\n\n\n\n<p>Viel Spa\u00df beim H\u00f6ren!<\/p>\n\n\n\n<figure class=\"wp-block-audio\"><audio controls src=\"https:\/\/polgargym.at\/wordpress\/wp-content\/uploads\/2023\/04\/Probleme_auf_dem_Dachboden.mp3\"><\/audio><\/figure>\n\n\n\n<figure class=\"wp-block-audio\"><audio controls src=\"https:\/\/polgargym.at\/wordpress\/wp-content\/uploads\/2023\/04\/hoerspiel.mp3\"><\/audio><\/figure>\n\n\n\n<figure class=\"wp-block-audio\"><audio controls src=\"https:\/\/polgargym.at\/wordpress\/wp-content\/uploads\/2023\/03\/Das_spannende_Ereignis.mp3\"><\/audio><\/figure>\n\n\n\n<p><em>Sarah Candra, 1H mit Mag. Selma Turgut-Kokac<\/em><\/p>\n","protected":false},"excerpt":{"rendered":"<p>Als 1H (2022\/2023) haben wir gemeinsam im Deutschunterricht beschlossen, unsere eigenen H\u00f6rspiele zu gestalten. Die spannenden Geschichten haben wir selber geschrieben und diese dann zu Regietexten umgeschrieben. Wir haben mit dem Programm Audacity gearbeitet. Die Texte haben wir selbst gesprochen und aufgenommen. In Audacity wurden sie dann von uns bearbeitet und mit passenden Hintergrund- und [&hellip;]<\/p>\n","protected":false},"author":11,"featured_media":0,"parent":0,"menu_order":0,"comment_status":"closed","ping_status":"closed","template":"","meta":{"footnotes":""},"class_list":["post-7029","page","type-page","status-publish","hentry"],"_links":{"self":[{"href":"https:\/\/polgargym.at\/wordpress\/wp-json\/wp\/v2\/pages\/7029","targetHints":{"allow":["GET"]}}],"collection":[{"href":"https:\/\/polgargym.at\/wordpress\/wp-json\/wp\/v2\/pages"}],"about":[{"href":"https:\/\/polgargym.at\/wordpress\/wp-json\/wp\/v2\/types\/page"}],"author":[{"embeddable":true,"href":"https:\/\/polgargym.at\/wordpress\/wp-json\/wp\/v2\/users\/11"}],"replies":[{"embeddable":true,"href":"https:\/\/polgargym.at\/wordpress\/wp-json\/wp\/v2\/comments?post=7029"}],"version-history":[{"count":2,"href":"https:\/\/polgargym.at\/wordpress\/wp-json\/wp\/v2\/pages\/7029\/revisions"}],"predecessor-version":[{"id":7149,"href":"https:\/\/polgargym.at\/wordpress\/wp-json\/wp\/v2\/pages\/7029\/revisions\/7149"}],"wp:attachment":[{"href":"https:\/\/polgargym.at\/wordpress\/wp-json\/wp\/v2\/media?parent=7029"}],"curies":[{"name":"wp","href":"https:\/\/api.w.org\/{rel}","templated":true}]}}