{"id":796,"date":"2019-05-10T12:12:38","date_gmt":"2019-05-10T10:12:38","guid":{"rendered":"http:\/\/10.18.11.144\/wordpress\/?page_id=796"},"modified":"2019-08-15T01:34:00","modified_gmt":"2019-08-14T23:34:00","slug":"ausstattung","status":"publish","type":"page","link":"https:\/\/polgargym.at\/wordpress\/ausstattung\/","title":{"rendered":"Ausstattung"},"content":{"rendered":"\n<div class=\"alignnormal\">[metaslider id=845 cssclass=&#8220;&#8220;]<\/div>\n\n\n\n<p>Das BG\/BRG\/BORG 22, Polgarstra\u00dfe 24, ist eine der gr\u00f6\u00dften und modernsten Schulen \u00d6sterreichs. Es ist barrierefrei und besitzt bestens ausgestattete Unterrichtsr\u00e4ume.<\/p>\n\n\n\n<div style=\"height:20px\" aria-hidden=\"true\" class=\"wp-block-spacer\"><\/div>\n\n\n\n<p>F\u00fcr Biologie\/Umweltkunde, Physik, Chemie, Musikerziehung, Bildnerische Erziehung und Leibes\u00fcbungen stehen jeweils mehrere R\u00e4ume zur Verf\u00fcgung.<\/p>\n\n\n\n<div style=\"height:20px\" aria-hidden=\"true\" class=\"wp-block-spacer\"><\/div>\n\n\n\n<p>Der Informatikunterricht findet in 5 modern ausgestatteten Computerr\u00e4umen statt. Auch eigene Internet-Anschl\u00fcsse stehen f\u00fcr einen zeitgem\u00e4\u00dfen Unterricht zur Verf\u00fcgung.<\/p>\n\n\n\n<div style=\"height:20px\" aria-hidden=\"true\" class=\"wp-block-spacer\"><\/div>\n\n\n\n<p>Neue Wege werden in den Informatikklassen beschritten: Notebooks ersetzen herk\u00f6mmliche Unterrichtsmittel, Computer werden als moderne Informations- und Kommunikationswerkzeuge in den Unterricht integriert.<\/p>\n\n\n\n<div style=\"height:20px\" aria-hidden=\"true\" class=\"wp-block-spacer\"><\/div>\n\n\n\n<p>Die Schulbibliothek wird st\u00e4ndig erweitert und umfasst \u00fcber 9500 B\u00fccher und zahlreiche regelm\u00e4\u00dfig erscheinende Zeitschriften.<\/p>\n\n\n\n<div style=\"height:20px\" aria-hidden=\"true\" class=\"wp-block-spacer\"><\/div>\n\n\n\n<p>Auf den gepflegten Sportanlagen finden in den verschiedensten Disziplinen immer wieder Wettk\u00e4mpfe statt. Eine Kletterwand und ein Beach-Volleyballplatz geh\u00f6ren u.a. zu unserer sportlichen Top-Ausstattung.<\/p>\n","protected":false},"excerpt":{"rendered":"<p>Das BG\/BRG\/BORG 22, Polgarstra\u00dfe 24, ist eine der gr\u00f6\u00dften und modernsten Schulen \u00d6sterreichs. Es ist barrierefrei und besitzt bestens ausgestattete Unterrichtsr\u00e4ume. F\u00fcr Biologie\/Umweltkunde, Physik, Chemie, Musikerziehung, Bildnerische Erziehung und Leibes\u00fcbungen stehen jeweils mehrere R\u00e4ume zur Verf\u00fcgung. Der Informatikunterricht findet in 5 modern ausgestatteten Computerr\u00e4umen statt. Auch eigene Internet-Anschl\u00fcsse stehen f\u00fcr einen zeitgem\u00e4\u00dfen Unterricht zur Verf\u00fcgung. [&hellip;]<\/p>\n","protected":false},"author":49,"featured_media":0,"parent":0,"menu_order":0,"comment_status":"closed","ping_status":"closed","template":"","meta":{"footnotes":""},"class_list":["post-796","page","type-page","status-publish","hentry"],"_links":{"self":[{"href":"https:\/\/polgargym.at\/wordpress\/wp-json\/wp\/v2\/pages\/796","targetHints":{"allow":["GET"]}}],"collection":[{"href":"https:\/\/polgargym.at\/wordpress\/wp-json\/wp\/v2\/pages"}],"about":[{"href":"https:\/\/polgargym.at\/wordpress\/wp-json\/wp\/v2\/types\/page"}],"author":[{"embeddable":true,"href":"https:\/\/polgargym.at\/wordpress\/wp-json\/wp\/v2\/users\/49"}],"replies":[{"embeddable":true,"href":"https:\/\/polgargym.at\/wordpress\/wp-json\/wp\/v2\/comments?post=796"}],"version-history":[{"count":0,"href":"https:\/\/polgargym.at\/wordpress\/wp-json\/wp\/v2\/pages\/796\/revisions"}],"wp:attachment":[{"href":"https:\/\/polgargym.at\/wordpress\/wp-json\/wp\/v2\/media?parent=796"}],"curies":[{"name":"wp","href":"https:\/\/api.w.org\/{rel}","templated":true}]}}