{"id":8066,"date":"2023-11-13T14:32:08","date_gmt":"2023-11-13T13:32:08","guid":{"rendered":"https:\/\/polgargym.at\/?page_id=8066"},"modified":"2023-11-13T14:33:16","modified_gmt":"2023-11-13T13:33:16","slug":"die-schnellste-ruderklasse-oesterreichs","status":"publish","type":"page","link":"https:\/\/polgargym.at\/wordpress\/die-schnellste-ruderklasse-oesterreichs\/","title":{"rendered":"\u201eDie schnellste Ruderklasse \u00d6sterreichs\u201c"},"content":{"rendered":"\n<p><\/p>\n\n\n\n<p class=\"has-medium-font-size\">Am 09. Oktober 2023 hatten Sch\u00fcler*innen die M\u00f6glichkeit den Rudersport kennenzulernen und sich einer speziellen Challenge zu stellen.&nbsp;<br><br>Drei aktive Sportlerinnen und der Jugendscout des \u00d6sterreichischen Ruderverbands haben uns durch dieses sportliche Highlight gef\u00fchrt.&nbsp;&nbsp;<\/p>\n\n\n\n<p class=\"has-medium-font-size\">Anja Bartl (17 Jahre), ist seit 2019 aktive Athletin beim EWRC Lia und durch ihre Familie zu dem Sport gekommen.<br>Paula Horauer (20 Jahre), ist durch ein Scouting an ihrer damaligen Schule 2015 zur Lia gekommen und hat 2022 mit dem leistungssportlichen Rudern aufgeh\u00f6rt.<br>Laura Boyer (20 Jahre), ist 2016 \u00fcber ihre Familie zum Rudern in der Lia gekommen. Bis 2022 war sie leistungssportlich aktiv und danach hat sie als Trainerin im Verein begonnen.<br><br>Das Motto lautete: \u201eErrudert gemeinsam eure Klassenzeit \u00fcber 250m am Ruderergo und holt Euch den Sieg! Die schnellste Klasse jeder Altersstufe (Sekundarstufe 1) gewinnt einen Ruderergometer.\u201c (Quelle: offizielles Werbeplakat 2023)<\/p>\n\n\n\n<figure class=\"wp-block-gallery has-nested-images columns-2 wp-block-gallery-1 is-layout-flex wp-block-gallery-is-layout-flex\">\n<figure class=\"wp-block-image size-large\"><img loading=\"lazy\" decoding=\"async\" width=\"766\" height=\"1024\" data-id=\"8073\" src=\"https:\/\/polgargym.at\/wordpress\/wp-content\/uploads\/2023\/11\/Rudern-3F-Aktion-1-766x1024.jpg\" alt=\"\" class=\"wp-image-8073\" srcset=\"https:\/\/polgargym.at\/wordpress\/wp-content\/uploads\/2023\/11\/Rudern-3F-Aktion-1-766x1024.jpg 766w, https:\/\/polgargym.at\/wordpress\/wp-content\/uploads\/2023\/11\/Rudern-3F-Aktion-1-224x300.jpg 224w, https:\/\/polgargym.at\/wordpress\/wp-content\/uploads\/2023\/11\/Rudern-3F-Aktion-1-768x1027.jpg 768w, https:\/\/polgargym.at\/wordpress\/wp-content\/uploads\/2023\/11\/Rudern-3F-Aktion-1-1149x1536.jpg 1149w, https:\/\/polgargym.at\/wordpress\/wp-content\/uploads\/2023\/11\/Rudern-3F-Aktion-1-1532x2048.jpg 1532w, https:\/\/polgargym.at\/wordpress\/wp-content\/uploads\/2023\/11\/Rudern-3F-Aktion-1.jpg 1915w\" sizes=\"auto, (max-width: 766px) 100vw, 766px\" \/><\/figure>\n\n\n\n<figure class=\"wp-block-image size-large\"><img loading=\"lazy\" decoding=\"async\" width=\"1024\" height=\"766\" data-id=\"8076\" src=\"https:\/\/polgargym.at\/wordpress\/wp-content\/uploads\/2023\/11\/Rudern-3F-Gruppe-1024x766.jpg\" alt=\"\" class=\"wp-image-8076\" srcset=\"https:\/\/polgargym.at\/wordpress\/wp-content\/uploads\/2023\/11\/Rudern-3F-Gruppe-1024x766.jpg 1024w, https:\/\/polgargym.at\/wordpress\/wp-content\/uploads\/2023\/11\/Rudern-3F-Gruppe-300x224.jpg 300w, https:\/\/polgargym.at\/wordpress\/wp-content\/uploads\/2023\/11\/Rudern-3F-Gruppe-768x574.jpg 768w, https:\/\/polgargym.at\/wordpress\/wp-content\/uploads\/2023\/11\/Rudern-3F-Gruppe-1536x1149.jpg 1536w, https:\/\/polgargym.at\/wordpress\/wp-content\/uploads\/2023\/11\/Rudern-3F-Gruppe-2048x1532.jpg 2048w\" sizes=\"auto, (max-width: 1024px) 100vw, 1024px\" \/><\/figure>\n\n\n\n<figure class=\"wp-block-image size-large\"><img loading=\"lazy\" decoding=\"async\" width=\"1024\" height=\"766\" data-id=\"8072\" src=\"https:\/\/polgargym.at\/wordpress\/wp-content\/uploads\/2023\/11\/Rudern-3F-Aktion-2-1024x766.jpg\" alt=\"\" class=\"wp-image-8072\" srcset=\"https:\/\/polgargym.at\/wordpress\/wp-content\/uploads\/2023\/11\/Rudern-3F-Aktion-2-1024x766.jpg 1024w, https:\/\/polgargym.at\/wordpress\/wp-content\/uploads\/2023\/11\/Rudern-3F-Aktion-2-300x224.jpg 300w, https:\/\/polgargym.at\/wordpress\/wp-content\/uploads\/2023\/11\/Rudern-3F-Aktion-2-768x574.jpg 768w, https:\/\/polgargym.at\/wordpress\/wp-content\/uploads\/2023\/11\/Rudern-3F-Aktion-2-1536x1149.jpg 1536w, https:\/\/polgargym.at\/wordpress\/wp-content\/uploads\/2023\/11\/Rudern-3F-Aktion-2-2048x1532.jpg 2048w\" sizes=\"auto, (max-width: 1024px) 100vw, 1024px\" \/><\/figure>\n\n\n\n<figure class=\"wp-block-image size-large\"><img loading=\"lazy\" decoding=\"async\" width=\"1024\" height=\"768\" data-id=\"8077\" src=\"https:\/\/polgargym.at\/wordpress\/wp-content\/uploads\/2023\/11\/Rudern-5B-Aktion-1024x768.jpg\" alt=\"\" class=\"wp-image-8077\" srcset=\"https:\/\/polgargym.at\/wordpress\/wp-content\/uploads\/2023\/11\/Rudern-5B-Aktion-1024x768.jpg 1024w, https:\/\/polgargym.at\/wordpress\/wp-content\/uploads\/2023\/11\/Rudern-5B-Aktion-300x225.jpg 300w, https:\/\/polgargym.at\/wordpress\/wp-content\/uploads\/2023\/11\/Rudern-5B-Aktion-768x576.jpg 768w, https:\/\/polgargym.at\/wordpress\/wp-content\/uploads\/2023\/11\/Rudern-5B-Aktion-1536x1152.jpg 1536w, https:\/\/polgargym.at\/wordpress\/wp-content\/uploads\/2023\/11\/Rudern-5B-Aktion-2048x1536.jpg 2048w\" sizes=\"auto, (max-width: 1024px) 100vw, 1024px\" \/><\/figure>\n\n\n\n<figure class=\"wp-block-image size-large\"><img loading=\"lazy\" decoding=\"async\" width=\"766\" height=\"1024\" data-id=\"8075\" src=\"https:\/\/polgargym.at\/wordpress\/wp-content\/uploads\/2023\/11\/Rundern-3F-766x1024.jpg\" alt=\"\" class=\"wp-image-8075\" srcset=\"https:\/\/polgargym.at\/wordpress\/wp-content\/uploads\/2023\/11\/Rundern-3F-766x1024.jpg 766w, https:\/\/polgargym.at\/wordpress\/wp-content\/uploads\/2023\/11\/Rundern-3F-224x300.jpg 224w, https:\/\/polgargym.at\/wordpress\/wp-content\/uploads\/2023\/11\/Rundern-3F-768x1027.jpg 768w, https:\/\/polgargym.at\/wordpress\/wp-content\/uploads\/2023\/11\/Rundern-3F-1149x1536.jpg 1149w, https:\/\/polgargym.at\/wordpress\/wp-content\/uploads\/2023\/11\/Rundern-3F-1532x2048.jpg 1532w, https:\/\/polgargym.at\/wordpress\/wp-content\/uploads\/2023\/11\/Rundern-3F.jpg 1915w\" sizes=\"auto, (max-width: 766px) 100vw, 766px\" \/><\/figure>\n\n\n\n<figure class=\"wp-block-image size-large\"><img loading=\"lazy\" decoding=\"async\" width=\"1024\" height=\"768\" data-id=\"8074\" src=\"https:\/\/polgargym.at\/wordpress\/wp-content\/uploads\/2023\/11\/Rundern-5B-Gruppe-1024x768.jpg\" alt=\"\" class=\"wp-image-8074\" srcset=\"https:\/\/polgargym.at\/wordpress\/wp-content\/uploads\/2023\/11\/Rundern-5B-Gruppe-1024x768.jpg 1024w, https:\/\/polgargym.at\/wordpress\/wp-content\/uploads\/2023\/11\/Rundern-5B-Gruppe-300x225.jpg 300w, https:\/\/polgargym.at\/wordpress\/wp-content\/uploads\/2023\/11\/Rundern-5B-Gruppe-768x576.jpg 768w, https:\/\/polgargym.at\/wordpress\/wp-content\/uploads\/2023\/11\/Rundern-5B-Gruppe-1536x1152.jpg 1536w, https:\/\/polgargym.at\/wordpress\/wp-content\/uploads\/2023\/11\/Rundern-5B-Gruppe-2048x1536.jpg 2048w\" sizes=\"auto, (max-width: 1024px) 100vw, 1024px\" \/><\/figure>\n<\/figure>\n\n\n\n<p class=\"has-medium-font-size\"><br><br>Nach einer kurzen Vorstellrunde der G\u00e4ste und Einf\u00fchrungsphase der korrekten Rudertechnik wurden die Zeitmessung bei den Ger\u00e4ten aktiviert. Die Sch\u00fcler*innen haben sich gegenseitig mit vollem Einsatz angefeuert. Die angef\u00fchrten Bilder zeigen, dass wir eine Menge Spa\u00df und Freude bei dieser Herausforderung hatten.&nbsp;<\/p>\n\n\n\n<figure class=\"wp-block-gallery has-nested-images columns-2 is-cropped wp-block-gallery-2 is-layout-flex wp-block-gallery-is-layout-flex\">\n<figure class=\"wp-block-image size-large\"><img loading=\"lazy\" decoding=\"async\" width=\"1024\" height=\"768\" data-id=\"8068\" src=\"https:\/\/polgargym.at\/wordpress\/wp-content\/uploads\/2023\/11\/Ruderklasse-2BE-GrPic-1024x768.jpg\" alt=\"\" class=\"wp-image-8068\" srcset=\"https:\/\/polgargym.at\/wordpress\/wp-content\/uploads\/2023\/11\/Ruderklasse-2BE-GrPic-1024x768.jpg 1024w, https:\/\/polgargym.at\/wordpress\/wp-content\/uploads\/2023\/11\/Ruderklasse-2BE-GrPic-300x225.jpg 300w, https:\/\/polgargym.at\/wordpress\/wp-content\/uploads\/2023\/11\/Ruderklasse-2BE-GrPic-768x576.jpg 768w, https:\/\/polgargym.at\/wordpress\/wp-content\/uploads\/2023\/11\/Ruderklasse-2BE-GrPic-1536x1152.jpg 1536w, https:\/\/polgargym.at\/wordpress\/wp-content\/uploads\/2023\/11\/Ruderklasse-2BE-GrPic-2048x1536.jpg 2048w\" sizes=\"auto, (max-width: 1024px) 100vw, 1024px\" \/><\/figure>\n\n\n\n<figure class=\"wp-block-image size-large\"><img loading=\"lazy\" decoding=\"async\" width=\"1024\" height=\"768\" data-id=\"8071\" src=\"https:\/\/polgargym.at\/wordpress\/wp-content\/uploads\/2023\/11\/Rudern-2BE-Aktion-1024x768.jpg\" alt=\"\" class=\"wp-image-8071\" srcset=\"https:\/\/polgargym.at\/wordpress\/wp-content\/uploads\/2023\/11\/Rudern-2BE-Aktion-1024x768.jpg 1024w, https:\/\/polgargym.at\/wordpress\/wp-content\/uploads\/2023\/11\/Rudern-2BE-Aktion-300x225.jpg 300w, https:\/\/polgargym.at\/wordpress\/wp-content\/uploads\/2023\/11\/Rudern-2BE-Aktion-768x576.jpg 768w, https:\/\/polgargym.at\/wordpress\/wp-content\/uploads\/2023\/11\/Rudern-2BE-Aktion-1536x1152.jpg 1536w, https:\/\/polgargym.at\/wordpress\/wp-content\/uploads\/2023\/11\/Rudern-2BE-Aktion-2048x1536.jpg 2048w\" sizes=\"auto, (max-width: 1024px) 100vw, 1024px\" \/><\/figure>\n\n\n\n<figure class=\"wp-block-image size-large\"><img loading=\"lazy\" decoding=\"async\" width=\"1024\" height=\"768\" data-id=\"8070\" src=\"https:\/\/polgargym.at\/wordpress\/wp-content\/uploads\/2023\/11\/Rudern-3D-in-Aktion-1-1024x768.jpg\" alt=\"\" class=\"wp-image-8070\" srcset=\"https:\/\/polgargym.at\/wordpress\/wp-content\/uploads\/2023\/11\/Rudern-3D-in-Aktion-1-1024x768.jpg 1024w, https:\/\/polgargym.at\/wordpress\/wp-content\/uploads\/2023\/11\/Rudern-3D-in-Aktion-1-300x225.jpg 300w, https:\/\/polgargym.at\/wordpress\/wp-content\/uploads\/2023\/11\/Rudern-3D-in-Aktion-1-768x576.jpg 768w, https:\/\/polgargym.at\/wordpress\/wp-content\/uploads\/2023\/11\/Rudern-3D-in-Aktion-1-1536x1152.jpg 1536w, https:\/\/polgargym.at\/wordpress\/wp-content\/uploads\/2023\/11\/Rudern-3D-in-Aktion-1-2048x1536.jpg 2048w\" sizes=\"auto, (max-width: 1024px) 100vw, 1024px\" \/><\/figure>\n\n\n\n<figure class=\"wp-block-image size-large\"><img loading=\"lazy\" decoding=\"async\" width=\"1024\" height=\"768\" data-id=\"8069\" src=\"https:\/\/polgargym.at\/wordpress\/wp-content\/uploads\/2023\/11\/Rudern-3D-Gruppe-1024x768.jpg\" alt=\"\" class=\"wp-image-8069\" srcset=\"https:\/\/polgargym.at\/wordpress\/wp-content\/uploads\/2023\/11\/Rudern-3D-Gruppe-1024x768.jpg 1024w, https:\/\/polgargym.at\/wordpress\/wp-content\/uploads\/2023\/11\/Rudern-3D-Gruppe-300x225.jpg 300w, https:\/\/polgargym.at\/wordpress\/wp-content\/uploads\/2023\/11\/Rudern-3D-Gruppe-768x576.jpg 768w, https:\/\/polgargym.at\/wordpress\/wp-content\/uploads\/2023\/11\/Rudern-3D-Gruppe-1536x1152.jpg 1536w, https:\/\/polgargym.at\/wordpress\/wp-content\/uploads\/2023\/11\/Rudern-3D-Gruppe-2048x1536.jpg 2048w\" sizes=\"auto, (max-width: 1024px) 100vw, 1024px\" \/><\/figure>\n\n\n\n<figure class=\"wp-block-image size-large\"><img loading=\"lazy\" decoding=\"async\" width=\"1024\" height=\"768\" data-id=\"8067\" src=\"https:\/\/polgargym.at\/wordpress\/wp-content\/uploads\/2023\/11\/Rudern-3D-in-Aktion-2-1024x768.jpg\" alt=\"\" class=\"wp-image-8067\" srcset=\"https:\/\/polgargym.at\/wordpress\/wp-content\/uploads\/2023\/11\/Rudern-3D-in-Aktion-2-1024x768.jpg 1024w, https:\/\/polgargym.at\/wordpress\/wp-content\/uploads\/2023\/11\/Rudern-3D-in-Aktion-2-300x225.jpg 300w, https:\/\/polgargym.at\/wordpress\/wp-content\/uploads\/2023\/11\/Rudern-3D-in-Aktion-2-768x576.jpg 768w, https:\/\/polgargym.at\/wordpress\/wp-content\/uploads\/2023\/11\/Rudern-3D-in-Aktion-2-1536x1152.jpg 1536w, https:\/\/polgargym.at\/wordpress\/wp-content\/uploads\/2023\/11\/Rudern-3D-in-Aktion-2-2048x1536.jpg 2048w\" sizes=\"auto, (max-width: 1024px) 100vw, 1024px\" \/><\/figure>\n<\/figure>\n\n\n\n<div style=\"height:50px\" aria-hidden=\"true\" class=\"wp-block-spacer\"><\/div>\n\n\n\n<p class=\"has-medium-font-size\">Teilnehmende Klassen beim Projekt \u201eDie schnellste Ruderklasse \u00d6sterreichs\u201c waren:<br>1 EF, 1 AC, 2BE, 3DF, 4FG&nbsp;und 5B (nicht in der offiziellen Wertung)<\/p>\n\n\n\n<p class=\"has-medium-font-size\"><em>Mag. Petra Ried&nbsp;<\/em><\/p>\n\n\n\n<p>\u2026..<\/p>\n","protected":false},"excerpt":{"rendered":"<p>Am 09. Oktober 2023 hatten Sch\u00fcler*innen die M\u00f6glichkeit den Rudersport kennenzulernen und sich einer speziellen Challenge zu stellen.&nbsp; Drei aktive Sportlerinnen und der Jugendscout des \u00d6sterreichischen Ruderverbands haben uns durch dieses sportliche Highlight gef\u00fchrt.&nbsp;&nbsp; Anja Bartl (17 Jahre), ist seit 2019 aktive Athletin beim EWRC Lia und durch ihre Familie zu dem Sport gekommen.Paula Horauer [&hellip;]<\/p>\n","protected":false},"author":11,"featured_media":0,"parent":0,"menu_order":0,"comment_status":"closed","ping_status":"closed","template":"","meta":{"footnotes":""},"class_list":["post-8066","page","type-page","status-publish","hentry"],"_links":{"self":[{"href":"https:\/\/polgargym.at\/wordpress\/wp-json\/wp\/v2\/pages\/8066","targetHints":{"allow":["GET"]}}],"collection":[{"href":"https:\/\/polgargym.at\/wordpress\/wp-json\/wp\/v2\/pages"}],"about":[{"href":"https:\/\/polgargym.at\/wordpress\/wp-json\/wp\/v2\/types\/page"}],"author":[{"embeddable":true,"href":"https:\/\/polgargym.at\/wordpress\/wp-json\/wp\/v2\/users\/11"}],"replies":[{"embeddable":true,"href":"https:\/\/polgargym.at\/wordpress\/wp-json\/wp\/v2\/comments?post=8066"}],"version-history":[{"count":2,"href":"https:\/\/polgargym.at\/wordpress\/wp-json\/wp\/v2\/pages\/8066\/revisions"}],"predecessor-version":[{"id":8080,"href":"https:\/\/polgargym.at\/wordpress\/wp-json\/wp\/v2\/pages\/8066\/revisions\/8080"}],"wp:attachment":[{"href":"https:\/\/polgargym.at\/wordpress\/wp-json\/wp\/v2\/media?parent=8066"}],"curies":[{"name":"wp","href":"https:\/\/api.w.org\/{rel}","templated":true}]}}